{"id":5308,"date":"2020-03-16T10:04:49","date_gmt":"2020-03-16T09:04:49","guid":{"rendered":"https:\/\/www.tempsdepause.ch\/solfar\/?post_type=product&#038;p=5308"},"modified":"2024-11-11T22:01:59","modified_gmt":"2024-11-11T21:01:59","slug":"complement-dinformation-pour-la-console","status":"publish","type":"product","link":"https:\/\/www.tempsdepause.ch\/solfar\/produit\/complement-dinformation-pour-la-console\/","title":{"rendered":"Compl\u00e9ment d&rsquo;information pour la console T5 et T6 California Ocean"},"content":{"rendered":"<p>Afin d&rsquo;\u00e9liminer les erreurs sur la console avec le symbole \u00ab\u00a0G\u00a0\u00bb pour g\u00e9n\u00e9rateur et le symbole \u00ab\u00a0prise\u00a0\u00bb qui clignote lorsque le syst\u00e8me ne comprend pas la provenance du courant des panneaux solaires. Et pour que le comptage des courants entrant et sortant des batteries soit compt\u00e9 pour un affichage plus pr\u00e9cis du pourcentage restant. J&rsquo;ai imagin\u00e9 un petit appareil qui fait croire \u00e0 la console que le courant provenant des panneaux solaires est produit par le chargeur 230 Volts.<br \/>\nAinsi le symbole \u00ab\u00a0prise\u00a0\u00bb s&rsquo;affiche sur la console d\u00e8s que le soleil r\u00e9chauffe l&rsquo;installation photovolta\u00efque.<\/p>\n<p>Ce boitier n&rsquo;est pas n\u00e9cessaire sur le California 6.1 et les California Beach<\/p>\n<p>L&rsquo;installation est relativement simple, deux fils \u00e0 souder et 4 \u00e0 raccorder sur le r\u00e9gulateur MPPT.<\/p>\n<p>Selon les mod\u00e8le de T5 un fil doit \u00eatre raccorder sous le si\u00e8ge, sur le commande. du relais de s\u00e9paration (D+). Sur les T5 et T6 avec variateur de lumi\u00e8re dans le toit et sur le hayon, le raccordement ce fait vers le disjoncteur 230V.<\/p>\n<p><img fetchpriority=\"high\" decoding=\"async\" class=\"alignleft size-full wp-image-22634\" src=\"https:\/\/www.tempsdepause.ch\/solfar\/wp-content\/uploads\/2022\/03\/IMG_6177.png\" alt=\"\" width=\"800\" height=\"600\" srcset=\"https:\/\/www.tempsdepause.ch\/solfar\/wp-content\/uploads\/2022\/03\/IMG_6177.png 800w, https:\/\/www.tempsdepause.ch\/solfar\/wp-content\/uploads\/2022\/03\/IMG_6177-667x500.png 667w, https:\/\/www.tempsdepause.ch\/solfar\/wp-content\/uploads\/2022\/03\/IMG_6177-768x576.png 768w, https:\/\/www.tempsdepause.ch\/solfar\/wp-content\/uploads\/2022\/03\/IMG_6177-300x225.png 300w, https:\/\/www.tempsdepause.ch\/solfar\/wp-content\/uploads\/2022\/03\/IMG_6177-600x450.png 600w\" sizes=\"(max-width: 800px) 100vw, 800px\" \/><\/p>\n<p>&nbsp;<\/p>\n","protected":false},"excerpt":{"rendered":"<p>Produit compris dans les offres d&rsquo;installation de panneaux pour T5 et T6<\/p>\n<p>Livr\u00e9 avec le kit r\u00e9gulateur Victron, support d&rsquo;installation et fils.<\/p>\n<p>N&rsquo;est pas disponible s\u00e9par\u00e9ment.<\/p>\n<p>&nbsp;<\/p>\n","protected":false},"featured_media":5242,"comment_status":"closed","ping_status":"closed","template":"","meta":[],"product_brand":[],"product_cat":[69],"product_tag":[],"class_list":{"0":"post-5308","1":"product","2":"type-product","3":"status-publish","4":"has-post-thumbnail","6":"product_cat-kit-pret-a-installer","8":"first","9":"onbackorder","10":"shipping-taxable","11":"purchasable","12":"product-type-simple"},"_links":{"self":[{"href":"https:\/\/www.tempsdepause.ch\/solfar\/wp-json\/wp\/v2\/product\/5308","targetHints":{"allow":["GET"]}}],"collection":[{"href":"https:\/\/www.tempsdepause.ch\/solfar\/wp-json\/wp\/v2\/product"}],"about":[{"href":"https:\/\/www.tempsdepause.ch\/solfar\/wp-json\/wp\/v2\/types\/product"}],"replies":[{"embeddable":true,"href":"https:\/\/www.tempsdepause.ch\/solfar\/wp-json\/wp\/v2\/comments?post=5308"}],"wp:featuredmedia":[{"embeddable":true,"href":"https:\/\/www.tempsdepause.ch\/solfar\/wp-json\/wp\/v2\/media\/5242"}],"wp:attachment":[{"href":"https:\/\/www.tempsdepause.ch\/solfar\/wp-json\/wp\/v2\/media?parent=5308"}],"wp:term":[{"taxonomy":"product_brand","embeddable":true,"href":"https:\/\/www.tempsdepause.ch\/solfar\/wp-json\/wp\/v2\/product_brand?post=5308"},{"taxonomy":"product_cat","embeddable":true,"href":"https:\/\/www.tempsdepause.ch\/solfar\/wp-json\/wp\/v2\/product_cat?post=5308"},{"taxonomy":"product_tag","embeddable":true,"href":"https:\/\/www.tempsdepause.ch\/solfar\/wp-json\/wp\/v2\/product_tag?post=5308"}],"curies":[{"name":"wp","href":"https:\/\/api.w.org\/{rel}","templated":true}]}}