{"id":3573,"date":"2020-01-25T19:09:33","date_gmt":"2020-01-25T18:09:33","guid":{"rendered":"https:\/\/www.tempsdepause.ch\/solfar\/?post_type=product&#038;p=3573"},"modified":"2022-03-26T10:17:16","modified_gmt":"2022-03-26T09:17:16","slug":"cable-electrique-3x1-de-15-m-au-norme-euro","status":"publish","type":"product","link":"https:\/\/www.tempsdepause.ch\/solfar\/produit\/cable-electrique-3x1-de-15-m-au-norme-euro\/","title":{"rendered":"C\u00e2ble \u00e9lectrique 3&#215;1 de 15 m au norme Euro &#038; support"},"content":{"rendered":"<p>Voici un c\u00e2ble pour nous raccorder au r\u00e9seau dans un camping. Pas trop long, juste ce qu&rsquo;il faut avec ses 15 m\u00e8tres.<\/p>\n<p>Son int\u00e9r\u00eat avec du c\u00e2ble PUR de 3x1mm2 est que nous avons un c\u00e2ble de 15m pour le m\u00eame encombrement et poids qu&rsquo;un c\u00e2ble 3&#215;1.5 mm2 de 10m.<\/p>\n<p>Section du c\u00e2ble amplement suffisante pour assurer la charge des batteries et le fonctionnement stationnaire du California.<\/p>\n<p>Consommation du chargeur de batterie: 1.9A<\/p>\n<p>Pour une consommation importante avec un chauffage \u00e9lectrique ou une plaque de cuisson, il est pr\u00e9f\u00e9rable d&rsquo;utiliser du c\u00e2ble de 1.5mm2 afin d&rsquo;\u00e9viter une chute de tension trop importante.<\/p>\n<p><img fetchpriority=\"high\" decoding=\"async\" class=\"alignleft size-full wp-image-22633\" src=\"https:\/\/www.tempsdepause.ch\/solfar\/wp-content\/uploads\/2022\/03\/IMG_6186.png\" alt=\"\" width=\"600\" height=\"800\" srcset=\"https:\/\/www.tempsdepause.ch\/solfar\/wp-content\/uploads\/2022\/03\/IMG_6186.png 600w, https:\/\/www.tempsdepause.ch\/solfar\/wp-content\/uploads\/2022\/03\/IMG_6186-375x500.png 375w\" sizes=\"(max-width: 600px) 100vw, 600px\" \/><\/p>\n","protected":false},"excerpt":{"rendered":"<h3>C\u00e2ble \u00e9lectrique 3&#215;1 de 15 m au norme Euro &amp; support<\/h3>\n<ul>\n<li>C\u00e2ble de qualit\u00e9 chantier pour l&rsquo;ext\u00e9rieur avec rev\u00eatement PUR orange. 3 x 1 mm\u00b2<\/li>\n<li>prise et fiche aux normes Euro CEE IP44<\/li>\n<li>Montage et contr\u00f4le par un \u00e9lectricien<\/li>\n<li>15 m\u00e8tres<\/li>\n<li>support en aluminum \u00a0\u00e0 coller et\/ou \u00e0 river au bas du meuble compris<\/li>\n<\/ul>\n","protected":false},"featured_media":1370,"comment_status":"closed","ping_status":"closed","template":"","meta":[],"product_brand":[],"product_cat":[50],"product_tag":[],"class_list":{"0":"post-3573","1":"product","2":"type-product","3":"status-publish","4":"has-post-thumbnail","6":"product_cat-electricite","8":"first","9":"instock","10":"shipping-taxable","11":"purchasable","12":"product-type-simple"},"_links":{"self":[{"href":"https:\/\/www.tempsdepause.ch\/solfar\/wp-json\/wp\/v2\/product\/3573","targetHints":{"allow":["GET"]}}],"collection":[{"href":"https:\/\/www.tempsdepause.ch\/solfar\/wp-json\/wp\/v2\/product"}],"about":[{"href":"https:\/\/www.tempsdepause.ch\/solfar\/wp-json\/wp\/v2\/types\/product"}],"replies":[{"embeddable":true,"href":"https:\/\/www.tempsdepause.ch\/solfar\/wp-json\/wp\/v2\/comments?post=3573"}],"wp:featuredmedia":[{"embeddable":true,"href":"https:\/\/www.tempsdepause.ch\/solfar\/wp-json\/wp\/v2\/media\/1370"}],"wp:attachment":[{"href":"https:\/\/www.tempsdepause.ch\/solfar\/wp-json\/wp\/v2\/media?parent=3573"}],"wp:term":[{"taxonomy":"product_brand","embeddable":true,"href":"https:\/\/www.tempsdepause.ch\/solfar\/wp-json\/wp\/v2\/product_brand?post=3573"},{"taxonomy":"product_cat","embeddable":true,"href":"https:\/\/www.tempsdepause.ch\/solfar\/wp-json\/wp\/v2\/product_cat?post=3573"},{"taxonomy":"product_tag","embeddable":true,"href":"https:\/\/www.tempsdepause.ch\/solfar\/wp-json\/wp\/v2\/product_tag?post=3573"}],"curies":[{"name":"wp","href":"https:\/\/api.w.org\/{rel}","templated":true}]}}