{"id":3572,"date":"2020-01-25T18:16:50","date_gmt":"2020-01-25T17:16:50","guid":{"rendered":"https:\/\/www.tempsdepause.ch\/solfar\/?post_type=product&#038;p=3572"},"modified":"2024-01-30T17:13:42","modified_gmt":"2024-01-30T16:13:42","slug":"cable-electrique-3x1-5-de-20-m-au-norme-euro","status":"publish","type":"product","link":"https:\/\/www.tempsdepause.ch\/solfar\/produit\/cable-electrique-3x1-5-de-20-m-au-norme-euro\/","title":{"rendered":"C\u00e2ble \u00e9lectrique 3&#215;1.5 de 20 m au norme Euro (sans support)"},"content":{"rendered":"<p>Voici un c\u00e2ble pour nous raccorder au r\u00e9seau dans un camping. Pas trop long, juste ce qu&rsquo;il faut avec ses 20 m\u00e8tres.<\/p>\n","protected":false},"excerpt":{"rendered":"<ul>\n<li>C\u00e2ble de qualit\u00e9 chantier pour l&rsquo;ext\u00e9rieur avec rev\u00eatement PUR orange. 3 x 1.5 mm\u00b2<\/li>\n<li>prise et fiche aux normes Euro<\/li>\n<li>Montage et contr\u00f4le par un \u00e9lectricien<\/li>\n<li>20 m\u00e8tres<\/li>\n<\/ul>\n","protected":false},"featured_media":1370,"comment_status":"closed","ping_status":"closed","template":"","meta":[],"product_brand":[],"product_cat":[50],"product_tag":[],"class_list":{"0":"post-3572","1":"product","2":"type-product","3":"status-publish","4":"has-post-thumbnail","6":"product_cat-electricite","8":"first","9":"instock","10":"shipping-taxable","11":"purchasable","12":"product-type-simple"},"_links":{"self":[{"href":"https:\/\/www.tempsdepause.ch\/solfar\/wp-json\/wp\/v2\/product\/3572","targetHints":{"allow":["GET"]}}],"collection":[{"href":"https:\/\/www.tempsdepause.ch\/solfar\/wp-json\/wp\/v2\/product"}],"about":[{"href":"https:\/\/www.tempsdepause.ch\/solfar\/wp-json\/wp\/v2\/types\/product"}],"replies":[{"embeddable":true,"href":"https:\/\/www.tempsdepause.ch\/solfar\/wp-json\/wp\/v2\/comments?post=3572"}],"wp:featuredmedia":[{"embeddable":true,"href":"https:\/\/www.tempsdepause.ch\/solfar\/wp-json\/wp\/v2\/media\/1370"}],"wp:attachment":[{"href":"https:\/\/www.tempsdepause.ch\/solfar\/wp-json\/wp\/v2\/media?parent=3572"}],"wp:term":[{"taxonomy":"product_brand","embeddable":true,"href":"https:\/\/www.tempsdepause.ch\/solfar\/wp-json\/wp\/v2\/product_brand?post=3572"},{"taxonomy":"product_cat","embeddable":true,"href":"https:\/\/www.tempsdepause.ch\/solfar\/wp-json\/wp\/v2\/product_cat?post=3572"},{"taxonomy":"product_tag","embeddable":true,"href":"https:\/\/www.tempsdepause.ch\/solfar\/wp-json\/wp\/v2\/product_tag?post=3572"}],"curies":[{"name":"wp","href":"https:\/\/api.w.org\/{rel}","templated":true}]}}