{"id":3561,"date":"2020-01-25T10:30:48","date_gmt":"2020-01-25T09:30:48","guid":{"rendered":"https:\/\/www.tempsdepause.ch\/solfar\/?post_type=product&#038;p=3561"},"modified":"2021-06-08T16:33:32","modified_gmt":"2021-06-08T14:33:32","slug":"alumini-2-7-kg-de-propane","status":"publish","type":"product","link":"https:\/\/www.tempsdepause.ch\/solfar\/produit\/alumini-2-7-kg-de-propane\/","title":{"rendered":"Alumini 2.7 kg de propane"},"content":{"rendered":"<h4><b>bouteille de propane en aluminium de 2,7 kg<span class=\"Apple-converted-space\">\u00a0<\/span><\/b><\/h4>\n<p>bouteilles de propane en aluminium sont les bouteilles en aluminium les plus petits sur le march\u00e9.<span class=\"Apple-converted-space\">\u00a0<\/span><\/p>\n<p>Il a \u00e9t\u00e9 con\u00e7u pour \u00eatre utilis\u00e9 sur les voiliers et les petits bateaux \u00e0 moteur.<span class=\"Apple-converted-space\">\u00a0<\/span><\/p>\n<p>Les principaux avantages des cylindres en aluminium est: il est petit, l\u00e9ger, inoxydable externe et interne, la taille universelle Campingaz, facile \u00e0 nettoyer, durable avec la dur\u00e9e de vie jusqu&rsquo;\u00e0 30 ans.<\/p>\n<p>Les bouteilles sont en alliage d&rsquo;aluminium de haute qualit\u00e9, ce qui garantit une r\u00e9sistance \u00e9lev\u00e9e aux influences ext\u00e9rieures, et offre un faible poids, ce qui rend les bouteilles en aluminium sont id\u00e9ales pour une utilisation pour le camping, caravane et travail artisanal.<br \/>\nSoupape de s\u00e9curit\u00e9 pour robinet de la bouteille en aluminium &#8211; gok<\/p>\n<p><strong>Pour des raisons administratives, la livraison par le fournisseur n&rsquo;est pas possible en Suisse, sur commande, je vais les chercher \u00e0 un point de livraison en Allemagne.<\/strong><\/p>\n<p>Profiter de commander deux bouteilles pour le prix de 500.- (les deux avec remplissage et modification du couvercle compris<\/p>\n<p>le remplissage \u00e0 40.- ( environ 2.7 Kg de propane) est compris dans le prix<\/p>\n<p>Remplissage en tout temps possible par mes soins ou chez un marchand dans la majorit\u00e9 des pays \u00e0 l&rsquo;exception de la France.<\/p>\n<p>Voir mes recommandations pour un remplissage \u00e0 partir d&rsquo;une bonbonne de propane.<\/p>\n","protected":false},"excerpt":{"rendered":"<h2><b>bouteille de propane en aluminium de 2,7 kg <\/b><\/h2>\n<h5>donn\u00e9es:<\/h5>\n<p>Poids de remplissage: 2,7 kg (propane-butane)<\/p>\n<p>avec poign\u00e9e de transport amovible<\/p>\n<p>Diam\u00e8tre environ: 21,5 cm<\/p>\n<p>Hauteur: 26,5 cm (sans valve) \/ 32 cm (avec valve) ( plus 0.5 ou 1.5 cm compar\u00e9 \u00e0 Camping-gaz)<\/p>\n<p>Poids mort: environ 2,18 kg (sans soupape)<\/p>\n<h5>Remplissage:<\/h5>\n<ul>\n<li>tare:<span class=\"Apple-converted-space\">\u00a0 <\/span>2.16 kg +\/- 2 g<\/li>\n<li>Contenance: 2.7 kg (80%)<\/li>\n<li>Poids total: 4.9 kg max.<\/li>\n<\/ul>\n<h5>avantages:<\/h5>\n<ul>\n<li>faible poids<\/li>\n<li>petite taille<\/li>\n<li>r\u00e9sistant \u00e0 la rouille<\/li>\n<li>remplissage \u00e0 chaque station-service au propane (pas GPL)<\/li>\n<li>Dur\u00e9e de vie environ 25 ans<\/li>\n<\/ul>\n","protected":false},"featured_media":1424,"comment_status":"closed","ping_status":"closed","template":"","meta":[],"product_brand":[],"product_cat":[51],"product_tag":[],"class_list":{"0":"post-3561","1":"product","2":"type-product","3":"status-publish","4":"has-post-thumbnail","6":"product_cat-gaz","8":"first","9":"instock","10":"virtual","11":"purchasable","12":"product-type-simple"},"_links":{"self":[{"href":"https:\/\/www.tempsdepause.ch\/solfar\/wp-json\/wp\/v2\/product\/3561","targetHints":{"allow":["GET"]}}],"collection":[{"href":"https:\/\/www.tempsdepause.ch\/solfar\/wp-json\/wp\/v2\/product"}],"about":[{"href":"https:\/\/www.tempsdepause.ch\/solfar\/wp-json\/wp\/v2\/types\/product"}],"replies":[{"embeddable":true,"href":"https:\/\/www.tempsdepause.ch\/solfar\/wp-json\/wp\/v2\/comments?post=3561"}],"wp:featuredmedia":[{"embeddable":true,"href":"https:\/\/www.tempsdepause.ch\/solfar\/wp-json\/wp\/v2\/media\/1424"}],"wp:attachment":[{"href":"https:\/\/www.tempsdepause.ch\/solfar\/wp-json\/wp\/v2\/media?parent=3561"}],"wp:term":[{"taxonomy":"product_brand","embeddable":true,"href":"https:\/\/www.tempsdepause.ch\/solfar\/wp-json\/wp\/v2\/product_brand?post=3561"},{"taxonomy":"product_cat","embeddable":true,"href":"https:\/\/www.tempsdepause.ch\/solfar\/wp-json\/wp\/v2\/product_cat?post=3561"},{"taxonomy":"product_tag","embeddable":true,"href":"https:\/\/www.tempsdepause.ch\/solfar\/wp-json\/wp\/v2\/product_tag?post=3561"}],"curies":[{"name":"wp","href":"https:\/\/api.w.org\/{rel}","templated":true}]}}