{"id":3294,"date":"2020-01-13T11:01:02","date_gmt":"2020-01-13T10:01:02","guid":{"rendered":"https:\/\/www.tempsdepause.ch\/solfar\/?post_type=product&#038;p=3294"},"modified":"2024-11-11T22:03:43","modified_gmt":"2024-11-11T21:03:43","slug":"tablettes-pour-penderie-california-t5-et-t6","status":"publish","type":"product","link":"https:\/\/www.tempsdepause.ch\/solfar\/produit\/tablettes-pour-penderie-california-t5-et-t6\/","title":{"rendered":"Tablettes pour penderie California T5 et T6 &#038; pose"},"content":{"rendered":"<p>Afin d&rsquo;optimiser la penderie du California, je vous propose 3 tablettes et les supports de fixation.<\/p>\n<p>Les tablettes en aluminium composite \u00a0sont recouvertes d&rsquo;un tapis de tiroir Variera d&rsquo;Ikea. Vous remarquerez une protection afin que les v\u00eatements ne se coincent pas dans le rideau coulissant. La tablette du centre est coup\u00e9e en biseau afin d&rsquo;obtenir un meilleur acc\u00e8s au bas de l&rsquo;armoire.<\/p>\n<p><strong>Le prix comprend la pose avec les rivets si vous passez \u00e0 Yverdon-les-Bains.<\/strong><\/p>\n<p><img fetchpriority=\"high\" decoding=\"async\" class=\"alignleft size-medium wp-image-2001\" src=\"https:\/\/www.tempsdepause.ch\/solfar\/wp-content\/uploads\/2019\/11\/IMG_2373-667x500.jpg\" alt=\"\" width=\"667\" height=\"500\" srcset=\"https:\/\/www.tempsdepause.ch\/solfar\/wp-content\/uploads\/2019\/11\/IMG_2373-667x500.jpg 667w, https:\/\/www.tempsdepause.ch\/solfar\/wp-content\/uploads\/2019\/11\/IMG_2373-768x576.jpg 768w, https:\/\/www.tempsdepause.ch\/solfar\/wp-content\/uploads\/2019\/11\/IMG_2373-800x600.jpg 800w, https:\/\/www.tempsdepause.ch\/solfar\/wp-content\/uploads\/2019\/11\/IMG_2373-300x225.jpg 300w, https:\/\/www.tempsdepause.ch\/solfar\/wp-content\/uploads\/2019\/11\/IMG_2373-600x450.jpg 600w, https:\/\/www.tempsdepause.ch\/solfar\/wp-content\/uploads\/2019\/11\/IMG_2373.jpg 1000w\" sizes=\"(max-width: 667px) 100vw, 667px\" \/> <img decoding=\"async\" class=\"alignleft size-medium wp-image-1998\" src=\"https:\/\/www.tempsdepause.ch\/solfar\/wp-content\/uploads\/2019\/11\/IMG_2363-667x500.jpg\" alt=\"\" width=\"667\" height=\"500\" srcset=\"https:\/\/www.tempsdepause.ch\/solfar\/wp-content\/uploads\/2019\/11\/IMG_2363-667x500.jpg 667w, https:\/\/www.tempsdepause.ch\/solfar\/wp-content\/uploads\/2019\/11\/IMG_2363-768x576.jpg 768w, https:\/\/www.tempsdepause.ch\/solfar\/wp-content\/uploads\/2019\/11\/IMG_2363-800x600.jpg 800w, https:\/\/www.tempsdepause.ch\/solfar\/wp-content\/uploads\/2019\/11\/IMG_2363-300x225.jpg 300w, https:\/\/www.tempsdepause.ch\/solfar\/wp-content\/uploads\/2019\/11\/IMG_2363-600x450.jpg 600w, https:\/\/www.tempsdepause.ch\/solfar\/wp-content\/uploads\/2019\/11\/IMG_2363.jpg 1000w\" sizes=\"(max-width: 667px) 100vw, 667px\" \/> <img decoding=\"async\" class=\"alignleft size-medium wp-image-1997\" src=\"https:\/\/www.tempsdepause.ch\/solfar\/wp-content\/uploads\/2019\/11\/IMG_2364-667x500.jpg\" alt=\"\" width=\"667\" height=\"500\" srcset=\"https:\/\/www.tempsdepause.ch\/solfar\/wp-content\/uploads\/2019\/11\/IMG_2364-667x500.jpg 667w, https:\/\/www.tempsdepause.ch\/solfar\/wp-content\/uploads\/2019\/11\/IMG_2364-768x576.jpg 768w, https:\/\/www.tempsdepause.ch\/solfar\/wp-content\/uploads\/2019\/11\/IMG_2364-800x600.jpg 800w, https:\/\/www.tempsdepause.ch\/solfar\/wp-content\/uploads\/2019\/11\/IMG_2364-300x225.jpg 300w, https:\/\/www.tempsdepause.ch\/solfar\/wp-content\/uploads\/2019\/11\/IMG_2364-600x450.jpg 600w, https:\/\/www.tempsdepause.ch\/solfar\/wp-content\/uploads\/2019\/11\/IMG_2364.jpg 1000w\" sizes=\"(max-width: 667px) 100vw, 667px\" \/> <img loading=\"lazy\" decoding=\"async\" class=\"alignleft wp-image-2002 size-medium\" src=\"https:\/\/www.tempsdepause.ch\/solfar\/wp-content\/uploads\/2019\/11\/IMG_2369-800x304.jpg\" alt=\"\" width=\"800\" height=\"304\" srcset=\"https:\/\/www.tempsdepause.ch\/solfar\/wp-content\/uploads\/2019\/11\/IMG_2369-800x304.jpg 800w, https:\/\/www.tempsdepause.ch\/solfar\/wp-content\/uploads\/2019\/11\/IMG_2369-768x292.jpg 768w, https:\/\/www.tempsdepause.ch\/solfar\/wp-content\/uploads\/2019\/11\/IMG_2369-600x228.jpg 600w, https:\/\/www.tempsdepause.ch\/solfar\/wp-content\/uploads\/2019\/11\/IMG_2369.jpg 1000w\" sizes=\"(max-width: 800px) 100vw, 800px\" \/><\/p>\n<p>&nbsp;<\/p>\n","protected":false},"excerpt":{"rendered":"<h4>Tablettes pour penderie California T5 et T6<\/h4>\n<p>Trois tablettes et fixations autocollantes + rivets<\/p>\n<h4>ATTENTION<\/h4>\n<p>Merci de ne pas payer par carte de cr\u00e9dit si vous devez passer faire l&rsquo;installation<\/p>\n<p>&nbsp;<\/p>\n","protected":false},"featured_media":1996,"comment_status":"closed","ping_status":"closed","template":"","meta":[],"product_brand":[],"product_cat":[72],"product_tag":[],"class_list":{"0":"post-3294","1":"product","2":"type-product","3":"status-publish","4":"has-post-thumbnail","6":"product_cat-etageres-pour-penderie-vw-california","8":"first","9":"instock","10":"shipping-taxable","11":"purchasable","12":"product-type-simple"},"_links":{"self":[{"href":"https:\/\/www.tempsdepause.ch\/solfar\/wp-json\/wp\/v2\/product\/3294","targetHints":{"allow":["GET"]}}],"collection":[{"href":"https:\/\/www.tempsdepause.ch\/solfar\/wp-json\/wp\/v2\/product"}],"about":[{"href":"https:\/\/www.tempsdepause.ch\/solfar\/wp-json\/wp\/v2\/types\/product"}],"replies":[{"embeddable":true,"href":"https:\/\/www.tempsdepause.ch\/solfar\/wp-json\/wp\/v2\/comments?post=3294"}],"wp:featuredmedia":[{"embeddable":true,"href":"https:\/\/www.tempsdepause.ch\/solfar\/wp-json\/wp\/v2\/media\/1996"}],"wp:attachment":[{"href":"https:\/\/www.tempsdepause.ch\/solfar\/wp-json\/wp\/v2\/media?parent=3294"}],"wp:term":[{"taxonomy":"product_brand","embeddable":true,"href":"https:\/\/www.tempsdepause.ch\/solfar\/wp-json\/wp\/v2\/product_brand?post=3294"},{"taxonomy":"product_cat","embeddable":true,"href":"https:\/\/www.tempsdepause.ch\/solfar\/wp-json\/wp\/v2\/product_cat?post=3294"},{"taxonomy":"product_tag","embeddable":true,"href":"https:\/\/www.tempsdepause.ch\/solfar\/wp-json\/wp\/v2\/product_tag?post=3294"}],"curies":[{"name":"wp","href":"https:\/\/api.w.org\/{rel}","templated":true}]}}