{"id":24028,"date":"2024-11-11T21:54:56","date_gmt":"2024-11-11T20:54:56","guid":{"rendered":"https:\/\/www.tempsdepause.ch\/solfar\/?post_type=product&#038;p=24028"},"modified":"2024-11-19T11:56:12","modified_gmt":"2024-11-19T10:56:12","slug":"offre-trois-panneaux-solaires-345w-1545wh-jour-solara-et-linstallation-sur-california-ocean-t5-t6","status":"publish","type":"product","link":"https:\/\/www.tempsdepause.ch\/solfar\/produit\/offre-trois-panneaux-solaires-345w-1545wh-jour-solara-et-linstallation-sur-california-ocean-t5-t6\/","title":{"rendered":"Offre: trois panneaux solaires, 345W 1545Wh\/jour SOLARA et l&rsquo;installation sur California Ocean T5-T6"},"content":{"rendered":"<p>Voici une offre pour l&rsquo;installation compl\u00e8te et parfaitement int\u00e9gr\u00e9e de trois panneaux volta\u00efques de grandes qualit\u00e9s et tr\u00e8s r\u00e9sistant \u00e0 tous les temps.<\/p>\n<p>Pr\u00e9vu pour VW T5 California Coast &amp; Ocean<\/p>\n<ul>\n<li>Comprend un boitier \u00e9lectronique pour informer la console de la provenance du courant et \u00e9viter ainsi l&rsquo;erreur \u00ab\u00a0prise 230V et G\u00a0\u00bb<\/li>\n<\/ul>\n<p>Selon les mod\u00e8les de T5 sans variateur LED dans le toit et sur le hayon, une information 12V D+ n&rsquo;est pas disponible dans le faisceau de fil \u00e0 l&rsquo;arri\u00e8re. Si cette option est absente, un fil doit \u00eatre install\u00e9 jusqu&rsquo;au relais de s\u00e9paration sous le si\u00e8ge et exige un temps de travail important. Le choix possible est aussi de raccorder le r\u00e9gulateur MPPT au moins de la batterie et ainsi la console ignore l&rsquo;installation.<\/p>\n<p>Prendre contact afin de personnaliser cette offre selon votre choix.<\/p>\n","protected":false},"excerpt":{"rendered":"<p>Offre compl\u00e8te, comprend:<\/p>\n<ul>\n<li>3x SOLARA Marine S515M31 de 115W soit 1030Wh\/jour<\/li>\n<li>Supports pour toit de VW California<\/li>\n<li>Passage discret des c\u00e2bles dans le toit ouvrant<\/li>\n<li>Installation du R\u00e9gulateur Victron avec Bluetooth en haut de la penderie<\/li>\n<li>C\u00e2blage et raccordement jusqu&rsquo;\u00e0 la batterie auxiliaire arri\u00e8re<\/li>\n<li>Information \u00e0 la console de la production volta\u00efque et sur Smartphone<\/li>\n<\/ul>\n","protected":false},"featured_media":24030,"comment_status":"closed","ping_status":"closed","template":"","meta":[],"product_brand":[],"product_cat":[68,70,65],"product_tag":[],"class_list":{"0":"post-24028","1":"product","2":"type-product","3":"status-publish","4":"has-post-thumbnail","6":"product_cat-installation-avec-passage-du-toit","7":"product_cat-offres-installation-comprise","8":"product_cat-california-t5-et-t6-ocean","10":"first","11":"instock","12":"virtual","13":"purchasable","14":"product-type-simple"},"_links":{"self":[{"href":"https:\/\/www.tempsdepause.ch\/solfar\/wp-json\/wp\/v2\/product\/24028","targetHints":{"allow":["GET"]}}],"collection":[{"href":"https:\/\/www.tempsdepause.ch\/solfar\/wp-json\/wp\/v2\/product"}],"about":[{"href":"https:\/\/www.tempsdepause.ch\/solfar\/wp-json\/wp\/v2\/types\/product"}],"replies":[{"embeddable":true,"href":"https:\/\/www.tempsdepause.ch\/solfar\/wp-json\/wp\/v2\/comments?post=24028"}],"wp:featuredmedia":[{"embeddable":true,"href":"https:\/\/www.tempsdepause.ch\/solfar\/wp-json\/wp\/v2\/media\/24030"}],"wp:attachment":[{"href":"https:\/\/www.tempsdepause.ch\/solfar\/wp-json\/wp\/v2\/media?parent=24028"}],"wp:term":[{"taxonomy":"product_brand","embeddable":true,"href":"https:\/\/www.tempsdepause.ch\/solfar\/wp-json\/wp\/v2\/product_brand?post=24028"},{"taxonomy":"product_cat","embeddable":true,"href":"https:\/\/www.tempsdepause.ch\/solfar\/wp-json\/wp\/v2\/product_cat?post=24028"},{"taxonomy":"product_tag","embeddable":true,"href":"https:\/\/www.tempsdepause.ch\/solfar\/wp-json\/wp\/v2\/product_tag?post=24028"}],"curies":[{"name":"wp","href":"https:\/\/api.w.org\/{rel}","templated":true}]}}