{"id":23931,"date":"2023-10-08T10:36:40","date_gmt":"2023-10-08T08:36:40","guid":{"rendered":"https:\/\/www.tempsdepause.ch\/solfar\/?post_type=product&#038;p=23931"},"modified":"2023-10-08T11:11:21","modified_gmt":"2023-10-08T09:11:21","slug":"votronic-2075-telecommande-pour-chargeurs","status":"publish","type":"product","link":"https:\/\/www.tempsdepause.ch\/solfar\/produit\/votronic-2075-telecommande-pour-chargeurs\/","title":{"rendered":"Votronic 2075 T\u00e9l\u00e9commande pour chargeurs"},"content":{"rendered":"<h4>Votronic 2075 T\u00e9l\u00e9commande pour chargeurs <strong>automatique<\/strong><\/h4>\n<h4>Tr\u00e8s utile sur le California Ocean car le chargeur est inaccessible.<\/h4>\n<p>Les LED de contr\u00f4le prennent en charge l\u2019affichage \u00e0 distance de l\u2019\u00e9tat de l\u2019appareil et de la progression de la charge.<\/p>\n<p>L\u2019une des fonctions principales de l\u2019appareil respectif peut \u00eatre command\u00e9e \u00e0 distance \u00e0 l\u2019aide de l\u2019interrupteur, par exemple Silent Run (fonctionnement de nuit) pour les chargeurs des s\u00e9ries Pb et VAC.<\/p>\n<p>La t\u00e9l\u00e9commande est con\u00e7ue en version panneau et s\u2019aligne \u00e0 la fois visuellement et m\u00e9caniquement (m\u00eame hauteur 85 mm) sur les autres affichages du syst\u00e8me modulaire VOTRONIC.<\/p>\n","protected":false},"excerpt":{"rendered":"<p>T\u00e9l\u00e9commande pour chargeur<\/p>\n<p>Le prix comprend l&rsquo;installation<\/p>\n","protected":false},"featured_media":23934,"comment_status":"closed","ping_status":"closed","template":"","meta":[],"product_brand":[],"product_cat":[78],"product_tag":[],"class_list":{"0":"post-23931","1":"product","2":"type-product","3":"status-publish","4":"has-post-thumbnail","6":"product_cat-chargeur","8":"first","9":"instock","10":"shipping-taxable","11":"purchasable","12":"product-type-simple"},"_links":{"self":[{"href":"https:\/\/www.tempsdepause.ch\/solfar\/wp-json\/wp\/v2\/product\/23931","targetHints":{"allow":["GET"]}}],"collection":[{"href":"https:\/\/www.tempsdepause.ch\/solfar\/wp-json\/wp\/v2\/product"}],"about":[{"href":"https:\/\/www.tempsdepause.ch\/solfar\/wp-json\/wp\/v2\/types\/product"}],"replies":[{"embeddable":true,"href":"https:\/\/www.tempsdepause.ch\/solfar\/wp-json\/wp\/v2\/comments?post=23931"}],"wp:featuredmedia":[{"embeddable":true,"href":"https:\/\/www.tempsdepause.ch\/solfar\/wp-json\/wp\/v2\/media\/23934"}],"wp:attachment":[{"href":"https:\/\/www.tempsdepause.ch\/solfar\/wp-json\/wp\/v2\/media?parent=23931"}],"wp:term":[{"taxonomy":"product_brand","embeddable":true,"href":"https:\/\/www.tempsdepause.ch\/solfar\/wp-json\/wp\/v2\/product_brand?post=23931"},{"taxonomy":"product_cat","embeddable":true,"href":"https:\/\/www.tempsdepause.ch\/solfar\/wp-json\/wp\/v2\/product_cat?post=23931"},{"taxonomy":"product_tag","embeddable":true,"href":"https:\/\/www.tempsdepause.ch\/solfar\/wp-json\/wp\/v2\/product_tag?post=23931"}],"curies":[{"name":"wp","href":"https:\/\/api.w.org\/{rel}","templated":true}]}}