{"id":23803,"date":"2023-03-19T16:37:58","date_gmt":"2023-03-19T15:37:58","guid":{"rendered":"https:\/\/www.tempsdepause.ch\/solfar\/?post_type=product&#038;p=23803"},"modified":"2023-03-19T16:39:45","modified_gmt":"2023-03-19T15:39:45","slug":"votronic-bluetooth-connector","status":"publish","type":"product","link":"https:\/\/www.tempsdepause.ch\/solfar\/produit\/votronic-bluetooth-connector\/","title":{"rendered":"Votronic &#8211; Bluetooth Connector"},"content":{"rendered":"<p>Le connecteur Bluetooth S\u2010BC de Votronic sert d\u2019interface entre le r\u00e9gulateur solaire, l\u2019ordinateur de batterie et le smartphone ou la tablette. L\u2019application y aff\u00e9rente permet d\u2019afficher l\u2019\u00e9tat des batteries auxiliaires du van, du camping-car et de l\u2019installation photovolta\u00efque \u00a0sur un smartphone, de le repr\u00e9senter par un graphique et de l\u2019\u00e9valuer.<\/p>\n<p>&nbsp;<\/p>\n<p><img fetchpriority=\"high\" decoding=\"async\" class=\"size-full wp-image-23805 aligncenter\" src=\"https:\/\/www.tempsdepause.ch\/solfar\/wp-content\/uploads\/2023\/03\/VotronicBluetoothVarianteA.jpg\" alt=\"\" width=\"600\" height=\"753\" srcset=\"https:\/\/www.tempsdepause.ch\/solfar\/wp-content\/uploads\/2023\/03\/VotronicBluetoothVarianteA.jpg 600w, https:\/\/www.tempsdepause.ch\/solfar\/wp-content\/uploads\/2023\/03\/VotronicBluetoothVarianteA-398x500.jpg 398w\" sizes=\"(max-width: 600px) 100vw, 600px\" \/><\/p>\n<p><img decoding=\"async\" class=\"size-large wp-image-23537 aligncenter\" src=\"https:\/\/www.tempsdepause.ch\/solfar\/wp-content\/uploads\/2022\/08\/IMG_7089-1028x1024.png\" alt=\"\" width=\"960\" height=\"956\" srcset=\"https:\/\/www.tempsdepause.ch\/solfar\/wp-content\/uploads\/2022\/08\/IMG_7089-1028x1024.png 1028w, https:\/\/www.tempsdepause.ch\/solfar\/wp-content\/uploads\/2022\/08\/IMG_7089-502x500.png 502w, https:\/\/www.tempsdepause.ch\/solfar\/wp-content\/uploads\/2022\/08\/IMG_7089-200x200.png 200w, https:\/\/www.tempsdepause.ch\/solfar\/wp-content\/uploads\/2022\/08\/IMG_7089-768x765.png 768w, https:\/\/www.tempsdepause.ch\/solfar\/wp-content\/uploads\/2022\/08\/IMG_7089-1536x1530.png 1536w, https:\/\/www.tempsdepause.ch\/solfar\/wp-content\/uploads\/2022\/08\/IMG_7089-150x150.png 150w, https:\/\/www.tempsdepause.ch\/solfar\/wp-content\/uploads\/2022\/08\/IMG_7089-160x160.png 160w, https:\/\/www.tempsdepause.ch\/solfar\/wp-content\/uploads\/2022\/08\/IMG_7089-1400x1395.png 1400w, https:\/\/www.tempsdepause.ch\/solfar\/wp-content\/uploads\/2022\/08\/IMG_7089-800x797.png 800w, https:\/\/www.tempsdepause.ch\/solfar\/wp-content\/uploads\/2022\/08\/IMG_7089-600x598.png 600w, https:\/\/www.tempsdepause.ch\/solfar\/wp-content\/uploads\/2022\/08\/IMG_7089-100x100.png 100w, https:\/\/www.tempsdepause.ch\/solfar\/wp-content\/uploads\/2022\/08\/IMG_7089.png 1928w\" sizes=\"(max-width: 960px) 100vw, 960px\" \/><\/p>\n<p>Ecran de gauche, en bleu la production photovolta\u00efque, on constate depuis l&rsquo;aube que les panneaux produisent jusqu&rsquo;\u00e0 18A puis apr\u00e8s 3 heures les batteries sont charg\u00e9es. en jaune l&rsquo;\u00e9nergie solaire perdue et les petits pics en bas signifient le fonctionnement de frigo. Suit la nuit et la production du jour suivant.<\/p>\n<p>Ecran de droite, l&rsquo;\u00e9tat de charge des batteries auxiliaires, avec une forte d\u00e9charge en fin de nuit.<\/p>\n<p>Sur un California la d\u00e9charge est d&rsquo;environ 15% du cr\u00e9puscule \u00e0 l&rsquo;aube. Avec 2 panneaux SOLARA, les batteries sont recharg\u00e9es bien avant midi si temps ensoleill\u00e9.<\/p>\n","protected":false},"excerpt":{"rendered":"<h2>Votronic &#8211; Bluetooth Connector<\/h2>\n<p>N\u00e9cessite le ou les affichages Votronic Solar Computer et Battery Computer<\/p>\n<p>Prix comprenant l&rsquo;installation de l&rsquo;appareil.<\/p>\n<p>A commander avec l&rsquo;affichage Votronic Solar Computer et Battery Computer et le r\u00e9gulateur Votronic.<\/p>\n<p>Demander une offre pour une installation compl\u00e8te.<\/p>\n<p>&nbsp;<\/p>\n","protected":false},"featured_media":23804,"comment_status":"closed","ping_status":"closed","template":"","meta":[],"product_brand":[],"product_cat":[45],"product_tag":[],"class_list":{"0":"post-23803","1":"product","2":"type-product","3":"status-publish","4":"has-post-thumbnail","6":"product_cat-photovoltaique","8":"first","9":"instock","10":"shipping-taxable","11":"purchasable","12":"product-type-simple"},"_links":{"self":[{"href":"https:\/\/www.tempsdepause.ch\/solfar\/wp-json\/wp\/v2\/product\/23803","targetHints":{"allow":["GET"]}}],"collection":[{"href":"https:\/\/www.tempsdepause.ch\/solfar\/wp-json\/wp\/v2\/product"}],"about":[{"href":"https:\/\/www.tempsdepause.ch\/solfar\/wp-json\/wp\/v2\/types\/product"}],"replies":[{"embeddable":true,"href":"https:\/\/www.tempsdepause.ch\/solfar\/wp-json\/wp\/v2\/comments?post=23803"}],"wp:featuredmedia":[{"embeddable":true,"href":"https:\/\/www.tempsdepause.ch\/solfar\/wp-json\/wp\/v2\/media\/23804"}],"wp:attachment":[{"href":"https:\/\/www.tempsdepause.ch\/solfar\/wp-json\/wp\/v2\/media?parent=23803"}],"wp:term":[{"taxonomy":"product_brand","embeddable":true,"href":"https:\/\/www.tempsdepause.ch\/solfar\/wp-json\/wp\/v2\/product_brand?post=23803"},{"taxonomy":"product_cat","embeddable":true,"href":"https:\/\/www.tempsdepause.ch\/solfar\/wp-json\/wp\/v2\/product_cat?post=23803"},{"taxonomy":"product_tag","embeddable":true,"href":"https:\/\/www.tempsdepause.ch\/solfar\/wp-json\/wp\/v2\/product_tag?post=23803"}],"curies":[{"name":"wp","href":"https:\/\/api.w.org\/{rel}","templated":true}]}}