{"id":23636,"date":"2022-10-27T19:23:00","date_gmt":"2022-10-27T17:23:00","guid":{"rendered":"https:\/\/www.tempsdepause.ch\/solfar\/?post_type=product&#038;p=23636"},"modified":"2024-11-11T12:57:06","modified_gmt":"2024-11-11T11:57:06","slug":"batterie-agm-varta-f21-silver-dynamic-80ah","status":"publish","type":"product","link":"https:\/\/www.tempsdepause.ch\/solfar\/produit\/batterie-agm-varta-f21-silver-dynamic-80ah\/","title":{"rendered":"Batterie AGM Start&#038;Stop Varta F21 Silver Dynamic 80Ah + \u00e9change et reprogrammation"},"content":{"rendered":"<p><strong>Varta F21 <\/strong><strong>Silver Dynamic AGM 80Ah Batterie de voiture \u2013 Le meilleur du meilleur<\/strong><\/p>\n<p>La batterie de voiture Varta F21 Silver Dynamic AGM 80Ah peut alimenter les v\u00e9hicules les plus exigeants et les accessoires. En outre, il offre en m\u00eame temps trois fois la dur\u00e9e de vie des cycles par rapport aux batteries de voiture nirmales. La Varta F21 est parfaite pour les syst\u00e8mes start-stop avanc\u00e9s. Ainsi, la recharge de la batterie de voiture se fait rapidement gr\u00e2ce \u00e0 l\u2019\u00e9nergie qui revient du syst\u00e8me de freinage. En outre, Varta d\u00e9veloppe et fabrique la batterie en Allemagne. Ainsi, la batterie de voiture Varta F21 Silver Dynamic AGM 80Ah r\u00e9pond aux normes de qualit\u00e9 les plus \u00e9lev\u00e9es.<\/p>\n<p><strong>Avantages :<\/strong><\/p>\n<ul>\n<li>Con\u00e7u pour les v\u00e9hicules dot\u00e9s de la technologie Start-Stop avec r\u00e9cup\u00e9ration de l\u2019\u00e9nergie de freinage<\/li>\n<li>Dur\u00e9e de vie des cycles prolong\u00e9e par rapport aux batteries de voiture normales<\/li>\n<li>Propre dans la fabrication : 20 % de consommation d\u2019\u00e9nergie en moins et 20 % d\u2019\u00e9missions \u00e0 effet de serre en moins : cycle de cycle de cycle ferm\u00e9 gr\u00e2ce \u00e0 ecosteps\u00ae. Pr\u00e9serve les ressources naturelles et prot\u00e8ge l\u2019environnement.<\/li>\n<li>Technologie de grille PowerFrame\u00ae pour une puissance de d\u00e9marrage \u00e9lev\u00e9e et des performances fiables<\/li>\n<li>Technologie AGM (Absobent-Glass-Mat) de Varta : performances exceptionnelles pour les moteurs puissants et les voitures \u00e9labor\u00e9es<\/li>\n<li>Gr\u00e2ce \u00e0 sa conception, cette batterie de voiture ne peut pas fuir si elle est endommag\u00e9e<\/li>\n<li>Absolument sans entretien<\/li>\n<\/ul>\n","protected":false},"excerpt":{"rendered":"<h4>Batterie Start&amp;Stop pour VW T5, T6 et T6.1<\/h4>\n<h2>Varta F21 Silver Dynamic AGM 80Ah<\/h2>\n<h2>Batterie + \u00e9change et reprogramation<\/h2>\n<table class=\"product--properties-table\">\n<tbody>\n<tr class=\"product--properties-row\">\n<td class=\"product--properties-label is--bold\">Fabricant :<\/td>\n<td class=\"product--properties-value\">Varta<\/td>\n<\/tr>\n<tr class=\"product--properties-row\">\n<td class=\"product--properties-label is--bold\">Mod\u00e8le :<\/td>\n<td class=\"product--properties-value\">F21<\/td>\n<\/tr>\n<tr class=\"product--properties-row\">\n<td class=\"product--properties-label is--bold\">capacit\u00e9 :<\/td>\n<td class=\"product--properties-value\">80 Ah<\/td>\n<\/tr>\n<tr class=\"product--properties-row\">\n<td class=\"product--properties-label is--bold\">Masse (L x L x H) :<\/td>\n<td class=\"product--properties-value\">315 x 175 x 190 mm<\/td>\n<\/tr>\n<tr class=\"product--properties-row\">\n<td class=\"product--properties-label is--bold\">tension :<\/td>\n<td class=\"product--properties-value\">12 V<\/td>\n<\/tr>\n<\/tbody>\n<\/table>\n<div class=\"product-properties-description\">\n<p><strong>\u2713 Performances et endurance maximales, m\u00eame en cas d&rsquo;\u00e9tat de charge inf\u00e9rieur<\/strong><\/p>\n<p><strong>\u2713 Triple dur\u00e9e de vie des batteries conventionnelles<\/strong><\/p>\n<p><strong>\u2713 L&rsquo;approvisionnement le plus fiable des v\u00e9hicules haut de gamme avec de nombreux consommateurs et des besoins \u00e9nerg\u00e9tiques sup\u00e9rieurs \u00e0 la moyenne<\/strong><\/p>\n<p><strong>\u2713 Id\u00e9al pour les v\u00e9hicules dot\u00e9s des syst\u00e8mes start-stop les plus modernes et de r\u00e9cup\u00e9ration de l&rsquo;\u00e9nergie de freinage<\/strong><\/p>\n<\/div>\n","protected":false},"featured_media":23634,"comment_status":"closed","ping_status":"closed","template":"","meta":[],"product_brand":[],"product_cat":[75,76,77],"product_tag":[],"class_list":{"0":"post-23636","1":"product","2":"type-product","3":"status-publish","4":"has-post-thumbnail","6":"product_cat-agm","7":"product_cat-beach","8":"product_cat-ocean","10":"first","11":"outofstock","12":"shipping-taxable","13":"purchasable","14":"product-type-simple"},"_links":{"self":[{"href":"https:\/\/www.tempsdepause.ch\/solfar\/wp-json\/wp\/v2\/product\/23636","targetHints":{"allow":["GET"]}}],"collection":[{"href":"https:\/\/www.tempsdepause.ch\/solfar\/wp-json\/wp\/v2\/product"}],"about":[{"href":"https:\/\/www.tempsdepause.ch\/solfar\/wp-json\/wp\/v2\/types\/product"}],"replies":[{"embeddable":true,"href":"https:\/\/www.tempsdepause.ch\/solfar\/wp-json\/wp\/v2\/comments?post=23636"}],"wp:featuredmedia":[{"embeddable":true,"href":"https:\/\/www.tempsdepause.ch\/solfar\/wp-json\/wp\/v2\/media\/23634"}],"wp:attachment":[{"href":"https:\/\/www.tempsdepause.ch\/solfar\/wp-json\/wp\/v2\/media?parent=23636"}],"wp:term":[{"taxonomy":"product_brand","embeddable":true,"href":"https:\/\/www.tempsdepause.ch\/solfar\/wp-json\/wp\/v2\/product_brand?post=23636"},{"taxonomy":"product_cat","embeddable":true,"href":"https:\/\/www.tempsdepause.ch\/solfar\/wp-json\/wp\/v2\/product_cat?post=23636"},{"taxonomy":"product_tag","embeddable":true,"href":"https:\/\/www.tempsdepause.ch\/solfar\/wp-json\/wp\/v2\/product_tag?post=23636"}],"curies":[{"name":"wp","href":"https:\/\/api.w.org\/{rel}","templated":true}]}}