{"id":23632,"date":"2022-10-27T18:59:42","date_gmt":"2022-10-27T16:59:42","guid":{"rendered":"https:\/\/www.tempsdepause.ch\/solfar\/?post_type=product&#038;p=23632"},"modified":"2024-11-11T12:57:32","modified_gmt":"2024-11-11T11:57:32","slug":"batteries-agm-varta-la80","status":"publish","type":"product","link":"https:\/\/www.tempsdepause.ch\/solfar\/produit\/batteries-agm-varta-la80\/","title":{"rendered":"Deux batteries auxiliaires AGM Varta LA80"},"content":{"rendered":"<p>Ces batteries AGM Varta LA80 remplacent les batteries auxiliaires d&rsquo;origine \u00a0des VW California.<\/p>\n<p><strong>Nous devons absolument les changer les deux en m\u00eame temps.<\/strong><\/p>\n<p>R\u00e9f\u00e9rence: 840 080 080<br \/>\nDimension: L 315 x l 175 x h 190 mm<\/p>\n<p><b>Professional Dual Purpose AGM, les avantages cl\u00e9s<\/b><\/p>\n<ul>\n<li>Batterie con\u00e7ue pour les camping-cars, caravanes et bateaux modestement \u00e9quip\u00e9s<\/li>\n<li>Long\u00e9vit\u00e9: Jusqu\u2019\u00e0 quatre fois plus r\u00e9sistante au cyclage que les batteries humides conventionnelles (jusqu\u2019\u00e0 400 cycles pour une DOD de 50%)<\/li>\n<li>Une autod\u00e9charge minimale qui en fait le choix id\u00e9al pour un usage saisonnier<\/li>\n<li>Technologie AGM pour une remarquable r\u00e9sistance aux chocs et vibrations<\/li>\n<li>Id\u00e9ale pour les applications mixtes (d\u00e9marrage et servitude)<\/li>\n<\/ul>\n","protected":false},"excerpt":{"rendered":"<h2>2 Batteries AGM Varta LA80 \u00e9change compris<\/h2>\n<h4>En remplacement des batteries auxiliaires des VW California Ocean &amp; Coast<\/h4>\n<p>Pour une charge optimis\u00e9e des T5.2 et T6 California, pr\u00e9f\u00e9rez l&rsquo;\u00e9change avec l&rsquo;installation d&rsquo;un convertisseur de charge VCC 1212 30A de Votronic.<\/p>\n<p>&nbsp;<\/p>\n<table class=\"product--description\">\n<tbody class=\"table-properties-details\">\n<tr class=\"list--entry-description\">\n<td class=\"right-space-description\">capacit\u00e9 :<\/td>\n<td class=\"left-space-description\">80 Ah<\/td>\n<\/tr>\n<tr class=\"list--entry-description\">\n<td class=\"right-space-description\">courant d&rsquo;essai de froid :<\/td>\n<td class=\"left-space-description\">800 A<\/td>\n<\/tr>\n<tr class=\"list--entry-description\">\n<td class=\"right-space-description\">tension :<\/td>\n<td class=\"left-space-description\">12 V<\/td>\n<\/tr>\n<tr class=\"list--entry-description\">\n<td class=\"right-space-description\">Masse (L x L x H) :<\/td>\n<td class=\"left-space-description\">315 x 175 x 190 mm<\/td>\n<\/tr>\n<tr class=\"list--entry-description\">\n<td class=\"right-space-description\">technologie de la batterie :<\/td>\n<td class=\"left-space-description\">AGM (VRLA)<\/td>\n<\/tr>\n<\/tbody>\n<\/table>\n","protected":false},"featured_media":23633,"comment_status":"closed","ping_status":"closed","template":"","meta":[],"product_brand":[],"product_cat":[75,77],"product_tag":[],"class_list":{"0":"post-23632","1":"product","2":"type-product","3":"status-publish","4":"has-post-thumbnail","6":"product_cat-agm","7":"product_cat-ocean","9":"first","10":"outofstock","11":"shipping-taxable","12":"purchasable","13":"product-type-simple"},"_links":{"self":[{"href":"https:\/\/www.tempsdepause.ch\/solfar\/wp-json\/wp\/v2\/product\/23632","targetHints":{"allow":["GET"]}}],"collection":[{"href":"https:\/\/www.tempsdepause.ch\/solfar\/wp-json\/wp\/v2\/product"}],"about":[{"href":"https:\/\/www.tempsdepause.ch\/solfar\/wp-json\/wp\/v2\/types\/product"}],"replies":[{"embeddable":true,"href":"https:\/\/www.tempsdepause.ch\/solfar\/wp-json\/wp\/v2\/comments?post=23632"}],"wp:featuredmedia":[{"embeddable":true,"href":"https:\/\/www.tempsdepause.ch\/solfar\/wp-json\/wp\/v2\/media\/23633"}],"wp:attachment":[{"href":"https:\/\/www.tempsdepause.ch\/solfar\/wp-json\/wp\/v2\/media?parent=23632"}],"wp:term":[{"taxonomy":"product_brand","embeddable":true,"href":"https:\/\/www.tempsdepause.ch\/solfar\/wp-json\/wp\/v2\/product_brand?post=23632"},{"taxonomy":"product_cat","embeddable":true,"href":"https:\/\/www.tempsdepause.ch\/solfar\/wp-json\/wp\/v2\/product_cat?post=23632"},{"taxonomy":"product_tag","embeddable":true,"href":"https:\/\/www.tempsdepause.ch\/solfar\/wp-json\/wp\/v2\/product_tag?post=23632"}],"curies":[{"name":"wp","href":"https:\/\/api.w.org\/{rel}","templated":true}]}}