{"id":23595,"date":"2022-10-24T19:50:21","date_gmt":"2022-10-24T17:50:21","guid":{"rendered":"https:\/\/www.tempsdepause.ch\/solfar\/?post_type=product&#038;p=23595"},"modified":"2024-11-11T21:43:23","modified_gmt":"2024-11-11T20:43:23","slug":"offre-un-panneau-solaire-115w-515wh-jour-solara-et-linstallation-sur-california-ocean5-6-sans-percage-du-toit","status":"publish","type":"product","link":"https:\/\/www.tempsdepause.ch\/solfar\/produit\/offre-un-panneau-solaire-115w-515wh-jour-solara-et-linstallation-sur-california-ocean5-6-sans-percage-du-toit\/","title":{"rendered":"Offre: un panneau solaire, 115W 515Wh\/jour SOLARA et l&rsquo;installation sur  California Ocean T5-T6 sans per\u00e7age du toit !"},"content":{"rendered":"<p>Voici une offre pour l&rsquo;installation compl\u00e8te et parfaitement int\u00e9gr\u00e9e d&rsquo;un panneau volta\u00efque de grande \u00a0qualit\u00e9 et tr\u00e8s r\u00e9sistant \u00e0 tous les temps.<\/p>\n<p>Pr\u00e9vu pour VW California \u00a0Ocean.<\/p>\n<ul>\n<li>Autres modifications sur demande.<\/li>\n<\/ul>\n<p><img fetchpriority=\"high\" decoding=\"async\" class=\"size-medium wp-image-19981 aligncenter\" src=\"https:\/\/www.tempsdepause.ch\/solfar\/wp-content\/uploads\/2021\/06\/IMG_4278-667x500.png\" alt=\"\" width=\"667\" height=\"500\" srcset=\"https:\/\/www.tempsdepause.ch\/solfar\/wp-content\/uploads\/2021\/06\/IMG_4278-667x500.png 667w, https:\/\/www.tempsdepause.ch\/solfar\/wp-content\/uploads\/2021\/06\/IMG_4278-768x576.png 768w, https:\/\/www.tempsdepause.ch\/solfar\/wp-content\/uploads\/2021\/06\/IMG_4278-300x225.png 300w, https:\/\/www.tempsdepause.ch\/solfar\/wp-content\/uploads\/2021\/06\/IMG_4278-600x450.png 600w, https:\/\/www.tempsdepause.ch\/solfar\/wp-content\/uploads\/2021\/06\/IMG_4278.png 800w\" sizes=\"(max-width: 667px) 100vw, 667px\" \/><\/p>\n<p>&nbsp;<\/p>\n<p><img decoding=\"async\" class=\"size-medium wp-image-19985 aligncenter\" src=\"https:\/\/www.tempsdepause.ch\/solfar\/wp-content\/uploads\/2021\/06\/IMG_4279-667x500.png\" alt=\"\" width=\"667\" height=\"500\" srcset=\"https:\/\/www.tempsdepause.ch\/solfar\/wp-content\/uploads\/2021\/06\/IMG_4279-667x500.png 667w, https:\/\/www.tempsdepause.ch\/solfar\/wp-content\/uploads\/2021\/06\/IMG_4279-768x576.png 768w, https:\/\/www.tempsdepause.ch\/solfar\/wp-content\/uploads\/2021\/06\/IMG_4279-300x225.png 300w, https:\/\/www.tempsdepause.ch\/solfar\/wp-content\/uploads\/2021\/06\/IMG_4279-600x450.png 600w, https:\/\/www.tempsdepause.ch\/solfar\/wp-content\/uploads\/2021\/06\/IMG_4279.png 800w\" sizes=\"(max-width: 667px) 100vw, 667px\" \/><\/p>\n<p>Solution \u00e9l\u00e9gante et tr\u00e8s propre.<\/p>\n<p><img decoding=\"async\" class=\"alignleft size-medium wp-image-19983\" src=\"https:\/\/www.tempsdepause.ch\/solfar\/wp-content\/uploads\/2021\/06\/IMG_4274-375x500.png\" alt=\"\" width=\"375\" height=\"500\" srcset=\"https:\/\/www.tempsdepause.ch\/solfar\/wp-content\/uploads\/2021\/06\/IMG_4274-375x500.png 375w, https:\/\/www.tempsdepause.ch\/solfar\/wp-content\/uploads\/2021\/06\/IMG_4274.png 600w\" sizes=\"(max-width: 375px) 100vw, 375px\" \/><\/p>\n<p>&nbsp;<\/p>\n<p>&nbsp;<\/p>\n<p>C\u00e2blage fiable sans per\u00e7age du toit. Le c\u00e2ble entre par le soufflet du hayon. Deux aimants maintiennent ferment le c\u00e2ble toit ferm\u00e9.<\/p>\n<p>&nbsp;<\/p>\n<p>&nbsp;<\/p>\n<p>&nbsp;<\/p>\n<p>Le r\u00e9gulateur Victron est positionn\u00e9 sur le c\u00f4t\u00e9 de la batterie sous le si\u00e8ge conducteur sur les Miltivan et Beach.<\/p>\n<p>Sur le California Ocean, le r\u00e9gulateur est positionn\u00e9 en haut de la penderie et raccord\u00e9 avec un fusible sur la batterie arri\u00e8re.<\/p>\n<p>&nbsp;<\/p>\n<p><img loading=\"lazy\" decoding=\"async\" class=\"alignleft wp-image-22007 size-full\" src=\"https:\/\/www.tempsdepause.ch\/solfar\/wp-content\/uploads\/2021\/06\/IMG_4313.png\" alt=\"\" width=\"820\" height=\"529\" srcset=\"https:\/\/www.tempsdepause.ch\/solfar\/wp-content\/uploads\/2021\/06\/IMG_4313.png 820w, https:\/\/www.tempsdepause.ch\/solfar\/wp-content\/uploads\/2021\/06\/IMG_4313-775x500.png 775w, https:\/\/www.tempsdepause.ch\/solfar\/wp-content\/uploads\/2021\/06\/IMG_4313-768x495.png 768w, https:\/\/www.tempsdepause.ch\/solfar\/wp-content\/uploads\/2021\/06\/IMG_4313-800x516.png 800w, https:\/\/www.tempsdepause.ch\/solfar\/wp-content\/uploads\/2021\/06\/IMG_4313-600x387.png 600w\" sizes=\"(max-width: 820px) 100vw, 820px\" \/><\/p>\n<p>Le contr\u00f4le de la charge et l&rsquo;historique sont consultables sur Smartphone avec l&rsquo;application Victron par Bluetooth.<\/p>\n<p>&nbsp;<\/p>\n<p>&nbsp;<\/p>\n","protected":false},"excerpt":{"rendered":"<p>Offre compl\u00e8te, comprend:<\/p>\n<ul>\n<li>1x SOLARA Marine S515M31 de 115W 515Wh\/jour<\/li>\n<li>Supports pour toit de VW California<\/li>\n<li>Passage discret des c\u00e2bles sans per\u00e7age du toit<\/li>\n<li>Installation d&rsquo;un R\u00e9gulateur Victron SmartSolar 75\/15 Bluetooth sous le si\u00e8ge conducteur<\/li>\n<li>C\u00e2blage et raccordement jusqu&rsquo;\u00e0 la batterie sous le si\u00e8ge<\/li>\n<\/ul>\n<p>&nbsp;<\/p>\n<h3>Commande et installation:<\/h3>\n<p>Commande par mail et entente pour l&rsquo;installation. D\u00e9lais d&rsquo;attente entre 2 et 4 semaines selon disponibilit\u00e9.<\/p>\n<p>Installation possible selon entente \u00e0 votre domicile, de pr\u00e9f\u00e9rence \u00e0 mon adresse. Dur\u00e9e environ 4 heures.<\/p>\n<p>Solution r\u00e9serv\u00e9e pour un seul panneau SOLARA et de pr\u00e9f\u00e9rence pour California Beach. Sur Ocean, le r\u00e9gulateur est plac\u00e9 \u00e0 l&rsquo;arri\u00e8re en haut de la penderie et le raccordement sur la batterie arri\u00e8re. Un suppl\u00e9ment de 200.- est n\u00e9cessaire pour informer de l&rsquo;origine du courant sur la console du T5 et T6 Ocean. Sinon la console est en d\u00e9faut.<\/p>\n<h3>Payement:<\/h3>\n<p>Payement par virement IBAN CH31 0900 0000 1211 2707 7 ou par TWINT au 079 8275561 de 50% \u00e0 la commande apr\u00e8s entente et solde \u00e0 l&rsquo;installation.<\/p>\n<p>&nbsp;<\/p>\n","protected":false},"featured_media":19982,"comment_status":"closed","ping_status":"closed","template":"","meta":[],"product_brand":[],"product_cat":[67,70,65],"product_tag":[],"class_list":{"0":"post-23595","1":"product","2":"type-product","3":"status-publish","4":"has-post-thumbnail","6":"product_cat-installation-sans-percage-du-toit","7":"product_cat-offres-installation-comprise","8":"product_cat-california-t5-et-t6-ocean","10":"first","11":"instock","12":"virtual","13":"purchasable","14":"product-type-simple"},"_links":{"self":[{"href":"https:\/\/www.tempsdepause.ch\/solfar\/wp-json\/wp\/v2\/product\/23595","targetHints":{"allow":["GET"]}}],"collection":[{"href":"https:\/\/www.tempsdepause.ch\/solfar\/wp-json\/wp\/v2\/product"}],"about":[{"href":"https:\/\/www.tempsdepause.ch\/solfar\/wp-json\/wp\/v2\/types\/product"}],"replies":[{"embeddable":true,"href":"https:\/\/www.tempsdepause.ch\/solfar\/wp-json\/wp\/v2\/comments?post=23595"}],"wp:featuredmedia":[{"embeddable":true,"href":"https:\/\/www.tempsdepause.ch\/solfar\/wp-json\/wp\/v2\/media\/19982"}],"wp:attachment":[{"href":"https:\/\/www.tempsdepause.ch\/solfar\/wp-json\/wp\/v2\/media?parent=23595"}],"wp:term":[{"taxonomy":"product_brand","embeddable":true,"href":"https:\/\/www.tempsdepause.ch\/solfar\/wp-json\/wp\/v2\/product_brand?post=23595"},{"taxonomy":"product_cat","embeddable":true,"href":"https:\/\/www.tempsdepause.ch\/solfar\/wp-json\/wp\/v2\/product_cat?post=23595"},{"taxonomy":"product_tag","embeddable":true,"href":"https:\/\/www.tempsdepause.ch\/solfar\/wp-json\/wp\/v2\/product_tag?post=23595"}],"curies":[{"name":"wp","href":"https:\/\/api.w.org\/{rel}","templated":true}]}}