{"id":23591,"date":"2022-10-19T18:18:34","date_gmt":"2022-10-19T16:18:34","guid":{"rendered":"https:\/\/www.tempsdepause.ch\/solfar\/?post_type=product&#038;p=23591"},"modified":"2024-10-30T18:42:49","modified_gmt":"2024-10-30T17:42:49","slug":"kit-de-passage-du-toit-du-vw-california","status":"publish","type":"product","link":"https:\/\/www.tempsdepause.ch\/solfar\/produit\/kit-de-passage-du-toit-du-vw-california\/","title":{"rendered":"Kit de passage du toit du VW California"},"content":{"rendered":"<p>Ce boitier \u00e9tanche aux projections d&rsquo;eau IP66 de 25mm d&rsquo;\u00e9paisseur reste discret et en dessous le la hauteur maximale du California.<\/p>\n<p>Il comprend un ou deux presse-\u00e9toupes en laiton chrom\u00e9 IP68. Il doit \u00eatre scell\u00e9 avec du Sicaflex 544 et avec 4 rivets POP. Par pr\u00e9caution, on enduit de Sicaflex l&rsquo;int\u00e9rieur autour des presse-\u00e9toupes.<\/p>\n<p>Pour une plus jolie int\u00e9gration, on peut d\u00e9couper en partie le cache noir en bout de rail avec une scie oscillante. Dessous sur le ciel de toit, on place un autre boitier en plastique gris qui fait office de passe c\u00e2ble.<\/p>\n<p>Evidement vous faites l&rsquo;installation sous votre responsabilit\u00e9. Si vous n&rsquo;avez pas l&rsquo;exp\u00e9rience pratique, pr\u00e9f\u00e9rez le passage du c\u00e2ble par le soufflet du hayon.<\/p>\n<p>Vous avez besoin d&rsquo;un escabeau, de produit d\u00e9graissant, de courage<\/p>\n<p>Et si vous modifiez le cache en bout de rail, il faut d&rsquo;une scie oscillante, d&rsquo;un marteau et d&rsquo;un ciseau \u00e0 bois large.<\/p>\n<p>Pour la fixation du boitier: d&rsquo;une pince \u00e0 rivet POP, d&rsquo;une perceuse et de m\u00e8che. d&rsquo;un tube de Sikaflex 544 et le pistolet d&rsquo;application. De papier collant de carrossier. D&rsquo;un cutter, tournevis, etc.<\/p>\n<p>&nbsp;<\/p>\n","protected":false},"excerpt":{"rendered":"<h2>Kit de passage du toit du VW California<\/h2>\n<ul>\n<li>Boitier alu inject\u00e9 de 80 x 55 x 25 mm IP66<\/li>\n<li>Presse-\u00e9toupe laiton chrom\u00e9 M12 IP68<\/li>\n<li>Boitier int\u00e9rieur en plastic gris \u00e0 int\u00e9grer dans le ciel de toit.<\/li>\n<\/ul>\n","protected":false},"featured_media":23592,"comment_status":"closed","ping_status":"closed","template":"","meta":[],"product_brand":[],"product_cat":[69],"product_tag":[],"class_list":{"0":"post-23591","1":"product","2":"type-product","3":"status-publish","4":"has-post-thumbnail","6":"product_cat-kit-pret-a-installer","8":"first","9":"instock","10":"shipping-taxable","11":"purchasable","12":"product-type-simple"},"_links":{"self":[{"href":"https:\/\/www.tempsdepause.ch\/solfar\/wp-json\/wp\/v2\/product\/23591","targetHints":{"allow":["GET"]}}],"collection":[{"href":"https:\/\/www.tempsdepause.ch\/solfar\/wp-json\/wp\/v2\/product"}],"about":[{"href":"https:\/\/www.tempsdepause.ch\/solfar\/wp-json\/wp\/v2\/types\/product"}],"replies":[{"embeddable":true,"href":"https:\/\/www.tempsdepause.ch\/solfar\/wp-json\/wp\/v2\/comments?post=23591"}],"wp:featuredmedia":[{"embeddable":true,"href":"https:\/\/www.tempsdepause.ch\/solfar\/wp-json\/wp\/v2\/media\/23592"}],"wp:attachment":[{"href":"https:\/\/www.tempsdepause.ch\/solfar\/wp-json\/wp\/v2\/media?parent=23591"}],"wp:term":[{"taxonomy":"product_brand","embeddable":true,"href":"https:\/\/www.tempsdepause.ch\/solfar\/wp-json\/wp\/v2\/product_brand?post=23591"},{"taxonomy":"product_cat","embeddable":true,"href":"https:\/\/www.tempsdepause.ch\/solfar\/wp-json\/wp\/v2\/product_cat?post=23591"},{"taxonomy":"product_tag","embeddable":true,"href":"https:\/\/www.tempsdepause.ch\/solfar\/wp-json\/wp\/v2\/product_tag?post=23591"}],"curies":[{"name":"wp","href":"https:\/\/api.w.org\/{rel}","templated":true}]}}