{"id":23588,"date":"2022-10-18T19:13:58","date_gmt":"2022-10-18T17:13:58","guid":{"rendered":"https:\/\/www.tempsdepause.ch\/solfar\/?post_type=product&#038;p=23588"},"modified":"2022-10-24T19:37:49","modified_gmt":"2022-10-24T17:37:49","slug":"kit-regulateur-mppt-et-cablage-pour-california-beach","status":"publish","type":"product","link":"https:\/\/www.tempsdepause.ch\/solfar\/produit\/kit-regulateur-mppt-et-cablage-pour-california-beach\/","title":{"rendered":"Kit r\u00e9gulateur MPPT et c\u00e2blage pour California Beach"},"content":{"rendered":"<p>Ce kit est identique que ce soit un Beach T5, T6 ou T6.1<\/p>\n<p>Il demande un travail important de d\u00e9montage pour le passage des c\u00e2bles entre l&rsquo;arri\u00e8re gauche, le montant B gauche et le support du si\u00e8ge conducteur. Vous devez avoir l&rsquo;exp\u00e9rience et le savoir faire pour choisir d&rsquo;installer vous m\u00eame ce kit.<\/p>\n<p>Le r\u00e9gulateur SmartSolar MPPT 75\/15 de Victron est install\u00e9 sur le c\u00f4t\u00e9 du support du si\u00e8ge conducteur, tout proche de la batterie auxiliaire. Les fils de section 4mm2 passe en dessus de canal de ventilation \u00e0 gauche entre le hayon et l&rsquo;avant puis descendent dans le montant pour rejoindre le support de si\u00e8ge du conducteur en passant discr\u00e8tement sous la moquette. A l&rsquo;oppos\u00e9 les diodes de protections du\/des panneaux SOLARA sont discr\u00e8tement dissimul\u00e9e derri\u00e8re le cage gris clair du montant arri\u00e8re gauche.<\/p>\n<p>Pas d&rsquo;outils sp\u00e9ciaux, ni de pinces \u00e0 sertir. Seul une boite de cl\u00e9s de 10 \u00e0 19 est n\u00e9cessaire ainsi qu&rsquo;un ou deux tournevis. Les caches gris ou noir internes se retirent simplement avec les mains.<\/p>\n","protected":false},"excerpt":{"rendered":"<h2>Kit r\u00e9gulateur MPPT et c\u00e2blage pour California Beach<\/h2>\n<ul>\n<li>R\u00e9gulateur SmartSolar MPPT 75\/15 de Victron<\/li>\n<li>2x 5m de c\u00e2ble section 4mm2<\/li>\n<li>mode d&rsquo;installation illustr\u00e9<\/li>\n<\/ul>\n","protected":false},"featured_media":22551,"comment_status":"closed","ping_status":"closed","template":"","meta":[],"product_brand":[],"product_cat":[69],"product_tag":[],"class_list":{"0":"post-23588","1":"product","2":"type-product","3":"status-publish","4":"has-post-thumbnail","6":"product_cat-kit-pret-a-installer","8":"first","9":"instock","10":"shipping-taxable","11":"purchasable","12":"product-type-simple"},"_links":{"self":[{"href":"https:\/\/www.tempsdepause.ch\/solfar\/wp-json\/wp\/v2\/product\/23588","targetHints":{"allow":["GET"]}}],"collection":[{"href":"https:\/\/www.tempsdepause.ch\/solfar\/wp-json\/wp\/v2\/product"}],"about":[{"href":"https:\/\/www.tempsdepause.ch\/solfar\/wp-json\/wp\/v2\/types\/product"}],"replies":[{"embeddable":true,"href":"https:\/\/www.tempsdepause.ch\/solfar\/wp-json\/wp\/v2\/comments?post=23588"}],"wp:featuredmedia":[{"embeddable":true,"href":"https:\/\/www.tempsdepause.ch\/solfar\/wp-json\/wp\/v2\/media\/22551"}],"wp:attachment":[{"href":"https:\/\/www.tempsdepause.ch\/solfar\/wp-json\/wp\/v2\/media?parent=23588"}],"wp:term":[{"taxonomy":"product_brand","embeddable":true,"href":"https:\/\/www.tempsdepause.ch\/solfar\/wp-json\/wp\/v2\/product_brand?post=23588"},{"taxonomy":"product_cat","embeddable":true,"href":"https:\/\/www.tempsdepause.ch\/solfar\/wp-json\/wp\/v2\/product_cat?post=23588"},{"taxonomy":"product_tag","embeddable":true,"href":"https:\/\/www.tempsdepause.ch\/solfar\/wp-json\/wp\/v2\/product_tag?post=23588"}],"curies":[{"name":"wp","href":"https:\/\/api.w.org\/{rel}","templated":true}]}}