{"id":23587,"date":"2022-10-18T18:31:25","date_gmt":"2022-10-18T16:31:25","guid":{"rendered":"https:\/\/www.tempsdepause.ch\/solfar\/?post_type=product&#038;p=23587"},"modified":"2022-10-24T19:36:13","modified_gmt":"2022-10-24T17:36:13","slug":"kit-regulateur-mppt-et-cablage-pour-california-ocean","status":"publish","type":"product","link":"https:\/\/www.tempsdepause.ch\/solfar\/produit\/kit-regulateur-mppt-et-cablage-pour-california-ocean\/","title":{"rendered":"Kit r\u00e9gulateur MPPT et c\u00e2blage pour California Ocean T5-T6"},"content":{"rendered":"<p>Kit bien con\u00e7u pour une installation simple, du r\u00e9gulateur SmartSolar MPPT 75\/15 de Victron, dans le haut de l&rsquo;armoire du T5 et T6 California Ocean ou Coast. <strong>Ce kit comprend un boitier \u00e9lectronique permettant d&rsquo;informer la console des T5\/T6 sur la provenance du courant est d&rsquo;\u00e9viter qu&rsquo;elle soit en d\u00e9faut.<\/strong> Il est important de s&rsquo;assurer que votre California dispose de LED variable dans le toit et sur le hayon. Sans cela il faut compliquer l&rsquo;installation en ajoutant un fil jusque sous le si\u00e8ge conducteur.<\/p>\n<p>Si vous installez sur un T6.1 veuillez choisir le kit appropri\u00e9<\/p>\n<p>Pas de connaissance en \u00e9lectricit\u00e9 automobile \u00e0 avoir, ni de connaissance du syst\u00e8me \u00e9lectrique du California n&rsquo;est n\u00e9cessaire. Le mode d&rsquo;installation vous permet une installation en quelques heures simplement en suivant mes conseils.<\/p>\n<p>Vous avez besoin de quelques outils, que tout bon bricoleur poss\u00e8de. Ce kit est \u00e9galement utile et fait gagner du temps aux techniciens des garages du groupe VW qui installent mes produits photovolta\u00efques pour satisfaire leurs clients.<\/p>\n<p>Outils:<\/p>\n<ul>\n<li>perceuse et m\u00e8che de 4mm<\/li>\n<li>pince \u00e0 rivet POP (rivets fournis)<\/li>\n<li>Cl\u00e9 de 10<\/li>\n<li>cl\u00e9 de 13<\/li>\n<li>Cl\u00e9 multiprise ou \u00e0 molette ou mieux une cl\u00e9 de 21<\/li>\n<\/ul>\n","protected":false},"excerpt":{"rendered":"<h1>Kit r\u00e9gulateur MPPT et c\u00e2blage pour California T5 et T6 Ocean<\/h1>\n<ul>\n<li>SmartSolar MPPT 75\/15 de Victron avec Bluetooth<\/li>\n<li>Boitier \u00e9lectronique d&rsquo;information \u00e0 la console (inutile sur T6.1)<\/li>\n<li>Support de fixation en alu composite \u00e0 placer en haut de l&rsquo;armoire<\/li>\n<li>Pr\u00e9cablage du r\u00e9gulateur effectu\u00e9<\/li>\n<li>C\u00e2ble 6mm2 noir \u00e0 raccorder \u00e0 la masse du v\u00e9hicule<\/li>\n<li>C\u00e2ble 6mm2 rouge avec fusible de 40A et cosse pour connexion sur la batterie arri\u00e8re.<\/li>\n<li>C\u00e2ble 0.5mm noir \u00e0 souder sur fil noir du toron proche du disjoncteur 230V<\/li>\n<li>C\u00e2ble 0.5 mm2 violet \u00e0 souder sur fil violet proche du chargeur de batterie<\/li>\n<li>Mode d&rsquo;installation illustr\u00e9e<\/li>\n<li>Ce kit est \u00e0 commander en m\u00eame temps que un ou deux panneaux.<\/li>\n<\/ul>\n","protected":false},"featured_media":22634,"comment_status":"closed","ping_status":"closed","template":"","meta":[],"product_brand":[],"product_cat":[69],"product_tag":[],"class_list":{"0":"post-23587","1":"product","2":"type-product","3":"status-publish","4":"has-post-thumbnail","6":"product_cat-kit-pret-a-installer","8":"first","9":"instock","10":"shipping-taxable","11":"purchasable","12":"product-type-simple"},"_links":{"self":[{"href":"https:\/\/www.tempsdepause.ch\/solfar\/wp-json\/wp\/v2\/product\/23587","targetHints":{"allow":["GET"]}}],"collection":[{"href":"https:\/\/www.tempsdepause.ch\/solfar\/wp-json\/wp\/v2\/product"}],"about":[{"href":"https:\/\/www.tempsdepause.ch\/solfar\/wp-json\/wp\/v2\/types\/product"}],"replies":[{"embeddable":true,"href":"https:\/\/www.tempsdepause.ch\/solfar\/wp-json\/wp\/v2\/comments?post=23587"}],"wp:featuredmedia":[{"embeddable":true,"href":"https:\/\/www.tempsdepause.ch\/solfar\/wp-json\/wp\/v2\/media\/22634"}],"wp:attachment":[{"href":"https:\/\/www.tempsdepause.ch\/solfar\/wp-json\/wp\/v2\/media?parent=23587"}],"wp:term":[{"taxonomy":"product_brand","embeddable":true,"href":"https:\/\/www.tempsdepause.ch\/solfar\/wp-json\/wp\/v2\/product_brand?post=23587"},{"taxonomy":"product_cat","embeddable":true,"href":"https:\/\/www.tempsdepause.ch\/solfar\/wp-json\/wp\/v2\/product_cat?post=23587"},{"taxonomy":"product_tag","embeddable":true,"href":"https:\/\/www.tempsdepause.ch\/solfar\/wp-json\/wp\/v2\/product_tag?post=23587"}],"curies":[{"name":"wp","href":"https:\/\/api.w.org\/{rel}","templated":true}]}}