{"id":23585,"date":"2022-10-18T13:39:01","date_gmt":"2022-10-18T11:39:01","guid":{"rendered":"https:\/\/www.tempsdepause.ch\/solfar\/?post_type=product&#038;p=23585"},"modified":"2024-11-11T21:46:01","modified_gmt":"2024-11-11T20:46:01","slug":"offre-un-panneau-solaire-115w-515-wh-jour-solara-et-installation-sur-t61-california-ocean","status":"publish","type":"product","link":"https:\/\/www.tempsdepause.ch\/solfar\/produit\/offre-un-panneau-solaire-115w-515-wh-jour-solara-et-installation-sur-t61-california-ocean\/","title":{"rendered":"Offre: un panneau solaire 115W 515 Wh\/jour SOLARA et installation sur T6.1 California Ocean"},"content":{"rendered":"<p>Voici une offre pour l\u2019installation compl\u00e8te et parfaitement int\u00e9gr\u00e9e d\u2019un panneau volta\u00efque de grandes qualit\u00e9 et tr\u00e8s r\u00e9sistant \u00e0 tous les temps.<\/p>\n<p>Pr\u00e9vu pour VW T6.1 California Coast & Ocean<\/p>\n<div class=\"fusion-title title fusion-title-10 fusion-sep-none fusion-title-text fusion-title-size-three\">\n<h3 class=\"fusion-title-heading title-heading-left fusion-responsive-typography-calculated\">SOLARA M-SERIE \u2013 Extr\u00eamement plat, praticable et semi-flexible<\/h3>\n<\/div>\n<div class=\"fusion-text fusion-text-9\">\n<p><strong>TECHNIQUE ET DESIGN<\/strong><\/p>\n<ul>\n<li>Stabilit\u00e9 et dissipation maximale de la chaleur gr\u00e2ce \u00e0 une plaque de support sandwich en aluminium innovante<\/li>\n<li>Gr\u00e2ce \u00e0 des connecteurs flexibles extensibles uniques, semi-flexibles jusqu\u2019\u00e0 3%<\/li>\n<li>Enti\u00e8rement accessible<\/li>\n<li>Film de protection Teflon-like extr\u00eamement r\u00e9sistant \u00e0 l\u2019avant et \u00e0 l\u2019arri\u00e8re en Nowoflon<\/li>\n<li>Sortie de c\u00e2ble coll\u00e9e et viss\u00e9e particuli\u00e8rement plate avec d\u00e9charge de traction<\/li>\n<li>Succ\u00e8s depuis pr\u00e8s de 20 ans<\/li>\n<li>Passage de c\u00e2ble d\u00e9j\u00e0 pr\u00e9par\u00e9 directement \u00e0 travers la plaque de support<\/li>\n<\/ul>\n<\/div>\n<p>\u00a0<\/p>\n<p>\u00a0<\/p>\n","protected":false},"excerpt":{"rendered":"<p>Offre compl\u00e8te, comprend:<\/p>\n<ul>\n<li>1x SOLARA Marine S515M31 de 115W 1030Wh\/jour<\/li>\n<li>Supports pour toit de VW California<\/li>\n<li>Passage discret des c\u00e2bles dans le toit ouvrant<\/li>\n<li>Installation du R\u00e9gulateur Victron Bluetooth<\/li>\n<li>C\u00e2blage et raccordement jusqu&rsquo;\u00e0 la batterie auxiliaire arri\u00e8re<\/li>\n<li>Information \u00e0 la console de la production volta\u00efque<\/li>\n<\/ul>\n","protected":false},"featured_media":1280,"comment_status":"closed","ping_status":"closed","template":"","meta":[],"product_brand":[],"product_cat":[68,70,64],"product_tag":[],"class_list":{"0":"post-23585","1":"product","2":"type-product","3":"status-publish","4":"has-post-thumbnail","6":"product_cat-installation-avec-passage-du-toit","7":"product_cat-offres-installation-comprise","8":"product_cat-california-t6-1-ocean","10":"first","11":"instock","12":"virtual","13":"purchasable","14":"product-type-simple"},"_links":{"self":[{"href":"https:\/\/www.tempsdepause.ch\/solfar\/wp-json\/wp\/v2\/product\/23585","targetHints":{"allow":["GET"]}}],"collection":[{"href":"https:\/\/www.tempsdepause.ch\/solfar\/wp-json\/wp\/v2\/product"}],"about":[{"href":"https:\/\/www.tempsdepause.ch\/solfar\/wp-json\/wp\/v2\/types\/product"}],"replies":[{"embeddable":true,"href":"https:\/\/www.tempsdepause.ch\/solfar\/wp-json\/wp\/v2\/comments?post=23585"}],"wp:featuredmedia":[{"embeddable":true,"href":"https:\/\/www.tempsdepause.ch\/solfar\/wp-json\/wp\/v2\/media\/1280"}],"wp:attachment":[{"href":"https:\/\/www.tempsdepause.ch\/solfar\/wp-json\/wp\/v2\/media?parent=23585"}],"wp:term":[{"taxonomy":"product_brand","embeddable":true,"href":"https:\/\/www.tempsdepause.ch\/solfar\/wp-json\/wp\/v2\/product_brand?post=23585"},{"taxonomy":"product_cat","embeddable":true,"href":"https:\/\/www.tempsdepause.ch\/solfar\/wp-json\/wp\/v2\/product_cat?post=23585"},{"taxonomy":"product_tag","embeddable":true,"href":"https:\/\/www.tempsdepause.ch\/solfar\/wp-json\/wp\/v2\/product_tag?post=23585"}],"curies":[{"name":"wp","href":"https:\/\/api.w.org\/{rel}","templated":true}]}}