{"id":23574,"date":"2022-10-17T17:06:50","date_gmt":"2022-10-17T15:06:50","guid":{"rendered":"https:\/\/www.tempsdepause.ch\/solfar\/?post_type=product&#038;p=23574"},"modified":"2023-08-12T11:47:55","modified_gmt":"2023-08-12T09:47:55","slug":"kit-panneau-photovoltaique-solara-marine-s515m31-pour-vw-california-2","status":"publish","type":"product","link":"https:\/\/www.tempsdepause.ch\/solfar\/produit\/kit-panneau-photovoltaique-solara-marine-s515m31-pour-vw-california-2\/","title":{"rendered":"Kit Panneau photovolta\u00efque SOLARA Marine S515M31 pour VW California"},"content":{"rendered":"<h1>Kit Panneau photovolta\u00efque SOLARA Marine S515M31 pour VW California<\/h1>\n<p>Ce kit \u00e0 installer soit-m\u00eame uniquement sur le toit d&rsquo;un VW California T5 \u00e0 T6.1<\/p>\n<p>Il comprend les supports de fixation d\u00e9j\u00e0 coll\u00e9 et viss\u00e9 au panneau SOLARA S515M31 et la visseries Inox M8<\/p>\n<p>Vous pouvez installer un ou deux kit sur le toit de votre California.<\/p>\n<p>Ils sont livr\u00e9s pour une installation avec ou sans per\u00e7age du toit. La diff\u00e9rence est la longueur de 50 ou 90 cm du tube de passage du\/des c\u00e2bles.<\/p>\n<p>En compl\u00e9ment vous devez commander le kit d&rsquo;installation \u00e9lectrique int\u00e9rieur pour panneau SOLARA\u00a0Marine S515M31 pour VW California. Attention, Il y a trois kits diff\u00e9rents pour l&rsquo;installation interne selon la version du California et son mill\u00e9sime.<\/p>\n<p>Veuillez choisir la \/ les bonnes options<\/p>\n","protected":false},"excerpt":{"rendered":"<h1>Kit Panneau photovolta\u00efque<\/h1>\n<p>&nbsp;<\/p>\n<h2>Option tube passe c\u00e2ble long<\/h2>\n<p>Choisir cette option si ce kit est pr\u00e9vu comme 1er panneau . Le tube d\u00e9passe de 45 cm le bord du panneau. Il permet de guider le c\u00e2ble proprement jusqu&rsquo;au hayon. Voir l&rsquo;image.<\/p>\n<h2>SOLARA Marine S515M31<\/h2>\n<h4>Puissance 115 Wp<\/h4>\n<h4>Production journali\u00e8re en \u00e9t\u00e9 mesur\u00e9 r\u00e9gion Hanovre \u00a0515Wh<\/h4>\n<p>Dimension du panneau: 543 x 1120 x 4 mm<\/p>\n<p>Dimension du Kit: 544 x 1280 \u00a0et sur\u00e9l\u00e9vation de 5mm de la hauteur max du California<\/p>\n<p>Garantie SOLARA de 5 ans<\/p>\n<p>Avec supports et visseries pr\u00eat \u00e0 \u00eatre poser sur le toit du California !<\/p>\n<p>Si le kit doit \u00eatre exp\u00e9dier par la poste, vous devrez fixer le tube long de 90 cm avec une pince \u00e0 rivet POP.<\/p>\n","protected":false},"featured_media":19982,"comment_status":"closed","ping_status":"closed","template":"","meta":[],"product_brand":[],"product_cat":[69],"product_tag":[],"class_list":{"0":"post-23574","1":"product","2":"type-product","3":"status-publish","4":"has-post-thumbnail","6":"product_cat-kit-pret-a-installer","7":"mtheme-hover-thumbnail","9":"first","10":"instock","11":"shipping-taxable","12":"purchasable","13":"product-type-simple"},"_links":{"self":[{"href":"https:\/\/www.tempsdepause.ch\/solfar\/wp-json\/wp\/v2\/product\/23574","targetHints":{"allow":["GET"]}}],"collection":[{"href":"https:\/\/www.tempsdepause.ch\/solfar\/wp-json\/wp\/v2\/product"}],"about":[{"href":"https:\/\/www.tempsdepause.ch\/solfar\/wp-json\/wp\/v2\/types\/product"}],"replies":[{"embeddable":true,"href":"https:\/\/www.tempsdepause.ch\/solfar\/wp-json\/wp\/v2\/comments?post=23574"}],"wp:featuredmedia":[{"embeddable":true,"href":"https:\/\/www.tempsdepause.ch\/solfar\/wp-json\/wp\/v2\/media\/19982"}],"wp:attachment":[{"href":"https:\/\/www.tempsdepause.ch\/solfar\/wp-json\/wp\/v2\/media?parent=23574"}],"wp:term":[{"taxonomy":"product_brand","embeddable":true,"href":"https:\/\/www.tempsdepause.ch\/solfar\/wp-json\/wp\/v2\/product_brand?post=23574"},{"taxonomy":"product_cat","embeddable":true,"href":"https:\/\/www.tempsdepause.ch\/solfar\/wp-json\/wp\/v2\/product_cat?post=23574"},{"taxonomy":"product_tag","embeddable":true,"href":"https:\/\/www.tempsdepause.ch\/solfar\/wp-json\/wp\/v2\/product_tag?post=23574"}],"curies":[{"name":"wp","href":"https:\/\/api.w.org\/{rel}","templated":true}]}}