{"id":22638,"date":"2022-03-22T22:23:00","date_gmt":"2022-03-22T21:23:00","guid":{"rendered":"https:\/\/www.tempsdepause.ch\/solfar\/?post_type=product&#038;p=22638"},"modified":"2022-07-27T15:28:22","modified_gmt":"2022-07-27T13:28:22","slug":"protection-antigel-du-reservoir-deau-propre","status":"publish","type":"product","link":"https:\/\/www.tempsdepause.ch\/solfar\/produit\/protection-antigel-du-reservoir-deau-propre\/","title":{"rendered":"Protection antigel du r\u00e9servoir d&rsquo;eau propre"},"content":{"rendered":"<p>En montagne les temp\u00e9ratures n\u00e9gatives peuvent laisser des surprises au r\u00e9veil. L&rsquo;eau ne coule plus au robinet et impossible d&rsquo;allumer le r\u00e9chaud pour faire un th\u00e9. Pourquoi ces d\u00e9sagr\u00e9ments alors que le chauffage \u00e0 fonctionner toute la nuit ?<\/p>\n<p>Le r\u00e9servoir d&rsquo;eau propre et la bouteille de gaz sont plac\u00e9s \u00e0 l&rsquo;arri\u00e8re et souvent la condensation g\u00e8le dans le coffre car le chauffage n&rsquo;atteint pas cette partie isol\u00e9e de l&rsquo;habitacle par la banquette et le matelas. De plus VW n&rsquo;a pas isoler le r\u00e9servoir qui est en contact directe avec la t\u00f4le et l&rsquo;ext\u00e9rieur.<\/p>\n<p>SOLUTION ?<\/p>\n<ul>\n<li>Ajouter un film chauffant de 30W sur une face du r\u00e9servoir et contr\u00f4ler la temp\u00e9rature au moyen d&rsquo;un thermostat avec affichage.<\/li>\n<li>Isoler le tuyau d&rsquo;eau<\/li>\n<li>Installer un interrupteur afin de d\u00e9sactiver la pompe, permettant d&rsquo;ouvrir le robinet pour vidanger le tuyau la nuit.<\/li>\n<li>En r\u00e9chauffant l&rsquo;eau du r\u00e9servoir, la bouteille de gaz butane va \u00e9galement rester temp\u00e9r\u00e9e.<\/li>\n<\/ul>\n<p><img fetchpriority=\"high\" decoding=\"async\" class=\"size-full wp-image-1498 aligncenter\" src=\"https:\/\/www.tempsdepause.ch\/solfar\/wp-content\/uploads\/2019\/10\/FChauffant30W.png\" alt=\"\" width=\"720\" height=\"480\" srcset=\"https:\/\/www.tempsdepause.ch\/solfar\/wp-content\/uploads\/2019\/10\/FChauffant30W.png 720w, https:\/\/www.tempsdepause.ch\/solfar\/wp-content\/uploads\/2019\/10\/FChauffant30W-600x400.png 600w\" sizes=\"(max-width: 720px) 100vw, 720px\" \/><\/p>\n<p><img decoding=\"async\" class=\"size-full wp-image-1500 aligncenter\" src=\"https:\/\/www.tempsdepause.ch\/solfar\/wp-content\/uploads\/2019\/10\/termostatdigtal.png\" alt=\"\" width=\"800\" height=\"417\" srcset=\"https:\/\/www.tempsdepause.ch\/solfar\/wp-content\/uploads\/2019\/10\/termostatdigtal.png 800w, https:\/\/www.tempsdepause.ch\/solfar\/wp-content\/uploads\/2019\/10\/termostatdigtal-768x400.png 768w, https:\/\/www.tempsdepause.ch\/solfar\/wp-content\/uploads\/2019\/10\/termostatdigtal-600x313.png 600w\" sizes=\"(max-width: 800px) 100vw, 800px\" \/><\/p>\n<p>&nbsp;<\/p>\n<p><img decoding=\"async\" class=\"alignleft size-full wp-image-1999\" src=\"https:\/\/www.tempsdepause.ch\/solfar\/wp-content\/uploads\/2019\/11\/IMG_2368.jpg\" alt=\"\" width=\"1000\" height=\"342\" srcset=\"https:\/\/www.tempsdepause.ch\/solfar\/wp-content\/uploads\/2019\/11\/IMG_2368.jpg 1000w, https:\/\/www.tempsdepause.ch\/solfar\/wp-content\/uploads\/2019\/11\/IMG_2368-800x274.jpg 800w, https:\/\/www.tempsdepause.ch\/solfar\/wp-content\/uploads\/2019\/11\/IMG_2368-768x263.jpg 768w, https:\/\/www.tempsdepause.ch\/solfar\/wp-content\/uploads\/2019\/11\/IMG_2368-600x205.jpg 600w\" sizes=\"(max-width: 1000px) 100vw, 1000px\" \/><\/p>\n","protected":false},"excerpt":{"rendered":"<h1>Protection antigel du r\u00e9servoir d&rsquo;eau propre<\/h1>\n<ul>\n<li>Protection antigel test\u00e9e \u00e0 -30\u00b0C en Laponie pendant deux semaines.<\/li>\n<li>affichage de la temp\u00e9rature de l&rsquo;eau. Utile aussi en \u00e9t\u00e9<\/li>\n<li>temp\u00e9rature d&rsquo;enclenchement et de d\u00e9clenchement \u00a0r\u00e9glable avec pr\u00e9cision<\/li>\n<\/ul>\n","protected":false},"featured_media":1500,"comment_status":"closed","ping_status":"closed","template":"","meta":[],"product_brand":[],"product_cat":[63],"product_tag":[],"class_list":{"0":"post-22638","1":"product","2":"type-product","3":"status-publish","4":"has-post-thumbnail","6":"product_cat-eau-produits","8":"first","9":"instock","10":"shipping-taxable","11":"purchasable","12":"product-type-simple"},"_links":{"self":[{"href":"https:\/\/www.tempsdepause.ch\/solfar\/wp-json\/wp\/v2\/product\/22638","targetHints":{"allow":["GET"]}}],"collection":[{"href":"https:\/\/www.tempsdepause.ch\/solfar\/wp-json\/wp\/v2\/product"}],"about":[{"href":"https:\/\/www.tempsdepause.ch\/solfar\/wp-json\/wp\/v2\/types\/product"}],"replies":[{"embeddable":true,"href":"https:\/\/www.tempsdepause.ch\/solfar\/wp-json\/wp\/v2\/comments?post=22638"}],"wp:featuredmedia":[{"embeddable":true,"href":"https:\/\/www.tempsdepause.ch\/solfar\/wp-json\/wp\/v2\/media\/1500"}],"wp:attachment":[{"href":"https:\/\/www.tempsdepause.ch\/solfar\/wp-json\/wp\/v2\/media?parent=22638"}],"wp:term":[{"taxonomy":"product_brand","embeddable":true,"href":"https:\/\/www.tempsdepause.ch\/solfar\/wp-json\/wp\/v2\/product_brand?post=22638"},{"taxonomy":"product_cat","embeddable":true,"href":"https:\/\/www.tempsdepause.ch\/solfar\/wp-json\/wp\/v2\/product_cat?post=22638"},{"taxonomy":"product_tag","embeddable":true,"href":"https:\/\/www.tempsdepause.ch\/solfar\/wp-json\/wp\/v2\/product_tag?post=22638"}],"curies":[{"name":"wp","href":"https:\/\/api.w.org\/{rel}","templated":true}]}}