{"id":22624,"date":"2022-03-21T13:46:07","date_gmt":"2022-03-21T12:46:07","guid":{"rendered":"https:\/\/www.tempsdepause.ch\/solfar\/?post_type=product&#038;p=22624"},"modified":"2022-03-26T10:40:29","modified_gmt":"2022-03-26T09:40:29","slug":"vanne-deau-grise-electrique","status":"publish","type":"product","link":"https:\/\/www.tempsdepause.ch\/solfar\/produit\/vanne-deau-grise-electrique\/","title":{"rendered":"Vanne d&rsquo;eau grise \u00e9lectrique"},"content":{"rendered":"<p>Si comme moi vous n&rsquo;appr\u00e9ciez pas de vous contorsionner pour ouvrir la vanne et que le plus souvent vous la laissez ouverte en pecmance avec les risques que cela comporte, j&rsquo;ai am\u00e9lior\u00e9 l&rsquo;exercice d&rsquo;un simple clic sur un interrupteur.<\/p>\n<p>La pose d&rsquo;une vanne \u00e9lectrique est relativement facile, apr\u00e8s avoir enlever le frigo l&rsquo;\u00e9change est possible. Profitez de l&rsquo;intervention pour prot\u00e9ger du gel la sortie des eaux grises.<\/p>\n<p>&nbsp;<\/p>\n<p><img fetchpriority=\"high\" decoding=\"async\" class=\"alignleft size-full wp-image-22027\" src=\"https:\/\/www.tempsdepause.ch\/solfar\/wp-content\/uploads\/2021\/08\/IMG_4459.png\" alt=\"\" width=\"800\" height=\"570\" srcset=\"https:\/\/www.tempsdepause.ch\/solfar\/wp-content\/uploads\/2021\/08\/IMG_4459.png 800w, https:\/\/www.tempsdepause.ch\/solfar\/wp-content\/uploads\/2021\/08\/IMG_4459-702x500.png 702w, https:\/\/www.tempsdepause.ch\/solfar\/wp-content\/uploads\/2021\/08\/IMG_4459-768x547.png 768w, https:\/\/www.tempsdepause.ch\/solfar\/wp-content\/uploads\/2021\/08\/IMG_4459-770x550.png 770w, https:\/\/www.tempsdepause.ch\/solfar\/wp-content\/uploads\/2021\/08\/IMG_4459-600x428.png 600w\" sizes=\"(max-width: 800px) 100vw, 800px\" \/><\/p>\n","protected":false},"excerpt":{"rendered":"<h1>Vanne \u00e9lectrique de vidange<\/h1>\n<ul>\n<li>Interrupteur sur le meuble cuisine \u00e0 port\u00e9e de main<\/li>\n<li>LED de rappel vanne ouverte<\/li>\n<li>Rabais de 50% sur l&rsquo;installation antigel des eaux grises<\/li>\n<\/ul>\n","protected":false},"featured_media":22625,"comment_status":"closed","ping_status":"closed","template":"","meta":[],"product_brand":[],"product_cat":[63,44],"product_tag":[],"class_list":{"0":"post-22624","1":"product","2":"type-product","3":"status-publish","4":"has-post-thumbnail","6":"product_cat-eau-produits","7":"product_cat-produits","9":"first","10":"instock","11":"shipping-taxable","12":"purchasable","13":"product-type-simple"},"_links":{"self":[{"href":"https:\/\/www.tempsdepause.ch\/solfar\/wp-json\/wp\/v2\/product\/22624","targetHints":{"allow":["GET"]}}],"collection":[{"href":"https:\/\/www.tempsdepause.ch\/solfar\/wp-json\/wp\/v2\/product"}],"about":[{"href":"https:\/\/www.tempsdepause.ch\/solfar\/wp-json\/wp\/v2\/types\/product"}],"replies":[{"embeddable":true,"href":"https:\/\/www.tempsdepause.ch\/solfar\/wp-json\/wp\/v2\/comments?post=22624"}],"wp:featuredmedia":[{"embeddable":true,"href":"https:\/\/www.tempsdepause.ch\/solfar\/wp-json\/wp\/v2\/media\/22625"}],"wp:attachment":[{"href":"https:\/\/www.tempsdepause.ch\/solfar\/wp-json\/wp\/v2\/media?parent=22624"}],"wp:term":[{"taxonomy":"product_brand","embeddable":true,"href":"https:\/\/www.tempsdepause.ch\/solfar\/wp-json\/wp\/v2\/product_brand?post=22624"},{"taxonomy":"product_cat","embeddable":true,"href":"https:\/\/www.tempsdepause.ch\/solfar\/wp-json\/wp\/v2\/product_cat?post=22624"},{"taxonomy":"product_tag","embeddable":true,"href":"https:\/\/www.tempsdepause.ch\/solfar\/wp-json\/wp\/v2\/product_tag?post=22624"}],"curies":[{"name":"wp","href":"https:\/\/api.w.org\/{rel}","templated":true}]}}