{"id":22623,"date":"2022-03-21T13:09:38","date_gmt":"2022-03-21T12:09:38","guid":{"rendered":"https:\/\/www.tempsdepause.ch\/solfar\/?post_type=product&#038;p=22623"},"modified":"2022-10-27T19:35:37","modified_gmt":"2022-10-27T17:35:37","slug":"purifier-leau","status":"publish","type":"product","link":"https:\/\/www.tempsdepause.ch\/solfar\/produit\/purifier-leau\/","title":{"rendered":"Purifier l&rsquo;eau !"},"content":{"rendered":"<h2>Enfin une eau propre au robinet<\/h2>\n<p>L&rsquo;eau du robinet en Europe et surtout l&rsquo;eau de source en montagne est tr\u00e8s bonne \u00e0 la consommation. En plaine l&rsquo;eau des nappes phr\u00e9atiques est un peu charg\u00e9e de produits peu d\u00e9sirables provenant des traitements agricoles. Mais buvable sans risque pour la sant\u00e9. Ce n&rsquo;est pas toujours le cas en \u00e9t\u00e9 suivant notre destination. Mais un fois le r\u00e9servoir du van plein, l&rsquo;eau se r\u00e9chauffe et les bact\u00e9ries se multiplient. Certain pr\u00e9f\u00e8re l&rsquo;eau en bouteille PET m\u00eame pour ce laver les dents. Pourquoi pas, mais c&rsquo;est la plan\u00e8te qui croule sous les plastiques.<\/p>\n<p>Avoir de l&rsquo;eau purifi\u00e9e au robinet permet d&rsquo;\u00eatre rassur\u00e9 pour sa sant\u00e9 et aussi de ne pas polluer avec l&rsquo;eau en bouteille.<\/p>\n<h2 class=\"elementor-heading-title elementor-size-default\">Purificateur d&rsquo;eau compact Biolite de WM aquatec<\/h2>\n<p>Gr\u00e2ce \u00e0 la technologie innovante LED UV-C, les dispositifs de d\u00e9sinfection UV biolite\u00ae de WM aquatec se distinguent par une puissance de d\u00e9sinfection extraordinairement \u00e9lev\u00e9e allant jusqu\u2018\u00e0 99,999%, et un design compact: L 11,2 x l 15,9 x p 10,4 cm permettant une installation ais\u00e9e dans un camping-car. Et aussi dans un California au bas de la penderie.<\/p>\n<p>Comme les LED n\u2018ont pas de phase de d\u00e9marrage ou de pr\u00e9chauffage, elles sont allum\u00e9es exclusivement en m\u00eame temps que l\u2018eau est aspir\u00e9e, ce qui permet non seulement une tr\u00e8s faible consommation d\u2018\u00e9nergie, mais aussi une longue dur\u00e9e de vie de plusieurs ann\u00e9es \u2013 sans avoir \u00e0 remplacer la lampe.<\/p>\n<p>Le Biolite UV-LED de WM aquatec a \u00e9t\u00e9 con\u00e7u <b>pour traiter jusqu\u2019\u00e0 8 litres d\u2019eau par minute<\/b>. Pour un fonctionnement optimal, la <b>temp\u00e9rature doit \u00eatre comprise entre 1 et 30\u00b0C<\/b> (maximum fix\u00e9 \u00e0 50\u00b0C). Une solution excellente pour la d\u00e9sinfection de l\u2018eau potable \u00e0 bord des camping-cars.<\/p>\n<h2>Installation<\/h2>\n<p>J&rsquo;ai trouv\u00e9 la solution id\u00e9ale pour l&rsquo;installation du Biolite sans prendre de place et avec un minimum de modification de l&rsquo;installation. Je change le cache gris du fond de la penderie avec possibilit\u00e9 d&rsquo;ajouter les protections antigel de l&rsquo;eau propre.<\/p>\n<p>Le coffre fermant \u00e0 cl\u00e9 doit \u00eatre modifi\u00e9.<\/p>\n<p><img fetchpriority=\"high\" decoding=\"async\" class=\"alignleft size-full wp-image-22277\" src=\"https:\/\/www.tempsdepause.ch\/solfar\/wp-content\/uploads\/2021\/09\/IMG_4942.png\" alt=\"\" width=\"800\" height=\"600\" srcset=\"https:\/\/www.tempsdepause.ch\/solfar\/wp-content\/uploads\/2021\/09\/IMG_4942.png 800w, https:\/\/www.tempsdepause.ch\/solfar\/wp-content\/uploads\/2021\/09\/IMG_4942-667x500.png 667w, https:\/\/www.tempsdepause.ch\/solfar\/wp-content\/uploads\/2021\/09\/IMG_4942-768x576.png 768w, https:\/\/www.tempsdepause.ch\/solfar\/wp-content\/uploads\/2021\/09\/IMG_4942-300x225.png 300w, https:\/\/www.tempsdepause.ch\/solfar\/wp-content\/uploads\/2021\/09\/IMG_4942-600x450.png 600w\" sizes=\"(max-width: 800px) 100vw, 800px\" \/><\/p>\n","protected":false},"excerpt":{"rendered":"<h1>Purifier l&rsquo;eau !<\/h1>\n<p>Comprend:<\/p>\n<ul>\n<li>Biolite UV-LED de WM aquatec<\/li>\n<li>support de fixation du Biolite<\/li>\n<li>modification du circuit d&rsquo;eau propre<\/li>\n<li>Isolation du tuyau d&rsquo;eau propre<\/li>\n<li>Isolation fond de la penderie<\/li>\n<li>Remplacement du fond de la penderie<\/li>\n<\/ul>\n<p>En suppl\u00e9ment:<\/p>\n<ul>\n<li>Installation antigel de l&rsquo;eau propre avec thermostat (\u00e0 gauche de la photo)<\/li>\n<li>Modification coffre fermant \u00e0 cl\u00e9<\/li>\n<li>Ajout de la douchette arri\u00e8re dans le circuit de purification<\/li>\n<\/ul>\n","protected":false},"featured_media":22133,"comment_status":"closed","ping_status":"closed","template":"","meta":[],"product_brand":[],"product_cat":[63,44],"product_tag":[],"class_list":{"0":"post-22623","1":"product","2":"type-product","3":"status-publish","4":"has-post-thumbnail","6":"product_cat-eau-produits","7":"product_cat-produits","9":"first","10":"instock","11":"virtual","12":"purchasable","13":"product-type-simple"},"_links":{"self":[{"href":"https:\/\/www.tempsdepause.ch\/solfar\/wp-json\/wp\/v2\/product\/22623","targetHints":{"allow":["GET"]}}],"collection":[{"href":"https:\/\/www.tempsdepause.ch\/solfar\/wp-json\/wp\/v2\/product"}],"about":[{"href":"https:\/\/www.tempsdepause.ch\/solfar\/wp-json\/wp\/v2\/types\/product"}],"replies":[{"embeddable":true,"href":"https:\/\/www.tempsdepause.ch\/solfar\/wp-json\/wp\/v2\/comments?post=22623"}],"wp:featuredmedia":[{"embeddable":true,"href":"https:\/\/www.tempsdepause.ch\/solfar\/wp-json\/wp\/v2\/media\/22133"}],"wp:attachment":[{"href":"https:\/\/www.tempsdepause.ch\/solfar\/wp-json\/wp\/v2\/media?parent=22623"}],"wp:term":[{"taxonomy":"product_brand","embeddable":true,"href":"https:\/\/www.tempsdepause.ch\/solfar\/wp-json\/wp\/v2\/product_brand?post=22623"},{"taxonomy":"product_cat","embeddable":true,"href":"https:\/\/www.tempsdepause.ch\/solfar\/wp-json\/wp\/v2\/product_cat?post=22623"},{"taxonomy":"product_tag","embeddable":true,"href":"https:\/\/www.tempsdepause.ch\/solfar\/wp-json\/wp\/v2\/product_tag?post=22623"}],"curies":[{"name":"wp","href":"https:\/\/api.w.org\/{rel}","templated":true}]}}