{"id":19997,"date":"2021-06-10T14:24:16","date_gmt":"2021-06-10T12:24:16","guid":{"rendered":"https:\/\/www.tempsdepause.ch\/solfar\/?post_type=product&#038;p=19997"},"modified":"2023-10-19T12:28:35","modified_gmt":"2023-10-19T10:28:35","slug":"controle-de-la-batterie-par-bluetooth-installation","status":"publish","type":"product","link":"https:\/\/www.tempsdepause.ch\/solfar\/produit\/controle-de-la-batterie-par-bluetooth-installation\/","title":{"rendered":"Contr\u00f4le de la batterie par Bluetooth &#038; installation"},"content":{"rendered":"<p><img fetchpriority=\"high\" decoding=\"async\" class=\"size-full wp-image-19993 aligncenter\" src=\"https:\/\/www.tempsdepause.ch\/solfar\/wp-content\/uploads\/2021\/06\/ShuntVictron.png\" alt=\"\" width=\"720\" height=\"296\" srcset=\"https:\/\/www.tempsdepause.ch\/solfar\/wp-content\/uploads\/2021\/06\/ShuntVictron.png 720w, https:\/\/www.tempsdepause.ch\/solfar\/wp-content\/uploads\/2021\/06\/ShuntVictron-600x247.png 600w\" sizes=\"(max-width: 720px) 100vw, 720px\" \/><\/p>\n<div class=\"hidden-xs\">\n<div class=\"productDetail__content-subheader\">\n<h2 class=\"productDetail__content-subheader-icon\">Le shunt pour batterie intelligente<\/h2>\n<\/div>\n<\/div>\n<div class=\"productDetail__content-desc\">Le SmartShunt est un contr\u00f4leur de batterie tout-en-un, mais sans \u00e9cran. Votre t\u00e9l\u00e9phone sert d\u2019affichage. Le SmartShunt se connecte par Bluetooth \u00e0 l\u2019application VictronConnect sur votre t\u00e9l\u00e9phone (ou tablette), et vous pouvez lire ais\u00e9ment tous les param\u00e8tres de batterie qui sont sous surveillance comme par exemple l\u2019\u00e9tat de charge, l\u2019autonomie restante, l\u2019information historique et bien plus encore.<\/div>\n<p>Je l\u2019installe sur le c\u00f4t\u00e9 de la batterie du c\u00f4t\u00e9 du p\u00f4le n\u00e9gatif sous le si\u00e8ge conducteur. Vivement conseiller sur T5 et T6 California Beach \u00a0qui ne dispose pas d\u2019information d\u2019origine.<\/p>\n<p>Le forfait comprend l\u2019installation du shunt en m\u00eame temps que l\u2019\u00e9change de la batterie par une au lithium et d\u2019un convertisseur de charge.<\/p>\n<p>Mat\u00e9riel n\u00e9cessaire \u00e0 l\u2019installation: c\u00e2ble de 10mm2 brun d\u2019environ 50 cm et 2 cosses 10mm M6 + 2 cosses 10mm M10 \u00e0 sertir.<\/p>\n<p><img decoding=\"async\" class=\"size-medium wp-image-19996 aligncenter\" src=\"https:\/\/www.tempsdepause.ch\/solfar\/wp-content\/uploads\/2021\/06\/appVictron-800x406.png\" alt=\"\" width=\"800\" height=\"406\" srcset=\"https:\/\/www.tempsdepause.ch\/solfar\/wp-content\/uploads\/2021\/06\/appVictron-800x406.png 800w, https:\/\/www.tempsdepause.ch\/solfar\/wp-content\/uploads\/2021\/06\/appVictron-768x390.png 768w, https:\/\/www.tempsdepause.ch\/solfar\/wp-content\/uploads\/2021\/06\/appVictron-600x305.png 600w, https:\/\/www.tempsdepause.ch\/solfar\/wp-content\/uploads\/2021\/06\/appVictron.png 900w\" sizes=\"(max-width: 800px) 100vw, 800px\" \/><\/p>\n<p>\u00a0<\/p>\n","protected":false},"excerpt":{"rendered":"<h3 class=\"productDetail__content-subheader-icon\">Shunt pour batterie intelligente<\/h3>\n<ul>\n<li>Install\u00e9 avec le convertisseur de charge Votronic sur un California Beach T5 et T6<\/li>\n<li>Il peut, bien que redondant \u00eatre install\u00e9 en s\u00e9rie avec le shunt d&rsquo;origine du California Ocean<\/li>\n<li>Inutile sur les T6.1<\/li>\n<li>Vendu et install\u00e9 uniquement avec l&rsquo;offre combin\u00e9e batterie LiFePo4 + VCC1212 30 de Votronic<\/li>\n<\/ul>\n<p>&nbsp;<\/p>\n","protected":false},"featured_media":19994,"comment_status":"closed","ping_status":"closed","template":"","meta":[],"product_brand":[],"product_cat":[74],"product_tag":[],"class_list":{"0":"post-19997","1":"product","2":"type-product","3":"status-publish","4":"has-post-thumbnail","6":"product_cat-batteries","8":"first","9":"instock","10":"shipping-taxable","11":"purchasable","12":"product-type-simple"},"_links":{"self":[{"href":"https:\/\/www.tempsdepause.ch\/solfar\/wp-json\/wp\/v2\/product\/19997","targetHints":{"allow":["GET"]}}],"collection":[{"href":"https:\/\/www.tempsdepause.ch\/solfar\/wp-json\/wp\/v2\/product"}],"about":[{"href":"https:\/\/www.tempsdepause.ch\/solfar\/wp-json\/wp\/v2\/types\/product"}],"replies":[{"embeddable":true,"href":"https:\/\/www.tempsdepause.ch\/solfar\/wp-json\/wp\/v2\/comments?post=19997"}],"wp:featuredmedia":[{"embeddable":true,"href":"https:\/\/www.tempsdepause.ch\/solfar\/wp-json\/wp\/v2\/media\/19994"}],"wp:attachment":[{"href":"https:\/\/www.tempsdepause.ch\/solfar\/wp-json\/wp\/v2\/media?parent=19997"}],"wp:term":[{"taxonomy":"product_brand","embeddable":true,"href":"https:\/\/www.tempsdepause.ch\/solfar\/wp-json\/wp\/v2\/product_brand?post=19997"},{"taxonomy":"product_cat","embeddable":true,"href":"https:\/\/www.tempsdepause.ch\/solfar\/wp-json\/wp\/v2\/product_cat?post=19997"},{"taxonomy":"product_tag","embeddable":true,"href":"https:\/\/www.tempsdepause.ch\/solfar\/wp-json\/wp\/v2\/product_tag?post=19997"}],"curies":[{"name":"wp","href":"https:\/\/api.w.org\/{rel}","templated":true}]}}