{"id":1371,"date":"2019-10-15T13:52:28","date_gmt":"2019-10-15T11:52:28","guid":{"rendered":"https:\/\/www.tempsdepause.ch\/solfar\/?post_type=product&#038;p=1371"},"modified":"2023-10-16T19:55:52","modified_gmt":"2023-10-16T17:55:52","slug":"cable-electrique-au-norme-euro","status":"publish","type":"product","link":"https:\/\/www.tempsdepause.ch\/solfar\/produit\/cable-electrique-au-norme-euro\/","title":{"rendered":"C\u00e2ble \u00e9lectrique 3&#215;1.5 de 10m au norme Euro &#038; support"},"content":{"rendered":"<p>Voici un c\u00e2ble pour nous raccorder au r\u00e9seau dans un camping. Pas trop long, juste ce qu\u2019il faut avec ses 10 m\u00e8tres. Mais surdimensionner pour les fusibles limit\u00e9s dans les campings.<\/p>\n","protected":false},"excerpt":{"rendered":"<h3>C\u00e2ble \u00e9lectrique 3&#215;1.5 de 10m au norme Euro &amp; support<\/h3>\n<ul>\n<li>C\u00e2ble de qualit\u00e9 chantier pour l&rsquo;ext\u00e9rieur avec rev\u00eatement PUR orange. 3 x 1.5 mm\u00b2<\/li>\n<li>Supporte 16A sans chute de tension pour utilisation chauffage \u00e9lectrique et consommateurs gourmand.<\/li>\n<li>prise et fiche aux normes Euro<\/li>\n<li>Montage et contr\u00f4le par un \u00e9lectricien<\/li>\n<li>10 m\u00e8tres<\/li>\n<li>support en aluminum \u00a0\u00e0 coller et\/ou \u00e0 river au bas du meuble compris<\/li>\n<\/ul>\n","protected":false},"featured_media":1370,"comment_status":"closed","ping_status":"closed","template":"","meta":[],"product_brand":[],"product_cat":[50],"product_tag":[],"class_list":{"0":"post-1371","1":"product","2":"type-product","3":"status-publish","4":"has-post-thumbnail","6":"product_cat-electricite","8":"first","9":"instock","10":"shipping-taxable","11":"purchasable","12":"product-type-simple"},"_links":{"self":[{"href":"https:\/\/www.tempsdepause.ch\/solfar\/wp-json\/wp\/v2\/product\/1371","targetHints":{"allow":["GET"]}}],"collection":[{"href":"https:\/\/www.tempsdepause.ch\/solfar\/wp-json\/wp\/v2\/product"}],"about":[{"href":"https:\/\/www.tempsdepause.ch\/solfar\/wp-json\/wp\/v2\/types\/product"}],"replies":[{"embeddable":true,"href":"https:\/\/www.tempsdepause.ch\/solfar\/wp-json\/wp\/v2\/comments?post=1371"}],"wp:featuredmedia":[{"embeddable":true,"href":"https:\/\/www.tempsdepause.ch\/solfar\/wp-json\/wp\/v2\/media\/1370"}],"wp:attachment":[{"href":"https:\/\/www.tempsdepause.ch\/solfar\/wp-json\/wp\/v2\/media?parent=1371"}],"wp:term":[{"taxonomy":"product_brand","embeddable":true,"href":"https:\/\/www.tempsdepause.ch\/solfar\/wp-json\/wp\/v2\/product_brand?post=1371"},{"taxonomy":"product_cat","embeddable":true,"href":"https:\/\/www.tempsdepause.ch\/solfar\/wp-json\/wp\/v2\/product_cat?post=1371"},{"taxonomy":"product_tag","embeddable":true,"href":"https:\/\/www.tempsdepause.ch\/solfar\/wp-json\/wp\/v2\/product_tag?post=1371"}],"curies":[{"name":"wp","href":"https:\/\/api.w.org\/{rel}","templated":true}]}}