{"id":1302,"date":"2019-10-11T18:39:39","date_gmt":"2019-10-11T16:39:39","guid":{"rendered":"https:\/\/www.tempsdepause.ch\/solfar\/?post_type=product&#038;p=1302"},"modified":"2023-03-21T10:52:18","modified_gmt":"2023-03-21T09:52:18","slug":"votronic-regulateur-mpp-250","status":"publish","type":"product","link":"https:\/\/www.tempsdepause.ch\/solfar\/produit\/votronic-regulateur-mpp-250\/","title":{"rendered":"Votronic R\u00e9gulateur MPP 250"},"content":{"rendered":"<p>R\u00e9gulateur solaire pour les camping-cars, les caravanes et les bateaux de haute-qualit\u00e9. Le r\u00e9gulateur solaire est sp\u00e9cialement con\u00e7u pour les caravanes et tous les types de batteries au plomb (acide, GEL\/dryfit, AGM\/vlies et LifePO4). Une gestion de microprecceurs intelligente permet de charger les batteries de mani\u00e8re optimale avec des caract\u00e9ristiques IU1oU2. Le r\u00e9gulateur solaire est compl\u00e8tement automatique, ne n\u00e9cessite aucun entretien et offre les fonctions suivantes:<\/p>\n<p>&#8211; Sortie de charge de la batterie du v\u00e9hicule I , selon le type de batterie (plomb ou LiFePO4), au choix 5 ou 5 programmes de charge.<br \/>\n&#8211; Sortie de charge de la batterie de d\u00e9marrage II: sortie de charge auxiliaire s\u00e9par\u00e9e avec courant de charge r\u00e9duit (12 V \/ 0.8 A ou 1.5 A) pour la charge de soutien et le maintien de la charge de la batterie de d\u00e9marrage du v\u00e9hicule avec protection contre la surcharge en cas de trop longues dur\u00e9es.<br \/>\n&#8211; La tension de charge est r\u00e9gl\u00e9e de mani\u00e8re \u00e0 ce que la surcharge des batteries soit impossible.<br \/>\n&#8211; Deux sorties de charge de la batterie: charge automatique de la batterie principale ou de la batterie du v\u00e9hicule (Bord I). Charge de soutien et maintien de la charge de la batterie de d\u00e9marrage du v\u00e9hicule (Start II) avec protection contre la surcharge.<br \/>\n&#8211; Charge ne n\u00e9cessitant aucun contr\u00f4le: protection contre la charge-retour de la batterie (en cas de puissance solaire trop faible, p.ex. \u00e0 la tomb\u00e9e de la nuit ou pendant la nuit, etc.), contre la surcharge et la surchauffe.<br \/>\n&#8211; Fonctionnement tampon: Respect des caract\u00e9ristiques de charge m\u00eame en cas du fonctionnement simultan\u00e9 avec des accessoires sur la batterie.<br \/>\n&#8211; Protection contre la surcharge: r\u00e8gle le courat de charge de la batterie en cas de puissance solaire trop importante et si la batterie est compl\u00e8tement charg\u00e9e, veille, en cas de consommation de courant, \u00e0 maintenir l\u2019\u00e9tat de charge \u00e9lev\u00e9 de la batterie en chargeant imm\u00e9diatement.<br \/>\n&#8211; Caract\u00e9ristique de charge \u00abIU1oU2\u00bb: une augmentation de la tension de charge d\u00e9finie (U1) emp\u00eache la formation de couches d\u2019acide (plomb) et veille \u00e0 une charge \u00e9quilibr\u00e9e des diff\u00e9rentes cellules de la batterie, ensuite charge de maintien automatique (U2).<br \/>\n&#8211; Filtre de r\u00e9seau du v\u00e9hicule: une fois install\u00e9, il permet le fonctionnement parall\u00e8le avec d\u2019autres sources de charge, a\u00e9rog\u00e9n\u00e9rateurs et g\u00e9n\u00e9ratrices \u00e0 essence, chargeurs de r\u00e9seaux, g\u00e9n\u00e9rateurs etc. sur une batterie.<br \/>\n-Connexion pour le capteur de temp\u00e9rature: la tension de charge est automatiquement adapt\u00e9e \u00e0la temp\u00e9rature de la batterie. Ceci entra\u00eene, en cas de froid, une meilleure charge compl\u00e8te de la batterie plus faible, en cas de temp\u00e9ratures estivales, il est possible d\u2019\u00e9viter des d\u00e9gagements de gaz. Absolument recommand\u00e9 si la batterie est soumise \u00e0 de fortes diff\u00e9rences de temp\u00e9ratures, par exemple dans le compartiment moteur.<br \/>\n-Compensation du c\u00e2ble de charge: les pertes de tension sur les c\u00e2bles de charge sont automatiquement compens\u00e9es.<br \/>\n-Sortie de mesure pour EBL (bloc \u00e9lectrique du v\u00e9hicule): permet d\u2019utiliser facilement un affichage du courant solaire int\u00e9gr\u00e9 dans le bloc \u00e9lectrique pour contr\u00f4ler l\u2019installation photovolta\u00efque. Veuillez contr\u00f4ler au pr\u00e9alable la compatibilit\u00e9 de votre bloc \u00e9lectrique Schaudt (EBL) ainsi que le tableau de contr\u00f4le et d\u2019affichage correspondant, car nous d\u00e9clinons toute responsabilit\u00e9.<br \/>\n&#8211; Sortie de commutation \u00abAES\u00bb (seulement SR 330-Duo Dig. et SR 530-Duo Dig.): entra\u00eene, en cas d\u2019exc\u00e9dent de puissance continue, la commutation automatique des r\u00e9frig\u00e9rateurs ELECTROLUX\/DOMETIC avec \u00abAES\u00bb (Automatic Energy Selector) fonctionnant au gaz vers un fonctionnement \u00e0 12 \u00a0V.<br \/>\n&#8211; Pr\u00eat \u00e0 brancher pour le raccordement des appareils d\u2019affichage solaires Votronic, l\u2019ordinateur solaire LCD S pour le contr\u00f4le optimal de l\u2019installation.<\/p>\n<p>&nbsp;<\/p>\n<p>Les r\u00e9gulateurs de charge VOTRONIC pour \u00e9nergie solaire avec la technologie MPP (Maximum Power Point) sont fabriqu\u00e9s en Allemagne et sont enti\u00e8rement automatiques. Ils tirent le meilleur parti de vos panneaux solaires.<\/p>\n<p>Sur demande j&rsquo;installe le r\u00e9gulateurs Votronic \u00e0 la place du Victron avec Bluetooth. Le Votronic offre la possibilit\u00e9 d&rsquo;installer l&rsquo;affichage <strong>Solar Power <\/strong>sur le montant central. L&rsquo;appareil et l&rsquo;installation est comprise dans le forfait des panneaux SOLARA pour California Ocean &amp; Coast. (Mais pas pour Beach)<\/p>\n<p>L&rsquo;avantage du Votronic est de disposer d&rsquo;une sortie de maintien de la charge de la batterie Start. Et de l&rsquo;affichage optionnel Solar Power.<\/p>\n","protected":false},"excerpt":{"rendered":"<h2>Votronic R\u00e9gulateur MPP 250<\/h2>\n<p>Excellent r\u00e9gulateur MPPT<\/p>\n<p>Choix pr\u00e9f\u00e9rentiel avec affichage LCD et Bluetooth<\/p>\n<p>Permet le maintien de la charge de la batterie start<\/p>\n<p>Le prix de l&rsquo;appareil est compris dans les forfaits panneaux SOLARA<\/p>\n<p>Les affichages LCD et Bluetooth sont en suppl\u00e9ment.<\/p>\n<p>&nbsp;<\/p>\n","protected":false},"featured_media":1298,"comment_status":"closed","ping_status":"closed","template":"","meta":[],"product_brand":[],"product_cat":[45,71],"product_tag":[],"class_list":{"0":"post-1302","1":"product","2":"type-product","3":"status-publish","4":"has-post-thumbnail","6":"product_cat-photovoltaique","7":"product_cat-regulateur-mppt","9":"first","10":"onbackorder","11":"virtual","12":"purchasable","13":"product-type-simple"},"_links":{"self":[{"href":"https:\/\/www.tempsdepause.ch\/solfar\/wp-json\/wp\/v2\/product\/1302","targetHints":{"allow":["GET"]}}],"collection":[{"href":"https:\/\/www.tempsdepause.ch\/solfar\/wp-json\/wp\/v2\/product"}],"about":[{"href":"https:\/\/www.tempsdepause.ch\/solfar\/wp-json\/wp\/v2\/types\/product"}],"replies":[{"embeddable":true,"href":"https:\/\/www.tempsdepause.ch\/solfar\/wp-json\/wp\/v2\/comments?post=1302"}],"wp:featuredmedia":[{"embeddable":true,"href":"https:\/\/www.tempsdepause.ch\/solfar\/wp-json\/wp\/v2\/media\/1298"}],"wp:attachment":[{"href":"https:\/\/www.tempsdepause.ch\/solfar\/wp-json\/wp\/v2\/media?parent=1302"}],"wp:term":[{"taxonomy":"product_brand","embeddable":true,"href":"https:\/\/www.tempsdepause.ch\/solfar\/wp-json\/wp\/v2\/product_brand?post=1302"},{"taxonomy":"product_cat","embeddable":true,"href":"https:\/\/www.tempsdepause.ch\/solfar\/wp-json\/wp\/v2\/product_cat?post=1302"},{"taxonomy":"product_tag","embeddable":true,"href":"https:\/\/www.tempsdepause.ch\/solfar\/wp-json\/wp\/v2\/product_tag?post=1302"}],"curies":[{"name":"wp","href":"https:\/\/api.w.org\/{rel}","templated":true}]}}