{"id":1295,"date":"2019-10-11T18:24:28","date_gmt":"2019-10-11T16:24:28","guid":{"rendered":"https:\/\/www.tempsdepause.ch\/solfar\/?post_type=product&#038;p=1295"},"modified":"2023-03-21T10:52:43","modified_gmt":"2023-03-21T09:52:43","slug":"votronic-lcd-solar-computer","status":"publish","type":"product","link":"https:\/\/www.tempsdepause.ch\/solfar\/produit\/votronic-lcd-solar-computer\/","title":{"rendered":"Votronic LCD Solar Computer et installation"},"content":{"rendered":"<p><img fetchpriority=\"high\" decoding=\"async\" class=\"alignleft size-medium wp-image-1299\" src=\"https:\/\/www.tempsdepause.ch\/solfar\/wp-content\/uploads\/2019\/10\/IMG_0353-261x500.jpg\" alt=\"\" width=\"261\" height=\"500\" srcset=\"https:\/\/www.tempsdepause.ch\/solfar\/wp-content\/uploads\/2019\/10\/IMG_0353-261x500.jpg 261w, https:\/\/www.tempsdepause.ch\/solfar\/wp-content\/uploads\/2019\/10\/IMG_0353.jpg 313w\" sizes=\"(max-width: 261px) 100vw, 261px\" \/>\u00a0Exemple d&rsquo;affichage sur le montant en dessus de la cuisinette.<\/p>\n<p>Sur l&rsquo;image:<\/p>\n<ul>\n<li>en haut c&rsquo;est la commande de l&rsquo;onduleur 300W<\/li>\n<li>au centre le LCD Solar Computer<\/li>\n<li>en bas le LCD battery Power<\/li>\n<\/ul>\n<p>&nbsp;<\/p>\n<p>&nbsp;<\/p>\n","protected":false},"excerpt":{"rendered":"<p>Connect\u00e9 au r\u00e9gulateur de charge Votronic, il affiche en temps r\u00e9el toutes les informations de fonctionnement de votre panneau solaire.<\/p>\n<p>Puissance et courant instantan\u00e9s, tension de la batterie, production solaire.<\/p>\n<p>Consommation de courant max.: 3 mA.<\/p>\n<p>Ecran LCD.<\/p>\n<p>Affichage des fonctions: W, A, V, Ah, kWh.<\/p>\n<p>Dimensions (LxHxP): 80 x 85 x 24 mm.<\/p>\n<p>Encastrement (LxHxP): 65 x 70 x 22 mm.<\/p>\n<p>Comprend:<\/p>\n<ul>\n<li>Votronic LCD Solar Computer<\/li>\n<li>installation sur le montant en dessus du r\u00e9frig\u00e9rateur<\/li>\n<li>raccordement et c\u00e2blage.<\/li>\n<\/ul>\n<p>Compatible avec les r\u00e9gulateur Votronic MPP.<\/p>\n","protected":false},"featured_media":1296,"comment_status":"closed","ping_status":"closed","template":"","meta":[],"product_brand":[],"product_cat":[45,71],"product_tag":[],"class_list":{"0":"post-1295","1":"product","2":"type-product","3":"status-publish","4":"has-post-thumbnail","6":"product_cat-photovoltaique","7":"product_cat-regulateur-mppt","9":"first","10":"instock","11":"shipping-taxable","12":"purchasable","13":"product-type-simple"},"_links":{"self":[{"href":"https:\/\/www.tempsdepause.ch\/solfar\/wp-json\/wp\/v2\/product\/1295","targetHints":{"allow":["GET"]}}],"collection":[{"href":"https:\/\/www.tempsdepause.ch\/solfar\/wp-json\/wp\/v2\/product"}],"about":[{"href":"https:\/\/www.tempsdepause.ch\/solfar\/wp-json\/wp\/v2\/types\/product"}],"replies":[{"embeddable":true,"href":"https:\/\/www.tempsdepause.ch\/solfar\/wp-json\/wp\/v2\/comments?post=1295"}],"wp:featuredmedia":[{"embeddable":true,"href":"https:\/\/www.tempsdepause.ch\/solfar\/wp-json\/wp\/v2\/media\/1296"}],"wp:attachment":[{"href":"https:\/\/www.tempsdepause.ch\/solfar\/wp-json\/wp\/v2\/media?parent=1295"}],"wp:term":[{"taxonomy":"product_brand","embeddable":true,"href":"https:\/\/www.tempsdepause.ch\/solfar\/wp-json\/wp\/v2\/product_brand?post=1295"},{"taxonomy":"product_cat","embeddable":true,"href":"https:\/\/www.tempsdepause.ch\/solfar\/wp-json\/wp\/v2\/product_cat?post=1295"},{"taxonomy":"product_tag","embeddable":true,"href":"https:\/\/www.tempsdepause.ch\/solfar\/wp-json\/wp\/v2\/product_tag?post=1295"}],"curies":[{"name":"wp","href":"https:\/\/api.w.org\/{rel}","templated":true}]}}