{"id":11731,"date":"2020-08-25T13:37:49","date_gmt":"2020-08-25T11:37:49","guid":{"rendered":"https:\/\/www.tempsdepause.ch\/solfar\/?post_type=product&#038;p=11731"},"modified":"2024-11-11T21:49:28","modified_gmt":"2024-11-11T20:49:28","slug":"offre-un-panneau-voltaique-110w-solara-et-installation-sur-t5t6-california-ocean","status":"publish","type":"product","link":"https:\/\/www.tempsdepause.ch\/solfar\/produit\/offre-un-panneau-voltaique-110w-solara-et-installation-sur-t5t6-california-ocean\/","title":{"rendered":"Offre: un panneau solaire 115W 515 Wh\/jour SOLARA et installation sur T5-T6 California Ocean"},"content":{"rendered":"<p>Voici une offre pour l\u2019installation compl\u00e8te et parfaitement int\u00e9gr\u00e9e d\u2019un panneau volta\u00efque de grandes qualit\u00e9 et tr\u00e8s r\u00e9sistant \u00e0 tous les temps.<\/p>\n<p>Pr\u00e9vu pour VW California Coast & Ocean<\/p>\n<p><strong>Suppl\u00e9ment possible:<\/strong><\/p>\n<ul>\n<li>Raccordement 12V D+ sous le si\u00e8ge conducteur sur certain mod\u00e8le. + 200.-<\/li>\n<li>Autres modifications sur demande.<\/li>\n<\/ul>\n<p>\u00a0<\/p>\n<p>\u00a0<\/p>\n","protected":false},"excerpt":{"rendered":"<p>Offre compl\u00e8te, comprend:<\/p>\n<ul>\n<li>1x SOLARA Marine S515M31 de 115W 1030Wh\/jour<\/li>\n<li>Supports pour toit de VW California<\/li>\n<li>Passage discret des c\u00e2bles dans le toit ouvrant<\/li>\n<li>Installation du R\u00e9gulateur Victron Bluetooth<\/li>\n<li>C\u00e2blage et raccordement jusqu&rsquo;\u00e0 la batterie auxiliaire arri\u00e8re<\/li>\n<li>Information \u00e0 la console de la production volta\u00efque<\/li>\n<\/ul>\n","protected":false},"featured_media":1280,"comment_status":"closed","ping_status":"closed","template":"","meta":[],"product_brand":[],"product_cat":[68,70,65],"product_tag":[],"class_list":{"0":"post-11731","1":"product","2":"type-product","3":"status-publish","4":"has-post-thumbnail","6":"product_cat-installation-avec-passage-du-toit","7":"product_cat-offres-installation-comprise","8":"product_cat-california-t5-et-t6-ocean","10":"first","11":"instock","12":"virtual","13":"purchasable","14":"product-type-simple"},"_links":{"self":[{"href":"https:\/\/www.tempsdepause.ch\/solfar\/wp-json\/wp\/v2\/product\/11731","targetHints":{"allow":["GET"]}}],"collection":[{"href":"https:\/\/www.tempsdepause.ch\/solfar\/wp-json\/wp\/v2\/product"}],"about":[{"href":"https:\/\/www.tempsdepause.ch\/solfar\/wp-json\/wp\/v2\/types\/product"}],"replies":[{"embeddable":true,"href":"https:\/\/www.tempsdepause.ch\/solfar\/wp-json\/wp\/v2\/comments?post=11731"}],"wp:featuredmedia":[{"embeddable":true,"href":"https:\/\/www.tempsdepause.ch\/solfar\/wp-json\/wp\/v2\/media\/1280"}],"wp:attachment":[{"href":"https:\/\/www.tempsdepause.ch\/solfar\/wp-json\/wp\/v2\/media?parent=11731"}],"wp:term":[{"taxonomy":"product_brand","embeddable":true,"href":"https:\/\/www.tempsdepause.ch\/solfar\/wp-json\/wp\/v2\/product_brand?post=11731"},{"taxonomy":"product_cat","embeddable":true,"href":"https:\/\/www.tempsdepause.ch\/solfar\/wp-json\/wp\/v2\/product_cat?post=11731"},{"taxonomy":"product_tag","embeddable":true,"href":"https:\/\/www.tempsdepause.ch\/solfar\/wp-json\/wp\/v2\/product_tag?post=11731"}],"curies":[{"name":"wp","href":"https:\/\/api.w.org\/{rel}","templated":true}]}}