{"id":99,"date":"2017-12-23T11:24:34","date_gmt":"2017-12-23T10:24:34","guid":{"rendered":"http:\/\/www.tempsdepause.ch\/solfar\/?page_id=99"},"modified":"2021-08-07T17:36:29","modified_gmt":"2021-08-07T15:36:29","slug":"99-2","status":"publish","type":"page","link":"https:\/\/www.tempsdepause.ch\/solfar\/99-2\/","title":{"rendered":"A propos de moi&#8230; de nous"},"content":{"rendered":"\t\t<div data-elementor-type=\"wp-page\" data-elementor-id=\"99\" class=\"elementor elementor-99\">\n\t\t\t\t\t\t<section class=\"elementor-section elementor-top-section elementor-element elementor-element-29c5782 elementor-section-boxed elementor-section-height-default elementor-section-height-default\" data-id=\"29c5782\" data-element_type=\"section\" data-e-type=\"section\">\n\t\t\t\t\t\t<div class=\"elementor-container elementor-column-gap-default\">\n\t\t\t\t\t<div class=\"elementor-column elementor-col-100 elementor-top-column elementor-element elementor-element-c5a9cc7\" data-id=\"c5a9cc7\" data-element_type=\"column\" data-e-type=\"column\">\n\t\t\t<div class=\"elementor-widget-wrap elementor-element-populated\">\n\t\t\t\t\t\t<div class=\"elementor-element elementor-element-34478d8 elementor-widget elementor-widget-heading\" data-id=\"34478d8\" data-element_type=\"widget\" data-e-type=\"widget\" data-widget_type=\"heading.default\">\n\t\t\t\t<div class=\"elementor-widget-container\">\n\t\t\t\t\t<h2 class=\"elementor-heading-title elementor-size-default\">A propos, de moi...<\/h2>\t\t\t\t<\/div>\n\t\t\t\t<\/div>\n\t\t\t\t\t<\/div>\n\t\t<\/div>\n\t\t\t\t\t<\/div>\n\t\t<\/section>\n\t\t\t\t<section class=\"elementor-section elementor-top-section elementor-element elementor-element-8a36870 elementor-section-boxed elementor-section-height-default elementor-section-height-default\" data-id=\"8a36870\" data-element_type=\"section\" data-e-type=\"section\">\n\t\t\t\t\t\t<div class=\"elementor-container elementor-column-gap-default\">\n\t\t\t\t\t<div class=\"elementor-column elementor-col-100 elementor-top-column elementor-element elementor-element-99bc4b6\" data-id=\"99bc4b6\" data-element_type=\"column\" data-e-type=\"column\">\n\t\t\t<div class=\"elementor-widget-wrap elementor-element-populated\">\n\t\t\t\t\t\t<div class=\"elementor-element elementor-element-9bbf659 elementor-widget elementor-widget-heading\" data-id=\"9bbf659\" data-element_type=\"widget\" data-e-type=\"widget\" data-widget_type=\"heading.default\">\n\t\t\t\t<div class=\"elementor-widget-container\">\n\t\t\t\t\t<h4 class=\"elementor-heading-title elementor-size-default\">Il faut prendre le temps de prendre le temps !<\/h4>\t\t\t\t<\/div>\n\t\t\t\t<\/div>\n\t\t\t\t\t<\/div>\n\t\t<\/div>\n\t\t\t\t\t<\/div>\n\t\t<\/section>\n\t\t\t\t<section class=\"elementor-section elementor-top-section elementor-element elementor-element-8ceb729 elementor-section-boxed elementor-section-height-default elementor-section-height-default\" data-id=\"8ceb729\" data-element_type=\"section\" data-e-type=\"section\">\n\t\t\t\t\t\t<div class=\"elementor-container elementor-column-gap-default\">\n\t\t\t\t\t<div class=\"elementor-column elementor-col-100 elementor-top-column elementor-element elementor-element-b4c79af\" data-id=\"b4c79af\" data-element_type=\"column\" data-e-type=\"column\">\n\t\t\t<div class=\"elementor-widget-wrap elementor-element-populated\">\n\t\t\t\t\t\t<div class=\"elementor-element elementor-element-5a8262e elementor-widget elementor-widget-text-editor\" data-id=\"5a8262e\" data-element_type=\"widget\" data-e-type=\"widget\" data-widget_type=\"text-editor.default\">\n\t\t\t\t<div class=\"elementor-widget-container\">\n\t\t\t\t\t\t\t\t\tLa photographie de la nature a pris une place pr\u00e9pond\u00e9rante dans ma vie ces vingt derni\u00e8res ann\u00e9es. La gestion d&rsquo;\u00e9nergie, l&rsquo;ing\u00e9nierie informatique m&rsquo;ont laiss\u00e9 et lass\u00e9 pour me consacrer presque enti\u00e8rement au m\u00e9tier que j&rsquo;aime. Photographe environnementaliste par conviction, paysagiste et animalier par passion, je prends mon temps de choyer mes images.\u00a0Je pense qu\u2019une belle photographie peut sensibiliser \u00e0 la protection de la nature, c\u2019est le but de mon travail de photographe.\t\t\t\t\t\t\t\t<\/div>\n\t\t\t\t<\/div>\n\t\t\t\t\t<\/div>\n\t\t<\/div>\n\t\t\t\t\t<\/div>\n\t\t<\/section>\n\t\t\t\t<section class=\"elementor-section elementor-top-section elementor-element elementor-element-862c2d2 elementor-section-boxed elementor-section-height-default elementor-section-height-default\" data-id=\"862c2d2\" data-element_type=\"section\" data-e-type=\"section\">\n\t\t\t\t\t\t<div class=\"elementor-container elementor-column-gap-default\">\n\t\t\t\t\t<div class=\"elementor-column elementor-col-50 elementor-top-column elementor-element elementor-element-676a683\" data-id=\"676a683\" data-element_type=\"column\" data-e-type=\"column\">\n\t\t\t<div class=\"elementor-widget-wrap elementor-element-populated\">\n\t\t\t\t\t\t<div class=\"elementor-element elementor-element-8d9fdd8 elementor-widget elementor-widget-heading\" data-id=\"8d9fdd8\" data-element_type=\"widget\" data-e-type=\"widget\" data-widget_type=\"heading.default\">\n\t\t\t\t<div class=\"elementor-widget-container\">\n\t\t\t\t\t<h3 class=\"elementor-heading-title elementor-size-default\">Temps de pause <br>&amp;<br>\n\nTemps de pose \n\n<\/h3>\t\t\t\t<\/div>\n\t\t\t\t<\/div>\n\t\t\t\t\t<\/div>\n\t\t<\/div>\n\t\t\t\t<div class=\"elementor-column elementor-col-50 elementor-top-column elementor-element elementor-element-5150dc1\" data-id=\"5150dc1\" data-element_type=\"column\" data-e-type=\"column\">\n\t\t\t<div class=\"elementor-widget-wrap elementor-element-populated\">\n\t\t\t\t\t\t<div class=\"elementor-element elementor-element-b8de4bf elementor-widget elementor-widget-image\" data-id=\"b8de4bf\" data-element_type=\"widget\" data-e-type=\"widget\" data-widget_type=\"image.default\">\n\t\t\t\t<div class=\"elementor-widget-container\">\n\t\t\t\t\t\t\t\t\t\t\t\t\t\t\t<img fetchpriority=\"high\" decoding=\"async\" width=\"600\" height=\"915\" src=\"https:\/\/www.tempsdepause.ch\/solfar\/wp-content\/uploads\/2019\/10\/IMG_1876.jpg\" class=\"attachment-large size-large wp-image-1228\" alt=\"\" srcset=\"https:\/\/www.tempsdepause.ch\/solfar\/wp-content\/uploads\/2019\/10\/IMG_1876.jpg 600w, https:\/\/www.tempsdepause.ch\/solfar\/wp-content\/uploads\/2019\/10\/IMG_1876-328x500.jpg 328w\" sizes=\"(max-width: 600px) 100vw, 600px\" \/>\t\t\t\t\t\t\t\t\t\t\t\t\t\t\t<\/div>\n\t\t\t\t<\/div>\n\t\t\t\t\t<\/div>\n\t\t<\/div>\n\t\t\t\t\t<\/div>\n\t\t<\/section>\n\t\t\t\t<section class=\"elementor-section elementor-top-section elementor-element elementor-element-664039f elementor-section-boxed elementor-section-height-default elementor-section-height-default\" data-id=\"664039f\" data-element_type=\"section\" data-e-type=\"section\">\n\t\t\t\t\t\t<div class=\"elementor-container elementor-column-gap-default\">\n\t\t\t\t\t<div class=\"elementor-column elementor-col-100 elementor-top-column elementor-element elementor-element-b76bd3d\" data-id=\"b76bd3d\" data-element_type=\"column\" data-e-type=\"column\">\n\t\t\t<div class=\"elementor-widget-wrap elementor-element-populated\">\n\t\t\t\t\t\t<div class=\"elementor-element elementor-element-8b87ffc elementor-widget elementor-widget-text-editor\" data-id=\"8b87ffc\" data-element_type=\"widget\" data-e-type=\"widget\" data-widget_type=\"text-editor.default\">\n\t\t\t\t<div class=\"elementor-widget-container\">\n\t\t\t\t\t\t\t\t\t<h4>Pour maitriser le temps, il faut le prendre.<\/h4><div style=\"text-align: justify;\"><p>Bizarrerie de la langue fran\u00e7aise, sous la m\u00eame prononciation, trois significations qui s&rsquo;applique \u00e0 ma vie. Il suffit d&rsquo;un incident pour r\u00e9orienter son chemin. Je n&rsquo;avais pas pu choisir le m\u00e9tier qui me plaisait. Ma m\u00e8re me voyant dans les postes et moi dans l&rsquo;image. Il y avait de l&rsquo;\u00e9lectricit\u00e9 dans l&rsquo;air. Donc j&rsquo;ai choisi d&rsquo;\u00eatre \u00e9lectricien,\u00a0puis ing\u00e9nieur en informatique. Oui, mais voil\u00e0, un jour je d\u00fb choisir \u00e0 nouveau et apr\u00e8s un temps de pause, je d\u00e9cidais de faire enfin ce qui me plait, \u00a0je pris le petit sentier dans la nature.<\/p><blockquote><p><em>J&rsquo;habite au pied du Jura en Suisse. Longtemps, ma sauvagerie\u00a0forc\u00e9e en bordure de for\u00eat et au milieu des p\u00e2turages bordant les gorges de l&rsquo;Orbe, j\u2019ai \u00e9t\u00e9 heureux. Les nuits berc\u00e9es par la m\u00e9lodie des cloches des vaches, les glapissements du renard, le hululement d\u2019une chouette et le chant de la rivi\u00e8re sauvage. Mes longues veilles \u00e0 la centrale \u00e9lectrique, toute proche, m\u2019ont fait appr\u00e9cier la nuit et ses noctambules. Puis l\u2019aube annonc\u00e9e par le chant du merle accompagnait l\u2019aurore naissante d\u2019un nouveau jour.<\/em><\/p><\/blockquote><p>Puis la rivi\u00e8re, source d\u2019\u00e9nergie, ne m\u2019offrit plus\u00a0 mon emploi \u00a0d\u2019\u00e9lectricien gestionnaire d&rsquo;\u00e9nergie. Alors, on est partis pour le bord du lac de Neuch\u00e2tel, \u00e0 quelques minutes de la Grande Cari\u00e7aie, le plus grand marais de Suisse. De ma fen\u00eatre, je vois un h\u00e9ron cendr\u00e9 qui m&rsquo;attend, Il n&rsquo;est pas seul \u00e0 m&rsquo;appeler dans la nature, je r\u00eave d&rsquo;espace de grand Nord au pays Sami ou de terre nouvelle sur l&rsquo;ile des p\u00e9cheurs islandais. Mon bus VW, Solfar a un GPS sp\u00e9cial qui me guide invariablement vers un des ports Danois. \u00a0Je dois vraiment y retourner. C&rsquo;est long de rester \u00e0 quai, en quarantaine depuis 18 mois! Le bonheur est l\u00e0-bas au bout du chemin.<\/p><p>Photographe, mes moments favoris sont l&rsquo;aube, quand la lumi\u00e8re est magique. Et le paysage paisible. Mais je dois me faire violence, car je suis de nature Couche-Tard. Qu&rsquo;importe, c&rsquo;est un vrai d\u00e9lice de rentrer dans l&rsquo;eau avec mon aff\u00fbt flottant avant que le soleil encore rouge pointe ses rayons sur l&rsquo;eau calme du lac de Neuch\u00e2tel.<\/p><\/div>\t\t\t\t\t\t\t\t<\/div>\n\t\t\t\t<\/div>\n\t\t\t\t\t<\/div>\n\t\t<\/div>\n\t\t\t\t\t<\/div>\n\t\t<\/section>\n\t\t\t\t<section class=\"elementor-section elementor-top-section elementor-element elementor-element-90d6138 elementor-section-boxed elementor-section-height-default elementor-section-height-default\" data-id=\"90d6138\" data-element_type=\"section\" data-e-type=\"section\">\n\t\t\t\t\t\t<div class=\"elementor-container elementor-column-gap-default\">\n\t\t\t\t\t<div class=\"elementor-column elementor-col-100 elementor-top-column elementor-element elementor-element-01b55fa\" data-id=\"01b55fa\" data-element_type=\"column\" data-e-type=\"column\">\n\t\t\t<div class=\"elementor-widget-wrap elementor-element-populated\">\n\t\t\t\t\t\t<div class=\"elementor-element elementor-element-3a43295 elementor-widget elementor-widget-text-editor\" data-id=\"3a43295\" data-element_type=\"widget\" data-e-type=\"widget\" data-widget_type=\"text-editor.default\">\n\t\t\t\t<div class=\"elementor-widget-container\">\n\t\t\t\t\t\t\t\t\t<h4>Et voil\u00e0 Solfar<\/h4><p>Ce n&rsquo;est pas un de ses gros culs blancs qui envahissent les route et les champs.<br \/>Ce n&rsquo;est pas plus grand \u00e0 l&rsquo;ext\u00e9rieur qu&rsquo;une voiture. Mais \u00e0 l&rsquo;int\u00e9rieur c&rsquo;est le bonheur l\u00e0, sur la route, au bout du chemin, au bord du champs.<br \/>Imagine ! Dans quelques m\u00b2 Il y a deux chambres \u00e0 coucher, une cuisine, des armoires et m\u00eame une douche \u00e0 l&rsquo;ext\u00e9rieur. Il y a quatre places en fauteuil confortable avec vue panoramique. Et sur la route c&rsquo;est une limousine luxueuse et rapide.<\/p><p>VW T6 Edition California Ocean TDI bi-turbo 204 CV 4Motion et beaucoup d&rsquo;options, suspension renforc\u00e9e Seikel, protection pistes et gu\u00e9s. Panneaux solaire, batterie Lithium et quelques am\u00e9liorations pratique.<\/p>\t\t\t\t\t\t\t\t<\/div>\n\t\t\t\t<\/div>\n\t\t\t\t\t<\/div>\n\t\t<\/div>\n\t\t\t\t\t<\/div>\n\t\t<\/section>\n\t\t\t\t<section class=\"elementor-section elementor-top-section elementor-element elementor-element-541a81d elementor-section-boxed elementor-section-height-default elementor-section-height-default\" data-id=\"541a81d\" data-element_type=\"section\" data-e-type=\"section\">\n\t\t\t\t\t\t<div class=\"elementor-container elementor-column-gap-default\">\n\t\t\t\t\t<div class=\"elementor-column elementor-col-100 elementor-top-column elementor-element elementor-element-34e005e\" data-id=\"34e005e\" data-element_type=\"column\" data-e-type=\"column\">\n\t\t\t<div class=\"elementor-widget-wrap elementor-element-populated\">\n\t\t\t\t\t\t<div class=\"elementor-element elementor-element-158002e elementor-widget elementor-widget-image\" data-id=\"158002e\" data-element_type=\"widget\" data-e-type=\"widget\" data-widget_type=\"image.default\">\n\t\t\t\t<div class=\"elementor-widget-container\">\n\t\t\t\t\t\t\t\t\t\t\t\t\t\t\t<img decoding=\"async\" width=\"960\" height=\"540\" src=\"https:\/\/www.tempsdepause.ch\/solfar\/wp-content\/uploads\/2021\/06\/JeanDa20170814093276.png\" class=\"attachment-large size-large wp-image-20336\" alt=\"\" srcset=\"https:\/\/www.tempsdepause.ch\/solfar\/wp-content\/uploads\/2021\/06\/JeanDa20170814093276.png 1000w, https:\/\/www.tempsdepause.ch\/solfar\/wp-content\/uploads\/2021\/06\/JeanDa20170814093276-800x450.png 800w, https:\/\/www.tempsdepause.ch\/solfar\/wp-content\/uploads\/2021\/06\/JeanDa20170814093276-768x432.png 768w, https:\/\/www.tempsdepause.ch\/solfar\/wp-content\/uploads\/2021\/06\/JeanDa20170814093276-600x338.png 600w\" sizes=\"(max-width: 960px) 100vw, 960px\" \/>\t\t\t\t\t\t\t\t\t\t\t\t\t\t\t<\/div>\n\t\t\t\t<\/div>\n\t\t\t\t\t<\/div>\n\t\t<\/div>\n\t\t\t\t\t<\/div>\n\t\t<\/section>\n\t\t\t\t<section class=\"elementor-section elementor-top-section elementor-element elementor-element-2a46d7c elementor-section-boxed elementor-section-height-default elementor-section-height-default\" data-id=\"2a46d7c\" data-element_type=\"section\" data-e-type=\"section\">\n\t\t\t\t\t\t<div class=\"elementor-container elementor-column-gap-default\">\n\t\t\t\t\t<div class=\"elementor-column elementor-col-100 elementor-top-column elementor-element elementor-element-2fb2dfa\" data-id=\"2fb2dfa\" data-element_type=\"column\" data-e-type=\"column\">\n\t\t\t<div class=\"elementor-widget-wrap elementor-element-populated\">\n\t\t\t\t\t\t<div class=\"elementor-element elementor-element-9628812 elementor-widget elementor-widget-text-editor\" data-id=\"9628812\" data-element_type=\"widget\" data-e-type=\"widget\" data-widget_type=\"text-editor.default\">\n\t\t\t\t<div class=\"elementor-widget-container\">\n\t\t\t\t\t\t\t\t\t<h4>Equipement photo<\/h4><p>Nikon D4s\u00a0&#8211; Nikon D850 &#8211; Nikkor 14-24 F2.8\u00a0&#8211; Nikkor 24-70 F2.8\u00a0&#8211; Nikkor 70-200 F2.8\u00a0&#8211; Nikkor 24 F2.8 PC\u00a0&#8211; Nikkor 24 F1.4\u00a0&#8211; Nikkor 50 F1.4 &#8211; Nikkor 60 F2.8 Micro\u00a0&#8211; Nikkor 85 F1.4\u00a0&#8211; Nikkor 105 F2.8 Micro\u00a0&#8211; Nikkor 300 F2.8\u00a0&#8211; Nikkor 600 F4 &#8211; Lee Filters\u00a0&#8211; Trepieds &amp; Rotules\u00a0Really Right Stuff\u00a0&#8211; T\u00eate Wimberley\u00a0&#8211; Sacs Tamrac et F-Stop<\/p>\t\t\t\t\t\t\t\t<\/div>\n\t\t\t\t<\/div>\n\t\t\t\t\t<\/div>\n\t\t<\/div>\n\t\t\t\t\t<\/div>\n\t\t<\/section>\n\t\t\t\t<section class=\"elementor-section elementor-top-section elementor-element elementor-element-bcc99f7 elementor-section-boxed elementor-section-height-default elementor-section-height-default\" data-id=\"bcc99f7\" data-element_type=\"section\" data-e-type=\"section\">\n\t\t\t\t\t\t<div class=\"elementor-container elementor-column-gap-default\">\n\t\t\t\t\t<div class=\"elementor-column elementor-col-100 elementor-top-column elementor-element elementor-element-cbe1fa3\" data-id=\"cbe1fa3\" data-element_type=\"column\" data-e-type=\"column\">\n\t\t\t<div class=\"elementor-widget-wrap elementor-element-populated\">\n\t\t\t\t\t\t<div class=\"elementor-element elementor-element-075e094 elementor-widget elementor-widget-image\" data-id=\"075e094\" data-element_type=\"widget\" data-e-type=\"widget\" data-widget_type=\"image.default\">\n\t\t\t\t<div class=\"elementor-widget-container\">\n\t\t\t\t\t\t\t\t\t\t\t\t\t\t\t<img decoding=\"async\" src=\"https:\/\/www.tempsdepause.ch\/solfar\/wp-content\/uploads\/elementor\/thumbs\/IMG_0814-oevmoe4nnac8v960zjf53lem9ryzos27umdfalsvdc.jpg\" title=\"IMG_0814\" alt=\"IMG_0814\" loading=\"lazy\" \/>\t\t\t\t\t\t\t\t\t\t\t\t\t\t\t<\/div>\n\t\t\t\t<\/div>\n\t\t\t\t\t<\/div>\n\t\t<\/div>\n\t\t\t\t\t<\/div>\n\t\t<\/section>\n\t\t\t\t<\/div>\n\t\t","protected":false},"excerpt":{"rendered":"<p>A propos, de moi&#8230; Il faut prendre le temps de prendre le temps ! La photographie de la nature a pris une place pr\u00e9pond\u00e9rante dans ma vie ces vingt derni\u00e8res ann\u00e9es. La gestion d&rsquo;\u00e9nergie, l&rsquo;ing\u00e9nierie informatique m&rsquo;ont laiss\u00e9 et lass\u00e9 pour me consacrer presque enti\u00e8rement au m\u00e9tier que j&rsquo;aime. Photographe environnementaliste par conviction, paysagiste et animalier par passion, je prends mon temps de choyer mes images.\u00a0Je pense qu\u2019une belle photographie peut sensibiliser \u00e0 la protection de la nature, c\u2019est le [&hellip;]<\/p>\n","protected":false},"author":2,"featured_media":1228,"parent":0,"menu_order":0,"comment_status":"closed","ping_status":"closed","template":"","meta":{"footnotes":""},"class_list":["post-99","page","type-page","status-publish","has-post-thumbnail","hentry"],"_links":{"self":[{"href":"https:\/\/www.tempsdepause.ch\/solfar\/wp-json\/wp\/v2\/pages\/99","targetHints":{"allow":["GET"]}}],"collection":[{"href":"https:\/\/www.tempsdepause.ch\/solfar\/wp-json\/wp\/v2\/pages"}],"about":[{"href":"https:\/\/www.tempsdepause.ch\/solfar\/wp-json\/wp\/v2\/types\/page"}],"author":[{"embeddable":true,"href":"https:\/\/www.tempsdepause.ch\/solfar\/wp-json\/wp\/v2\/users\/2"}],"replies":[{"embeddable":true,"href":"https:\/\/www.tempsdepause.ch\/solfar\/wp-json\/wp\/v2\/comments?post=99"}],"version-history":[{"count":3,"href":"https:\/\/www.tempsdepause.ch\/solfar\/wp-json\/wp\/v2\/pages\/99\/revisions"}],"predecessor-version":[{"id":22097,"href":"https:\/\/www.tempsdepause.ch\/solfar\/wp-json\/wp\/v2\/pages\/99\/revisions\/22097"}],"wp:featuredmedia":[{"embeddable":true,"href":"https:\/\/www.tempsdepause.ch\/solfar\/wp-json\/wp\/v2\/media\/1228"}],"wp:attachment":[{"href":"https:\/\/www.tempsdepause.ch\/solfar\/wp-json\/wp\/v2\/media?parent=99"}],"curies":[{"name":"wp","href":"https:\/\/api.w.org\/{rel}","templated":true}]}}