{"id":2662,"date":"2019-10-14T20:15:31","date_gmt":"2019-10-14T18:15:31","guid":{"rendered":"https:\/\/www.tempsdepause.ch\/solfar\/?page_id=2662"},"modified":"2021-07-18T21:54:33","modified_gmt":"2021-07-18T19:54:33","slug":"un-printemps-en-norvege-nordkapp","status":"publish","type":"page","link":"https:\/\/www.tempsdepause.ch\/solfar\/norway\/un-printemps-en-norvege\/un-printemps-en-norvege-nordkapp\/","title":{"rendered":"Un printemps en Norv\u00e8ge NordKapp"},"content":{"rendered":"\t\t<div data-elementor-type=\"wp-page\" data-elementor-id=\"2662\" class=\"elementor elementor-2662\">\n\t\t\t\t\t\t<section class=\"elementor-section elementor-top-section elementor-element elementor-element-3179741 elementor-section-boxed elementor-section-height-default elementor-section-height-default\" data-id=\"3179741\" data-element_type=\"section\" data-e-type=\"section\">\n\t\t\t\t\t\t<div class=\"elementor-container elementor-column-gap-default\">\n\t\t\t\t\t<div class=\"elementor-column elementor-col-100 elementor-top-column elementor-element elementor-element-7389d8e\" data-id=\"7389d8e\" data-element_type=\"column\" data-e-type=\"column\">\n\t\t\t<div class=\"elementor-widget-wrap elementor-element-populated\">\n\t\t\t\t\t\t<div class=\"elementor-element elementor-element-355737b elementor-widget elementor-widget-heading\" data-id=\"355737b\" data-element_type=\"widget\" data-e-type=\"widget\" data-widget_type=\"heading.default\">\n\t\t\t\t<div class=\"elementor-widget-container\">\n\t\t\t\t\t<h2 class=\"elementor-heading-title elementor-size-default\">Un printemps en Norv\u00e8ge<\/h2>\t\t\t\t<\/div>\n\t\t\t\t<\/div>\n\t\t\t\t\t<\/div>\n\t\t<\/div>\n\t\t\t\t\t<\/div>\n\t\t<\/section>\n\t\t\t\t<section class=\"elementor-section elementor-top-section elementor-element elementor-element-aad62a9 elementor-section-boxed elementor-section-height-default elementor-section-height-default\" data-id=\"aad62a9\" data-element_type=\"section\" data-e-type=\"section\">\n\t\t\t\t\t\t<div class=\"elementor-container elementor-column-gap-default\">\n\t\t\t\t\t<div class=\"elementor-column elementor-col-100 elementor-top-column elementor-element elementor-element-0b46358\" data-id=\"0b46358\" data-element_type=\"column\" data-e-type=\"column\">\n\t\t\t<div class=\"elementor-widget-wrap elementor-element-populated\">\n\t\t\t\t\t\t<div class=\"elementor-element elementor-element-58d442c elementor-widget elementor-widget-image\" data-id=\"58d442c\" data-element_type=\"widget\" data-e-type=\"widget\" data-widget_type=\"image.default\">\n\t\t\t\t<div class=\"elementor-widget-container\">\n\t\t\t\t\t\t\t\t\t\t\t\t\t\t\t<img fetchpriority=\"high\" decoding=\"async\" width=\"1400\" height=\"787\" src=\"https:\/\/www.tempsdepause.ch\/solfar\/wp-content\/uploads\/2019\/12\/JeanDa201906300106210-1.png\" class=\"attachment-full size-full wp-image-2816\" alt=\"\" srcset=\"https:\/\/www.tempsdepause.ch\/solfar\/wp-content\/uploads\/2019\/12\/JeanDa201906300106210-1.png 1400w, https:\/\/www.tempsdepause.ch\/solfar\/wp-content\/uploads\/2019\/12\/JeanDa201906300106210-1-800x450.png 800w, https:\/\/www.tempsdepause.ch\/solfar\/wp-content\/uploads\/2019\/12\/JeanDa201906300106210-1-1024x576.png 1024w, https:\/\/www.tempsdepause.ch\/solfar\/wp-content\/uploads\/2019\/12\/JeanDa201906300106210-1-768x432.png 768w, https:\/\/www.tempsdepause.ch\/solfar\/wp-content\/uploads\/2019\/12\/JeanDa201906300106210-1-600x337.png 600w\" sizes=\"(max-width: 1400px) 100vw, 1400px\" \/>\t\t\t\t\t\t\t\t\t\t\t\t\t\t\t<\/div>\n\t\t\t\t<\/div>\n\t\t\t\t\t<\/div>\n\t\t<\/div>\n\t\t\t\t\t<\/div>\n\t\t<\/section>\n\t\t\t\t<section class=\"elementor-section elementor-top-section elementor-element elementor-element-c6c9e40 elementor-section-boxed elementor-section-height-default elementor-section-height-default\" data-id=\"c6c9e40\" data-element_type=\"section\" data-e-type=\"section\">\n\t\t\t\t\t\t<div class=\"elementor-container elementor-column-gap-default\">\n\t\t\t\t\t<div class=\"elementor-column elementor-col-100 elementor-top-column elementor-element elementor-element-f5b8381\" data-id=\"f5b8381\" data-element_type=\"column\" data-e-type=\"column\">\n\t\t\t<div class=\"elementor-widget-wrap elementor-element-populated\">\n\t\t\t\t\t\t<div class=\"elementor-element elementor-element-2c64fac elementor-widget elementor-widget-heading\" data-id=\"2c64fac\" data-element_type=\"widget\" data-e-type=\"widget\" data-widget_type=\"heading.default\">\n\t\t\t\t<div class=\"elementor-widget-container\">\n\t\t\t\t\t<h3 class=\"elementor-heading-title elementor-size-default\">Nordkapp<\/h3>\t\t\t\t<\/div>\n\t\t\t\t<\/div>\n\t\t\t\t\t<\/div>\n\t\t<\/div>\n\t\t\t\t\t<\/div>\n\t\t<\/section>\n\t\t\t\t<section class=\"elementor-section elementor-top-section elementor-element elementor-element-f227a89 elementor-section-boxed elementor-section-height-default elementor-section-height-default\" data-id=\"f227a89\" data-element_type=\"section\" data-e-type=\"section\">\n\t\t\t\t\t\t<div class=\"elementor-container elementor-column-gap-default\">\n\t\t\t\t\t<div class=\"elementor-column elementor-col-100 elementor-top-column elementor-element elementor-element-76e0109\" data-id=\"76e0109\" data-element_type=\"column\" data-e-type=\"column\">\n\t\t\t<div class=\"elementor-widget-wrap elementor-element-populated\">\n\t\t\t\t\t\t<div class=\"elementor-element elementor-element-37ac734 elementor-widget elementor-widget-image\" data-id=\"37ac734\" data-element_type=\"widget\" data-e-type=\"widget\" data-widget_type=\"image.default\">\n\t\t\t\t<div class=\"elementor-widget-container\">\n\t\t\t\t\t\t\t\t\t\t\t\t\t\t\t<img decoding=\"async\" width=\"1400\" height=\"788\" src=\"https:\/\/www.tempsdepause.ch\/solfar\/wp-content\/uploads\/2019\/12\/JeanDa201906300106193.png\" class=\"attachment-full size-full wp-image-2806\" alt=\"\" srcset=\"https:\/\/www.tempsdepause.ch\/solfar\/wp-content\/uploads\/2019\/12\/JeanDa201906300106193.png 1400w, https:\/\/www.tempsdepause.ch\/solfar\/wp-content\/uploads\/2019\/12\/JeanDa201906300106193-800x450.png 800w, https:\/\/www.tempsdepause.ch\/solfar\/wp-content\/uploads\/2019\/12\/JeanDa201906300106193-1024x576.png 1024w, https:\/\/www.tempsdepause.ch\/solfar\/wp-content\/uploads\/2019\/12\/JeanDa201906300106193-768x432.png 768w, https:\/\/www.tempsdepause.ch\/solfar\/wp-content\/uploads\/2019\/12\/JeanDa201906300106193-600x338.png 600w\" sizes=\"(max-width: 1400px) 100vw, 1400px\" \/>\t\t\t\t\t\t\t\t\t\t\t\t\t\t\t<\/div>\n\t\t\t\t<\/div>\n\t\t\t\t\t<\/div>\n\t\t<\/div>\n\t\t\t\t\t<\/div>\n\t\t<\/section>\n\t\t\t\t<section class=\"elementor-section elementor-top-section elementor-element elementor-element-cb88ece elementor-section-boxed elementor-section-height-default elementor-section-height-default\" data-id=\"cb88ece\" data-element_type=\"section\" data-e-type=\"section\">\n\t\t\t\t\t\t<div class=\"elementor-container elementor-column-gap-default\">\n\t\t\t\t\t<div class=\"elementor-column elementor-col-100 elementor-top-column elementor-element elementor-element-f4f70e4\" data-id=\"f4f70e4\" data-element_type=\"column\" data-e-type=\"column\">\n\t\t\t<div class=\"elementor-widget-wrap elementor-element-populated\">\n\t\t\t\t\t\t<div class=\"elementor-element elementor-element-9209190 elementor-widget elementor-widget-image\" data-id=\"9209190\" data-element_type=\"widget\" data-e-type=\"widget\" data-widget_type=\"image.default\">\n\t\t\t\t<div class=\"elementor-widget-container\">\n\t\t\t\t\t\t\t\t\t\t\t\t\t\t\t<img decoding=\"async\" width=\"1400\" height=\"788\" src=\"https:\/\/www.tempsdepause.ch\/solfar\/wp-content\/uploads\/2019\/12\/JeanDa201906300106196.png\" class=\"attachment-full size-full wp-image-2817\" alt=\"\" srcset=\"https:\/\/www.tempsdepause.ch\/solfar\/wp-content\/uploads\/2019\/12\/JeanDa201906300106196.png 1400w, https:\/\/www.tempsdepause.ch\/solfar\/wp-content\/uploads\/2019\/12\/JeanDa201906300106196-800x450.png 800w, https:\/\/www.tempsdepause.ch\/solfar\/wp-content\/uploads\/2019\/12\/JeanDa201906300106196-1024x576.png 1024w, https:\/\/www.tempsdepause.ch\/solfar\/wp-content\/uploads\/2019\/12\/JeanDa201906300106196-768x432.png 768w, https:\/\/www.tempsdepause.ch\/solfar\/wp-content\/uploads\/2019\/12\/JeanDa201906300106196-600x338.png 600w\" sizes=\"(max-width: 1400px) 100vw, 1400px\" \/>\t\t\t\t\t\t\t\t\t\t\t\t\t\t\t<\/div>\n\t\t\t\t<\/div>\n\t\t\t\t\t<\/div>\n\t\t<\/div>\n\t\t\t\t\t<\/div>\n\t\t<\/section>\n\t\t\t\t<section class=\"elementor-section elementor-top-section elementor-element elementor-element-2d600b2 elementor-section-boxed elementor-section-height-default elementor-section-height-default\" data-id=\"2d600b2\" data-element_type=\"section\" data-e-type=\"section\">\n\t\t\t\t\t\t<div class=\"elementor-container elementor-column-gap-default\">\n\t\t\t\t\t<div class=\"elementor-column elementor-col-100 elementor-top-column elementor-element elementor-element-a792d31\" data-id=\"a792d31\" data-element_type=\"column\" data-e-type=\"column\">\n\t\t\t<div class=\"elementor-widget-wrap elementor-element-populated\">\n\t\t\t\t\t\t<div class=\"elementor-element elementor-element-8a16ae3 elementor-widget elementor-widget-image\" data-id=\"8a16ae3\" data-element_type=\"widget\" data-e-type=\"widget\" data-widget_type=\"image.default\">\n\t\t\t\t<div class=\"elementor-widget-container\">\n\t\t\t\t\t\t\t\t\t\t\t\t\t\t\t<img loading=\"lazy\" decoding=\"async\" width=\"1400\" height=\"788\" src=\"https:\/\/www.tempsdepause.ch\/solfar\/wp-content\/uploads\/2019\/12\/JeanDa201906300106189.png\" class=\"attachment-full size-full wp-image-2815\" alt=\"\" srcset=\"https:\/\/www.tempsdepause.ch\/solfar\/wp-content\/uploads\/2019\/12\/JeanDa201906300106189.png 1400w, https:\/\/www.tempsdepause.ch\/solfar\/wp-content\/uploads\/2019\/12\/JeanDa201906300106189-800x450.png 800w, https:\/\/www.tempsdepause.ch\/solfar\/wp-content\/uploads\/2019\/12\/JeanDa201906300106189-1024x576.png 1024w, https:\/\/www.tempsdepause.ch\/solfar\/wp-content\/uploads\/2019\/12\/JeanDa201906300106189-768x432.png 768w, https:\/\/www.tempsdepause.ch\/solfar\/wp-content\/uploads\/2019\/12\/JeanDa201906300106189-600x338.png 600w\" sizes=\"(max-width: 1400px) 100vw, 1400px\" \/>\t\t\t\t\t\t\t\t\t\t\t\t\t\t\t<\/div>\n\t\t\t\t<\/div>\n\t\t\t\t\t<\/div>\n\t\t<\/div>\n\t\t\t\t\t<\/div>\n\t\t<\/section>\n\t\t\t\t<section class=\"elementor-section elementor-top-section elementor-element elementor-element-0902eb5 elementor-section-boxed elementor-section-height-default elementor-section-height-default\" data-id=\"0902eb5\" data-element_type=\"section\" data-e-type=\"section\">\n\t\t\t\t\t\t<div class=\"elementor-container elementor-column-gap-default\">\n\t\t\t\t\t<div class=\"elementor-column elementor-col-25 elementor-top-column elementor-element elementor-element-9e2d780\" data-id=\"9e2d780\" data-element_type=\"column\" data-e-type=\"column\">\n\t\t\t<div class=\"elementor-widget-wrap\">\n\t\t\t\t\t\t\t<\/div>\n\t\t<\/div>\n\t\t\t\t<div class=\"elementor-column elementor-col-50 elementor-top-column elementor-element elementor-element-7b095bc\" data-id=\"7b095bc\" data-element_type=\"column\" data-e-type=\"column\">\n\t\t\t<div class=\"elementor-widget-wrap elementor-element-populated\">\n\t\t\t\t\t\t<div class=\"elementor-element elementor-element-95216d6 elementor-widget elementor-widget-image\" data-id=\"95216d6\" data-element_type=\"widget\" data-e-type=\"widget\" data-widget_type=\"image.default\">\n\t\t\t\t<div class=\"elementor-widget-container\">\n\t\t\t\t\t\t\t\t\t\t\t\t\t\t\t<img loading=\"lazy\" decoding=\"async\" width=\"900\" height=\"903\" src=\"https:\/\/www.tempsdepause.ch\/solfar\/wp-content\/uploads\/2019\/12\/IMG_1553.jpg\" class=\"attachment-large size-large wp-image-2813\" alt=\"\" srcset=\"https:\/\/www.tempsdepause.ch\/solfar\/wp-content\/uploads\/2019\/12\/IMG_1553.jpg 900w, https:\/\/www.tempsdepause.ch\/solfar\/wp-content\/uploads\/2019\/12\/IMG_1553-498x500.jpg 498w, https:\/\/www.tempsdepause.ch\/solfar\/wp-content\/uploads\/2019\/12\/IMG_1553-150x150.jpg 150w, https:\/\/www.tempsdepause.ch\/solfar\/wp-content\/uploads\/2019\/12\/IMG_1553-768x771.jpg 768w, https:\/\/www.tempsdepause.ch\/solfar\/wp-content\/uploads\/2019\/12\/IMG_1553-160x160.jpg 160w, https:\/\/www.tempsdepause.ch\/solfar\/wp-content\/uploads\/2019\/12\/IMG_1553-800x803.jpg 800w, https:\/\/www.tempsdepause.ch\/solfar\/wp-content\/uploads\/2019\/12\/IMG_1553-600x602.jpg 600w, https:\/\/www.tempsdepause.ch\/solfar\/wp-content\/uploads\/2019\/12\/IMG_1553-100x100.jpg 100w\" sizes=\"(max-width: 900px) 100vw, 900px\" \/>\t\t\t\t\t\t\t\t\t\t\t\t\t\t\t<\/div>\n\t\t\t\t<\/div>\n\t\t\t\t\t<\/div>\n\t\t<\/div>\n\t\t\t\t<div class=\"elementor-column elementor-col-25 elementor-top-column elementor-element elementor-element-a754098\" data-id=\"a754098\" data-element_type=\"column\" data-e-type=\"column\">\n\t\t\t<div class=\"elementor-widget-wrap\">\n\t\t\t\t\t\t\t<\/div>\n\t\t<\/div>\n\t\t\t\t\t<\/div>\n\t\t<\/section>\n\t\t\t\t<section class=\"elementor-section elementor-top-section elementor-element elementor-element-46ec201 elementor-section-boxed elementor-section-height-default elementor-section-height-default\" data-id=\"46ec201\" data-element_type=\"section\" data-e-type=\"section\">\n\t\t\t\t\t\t<div class=\"elementor-container elementor-column-gap-default\">\n\t\t\t\t\t<div class=\"elementor-column elementor-col-100 elementor-top-column elementor-element elementor-element-5407e6d\" data-id=\"5407e6d\" data-element_type=\"column\" data-e-type=\"column\">\n\t\t\t<div class=\"elementor-widget-wrap elementor-element-populated\">\n\t\t\t\t\t\t<div class=\"elementor-element elementor-element-9c2bc9b elementor-widget elementor-widget-image\" data-id=\"9c2bc9b\" data-element_type=\"widget\" data-e-type=\"widget\" data-widget_type=\"image.default\">\n\t\t\t\t<div class=\"elementor-widget-container\">\n\t\t\t\t\t\t\t\t\t\t\t\t\t\t\t<img loading=\"lazy\" decoding=\"async\" width=\"1400\" height=\"412\" src=\"https:\/\/www.tempsdepause.ch\/solfar\/wp-content\/uploads\/2019\/12\/IMG_1549.jpg\" class=\"attachment-full size-full wp-image-2812\" alt=\"\" srcset=\"https:\/\/www.tempsdepause.ch\/solfar\/wp-content\/uploads\/2019\/12\/IMG_1549.jpg 1400w, https:\/\/www.tempsdepause.ch\/solfar\/wp-content\/uploads\/2019\/12\/IMG_1549-800x235.jpg 800w, https:\/\/www.tempsdepause.ch\/solfar\/wp-content\/uploads\/2019\/12\/IMG_1549-1024x301.jpg 1024w, https:\/\/www.tempsdepause.ch\/solfar\/wp-content\/uploads\/2019\/12\/IMG_1549-768x226.jpg 768w, https:\/\/www.tempsdepause.ch\/solfar\/wp-content\/uploads\/2019\/12\/IMG_1549-600x177.jpg 600w\" sizes=\"(max-width: 1400px) 100vw, 1400px\" \/>\t\t\t\t\t\t\t\t\t\t\t\t\t\t\t<\/div>\n\t\t\t\t<\/div>\n\t\t\t\t\t<\/div>\n\t\t<\/div>\n\t\t\t\t\t<\/div>\n\t\t<\/section>\n\t\t\t\t<section class=\"elementor-section elementor-top-section elementor-element elementor-element-a0094bf elementor-section-boxed elementor-section-height-default elementor-section-height-default\" data-id=\"a0094bf\" data-element_type=\"section\" data-e-type=\"section\">\n\t\t\t\t\t\t<div class=\"elementor-container elementor-column-gap-default\">\n\t\t\t\t\t<div class=\"elementor-column elementor-col-100 elementor-top-column elementor-element elementor-element-71d7a1b\" data-id=\"71d7a1b\" data-element_type=\"column\" data-e-type=\"column\">\n\t\t\t<div class=\"elementor-widget-wrap elementor-element-populated\">\n\t\t\t\t\t\t<div class=\"elementor-element elementor-element-cbc4c2f elementor-widget elementor-widget-image\" data-id=\"cbc4c2f\" data-element_type=\"widget\" data-e-type=\"widget\" data-widget_type=\"image.default\">\n\t\t\t\t<div class=\"elementor-widget-container\">\n\t\t\t\t\t\t\t\t\t\t\t\t<figure class=\"wp-caption\">\n\t\t\t\t\t\t\t\t\t\t<img loading=\"lazy\" decoding=\"async\" width=\"1400\" height=\"788\" src=\"https:\/\/www.tempsdepause.ch\/solfar\/wp-content\/uploads\/2019\/12\/IMG_1593.jpg\" class=\"attachment-full size-full wp-image-2809\" alt=\"\" srcset=\"https:\/\/www.tempsdepause.ch\/solfar\/wp-content\/uploads\/2019\/12\/IMG_1593.jpg 1400w, https:\/\/www.tempsdepause.ch\/solfar\/wp-content\/uploads\/2019\/12\/IMG_1593-800x450.jpg 800w, https:\/\/www.tempsdepause.ch\/solfar\/wp-content\/uploads\/2019\/12\/IMG_1593-1024x576.jpg 1024w, https:\/\/www.tempsdepause.ch\/solfar\/wp-content\/uploads\/2019\/12\/IMG_1593-768x432.jpg 768w, https:\/\/www.tempsdepause.ch\/solfar\/wp-content\/uploads\/2019\/12\/IMG_1593-600x338.jpg 600w\" sizes=\"(max-width: 1400px) 100vw, 1400px\" \/>\t\t\t\t\t\t\t\t\t\t\t<figcaption class=\"widget-image-caption wp-caption-text\">1er Juillet 2019 \u00e0 00:27 Minuit ensoleill\u00e9 en compagnie de 150 camping-cars <\/figcaption>\n\t\t\t\t\t\t\t\t\t\t<\/figure>\n\t\t\t\t\t\t\t\t\t<\/div>\n\t\t\t\t<\/div>\n\t\t\t\t\t<\/div>\n\t\t<\/div>\n\t\t\t\t\t<\/div>\n\t\t<\/section>\n\t\t\t\t<section class=\"elementor-section elementor-top-section elementor-element elementor-element-50a5bc3 elementor-section-boxed elementor-section-height-default elementor-section-height-default\" data-id=\"50a5bc3\" data-element_type=\"section\" data-e-type=\"section\">\n\t\t\t\t\t\t<div class=\"elementor-container elementor-column-gap-default\">\n\t\t\t\t\t<div class=\"elementor-column elementor-col-100 elementor-top-column elementor-element elementor-element-a708f24\" data-id=\"a708f24\" data-element_type=\"column\" data-e-type=\"column\">\n\t\t\t<div class=\"elementor-widget-wrap elementor-element-populated\">\n\t\t\t\t\t\t<div class=\"elementor-element elementor-element-5f8fc69 elementor-widget elementor-widget-text-editor\" data-id=\"5f8fc69\" data-element_type=\"widget\" data-e-type=\"widget\" data-widget_type=\"text-editor.default\">\n\t\t\t\t<div class=\"elementor-widget-container\">\n\t\t\t\t\t\t\t\t\t<p>Ce soir c\u2019est l\u2019\u00e9t\u00e9, il faut bon sous le soleil.\u00a0La chance ! Hier en soir\u00e9e le ciel s\u2019est couvert avant minuit. La temp\u00eate a s\u00e9vi toute la \u00ab\u00a0nuit\u00a0\u00bb avec des bourrasques de neige. Notre Solfar tremblait de frousse et nous avec sur ce caillou au bout du monde. J\u2019imagine mal les premiers visiteurs qui d\u00e9barquaient au pied de la falaise 300 m\u00e8tres \u00a0plus bas. Il fallait des moyens princiers pour s\u2019offrir ce frisson \u00e0 l\u2019extr\u00eame nord de l\u2019Europe. Aujourd\u2019hui, m\u00eame plus de ferry pour traverser le dernier d\u00e9troit de mer. Aucun effort, juste un temps d\u2019attente \u00e0 la caisse du parking g\u00e9ant. 285 NOK par jour et par personne. Nous pouvons m\u00eame admirer le soleil avec une coupe de champagne derri\u00e8re les vitres du super accueil g\u00e9ant. Je devrais dire de la super galerie marchande avec bar, restaurant, magasins \u00e0 souvenir et cin\u00e9ma panoramique.\u00a0<\/p>\t\t\t\t\t\t\t\t<\/div>\n\t\t\t\t<\/div>\n\t\t\t\t\t<\/div>\n\t\t<\/div>\n\t\t\t\t\t<\/div>\n\t\t<\/section>\n\t\t\t\t<section class=\"elementor-section elementor-top-section elementor-element elementor-element-f838965 elementor-section-boxed elementor-section-height-default elementor-section-height-default\" data-id=\"f838965\" data-element_type=\"section\" data-e-type=\"section\">\n\t\t\t\t\t\t<div class=\"elementor-container elementor-column-gap-default\">\n\t\t\t\t\t<div class=\"elementor-column elementor-col-100 elementor-top-column elementor-element elementor-element-35df64e\" data-id=\"35df64e\" data-element_type=\"column\" data-e-type=\"column\">\n\t\t\t<div class=\"elementor-widget-wrap elementor-element-populated\">\n\t\t\t\t\t\t<div class=\"elementor-element elementor-element-6c0e934 elementor-widget elementor-widget-image\" data-id=\"6c0e934\" data-element_type=\"widget\" data-e-type=\"widget\" data-widget_type=\"image.default\">\n\t\t\t\t<div class=\"elementor-widget-container\">\n\t\t\t\t\t\t\t\t\t\t\t\t<figure class=\"wp-caption\">\n\t\t\t\t\t\t\t\t\t\t<img loading=\"lazy\" decoding=\"async\" width=\"1400\" height=\"788\" src=\"https:\/\/www.tempsdepause.ch\/solfar\/wp-content\/uploads\/2019\/12\/JeanDa201906290106178.png\" class=\"attachment-full size-full wp-image-2814\" alt=\"\" srcset=\"https:\/\/www.tempsdepause.ch\/solfar\/wp-content\/uploads\/2019\/12\/JeanDa201906290106178.png 1400w, https:\/\/www.tempsdepause.ch\/solfar\/wp-content\/uploads\/2019\/12\/JeanDa201906290106178-800x450.png 800w, https:\/\/www.tempsdepause.ch\/solfar\/wp-content\/uploads\/2019\/12\/JeanDa201906290106178-1024x576.png 1024w, https:\/\/www.tempsdepause.ch\/solfar\/wp-content\/uploads\/2019\/12\/JeanDa201906290106178-768x432.png 768w, https:\/\/www.tempsdepause.ch\/solfar\/wp-content\/uploads\/2019\/12\/JeanDa201906290106178-600x338.png 600w\" sizes=\"(max-width: 1400px) 100vw, 1400px\" \/>\t\t\t\t\t\t\t\t\t\t\t<figcaption class=\"widget-image-caption wp-caption-text\">Le soir du 31 juillet, pr\u00e9c\u00e9dent la temp\u00eate <\/figcaption>\n\t\t\t\t\t\t\t\t\t\t<\/figure>\n\t\t\t\t\t\t\t\t\t<\/div>\n\t\t\t\t<\/div>\n\t\t\t\t\t<\/div>\n\t\t<\/div>\n\t\t\t\t\t<\/div>\n\t\t<\/section>\n\t\t\t\t<section class=\"elementor-section elementor-top-section elementor-element elementor-element-7fcd0a4 elementor-section-boxed elementor-section-height-default elementor-section-height-default\" data-id=\"7fcd0a4\" data-element_type=\"section\" data-e-type=\"section\">\n\t\t\t\t\t\t<div class=\"elementor-container elementor-column-gap-default\">\n\t\t\t\t\t<div class=\"elementor-column elementor-col-100 elementor-top-column elementor-element elementor-element-67a3fa8\" data-id=\"67a3fa8\" data-element_type=\"column\" data-e-type=\"column\">\n\t\t\t<div class=\"elementor-widget-wrap elementor-element-populated\">\n\t\t\t\t\t\t<div class=\"elementor-element elementor-element-1e79095 elementor-align-right elementor-widget elementor-widget-button\" data-id=\"1e79095\" data-element_type=\"widget\" data-e-type=\"widget\" data-widget_type=\"button.default\">\n\t\t\t\t<div class=\"elementor-widget-container\">\n\t\t\t\t\t\t\t\t\t<div class=\"elementor-button-wrapper\">\n\t\t\t\t\t<a class=\"elementor-button elementor-button-link elementor-size-sm\" href=\"https:\/\/www.tempsdepause.ch\/solfar\/un-printemps-en-norvege-varanger\/\">\n\t\t\t\t\t\t<span class=\"elementor-button-content-wrapper\">\n\t\t\t\t\t\t<span class=\"elementor-button-icon\">\n\t\t\t\t<i aria-hidden=\"true\" class=\"far fa-images\"><\/i>\t\t\t<\/span>\n\t\t\t\t\t\t\t\t\t<span class=\"elementor-button-text\">Varangerfjorden <\/span>\n\t\t\t\t\t<\/span>\n\t\t\t\t\t<\/a>\n\t\t\t\t<\/div>\n\t\t\t\t\t\t\t\t<\/div>\n\t\t\t\t<\/div>\n\t\t\t\t\t<\/div>\n\t\t<\/div>\n\t\t\t\t\t<\/div>\n\t\t<\/section>\n\t\t\t\t<\/div>\n\t\t","protected":false},"excerpt":{"rendered":"<p>Un printemps en Norv\u00e8ge Nordkapp 1er Juillet 2019 \u00e0 00:27 Minuit ensoleill\u00e9 en compagnie de 150 camping-cars Ce soir c\u2019est l\u2019\u00e9t\u00e9, il faut bon sous le soleil.\u00a0La chance ! Hier en soir\u00e9e le ciel s\u2019est couvert avant minuit. La temp\u00eate a s\u00e9vi toute la \u00ab\u00a0nuit\u00a0\u00bb avec des bourrasques de neige. Notre Solfar tremblait de frousse et nous avec sur ce caillou au bout du monde. J\u2019imagine mal les premiers visiteurs qui d\u00e9barquaient au pied de la falaise 300 m\u00e8tres \u00a0plus [&hellip;]<\/p>\n","protected":false},"author":2,"featured_media":0,"parent":2251,"menu_order":15,"comment_status":"closed","ping_status":"closed","template":"elementor_header_footer","meta":{"footnotes":""},"class_list":["post-2662","page","type-page","status-publish","hentry"],"_links":{"self":[{"href":"https:\/\/www.tempsdepause.ch\/solfar\/wp-json\/wp\/v2\/pages\/2662","targetHints":{"allow":["GET"]}}],"collection":[{"href":"https:\/\/www.tempsdepause.ch\/solfar\/wp-json\/wp\/v2\/pages"}],"about":[{"href":"https:\/\/www.tempsdepause.ch\/solfar\/wp-json\/wp\/v2\/types\/page"}],"author":[{"embeddable":true,"href":"https:\/\/www.tempsdepause.ch\/solfar\/wp-json\/wp\/v2\/users\/2"}],"replies":[{"embeddable":true,"href":"https:\/\/www.tempsdepause.ch\/solfar\/wp-json\/wp\/v2\/comments?post=2662"}],"version-history":[{"count":3,"href":"https:\/\/www.tempsdepause.ch\/solfar\/wp-json\/wp\/v2\/pages\/2662\/revisions"}],"predecessor-version":[{"id":2821,"href":"https:\/\/www.tempsdepause.ch\/solfar\/wp-json\/wp\/v2\/pages\/2662\/revisions\/2821"}],"up":[{"embeddable":true,"href":"https:\/\/www.tempsdepause.ch\/solfar\/wp-json\/wp\/v2\/pages\/2251"}],"wp:attachment":[{"href":"https:\/\/www.tempsdepause.ch\/solfar\/wp-json\/wp\/v2\/media?parent=2662"}],"curies":[{"name":"wp","href":"https:\/\/api.w.org\/{rel}","templated":true}]}}