{"id":2656,"date":"2019-10-14T20:13:00","date_gmt":"2019-10-14T18:13:00","guid":{"rendered":"https:\/\/www.tempsdepause.ch\/solfar\/?page_id=2656"},"modified":"2021-07-18T21:51:45","modified_gmt":"2021-07-18T19:51:45","slug":"un-printemps-en-norvege-tromso","status":"publish","type":"page","link":"https:\/\/www.tempsdepause.ch\/solfar\/norway\/un-printemps-en-norvege\/un-printemps-en-norvege-tromso\/","title":{"rendered":"Un printemps en Norv\u00e8ge Troms\u00f8"},"content":{"rendered":"\t\t<div data-elementor-type=\"wp-page\" data-elementor-id=\"2656\" class=\"elementor elementor-2656\">\n\t\t\t\t\t\t<section class=\"elementor-section elementor-top-section elementor-element elementor-element-545f580 elementor-section-boxed elementor-section-height-default elementor-section-height-default\" data-id=\"545f580\" data-element_type=\"section\" data-e-type=\"section\">\n\t\t\t\t\t\t<div class=\"elementor-container elementor-column-gap-default\">\n\t\t\t\t\t<div class=\"elementor-column elementor-col-100 elementor-top-column elementor-element elementor-element-f16bd42\" data-id=\"f16bd42\" data-element_type=\"column\" data-e-type=\"column\">\n\t\t\t<div class=\"elementor-widget-wrap elementor-element-populated\">\n\t\t\t\t\t\t<div class=\"elementor-element elementor-element-8203e90 elementor-widget elementor-widget-heading\" data-id=\"8203e90\" data-element_type=\"widget\" data-e-type=\"widget\" data-widget_type=\"heading.default\">\n\t\t\t\t<div class=\"elementor-widget-container\">\n\t\t\t\t\t<h2 class=\"elementor-heading-title elementor-size-default\">Un printemps  en Norv\u00e8ge<\/h2>\t\t\t\t<\/div>\n\t\t\t\t<\/div>\n\t\t\t\t\t<\/div>\n\t\t<\/div>\n\t\t\t\t\t<\/div>\n\t\t<\/section>\n\t\t\t\t<section class=\"elementor-section elementor-top-section elementor-element elementor-element-62da89a elementor-section-boxed elementor-section-height-default elementor-section-height-default\" data-id=\"62da89a\" data-element_type=\"section\" data-e-type=\"section\">\n\t\t\t\t\t\t<div class=\"elementor-container elementor-column-gap-default\">\n\t\t\t\t\t<div class=\"elementor-column elementor-col-100 elementor-top-column elementor-element elementor-element-b1cd685\" data-id=\"b1cd685\" data-element_type=\"column\" data-e-type=\"column\">\n\t\t\t<div class=\"elementor-widget-wrap elementor-element-populated\">\n\t\t\t\t\t\t<div class=\"elementor-element elementor-element-15a01e1 elementor-widget elementor-widget-image\" data-id=\"15a01e1\" data-element_type=\"widget\" data-e-type=\"widget\" data-widget_type=\"image.default\">\n\t\t\t\t<div class=\"elementor-widget-container\">\n\t\t\t\t\t\t\t\t\t\t\t\t\t\t\t<img fetchpriority=\"high\" decoding=\"async\" width=\"1400\" height=\"788\" src=\"https:\/\/www.tempsdepause.ch\/solfar\/wp-content\/uploads\/2019\/12\/IMG_1382.png\" class=\"attachment-full size-full wp-image-2717\" alt=\"\" srcset=\"https:\/\/www.tempsdepause.ch\/solfar\/wp-content\/uploads\/2019\/12\/IMG_1382.png 1400w, https:\/\/www.tempsdepause.ch\/solfar\/wp-content\/uploads\/2019\/12\/IMG_1382-800x450.png 800w, https:\/\/www.tempsdepause.ch\/solfar\/wp-content\/uploads\/2019\/12\/IMG_1382-1024x576.png 1024w, https:\/\/www.tempsdepause.ch\/solfar\/wp-content\/uploads\/2019\/12\/IMG_1382-768x432.png 768w, https:\/\/www.tempsdepause.ch\/solfar\/wp-content\/uploads\/2019\/12\/IMG_1382-600x338.png 600w\" sizes=\"(max-width: 1400px) 100vw, 1400px\" \/>\t\t\t\t\t\t\t\t\t\t\t\t\t\t\t<\/div>\n\t\t\t\t<\/div>\n\t\t\t\t\t<\/div>\n\t\t<\/div>\n\t\t\t\t\t<\/div>\n\t\t<\/section>\n\t\t\t\t<section class=\"elementor-section elementor-top-section elementor-element elementor-element-b2731ae elementor-section-boxed elementor-section-height-default elementor-section-height-default\" data-id=\"b2731ae\" data-element_type=\"section\" data-e-type=\"section\">\n\t\t\t\t\t\t<div class=\"elementor-container elementor-column-gap-default\">\n\t\t\t\t\t<div class=\"elementor-column elementor-col-100 elementor-top-column elementor-element elementor-element-62d5098\" data-id=\"62d5098\" data-element_type=\"column\" data-e-type=\"column\">\n\t\t\t<div class=\"elementor-widget-wrap elementor-element-populated\">\n\t\t\t\t\t\t<div class=\"elementor-element elementor-element-61c8819 elementor-widget elementor-widget-heading\" data-id=\"61c8819\" data-element_type=\"widget\" data-e-type=\"widget\" data-widget_type=\"heading.default\">\n\t\t\t\t<div class=\"elementor-widget-container\">\n\t\t\t\t\t<h3 class=\"elementor-heading-title elementor-size-default\">Troms\u00f8<\/h3>\t\t\t\t<\/div>\n\t\t\t\t<\/div>\n\t\t\t\t\t<\/div>\n\t\t<\/div>\n\t\t\t\t\t<\/div>\n\t\t<\/section>\n\t\t\t\t<section class=\"elementor-section elementor-top-section elementor-element elementor-element-5248f6f elementor-section-boxed elementor-section-height-default elementor-section-height-default\" data-id=\"5248f6f\" data-element_type=\"section\" data-e-type=\"section\">\n\t\t\t\t\t\t<div class=\"elementor-container elementor-column-gap-default\">\n\t\t\t\t\t<div class=\"elementor-column elementor-col-33 elementor-top-column elementor-element elementor-element-e969465\" data-id=\"e969465\" data-element_type=\"column\" data-e-type=\"column\">\n\t\t\t<div class=\"elementor-widget-wrap elementor-element-populated\">\n\t\t\t\t\t\t<div class=\"elementor-element elementor-element-ae8ded6 elementor-widget elementor-widget-image\" data-id=\"ae8ded6\" data-element_type=\"widget\" data-e-type=\"widget\" data-widget_type=\"image.default\">\n\t\t\t\t<div class=\"elementor-widget-container\">\n\t\t\t\t\t\t\t\t\t\t\t\t\t\t\t<img decoding=\"async\" width=\"400\" height=\"533\" src=\"https:\/\/www.tempsdepause.ch\/solfar\/wp-content\/uploads\/2019\/12\/IMG_1393.jpg\" class=\"attachment-large size-large wp-image-2721\" alt=\"\" srcset=\"https:\/\/www.tempsdepause.ch\/solfar\/wp-content\/uploads\/2019\/12\/IMG_1393.jpg 400w, https:\/\/www.tempsdepause.ch\/solfar\/wp-content\/uploads\/2019\/12\/IMG_1393-375x500.jpg 375w\" sizes=\"(max-width: 400px) 100vw, 400px\" \/>\t\t\t\t\t\t\t\t\t\t\t\t\t\t\t<\/div>\n\t\t\t\t<\/div>\n\t\t\t\t\t<\/div>\n\t\t<\/div>\n\t\t\t\t<div class=\"elementor-column elementor-col-33 elementor-top-column elementor-element elementor-element-4ba718b\" data-id=\"4ba718b\" data-element_type=\"column\" data-e-type=\"column\">\n\t\t\t<div class=\"elementor-widget-wrap elementor-element-populated\">\n\t\t\t\t\t\t<div class=\"elementor-element elementor-element-92b40ad elementor-widget elementor-widget-image\" data-id=\"92b40ad\" data-element_type=\"widget\" data-e-type=\"widget\" data-widget_type=\"image.default\">\n\t\t\t\t<div class=\"elementor-widget-container\">\n\t\t\t\t\t\t\t\t\t\t\t\t\t\t\t<img decoding=\"async\" width=\"400\" height=\"533\" src=\"https:\/\/www.tempsdepause.ch\/solfar\/wp-content\/uploads\/2019\/12\/IMG_1376.jpg\" class=\"attachment-large size-large wp-image-2720\" alt=\"\" srcset=\"https:\/\/www.tempsdepause.ch\/solfar\/wp-content\/uploads\/2019\/12\/IMG_1376.jpg 400w, https:\/\/www.tempsdepause.ch\/solfar\/wp-content\/uploads\/2019\/12\/IMG_1376-375x500.jpg 375w\" sizes=\"(max-width: 400px) 100vw, 400px\" \/>\t\t\t\t\t\t\t\t\t\t\t\t\t\t\t<\/div>\n\t\t\t\t<\/div>\n\t\t\t\t\t<\/div>\n\t\t<\/div>\n\t\t\t\t<div class=\"elementor-column elementor-col-33 elementor-top-column elementor-element elementor-element-5d84279\" data-id=\"5d84279\" data-element_type=\"column\" data-e-type=\"column\">\n\t\t\t<div class=\"elementor-widget-wrap elementor-element-populated\">\n\t\t\t\t\t\t<div class=\"elementor-element elementor-element-3e95605 elementor-widget elementor-widget-image\" data-id=\"3e95605\" data-element_type=\"widget\" data-e-type=\"widget\" data-widget_type=\"image.default\">\n\t\t\t\t<div class=\"elementor-widget-container\">\n\t\t\t\t\t\t\t\t\t\t\t\t\t\t\t<img loading=\"lazy\" decoding=\"async\" width=\"400\" height=\"533\" src=\"https:\/\/www.tempsdepause.ch\/solfar\/wp-content\/uploads\/2019\/12\/IMG_1381.jpg\" class=\"attachment-large size-large wp-image-2719\" alt=\"\" srcset=\"https:\/\/www.tempsdepause.ch\/solfar\/wp-content\/uploads\/2019\/12\/IMG_1381.jpg 400w, https:\/\/www.tempsdepause.ch\/solfar\/wp-content\/uploads\/2019\/12\/IMG_1381-375x500.jpg 375w\" sizes=\"(max-width: 400px) 100vw, 400px\" \/>\t\t\t\t\t\t\t\t\t\t\t\t\t\t\t<\/div>\n\t\t\t\t<\/div>\n\t\t\t\t\t<\/div>\n\t\t<\/div>\n\t\t\t\t\t<\/div>\n\t\t<\/section>\n\t\t\t\t<section class=\"elementor-section elementor-top-section elementor-element elementor-element-173487f elementor-section-boxed elementor-section-height-default elementor-section-height-default\" data-id=\"173487f\" data-element_type=\"section\" data-e-type=\"section\">\n\t\t\t\t\t\t<div class=\"elementor-container elementor-column-gap-default\">\n\t\t\t\t\t<div class=\"elementor-column elementor-col-33 elementor-top-column elementor-element elementor-element-280cc85\" data-id=\"280cc85\" data-element_type=\"column\" data-e-type=\"column\">\n\t\t\t<div class=\"elementor-widget-wrap elementor-element-populated\">\n\t\t\t\t\t\t<div class=\"elementor-element elementor-element-01fadae elementor-widget elementor-widget-image\" data-id=\"01fadae\" data-element_type=\"widget\" data-e-type=\"widget\" data-widget_type=\"image.default\">\n\t\t\t\t<div class=\"elementor-widget-container\">\n\t\t\t\t\t\t\t\t\t\t\t\t\t\t\t<img loading=\"lazy\" decoding=\"async\" width=\"700\" height=\"525\" src=\"https:\/\/www.tempsdepause.ch\/solfar\/wp-content\/uploads\/2019\/12\/IMG_1357.jpg\" class=\"attachment-large size-large wp-image-2734\" alt=\"\" srcset=\"https:\/\/www.tempsdepause.ch\/solfar\/wp-content\/uploads\/2019\/12\/IMG_1357.jpg 700w, https:\/\/www.tempsdepause.ch\/solfar\/wp-content\/uploads\/2019\/12\/IMG_1357-667x500.jpg 667w, https:\/\/www.tempsdepause.ch\/solfar\/wp-content\/uploads\/2019\/12\/IMG_1357-300x225.jpg 300w, https:\/\/www.tempsdepause.ch\/solfar\/wp-content\/uploads\/2019\/12\/IMG_1357-600x450.jpg 600w\" sizes=\"(max-width: 700px) 100vw, 700px\" \/>\t\t\t\t\t\t\t\t\t\t\t\t\t\t\t<\/div>\n\t\t\t\t<\/div>\n\t\t\t\t\t<\/div>\n\t\t<\/div>\n\t\t\t\t<div class=\"elementor-column elementor-col-33 elementor-top-column elementor-element elementor-element-545c88e\" data-id=\"545c88e\" data-element_type=\"column\" data-e-type=\"column\">\n\t\t\t<div class=\"elementor-widget-wrap\">\n\t\t\t\t\t\t\t<\/div>\n\t\t<\/div>\n\t\t\t\t<div class=\"elementor-column elementor-col-33 elementor-top-column elementor-element elementor-element-95f6a95\" data-id=\"95f6a95\" data-element_type=\"column\" data-e-type=\"column\">\n\t\t\t<div class=\"elementor-widget-wrap elementor-element-populated\">\n\t\t\t\t\t\t<div class=\"elementor-element elementor-element-d5d0f70 elementor-widget elementor-widget-image\" data-id=\"d5d0f70\" data-element_type=\"widget\" data-e-type=\"widget\" data-widget_type=\"image.default\">\n\t\t\t\t<div class=\"elementor-widget-container\">\n\t\t\t\t\t\t\t\t\t\t\t\t\t\t\t<img loading=\"lazy\" decoding=\"async\" width=\"400\" height=\"711\" src=\"https:\/\/www.tempsdepause.ch\/solfar\/wp-content\/uploads\/2019\/12\/IMG_1351-1.jpg\" class=\"attachment-large size-large wp-image-2736\" alt=\"\" srcset=\"https:\/\/www.tempsdepause.ch\/solfar\/wp-content\/uploads\/2019\/12\/IMG_1351-1.jpg 400w, https:\/\/www.tempsdepause.ch\/solfar\/wp-content\/uploads\/2019\/12\/IMG_1351-1-281x500.jpg 281w\" sizes=\"(max-width: 400px) 100vw, 400px\" \/>\t\t\t\t\t\t\t\t\t\t\t\t\t\t\t<\/div>\n\t\t\t\t<\/div>\n\t\t\t\t\t<\/div>\n\t\t<\/div>\n\t\t\t\t\t<\/div>\n\t\t<\/section>\n\t\t\t\t<section class=\"elementor-section elementor-top-section elementor-element elementor-element-bf3ab04 elementor-section-boxed elementor-section-height-default elementor-section-height-default\" data-id=\"bf3ab04\" data-element_type=\"section\" data-e-type=\"section\">\n\t\t\t\t\t\t<div class=\"elementor-container elementor-column-gap-default\">\n\t\t\t\t\t<div class=\"elementor-column elementor-col-66 elementor-top-column elementor-element elementor-element-fdc1a2f\" data-id=\"fdc1a2f\" data-element_type=\"column\" data-e-type=\"column\">\n\t\t\t<div class=\"elementor-widget-wrap elementor-element-populated\">\n\t\t\t\t\t\t<div class=\"elementor-element elementor-element-8da8ada elementor-widget elementor-widget-image\" data-id=\"8da8ada\" data-element_type=\"widget\" data-e-type=\"widget\" data-widget_type=\"image.default\">\n\t\t\t\t<div class=\"elementor-widget-container\">\n\t\t\t\t\t\t\t\t\t\t\t\t\t\t\t<img loading=\"lazy\" decoding=\"async\" width=\"900\" height=\"675\" src=\"https:\/\/www.tempsdepause.ch\/solfar\/wp-content\/uploads\/2019\/12\/IMG_1370.jpg\" class=\"attachment-large size-large wp-image-2726\" alt=\"\" srcset=\"https:\/\/www.tempsdepause.ch\/solfar\/wp-content\/uploads\/2019\/12\/IMG_1370.jpg 900w, https:\/\/www.tempsdepause.ch\/solfar\/wp-content\/uploads\/2019\/12\/IMG_1370-667x500.jpg 667w, https:\/\/www.tempsdepause.ch\/solfar\/wp-content\/uploads\/2019\/12\/IMG_1370-768x576.jpg 768w, https:\/\/www.tempsdepause.ch\/solfar\/wp-content\/uploads\/2019\/12\/IMG_1370-800x600.jpg 800w, https:\/\/www.tempsdepause.ch\/solfar\/wp-content\/uploads\/2019\/12\/IMG_1370-300x225.jpg 300w, https:\/\/www.tempsdepause.ch\/solfar\/wp-content\/uploads\/2019\/12\/IMG_1370-600x450.jpg 600w\" sizes=\"(max-width: 900px) 100vw, 900px\" \/>\t\t\t\t\t\t\t\t\t\t\t\t\t\t\t<\/div>\n\t\t\t\t<\/div>\n\t\t\t\t\t<\/div>\n\t\t<\/div>\n\t\t\t\t<div class=\"elementor-column elementor-col-33 elementor-top-column elementor-element elementor-element-4a21dae\" data-id=\"4a21dae\" data-element_type=\"column\" data-e-type=\"column\">\n\t\t\t<div class=\"elementor-widget-wrap elementor-element-populated\">\n\t\t\t\t\t\t<div class=\"elementor-element elementor-element-dc57c2f elementor-widget elementor-widget-text-editor\" data-id=\"dc57c2f\" data-element_type=\"widget\" data-e-type=\"widget\" data-widget_type=\"text-editor.default\">\n\t\t\t\t<div class=\"elementor-widget-container\">\n\t\t\t\t\t\t\t\t\t<p>Nous restons deux jours sur l&rsquo;ile de Troms\u00f8. Le temps pour VW de commander un nouveau r\u00e9troviseur et l&rsquo;installer. Facile pour arriver en ville, on prend un grand pont, on longe la piste de l&rsquo;a\u00e9roport, puis l&rsquo;autoroute plonge sous terre. Surprenant, le GPS fonctionne sous la montagne. Heureusement car il y a des ronds-points l\u00e0-dessous! Je suis centrum puis parking. Je prends donc dans ce souterrain des all\u00e9es P1, P2 etc, pour enfin faire halte. une sortie est juste derri\u00e8re la biblioth\u00e8que. C&rsquo;est la premi\u00e8re fois que je rentre avec une autoroute dans un tunnel pour en sortir \u00e0 pied par une petite porte derri\u00e8re la biblioth\u00e8que. Le lendemain, je rentre sous une maison avec mon bus, pour sortir au bout de la piste de l&rsquo;a\u00e9roport. Et pour se rendre \u00e0 l&rsquo;\u00e9glise en face, on traverse le bras de mer par un pont tellement impressionnant que j&rsquo;ai l&rsquo;impression que nous allons entrer dans l&rsquo;\u00e9glise par le toit.\u00a0<\/p>\t\t\t\t\t\t\t\t<\/div>\n\t\t\t\t<\/div>\n\t\t\t\t\t<\/div>\n\t\t<\/div>\n\t\t\t\t\t<\/div>\n\t\t<\/section>\n\t\t\t\t<section class=\"elementor-section elementor-top-section elementor-element elementor-element-e6d2295 elementor-section-boxed elementor-section-height-default elementor-section-height-default\" data-id=\"e6d2295\" data-element_type=\"section\" data-e-type=\"section\">\n\t\t\t\t\t\t<div class=\"elementor-container elementor-column-gap-default\">\n\t\t\t\t\t<div class=\"elementor-column elementor-col-100 elementor-top-column elementor-element elementor-element-654d5a5\" data-id=\"654d5a5\" data-element_type=\"column\" data-e-type=\"column\">\n\t\t\t<div class=\"elementor-widget-wrap elementor-element-populated\">\n\t\t\t\t\t\t<div class=\"elementor-element elementor-element-e9ad468 elementor-widget elementor-widget-image\" data-id=\"e9ad468\" data-element_type=\"widget\" data-e-type=\"widget\" data-widget_type=\"image.default\">\n\t\t\t\t<div class=\"elementor-widget-container\">\n\t\t\t\t\t\t\t\t\t\t\t\t\t\t\t<img loading=\"lazy\" decoding=\"async\" width=\"1400\" height=\"788\" src=\"https:\/\/www.tempsdepause.ch\/solfar\/wp-content\/uploads\/2019\/12\/IMG_1397.jpg\" class=\"attachment-full size-full wp-image-2727\" alt=\"\" srcset=\"https:\/\/www.tempsdepause.ch\/solfar\/wp-content\/uploads\/2019\/12\/IMG_1397.jpg 1400w, https:\/\/www.tempsdepause.ch\/solfar\/wp-content\/uploads\/2019\/12\/IMG_1397-800x450.jpg 800w, https:\/\/www.tempsdepause.ch\/solfar\/wp-content\/uploads\/2019\/12\/IMG_1397-1024x576.jpg 1024w, https:\/\/www.tempsdepause.ch\/solfar\/wp-content\/uploads\/2019\/12\/IMG_1397-768x432.jpg 768w, https:\/\/www.tempsdepause.ch\/solfar\/wp-content\/uploads\/2019\/12\/IMG_1397-600x338.jpg 600w\" sizes=\"(max-width: 1400px) 100vw, 1400px\" \/>\t\t\t\t\t\t\t\t\t\t\t\t\t\t\t<\/div>\n\t\t\t\t<\/div>\n\t\t\t\t\t<\/div>\n\t\t<\/div>\n\t\t\t\t\t<\/div>\n\t\t<\/section>\n\t\t\t\t<section class=\"elementor-section elementor-top-section elementor-element elementor-element-843b8ca elementor-section-boxed elementor-section-height-default elementor-section-height-default\" data-id=\"843b8ca\" data-element_type=\"section\" data-e-type=\"section\">\n\t\t\t\t\t\t<div class=\"elementor-container elementor-column-gap-default\">\n\t\t\t\t\t<div class=\"elementor-column elementor-col-100 elementor-top-column elementor-element elementor-element-3ca8660\" data-id=\"3ca8660\" data-element_type=\"column\" data-e-type=\"column\">\n\t\t\t<div class=\"elementor-widget-wrap elementor-element-populated\">\n\t\t\t\t\t\t<div class=\"elementor-element elementor-element-eb8a475 elementor-align-right elementor-widget elementor-widget-button\" data-id=\"eb8a475\" data-element_type=\"widget\" data-e-type=\"widget\" data-widget_type=\"button.default\">\n\t\t\t\t<div class=\"elementor-widget-container\">\n\t\t\t\t\t\t\t\t\t<div class=\"elementor-button-wrapper\">\n\t\t\t\t\t<a class=\"elementor-button elementor-button-link elementor-size-sm\" href=\"https:\/\/www.tempsdepause.ch\/solfar\/un-printemps-en-norvege\/un-printemps-en-norvege-alta\/\">\n\t\t\t\t\t\t<span class=\"elementor-button-content-wrapper\">\n\t\t\t\t\t\t<span class=\"elementor-button-icon\">\n\t\t\t\t<i aria-hidden=\"true\" class=\"far fa-images\"><\/i>\t\t\t<\/span>\n\t\t\t\t\t\t\t\t\t<span class=\"elementor-button-text\">Alta <\/span>\n\t\t\t\t\t<\/span>\n\t\t\t\t\t<\/a>\n\t\t\t\t<\/div>\n\t\t\t\t\t\t\t\t<\/div>\n\t\t\t\t<\/div>\n\t\t\t\t\t<\/div>\n\t\t<\/div>\n\t\t\t\t\t<\/div>\n\t\t<\/section>\n\t\t\t\t<\/div>\n\t\t","protected":false},"excerpt":{"rendered":"<p>Un printemps en Norv\u00e8ge Troms\u00f8 Nous restons deux jours sur l&rsquo;ile de Troms\u00f8. Le temps pour VW de commander un nouveau r\u00e9troviseur et l&rsquo;installer. Facile pour arriver en ville, on prend un grand pont, on longe la piste de l&rsquo;a\u00e9roport, puis l&rsquo;autoroute plonge sous terre. Surprenant, le GPS fonctionne sous la montagne. Heureusement car il y a des ronds-points l\u00e0-dessous! Je suis centrum puis parking. Je prends donc dans ce souterrain des all\u00e9es P1, P2 etc, pour enfin faire halte. [&hellip;]<\/p>\n","protected":false},"author":2,"featured_media":0,"parent":2251,"menu_order":13,"comment_status":"closed","ping_status":"closed","template":"elementor_header_footer","meta":{"footnotes":""},"class_list":["post-2656","page","type-page","status-publish","hentry"],"_links":{"self":[{"href":"https:\/\/www.tempsdepause.ch\/solfar\/wp-json\/wp\/v2\/pages\/2656","targetHints":{"allow":["GET"]}}],"collection":[{"href":"https:\/\/www.tempsdepause.ch\/solfar\/wp-json\/wp\/v2\/pages"}],"about":[{"href":"https:\/\/www.tempsdepause.ch\/solfar\/wp-json\/wp\/v2\/types\/page"}],"author":[{"embeddable":true,"href":"https:\/\/www.tempsdepause.ch\/solfar\/wp-json\/wp\/v2\/users\/2"}],"replies":[{"embeddable":true,"href":"https:\/\/www.tempsdepause.ch\/solfar\/wp-json\/wp\/v2\/comments?post=2656"}],"version-history":[{"count":3,"href":"https:\/\/www.tempsdepause.ch\/solfar\/wp-json\/wp\/v2\/pages\/2656\/revisions"}],"predecessor-version":[{"id":2751,"href":"https:\/\/www.tempsdepause.ch\/solfar\/wp-json\/wp\/v2\/pages\/2656\/revisions\/2751"}],"up":[{"embeddable":true,"href":"https:\/\/www.tempsdepause.ch\/solfar\/wp-json\/wp\/v2\/pages\/2251"}],"wp:attachment":[{"href":"https:\/\/www.tempsdepause.ch\/solfar\/wp-json\/wp\/v2\/media?parent=2656"}],"curies":[{"name":"wp","href":"https:\/\/api.w.org\/{rel}","templated":true}]}}