{"id":2599,"date":"2019-10-14T20:10:49","date_gmt":"2019-10-14T18:10:49","guid":{"rendered":"https:\/\/www.tempsdepause.ch\/solfar\/?page_id=2599"},"modified":"2021-07-18T21:53:39","modified_gmt":"2021-07-18T19:53:39","slug":"un-printemps-en-norvege-cercle-arctique","status":"publish","type":"page","link":"https:\/\/www.tempsdepause.ch\/solfar\/norway\/un-printemps-en-norvege\/un-printemps-en-norvege-cercle-arctique\/","title":{"rendered":"Un printemps en Norv\u00e8ge, vers le cercle arctique"},"content":{"rendered":"\t\t<div data-elementor-type=\"wp-page\" data-elementor-id=\"2599\" class=\"elementor elementor-2599\">\n\t\t\t\t\t\t<section class=\"elementor-section elementor-top-section elementor-element elementor-element-e4c310e elementor-section-boxed elementor-section-height-default elementor-section-height-default\" data-id=\"e4c310e\" data-element_type=\"section\" data-e-type=\"section\">\n\t\t\t\t\t\t<div class=\"elementor-container elementor-column-gap-default\">\n\t\t\t\t\t<div class=\"elementor-column elementor-col-100 elementor-top-column elementor-element elementor-element-edfa460\" data-id=\"edfa460\" data-element_type=\"column\" data-e-type=\"column\">\n\t\t\t<div class=\"elementor-widget-wrap elementor-element-populated\">\n\t\t\t\t\t\t<div class=\"elementor-element elementor-element-4f3e716 elementor-widget elementor-widget-heading\" data-id=\"4f3e716\" data-element_type=\"widget\" data-e-type=\"widget\" data-widget_type=\"heading.default\">\n\t\t\t\t<div class=\"elementor-widget-container\">\n\t\t\t\t\t<h2 class=\"elementor-heading-title elementor-size-default\">Un printemps en Norv\u00e8ge<\/h2>\t\t\t\t<\/div>\n\t\t\t\t<\/div>\n\t\t\t\t\t<\/div>\n\t\t<\/div>\n\t\t\t\t\t<\/div>\n\t\t<\/section>\n\t\t\t\t<section class=\"elementor-section elementor-top-section elementor-element elementor-element-abd1acd elementor-section-boxed elementor-section-height-default elementor-section-height-default\" data-id=\"abd1acd\" data-element_type=\"section\" data-e-type=\"section\">\n\t\t\t\t\t\t<div class=\"elementor-container elementor-column-gap-default\">\n\t\t\t\t\t<div class=\"elementor-column elementor-col-100 elementor-top-column elementor-element elementor-element-b757ade\" data-id=\"b757ade\" data-element_type=\"column\" data-e-type=\"column\">\n\t\t\t<div class=\"elementor-widget-wrap elementor-element-populated\">\n\t\t\t\t\t\t<div class=\"elementor-element elementor-element-a2a9f70 elementor-widget elementor-widget-image\" data-id=\"a2a9f70\" data-element_type=\"widget\" data-e-type=\"widget\" data-widget_type=\"image.default\">\n\t\t\t\t<div class=\"elementor-widget-container\">\n\t\t\t\t\t\t\t\t\t\t\t\t\t\t\t<img fetchpriority=\"high\" decoding=\"async\" width=\"1400\" height=\"932\" src=\"https:\/\/www.tempsdepause.ch\/solfar\/wp-content\/uploads\/2019\/12\/JeanDa2014061104078.png\" class=\"attachment-full size-full wp-image-2542\" alt=\"\" srcset=\"https:\/\/www.tempsdepause.ch\/solfar\/wp-content\/uploads\/2019\/12\/JeanDa2014061104078.png 1400w, https:\/\/www.tempsdepause.ch\/solfar\/wp-content\/uploads\/2019\/12\/JeanDa2014061104078-751x500.png 751w, https:\/\/www.tempsdepause.ch\/solfar\/wp-content\/uploads\/2019\/12\/JeanDa2014061104078-1024x682.png 1024w, https:\/\/www.tempsdepause.ch\/solfar\/wp-content\/uploads\/2019\/12\/JeanDa2014061104078-768x511.png 768w, https:\/\/www.tempsdepause.ch\/solfar\/wp-content\/uploads\/2019\/12\/JeanDa2014061104078-800x533.png 800w, https:\/\/www.tempsdepause.ch\/solfar\/wp-content\/uploads\/2019\/12\/JeanDa2014061104078-600x399.png 600w\" sizes=\"(max-width: 1400px) 100vw, 1400px\" \/>\t\t\t\t\t\t\t\t\t\t\t\t\t\t\t<\/div>\n\t\t\t\t<\/div>\n\t\t\t\t\t<\/div>\n\t\t<\/div>\n\t\t\t\t\t<\/div>\n\t\t<\/section>\n\t\t\t\t<section class=\"elementor-section elementor-top-section elementor-element elementor-element-dc4fd5d elementor-section-boxed elementor-section-height-default elementor-section-height-default\" data-id=\"dc4fd5d\" data-element_type=\"section\" data-e-type=\"section\">\n\t\t\t\t\t\t<div class=\"elementor-container elementor-column-gap-default\">\n\t\t\t\t\t<div class=\"elementor-column elementor-col-100 elementor-top-column elementor-element elementor-element-341d37e\" data-id=\"341d37e\" data-element_type=\"column\" data-e-type=\"column\">\n\t\t\t<div class=\"elementor-widget-wrap elementor-element-populated\">\n\t\t\t\t\t\t<div class=\"elementor-element elementor-element-2640107 elementor-widget elementor-widget-heading\" data-id=\"2640107\" data-element_type=\"widget\" data-e-type=\"widget\" data-widget_type=\"heading.default\">\n\t\t\t\t<div class=\"elementor-widget-container\">\n\t\t\t\t\t<h3 class=\"elementor-heading-title elementor-size-default\">Vers le cercle polaire arctique<\/h3>\t\t\t\t<\/div>\n\t\t\t\t<\/div>\n\t\t\t\t\t<\/div>\n\t\t<\/div>\n\t\t\t\t\t<\/div>\n\t\t<\/section>\n\t\t\t\t<section class=\"elementor-section elementor-top-section elementor-element elementor-element-b277144 elementor-section-boxed elementor-section-height-default elementor-section-height-default\" data-id=\"b277144\" data-element_type=\"section\" data-e-type=\"section\">\n\t\t\t\t\t\t<div class=\"elementor-container elementor-column-gap-default\">\n\t\t\t\t\t<div class=\"elementor-column elementor-col-100 elementor-top-column elementor-element elementor-element-e581395\" data-id=\"e581395\" data-element_type=\"column\" data-e-type=\"column\">\n\t\t\t<div class=\"elementor-widget-wrap elementor-element-populated\">\n\t\t\t\t\t\t<div class=\"elementor-element elementor-element-6abd50c elementor-widget elementor-widget-image\" data-id=\"6abd50c\" data-element_type=\"widget\" data-e-type=\"widget\" data-widget_type=\"image.default\">\n\t\t\t\t<div class=\"elementor-widget-container\">\n\t\t\t\t\t\t\t\t\t\t\t\t\t\t\t<img decoding=\"async\" width=\"1400\" height=\"788\" src=\"https:\/\/www.tempsdepause.ch\/solfar\/wp-content\/uploads\/2019\/12\/JeanDa2014061104085.png\" class=\"attachment-full size-full wp-image-2602\" alt=\"\" srcset=\"https:\/\/www.tempsdepause.ch\/solfar\/wp-content\/uploads\/2019\/12\/JeanDa2014061104085.png 1400w, https:\/\/www.tempsdepause.ch\/solfar\/wp-content\/uploads\/2019\/12\/JeanDa2014061104085-800x450.png 800w, https:\/\/www.tempsdepause.ch\/solfar\/wp-content\/uploads\/2019\/12\/JeanDa2014061104085-1024x576.png 1024w, https:\/\/www.tempsdepause.ch\/solfar\/wp-content\/uploads\/2019\/12\/JeanDa2014061104085-768x432.png 768w, https:\/\/www.tempsdepause.ch\/solfar\/wp-content\/uploads\/2019\/12\/JeanDa2014061104085-600x338.png 600w\" sizes=\"(max-width: 1400px) 100vw, 1400px\" \/>\t\t\t\t\t\t\t\t\t\t\t\t\t\t\t<\/div>\n\t\t\t\t<\/div>\n\t\t\t\t\t<\/div>\n\t\t<\/div>\n\t\t\t\t\t<\/div>\n\t\t<\/section>\n\t\t\t\t<section class=\"elementor-section elementor-top-section elementor-element elementor-element-1b0c014 elementor-section-boxed elementor-section-height-default elementor-section-height-default\" data-id=\"1b0c014\" data-element_type=\"section\" data-e-type=\"section\">\n\t\t\t\t\t\t<div class=\"elementor-container elementor-column-gap-default\">\n\t\t\t\t\t<div class=\"elementor-column elementor-col-100 elementor-top-column elementor-element elementor-element-7a465f3\" data-id=\"7a465f3\" data-element_type=\"column\" data-e-type=\"column\">\n\t\t\t<div class=\"elementor-widget-wrap elementor-element-populated\">\n\t\t\t\t\t\t<div class=\"elementor-element elementor-element-fc47aa9 elementor-widget elementor-widget-image\" data-id=\"fc47aa9\" data-element_type=\"widget\" data-e-type=\"widget\" data-widget_type=\"image.default\">\n\t\t\t\t<div class=\"elementor-widget-container\">\n\t\t\t\t\t\t\t\t\t\t\t\t\t\t\t<img decoding=\"async\" width=\"1400\" height=\"788\" src=\"https:\/\/www.tempsdepause.ch\/solfar\/wp-content\/uploads\/2019\/12\/JeanDa2014061104075.png\" class=\"attachment-full size-full wp-image-2603\" alt=\"\" srcset=\"https:\/\/www.tempsdepause.ch\/solfar\/wp-content\/uploads\/2019\/12\/JeanDa2014061104075.png 1400w, https:\/\/www.tempsdepause.ch\/solfar\/wp-content\/uploads\/2019\/12\/JeanDa2014061104075-800x450.png 800w, https:\/\/www.tempsdepause.ch\/solfar\/wp-content\/uploads\/2019\/12\/JeanDa2014061104075-1024x576.png 1024w, https:\/\/www.tempsdepause.ch\/solfar\/wp-content\/uploads\/2019\/12\/JeanDa2014061104075-768x432.png 768w, https:\/\/www.tempsdepause.ch\/solfar\/wp-content\/uploads\/2019\/12\/JeanDa2014061104075-600x338.png 600w\" sizes=\"(max-width: 1400px) 100vw, 1400px\" \/>\t\t\t\t\t\t\t\t\t\t\t\t\t\t\t<\/div>\n\t\t\t\t<\/div>\n\t\t\t\t\t<\/div>\n\t\t<\/div>\n\t\t\t\t\t<\/div>\n\t\t<\/section>\n\t\t\t\t<section class=\"elementor-section elementor-top-section elementor-element elementor-element-896b63d elementor-section-boxed elementor-section-height-default elementor-section-height-default\" data-id=\"896b63d\" data-element_type=\"section\" data-e-type=\"section\">\n\t\t\t\t\t\t<div class=\"elementor-container elementor-column-gap-default\">\n\t\t\t\t\t<div class=\"elementor-column elementor-col-100 elementor-top-column elementor-element elementor-element-c574363\" data-id=\"c574363\" data-element_type=\"column\" data-e-type=\"column\">\n\t\t\t<div class=\"elementor-widget-wrap elementor-element-populated\">\n\t\t\t\t\t\t<div class=\"elementor-element elementor-element-5461b30 elementor-widget elementor-widget-text-editor\" data-id=\"5461b30\" data-element_type=\"widget\" data-e-type=\"widget\" data-widget_type=\"text-editor.default\">\n\t\t\t\t<div class=\"elementor-widget-container\">\n\t\t\t\t\t\t\t\t\t<p>Un avant gout de Laponie pr\u00e8s de R\u00f8ros sous un ciel mena\u00e7ant. Une nuit arros\u00e9e apr\u00e8s un excellent saumon grill\u00e9 au feu de bois.<\/p><p>La route panoramique norv\u00e9gienne Helgelandskysten, \u00a0route 17, est l&rsquo;une des plus belles routes touristiques de Norv\u00e8ge. Longue de 433 km et n\u00e9cessitant le passage de six ferries entre les iles de l&rsquo;archipel c\u00f4tier. Ce printemps avec un temps variable je n&rsquo;ai pas vraiment profit\u00e9 du paysage. Une erreur, car les randonn\u00e9es sont nombreuses entre ses hautes montagnes aux pieds dans la mer. Comme je le disais pour le sud, la Norv\u00e8ge m\u00e9rite de prendre le temps. La prochaine fois je prends les v\u00e9los.<\/p><p>Le passage du cercle polaire arctique est annonc\u00e9 par le capitaine du ferry. A partir de maintenant en juin, le cr\u00e9puscule et l&rsquo;aube se rejoignent pour de belles journ\u00e9es sans fin.<\/p>\t\t\t\t\t\t\t\t<\/div>\n\t\t\t\t<\/div>\n\t\t\t\t\t<\/div>\n\t\t<\/div>\n\t\t\t\t\t<\/div>\n\t\t<\/section>\n\t\t\t\t<section class=\"elementor-section elementor-top-section elementor-element elementor-element-979a606 elementor-section-boxed elementor-section-height-default elementor-section-height-default\" data-id=\"979a606\" data-element_type=\"section\" data-e-type=\"section\">\n\t\t\t\t\t\t<div class=\"elementor-container elementor-column-gap-default\">\n\t\t\t\t\t<div class=\"elementor-column elementor-col-100 elementor-top-column elementor-element elementor-element-67b72f9\" data-id=\"67b72f9\" data-element_type=\"column\" data-e-type=\"column\">\n\t\t\t<div class=\"elementor-widget-wrap elementor-element-populated\">\n\t\t\t\t\t\t<div class=\"elementor-element elementor-element-bd148ba elementor-widget elementor-widget-image\" data-id=\"bd148ba\" data-element_type=\"widget\" data-e-type=\"widget\" data-widget_type=\"image.default\">\n\t\t\t\t<div class=\"elementor-widget-container\">\n\t\t\t\t\t\t\t\t\t\t\t\t<figure class=\"wp-caption\">\n\t\t\t\t\t\t\t\t\t\t<img loading=\"lazy\" decoding=\"async\" width=\"1400\" height=\"788\" src=\"https:\/\/www.tempsdepause.ch\/solfar\/wp-content\/uploads\/2019\/12\/JeanDa201906170105684-1.png\" class=\"attachment-full size-full wp-image-2609\" alt=\"\" srcset=\"https:\/\/www.tempsdepause.ch\/solfar\/wp-content\/uploads\/2019\/12\/JeanDa201906170105684-1.png 1400w, https:\/\/www.tempsdepause.ch\/solfar\/wp-content\/uploads\/2019\/12\/JeanDa201906170105684-1-800x450.png 800w, https:\/\/www.tempsdepause.ch\/solfar\/wp-content\/uploads\/2019\/12\/JeanDa201906170105684-1-1024x576.png 1024w, https:\/\/www.tempsdepause.ch\/solfar\/wp-content\/uploads\/2019\/12\/JeanDa201906170105684-1-768x432.png 768w, https:\/\/www.tempsdepause.ch\/solfar\/wp-content\/uploads\/2019\/12\/JeanDa201906170105684-1-600x338.png 600w\" sizes=\"(max-width: 1400px) 100vw, 1400px\" \/>\t\t\t\t\t\t\t\t\t\t\t<figcaption class=\"widget-image-caption wp-caption-text\">Namsos au d\u00e9but de la route touristique 17<\/figcaption>\n\t\t\t\t\t\t\t\t\t\t<\/figure>\n\t\t\t\t\t\t\t\t\t<\/div>\n\t\t\t\t<\/div>\n\t\t\t\t\t<\/div>\n\t\t<\/div>\n\t\t\t\t\t<\/div>\n\t\t<\/section>\n\t\t\t\t<section class=\"elementor-section elementor-top-section elementor-element elementor-element-aa25436 elementor-section-boxed elementor-section-height-default elementor-section-height-default\" data-id=\"aa25436\" data-element_type=\"section\" data-e-type=\"section\">\n\t\t\t\t\t\t<div class=\"elementor-container elementor-column-gap-default\">\n\t\t\t\t\t<div class=\"elementor-column elementor-col-33 elementor-top-column elementor-element elementor-element-fb14a5a\" data-id=\"fb14a5a\" data-element_type=\"column\" data-e-type=\"column\">\n\t\t\t<div class=\"elementor-widget-wrap elementor-element-populated\">\n\t\t\t\t\t\t<div class=\"elementor-element elementor-element-125f6bf elementor-widget elementor-widget-image\" data-id=\"125f6bf\" data-element_type=\"widget\" data-e-type=\"widget\" data-widget_type=\"image.default\">\n\t\t\t\t<div class=\"elementor-widget-container\">\n\t\t\t\t\t\t\t\t\t\t\t\t\t\t\t<img loading=\"lazy\" decoding=\"async\" width=\"800\" height=\"600\" src=\"https:\/\/www.tempsdepause.ch\/solfar\/wp-content\/uploads\/2019\/12\/IMG_1173.jpg\" class=\"attachment-large size-large wp-image-2608\" alt=\"\" srcset=\"https:\/\/www.tempsdepause.ch\/solfar\/wp-content\/uploads\/2019\/12\/IMG_1173.jpg 800w, https:\/\/www.tempsdepause.ch\/solfar\/wp-content\/uploads\/2019\/12\/IMG_1173-667x500.jpg 667w, https:\/\/www.tempsdepause.ch\/solfar\/wp-content\/uploads\/2019\/12\/IMG_1173-768x576.jpg 768w, https:\/\/www.tempsdepause.ch\/solfar\/wp-content\/uploads\/2019\/12\/IMG_1173-300x225.jpg 300w, https:\/\/www.tempsdepause.ch\/solfar\/wp-content\/uploads\/2019\/12\/IMG_1173-600x450.jpg 600w\" sizes=\"(max-width: 800px) 100vw, 800px\" \/>\t\t\t\t\t\t\t\t\t\t\t\t\t\t\t<\/div>\n\t\t\t\t<\/div>\n\t\t\t\t\t<\/div>\n\t\t<\/div>\n\t\t\t\t<div class=\"elementor-column elementor-col-33 elementor-top-column elementor-element elementor-element-c881e95\" data-id=\"c881e95\" data-element_type=\"column\" data-e-type=\"column\">\n\t\t\t<div class=\"elementor-widget-wrap elementor-element-populated\">\n\t\t\t\t\t\t<div class=\"elementor-element elementor-element-d450c1c elementor-widget elementor-widget-image\" data-id=\"d450c1c\" data-element_type=\"widget\" data-e-type=\"widget\" data-widget_type=\"image.default\">\n\t\t\t\t<div class=\"elementor-widget-container\">\n\t\t\t\t\t\t\t\t\t\t\t\t\t\t\t<img loading=\"lazy\" decoding=\"async\" width=\"800\" height=\"533\" src=\"https:\/\/www.tempsdepause.ch\/solfar\/wp-content\/uploads\/2019\/12\/IMG_1198.jpg\" class=\"attachment-large size-large wp-image-2606\" alt=\"\" srcset=\"https:\/\/www.tempsdepause.ch\/solfar\/wp-content\/uploads\/2019\/12\/IMG_1198.jpg 800w, https:\/\/www.tempsdepause.ch\/solfar\/wp-content\/uploads\/2019\/12\/IMG_1198-750x500.jpg 750w, https:\/\/www.tempsdepause.ch\/solfar\/wp-content\/uploads\/2019\/12\/IMG_1198-768x512.jpg 768w, https:\/\/www.tempsdepause.ch\/solfar\/wp-content\/uploads\/2019\/12\/IMG_1198-600x400.jpg 600w\" sizes=\"(max-width: 800px) 100vw, 800px\" \/>\t\t\t\t\t\t\t\t\t\t\t\t\t\t\t<\/div>\n\t\t\t\t<\/div>\n\t\t\t\t\t<\/div>\n\t\t<\/div>\n\t\t\t\t<div class=\"elementor-column elementor-col-33 elementor-top-column elementor-element elementor-element-88b5ff9\" data-id=\"88b5ff9\" data-element_type=\"column\" data-e-type=\"column\">\n\t\t\t<div class=\"elementor-widget-wrap elementor-element-populated\">\n\t\t\t\t\t\t<div class=\"elementor-element elementor-element-c5f0c25 elementor-widget elementor-widget-image\" data-id=\"c5f0c25\" data-element_type=\"widget\" data-e-type=\"widget\" data-widget_type=\"image.default\">\n\t\t\t\t<div class=\"elementor-widget-container\">\n\t\t\t\t\t\t\t\t\t\t\t\t\t\t\t<img loading=\"lazy\" decoding=\"async\" width=\"800\" height=\"600\" src=\"https:\/\/www.tempsdepause.ch\/solfar\/wp-content\/uploads\/2019\/12\/IMG_1186.jpg\" class=\"attachment-large size-large wp-image-2607\" alt=\"\" srcset=\"https:\/\/www.tempsdepause.ch\/solfar\/wp-content\/uploads\/2019\/12\/IMG_1186.jpg 800w, https:\/\/www.tempsdepause.ch\/solfar\/wp-content\/uploads\/2019\/12\/IMG_1186-667x500.jpg 667w, https:\/\/www.tempsdepause.ch\/solfar\/wp-content\/uploads\/2019\/12\/IMG_1186-768x576.jpg 768w, https:\/\/www.tempsdepause.ch\/solfar\/wp-content\/uploads\/2019\/12\/IMG_1186-300x225.jpg 300w, https:\/\/www.tempsdepause.ch\/solfar\/wp-content\/uploads\/2019\/12\/IMG_1186-600x450.jpg 600w\" sizes=\"(max-width: 800px) 100vw, 800px\" \/>\t\t\t\t\t\t\t\t\t\t\t\t\t\t\t<\/div>\n\t\t\t\t<\/div>\n\t\t\t\t\t<\/div>\n\t\t<\/div>\n\t\t\t\t\t<\/div>\n\t\t<\/section>\n\t\t\t\t<section class=\"elementor-section elementor-top-section elementor-element elementor-element-b607d8c elementor-section-boxed elementor-section-height-default elementor-section-height-default\" data-id=\"b607d8c\" data-element_type=\"section\" data-e-type=\"section\">\n\t\t\t\t\t\t<div class=\"elementor-container elementor-column-gap-default\">\n\t\t\t\t\t<div class=\"elementor-column elementor-col-50 elementor-top-column elementor-element elementor-element-bed23a7\" data-id=\"bed23a7\" data-element_type=\"column\" data-e-type=\"column\">\n\t\t\t<div class=\"elementor-widget-wrap elementor-element-populated\">\n\t\t\t\t\t\t<div class=\"elementor-element elementor-element-0ab5e5f elementor-widget elementor-widget-image\" data-id=\"0ab5e5f\" data-element_type=\"widget\" data-e-type=\"widget\" data-widget_type=\"image.default\">\n\t\t\t\t<div class=\"elementor-widget-container\">\n\t\t\t\t\t\t\t\t\t\t\t\t\t\t\t<img loading=\"lazy\" decoding=\"async\" width=\"600\" height=\"450\" src=\"https:\/\/www.tempsdepause.ch\/solfar\/wp-content\/uploads\/2019\/12\/IMG_1182.jpg\" class=\"attachment-large size-large wp-image-2611\" alt=\"\" srcset=\"https:\/\/www.tempsdepause.ch\/solfar\/wp-content\/uploads\/2019\/12\/IMG_1182.jpg 600w, https:\/\/www.tempsdepause.ch\/solfar\/wp-content\/uploads\/2019\/12\/IMG_1182-300x225.jpg 300w\" sizes=\"(max-width: 600px) 100vw, 600px\" \/>\t\t\t\t\t\t\t\t\t\t\t\t\t\t\t<\/div>\n\t\t\t\t<\/div>\n\t\t\t\t\t<\/div>\n\t\t<\/div>\n\t\t\t\t<div class=\"elementor-column elementor-col-50 elementor-top-column elementor-element elementor-element-6e4496a\" data-id=\"6e4496a\" data-element_type=\"column\" data-e-type=\"column\">\n\t\t\t<div class=\"elementor-widget-wrap elementor-element-populated\">\n\t\t\t\t\t\t<div class=\"elementor-element elementor-element-e907d7b elementor-widget elementor-widget-video\" data-id=\"e907d7b\" data-element_type=\"widget\" data-e-type=\"widget\" data-settings=\"{&quot;video_type&quot;:&quot;hosted&quot;,&quot;controls&quot;:&quot;yes&quot;}\" data-widget_type=\"video.default\">\n\t\t\t\t<div class=\"elementor-widget-container\">\n\t\t\t\t\t\t\t<div class=\"e-hosted-video elementor-wrapper elementor-open-inline\">\n\t\t\t\t\t<video class=\"elementor-video\" src=\"https:\/\/www.tempsdepause.ch\/solfar\/wp-content\/uploads\/2019\/12\/IMG_1179.m4v\" controls=\"\" preload=\"metadata\" controlsList=\"nodownload\"><\/video>\n\t\t\t\t<\/div>\n\t\t\t\t\t\t<\/div>\n\t\t\t\t<\/div>\n\t\t\t\t\t<\/div>\n\t\t<\/div>\n\t\t\t\t\t<\/div>\n\t\t<\/section>\n\t\t\t\t<section class=\"elementor-section elementor-top-section elementor-element elementor-element-7f90a55 elementor-section-boxed elementor-section-height-default elementor-section-height-default\" data-id=\"7f90a55\" data-element_type=\"section\" data-e-type=\"section\">\n\t\t\t\t\t\t<div class=\"elementor-container elementor-column-gap-default\">\n\t\t\t\t\t<div class=\"elementor-column elementor-col-100 elementor-top-column elementor-element elementor-element-6bad93f\" data-id=\"6bad93f\" data-element_type=\"column\" data-e-type=\"column\">\n\t\t\t<div class=\"elementor-widget-wrap elementor-element-populated\">\n\t\t\t\t\t\t<div class=\"elementor-element elementor-element-b0a0147 elementor-align-right elementor-widget elementor-widget-button\" data-id=\"b0a0147\" data-element_type=\"widget\" data-e-type=\"widget\" data-widget_type=\"button.default\">\n\t\t\t\t<div class=\"elementor-widget-container\">\n\t\t\t\t\t\t\t\t\t<div class=\"elementor-button-wrapper\">\n\t\t\t\t\t<a class=\"elementor-button elementor-button-link elementor-size-sm\" href=\"https:\/\/www.tempsdepause.ch\/solfar\/un-printemps-en-norvege\/un-printemps-en-norvege-vaeroy\/\">\n\t\t\t\t\t\t<span class=\"elementor-button-content-wrapper\">\n\t\t\t\t\t\t<span class=\"elementor-button-icon\">\n\t\t\t\t<i aria-hidden=\"true\" class=\"far fa-images\"><\/i>\t\t\t<\/span>\n\t\t\t\t\t\t\t\t\t<span class=\"elementor-button-text\">A la page suivante: sur l'ile de Vaer\u00f8y<\/span>\n\t\t\t\t\t<\/span>\n\t\t\t\t\t<\/a>\n\t\t\t\t<\/div>\n\t\t\t\t\t\t\t\t<\/div>\n\t\t\t\t<\/div>\n\t\t\t\t\t<\/div>\n\t\t<\/div>\n\t\t\t\t\t<\/div>\n\t\t<\/section>\n\t\t\t\t<\/div>\n\t\t","protected":false},"excerpt":{"rendered":"<p>Un printemps en Norv\u00e8ge Vers le cercle polaire arctique Un avant gout de Laponie pr\u00e8s de R\u00f8ros sous un ciel mena\u00e7ant. Une nuit arros\u00e9e apr\u00e8s un excellent saumon grill\u00e9 au feu de bois. La route panoramique norv\u00e9gienne Helgelandskysten, \u00a0route 17, est l&rsquo;une des plus belles routes touristiques de Norv\u00e8ge. Longue de 433 km et n\u00e9cessitant le passage de six ferries entre les iles de l&rsquo;archipel c\u00f4tier. Ce printemps avec un temps variable je n&rsquo;ai pas vraiment profit\u00e9 du paysage. Une [&hellip;]<\/p>\n","protected":false},"author":2,"featured_media":0,"parent":2251,"menu_order":10,"comment_status":"closed","ping_status":"closed","template":"elementor_header_footer","meta":{"footnotes":""},"class_list":["post-2599","page","type-page","status-publish","hentry"],"_links":{"self":[{"href":"https:\/\/www.tempsdepause.ch\/solfar\/wp-json\/wp\/v2\/pages\/2599","targetHints":{"allow":["GET"]}}],"collection":[{"href":"https:\/\/www.tempsdepause.ch\/solfar\/wp-json\/wp\/v2\/pages"}],"about":[{"href":"https:\/\/www.tempsdepause.ch\/solfar\/wp-json\/wp\/v2\/types\/page"}],"author":[{"embeddable":true,"href":"https:\/\/www.tempsdepause.ch\/solfar\/wp-json\/wp\/v2\/users\/2"}],"replies":[{"embeddable":true,"href":"https:\/\/www.tempsdepause.ch\/solfar\/wp-json\/wp\/v2\/comments?post=2599"}],"version-history":[{"count":3,"href":"https:\/\/www.tempsdepause.ch\/solfar\/wp-json\/wp\/v2\/pages\/2599\/revisions"}],"predecessor-version":[{"id":2620,"href":"https:\/\/www.tempsdepause.ch\/solfar\/wp-json\/wp\/v2\/pages\/2599\/revisions\/2620"}],"up":[{"embeddable":true,"href":"https:\/\/www.tempsdepause.ch\/solfar\/wp-json\/wp\/v2\/pages\/2251"}],"wp:attachment":[{"href":"https:\/\/www.tempsdepause.ch\/solfar\/wp-json\/wp\/v2\/media?parent=2599"}],"curies":[{"name":"wp","href":"https:\/\/api.w.org\/{rel}","templated":true}]}}