{"id":23270,"date":"2022-04-19T13:12:51","date_gmt":"2022-04-19T11:12:51","guid":{"rendered":"https:\/\/www.tempsdepause.ch\/solfar\/?page_id=23270"},"modified":"2024-11-20T19:51:38","modified_gmt":"2024-11-20T18:51:38","slug":"disponibilite-pour-installations","status":"publish","type":"page","link":"https:\/\/www.tempsdepause.ch\/solfar\/boutique\/disponibilite-pour-installations\/","title":{"rendered":"Disponibilit\u00e9 pour installations"},"content":{"rendered":"\t\t<div data-elementor-type=\"wp-page\" data-elementor-id=\"23270\" class=\"elementor elementor-23270\">\n\t\t\t\t\t\t<section class=\"elementor-section elementor-top-section elementor-element elementor-element-c1a91ac elementor-section-boxed elementor-section-height-default elementor-section-height-default\" data-id=\"c1a91ac\" data-element_type=\"section\" data-e-type=\"section\">\n\t\t\t\t\t\t<div class=\"elementor-container elementor-column-gap-default\">\n\t\t\t\t\t<div class=\"elementor-column elementor-col-100 elementor-top-column elementor-element elementor-element-68ab749\" data-id=\"68ab749\" data-element_type=\"column\" data-e-type=\"column\">\n\t\t\t<div class=\"elementor-widget-wrap elementor-element-populated\">\n\t\t\t\t\t\t<div class=\"elementor-element elementor-element-bd9cefe elementor-widget elementor-widget-heading\" data-id=\"bd9cefe\" data-element_type=\"widget\" data-e-type=\"widget\" data-widget_type=\"heading.default\">\n\t\t\t\t<div class=\"elementor-widget-container\">\n\t\t\t\t\t<h3 class=\"elementor-heading-title elementor-size-default\">Mes disponibilit\u00e9s pour installations<\/h3>\t\t\t\t<\/div>\n\t\t\t\t<\/div>\n\t\t\t\t\t<\/div>\n\t\t<\/div>\n\t\t\t\t\t<\/div>\n\t\t<\/section>\n\t\t\t\t<section class=\"elementor-section elementor-top-section elementor-element elementor-element-edb0b1c elementor-section-boxed elementor-section-height-default elementor-section-height-default\" data-id=\"edb0b1c\" data-element_type=\"section\" data-e-type=\"section\">\n\t\t\t\t\t\t<div class=\"elementor-container elementor-column-gap-default\">\n\t\t\t\t\t<div class=\"elementor-column elementor-col-100 elementor-top-column elementor-element elementor-element-60dd145\" data-id=\"60dd145\" data-element_type=\"column\" data-e-type=\"column\">\n\t\t\t<div class=\"elementor-widget-wrap elementor-element-populated\">\n\t\t\t\t\t\t<div class=\"elementor-element elementor-element-180d5aa elementor-widget elementor-widget-text-editor\" data-id=\"180d5aa\" data-element_type=\"widget\" data-e-type=\"widget\" data-widget_type=\"text-editor.default\">\n\t\t\t\t<div class=\"elementor-widget-container\">\n\t\t\t\t\t\t\t\t\t<p>En 2023 j&rsquo;ai ferm\u00e9 la boutique du 18 avril \u00e0 fin juillet. Il \u00e9tait pr\u00e9vu que je soit absent jusqu&rsquo;\u00e0 l&rsquo;automne&#8230;\u00a0<\/p><p>Pr\u00e9voyez vos installations \u00e0 l&rsquo;avance et suivez mes disponibilit\u00e9s. Je pense \u00eatre ouvert ces prochains mois.\u00a0<\/p><p>\u00a0<\/p>\t\t\t\t\t\t\t\t<\/div>\n\t\t\t\t<\/div>\n\t\t\t\t\t<\/div>\n\t\t<\/div>\n\t\t\t\t\t<\/div>\n\t\t<\/section>\n\t\t\t\t<section class=\"elementor-section elementor-top-section elementor-element elementor-element-71b9af7 elementor-section-boxed elementor-section-height-default elementor-section-height-default\" data-id=\"71b9af7\" data-element_type=\"section\" data-e-type=\"section\">\n\t\t\t\t\t\t<div class=\"elementor-container elementor-column-gap-default\">\n\t\t\t\t\t<div class=\"elementor-column elementor-col-100 elementor-top-column elementor-element elementor-element-7ea4323\" data-id=\"7ea4323\" data-element_type=\"column\" data-e-type=\"column\">\n\t\t\t<div class=\"elementor-widget-wrap elementor-element-populated\">\n\t\t\t\t\t\t<div class=\"elementor-element elementor-element-1ffc55c elementor-widget elementor-widget-text-editor\" data-id=\"1ffc55c\" data-element_type=\"widget\" data-e-type=\"widget\" data-widget_type=\"text-editor.default\">\n\t\t\t\t<div class=\"elementor-widget-container\">\n\t\t\t\t\t\t\t\t\t<p>\u00a0<\/p><h4>Alors, n&rsquo;attendez pas pour r\u00e9server votre installation !<\/h4>\t\t\t\t\t\t\t\t<\/div>\n\t\t\t\t<\/div>\n\t\t\t\t\t<\/div>\n\t\t<\/div>\n\t\t\t\t\t<\/div>\n\t\t<\/section>\n\t\t\t\t<section class=\"elementor-section elementor-top-section elementor-element elementor-element-36175c1 elementor-section-boxed elementor-section-height-default elementor-section-height-default\" data-id=\"36175c1\" data-element_type=\"section\" data-e-type=\"section\">\n\t\t\t\t\t\t<div class=\"elementor-container elementor-column-gap-default\">\n\t\t\t\t\t<div class=\"elementor-column elementor-col-100 elementor-top-column elementor-element elementor-element-9322c70\" data-id=\"9322c70\" data-element_type=\"column\" data-e-type=\"column\">\n\t\t\t<div class=\"elementor-widget-wrap elementor-element-populated\">\n\t\t\t\t\t\t<div class=\"elementor-element elementor-element-38d4cce elementor-widget elementor-widget-image\" data-id=\"38d4cce\" data-element_type=\"widget\" data-e-type=\"widget\" data-widget_type=\"image.default\">\n\t\t\t\t<div class=\"elementor-widget-container\">\n\t\t\t\t\t\t\t\t\t\t\t\t\t\t\t<img fetchpriority=\"high\" decoding=\"async\" width=\"800\" height=\"600\" src=\"https:\/\/www.tempsdepause.ch\/solfar\/wp-content\/uploads\/2023\/08\/IMG_0640.jpg\" class=\"attachment-large size-large wp-image-23897\" alt=\"\" srcset=\"https:\/\/www.tempsdepause.ch\/solfar\/wp-content\/uploads\/2023\/08\/IMG_0640.jpg 800w, https:\/\/www.tempsdepause.ch\/solfar\/wp-content\/uploads\/2023\/08\/IMG_0640-667x500.jpg 667w, https:\/\/www.tempsdepause.ch\/solfar\/wp-content\/uploads\/2023\/08\/IMG_0640-768x576.jpg 768w, https:\/\/www.tempsdepause.ch\/solfar\/wp-content\/uploads\/2023\/08\/IMG_0640-300x225.jpg 300w, https:\/\/www.tempsdepause.ch\/solfar\/wp-content\/uploads\/2023\/08\/IMG_0640-600x450.jpg 600w\" sizes=\"(max-width: 800px) 100vw, 800px\" \/>\t\t\t\t\t\t\t\t\t\t\t\t\t\t\t<\/div>\n\t\t\t\t<\/div>\n\t\t\t\t\t<\/div>\n\t\t<\/div>\n\t\t\t\t\t<\/div>\n\t\t<\/section>\n\t\t\t\t<\/div>\n\t\t","protected":false},"excerpt":{"rendered":"<p>Mes disponibilit\u00e9s pour installations En 2023 j&rsquo;ai ferm\u00e9 la boutique du 18 avril \u00e0 fin juillet. Il \u00e9tait pr\u00e9vu que je soit absent jusqu&rsquo;\u00e0 l&rsquo;automne&#8230;\u00a0 Pr\u00e9voyez vos installations \u00e0 l&rsquo;avance et suivez mes disponibilit\u00e9s. Je pense \u00eatre ouvert ces prochains mois.\u00a0 \u00a0 \u00a0 Alors, n&rsquo;attendez pas pour r\u00e9server votre installation !<\/p>\n","protected":false},"author":2,"featured_media":0,"parent":1086,"menu_order":0,"comment_status":"closed","ping_status":"closed","template":"","meta":{"footnotes":""},"class_list":["post-23270","page","type-page","status-publish","hentry"],"_links":{"self":[{"href":"https:\/\/www.tempsdepause.ch\/solfar\/wp-json\/wp\/v2\/pages\/23270","targetHints":{"allow":["GET"]}}],"collection":[{"href":"https:\/\/www.tempsdepause.ch\/solfar\/wp-json\/wp\/v2\/pages"}],"about":[{"href":"https:\/\/www.tempsdepause.ch\/solfar\/wp-json\/wp\/v2\/types\/page"}],"author":[{"embeddable":true,"href":"https:\/\/www.tempsdepause.ch\/solfar\/wp-json\/wp\/v2\/users\/2"}],"replies":[{"embeddable":true,"href":"https:\/\/www.tempsdepause.ch\/solfar\/wp-json\/wp\/v2\/comments?post=23270"}],"version-history":[{"count":3,"href":"https:\/\/www.tempsdepause.ch\/solfar\/wp-json\/wp\/v2\/pages\/23270\/revisions"}],"predecessor-version":[{"id":24075,"href":"https:\/\/www.tempsdepause.ch\/solfar\/wp-json\/wp\/v2\/pages\/23270\/revisions\/24075"}],"up":[{"embeddable":true,"href":"https:\/\/www.tempsdepause.ch\/solfar\/wp-json\/wp\/v2\/pages\/1086"}],"wp:attachment":[{"href":"https:\/\/www.tempsdepause.ch\/solfar\/wp-json\/wp\/v2\/media?parent=23270"}],"curies":[{"name":"wp","href":"https:\/\/api.w.org\/{rel}","templated":true}]}}