{"id":22416,"date":"2022-02-02T13:47:35","date_gmt":"2022-02-02T12:47:35","guid":{"rendered":"https:\/\/www.tempsdepause.ch\/solfar\/?page_id=22416"},"modified":"2022-04-03T12:28:41","modified_gmt":"2022-04-03T10:28:41","slug":"cable-electrique-rallonge-camping-cee","status":"publish","type":"page","link":"https:\/\/www.tempsdepause.ch\/solfar\/cable-electrique-rallonge-camping-cee\/","title":{"rendered":"C\u00e2ble \u00e9lectrique, rallonge camping CEE"},"content":{"rendered":"\t\t<div data-elementor-type=\"wp-page\" data-elementor-id=\"22416\" class=\"elementor elementor-22416\">\n\t\t\t\t\t\t<section class=\"elementor-section elementor-top-section elementor-element elementor-element-980cdf1 elementor-section-boxed elementor-section-height-default elementor-section-height-default\" data-id=\"980cdf1\" data-element_type=\"section\" data-e-type=\"section\">\n\t\t\t\t\t\t<div class=\"elementor-container elementor-column-gap-default\">\n\t\t\t\t\t<div class=\"elementor-column elementor-col-100 elementor-top-column elementor-element elementor-element-fe5504d\" data-id=\"fe5504d\" data-element_type=\"column\" data-e-type=\"column\">\n\t\t\t<div class=\"elementor-widget-wrap elementor-element-populated\">\n\t\t\t\t\t\t<div class=\"elementor-element elementor-element-a95f57e elementor-widget elementor-widget-heading\" data-id=\"a95f57e\" data-element_type=\"widget\" data-e-type=\"widget\" data-widget_type=\"heading.default\">\n\t\t\t\t<div class=\"elementor-widget-container\">\n\t\t\t\t\t<h2 class=\"elementor-heading-title elementor-size-default\">C\u00e2ble \u00e9lectrique, rallonge camping CEE<\/h2>\t\t\t\t<\/div>\n\t\t\t\t<\/div>\n\t\t\t\t\t<\/div>\n\t\t<\/div>\n\t\t\t\t\t<\/div>\n\t\t<\/section>\n\t\t\t\t<section class=\"elementor-section elementor-top-section elementor-element elementor-element-36479ca elementor-section-boxed elementor-section-height-default elementor-section-height-default\" data-id=\"36479ca\" data-element_type=\"section\" data-e-type=\"section\">\n\t\t\t\t\t\t<div class=\"elementor-container elementor-column-gap-default\">\n\t\t\t\t\t<div class=\"elementor-column elementor-col-100 elementor-top-column elementor-element elementor-element-33844ce\" data-id=\"33844ce\" data-element_type=\"column\" data-e-type=\"column\">\n\t\t\t<div class=\"elementor-widget-wrap elementor-element-populated\">\n\t\t\t\t\t\t<div class=\"elementor-element elementor-element-7a1d88b elementor-widget elementor-widget-image\" data-id=\"7a1d88b\" data-element_type=\"widget\" data-e-type=\"widget\" data-widget_type=\"image.default\">\n\t\t\t\t<div class=\"elementor-widget-container\">\n\t\t\t\t\t\t\t\t\t\t\t\t\t\t\t<img fetchpriority=\"high\" decoding=\"async\" width=\"900\" height=\"839\" src=\"https:\/\/www.tempsdepause.ch\/solfar\/wp-content\/uploads\/2022\/02\/CableCEE.png\" class=\"attachment-large size-large wp-image-22419\" alt=\"\" srcset=\"https:\/\/www.tempsdepause.ch\/solfar\/wp-content\/uploads\/2022\/02\/CableCEE.png 900w, https:\/\/www.tempsdepause.ch\/solfar\/wp-content\/uploads\/2022\/02\/CableCEE-536x500.png 536w, https:\/\/www.tempsdepause.ch\/solfar\/wp-content\/uploads\/2022\/02\/CableCEE-768x716.png 768w, https:\/\/www.tempsdepause.ch\/solfar\/wp-content\/uploads\/2022\/02\/CableCEE-800x746.png 800w, https:\/\/www.tempsdepause.ch\/solfar\/wp-content\/uploads\/2022\/02\/CableCEE-600x559.png 600w\" sizes=\"(max-width: 900px) 100vw, 900px\" \/>\t\t\t\t\t\t\t\t\t\t\t\t\t\t\t<\/div>\n\t\t\t\t<\/div>\n\t\t\t\t\t<\/div>\n\t\t<\/div>\n\t\t\t\t\t<\/div>\n\t\t<\/section>\n\t\t\t\t<section class=\"elementor-section elementor-top-section elementor-element elementor-element-d1dc6ac elementor-section-boxed elementor-section-height-default elementor-section-height-default\" data-id=\"d1dc6ac\" data-element_type=\"section\" data-e-type=\"section\">\n\t\t\t\t\t\t<div class=\"elementor-container elementor-column-gap-default\">\n\t\t\t\t\t<div class=\"elementor-column elementor-col-100 elementor-top-column elementor-element elementor-element-c85c950\" data-id=\"c85c950\" data-element_type=\"column\" data-e-type=\"column\">\n\t\t\t<div class=\"elementor-widget-wrap elementor-element-populated\">\n\t\t\t\t\t\t<div class=\"elementor-element elementor-element-ef35e58 elementor-widget elementor-widget-text-editor\" data-id=\"ef35e58\" data-element_type=\"widget\" data-e-type=\"widget\" data-widget_type=\"text-editor.default\">\n\t\t\t\t<div class=\"elementor-widget-container\">\n\t\t\t\t\t\t\t\t\t<h4>C\u00e2ble surdimensionner ?<\/h4><p>Influenc\u00e9 par les marchands et m\u00eame par des sites de conseils et par manque de connaissance des prescriptions, beaucoup s&rsquo;encombrent de c\u00e2bles lourds, encombrants et surdimensionn\u00e9s avec du c\u00e2ble de 3x 2.5mm<sup>2<\/sup> selon la norme des rallonges de chantier CEE 240V 16A<\/p><h4>Quelle est la norme ?<\/h4><p>Selon la norme\u00a0NF EN 60309-2, l&rsquo;arriv\u00e9e\u00a0\u00e9lectrique\u00a0doit \u00eatre plac\u00e9e au bord de l&#8217;emplacement ou \u00e0 20 m au plus du point de branchement du v\u00e9hicule de loisirs.\u00a0<b>La longueur du ca\u0302ble entre le socle de prise de courant et le point de raccordement consommateur (tente, caravane et ve\u0301hicule de loisirs) ne doit pas de\u0301passer 25 m. Le ca\u0302ble ne doit pas comporter de connexions interme\u0301diaires sur sa longueur.<\/b><\/p><p>La loi sur les prescriptions \u00e9lectrique varie un peu selon les pays. Les prises de camping sont obligatoirement prot\u00e9g\u00e9es contre les courants de d\u00e9faut. C&rsquo;est-\u00e0-dire si un courant minime de &gt; 30mA fait d\u00e9faut entre les 2 fils du neutre et de la phase, le disjoncteur doit s&rsquo;ouvrir. Le 3\u00e8me fil \u00e9galement obligatoire permet la mise \u00e0 terre au m\u00eame potentiel d&rsquo;un appareil m\u00e9tallique. Ainsi, avec ce fil de terre, la carrosserie du VW California est \u00e9galement \u00e0 la terre, bien qu&rsquo;isol\u00e9e sur ses quatre pneus. En cas de fuite par d\u00e9faut, le disjoncteur va d\u00e9clencher avant que votre vie soit en danger.<\/p><p>Tr\u00e8s r\u00e9sistantes au choc, les fiches et prises CEE bleues sont pr\u00e9vues pour une protection de 16A sous 240V 16A \u00e9tant le courant maximum pouvant circuler dans l&rsquo;installation. Il faut savoir que tous les \u00e9l\u00e9ments de l&rsquo;installation doivent correspondre \u00e0 la protection de 16A. Ainsi les fils sont \u00e9galement normalis\u00e9s soit du 2.5mm2 entre les fusibles de 16A et les prises ou appareils fixes. Concernant les c\u00e2bles souples, non prot\u00e9g\u00e9s sous tube, la loi permet de d\u00e9 sectionn\u00e9 d&rsquo;une valeur les fils de la rallonge. Donc du c\u00e2ble de 1.5mm<sup>2<\/sup> suffit ! Ainsi votre enrouleur ou rallonge avec les fiches CEE bleues peut \u00eatre all\u00e9g\u00e9.\u00a0<\/p><p>\u00a0Toute rallonge doit absolument comporter 3 fils !<\/p><h4>\u00a0<\/h4><h4>Pourquoi, aussi un disjoncteur de protection dans notre California ?<\/h4><p>La prise du camping en amont \u00e9tant prot\u00e9g\u00e9e et celle du bus aussi cela permet de faire face \u00e0 toutes les \u00e9ventualit\u00e9s. Si votre bouilloire pr\u00e9sente un d\u00e9faut, peut-\u00eatre qu\u2019en plus du disjoncteur du bus, celui du camping s&rsquo;ouvre aussi.<\/p><p>Selon les campings, les disjoncteurs sont de 4A, 6A, 10A, rarement de 13 A et encore moins de 16A. Les campings, ouverts en montagne l&rsquo;hiver, ajoutent un compteur par prise pour facturer au KWh et non au forfait.<\/p><h4>\u00a0<\/h4><h4>Quelles prises dans les campings ?<\/h4><p>H\u00e9las tous les campings n&rsquo;ont pas normalis\u00e9 les prises CEE bleues. Certains campings sont \u00e9quip\u00e9s de prises Schuko, de prises CH en Suisse, voire des prises nationales courantes dans d\u2019autres pays. Prenez un adaptateur.<\/p><h4>\u00a0<\/h4><h4>Quel type de rallonge et de quelle longueur ?<\/h4><p>Lorsqu&rsquo;on dispose d&rsquo;une place limit\u00e9e, une rallonge de 10 \u00e0 15 m\u00e8tres est suffisante. Sinon il faudra parquer le bus au bout de la rallonge&#8230;<\/p><p>Je pr\u00e9conise deux rallonges CEE de 5 \u00e0 10 m\u00e8tres et de 15 \u00e0 20 m\u00e8tres. Comme c&rsquo;est devenu n\u00e9cessaire de r\u00e9server sa place \u00e0 l&rsquo;avance, on profitera d&rsquo;interroger le gardien sur la distance n\u00e9cessaire et s&rsquo;il loue des enrouleurs.<\/p><p>La place \u00e9tant s\u00e9rieusement limit\u00e9, acheter une rallonge ou un enrouleur avec du c\u00e2ble surdimensionn\u00e9 pr\u00e9vu pour les chantiers est inutile. Du fil PUR de 3x 1.5 mm<sup>2<\/sup> ou m\u00eame de 3x 1 mm<sup>2<\/sup> fera largement l&rsquo;affaire m\u00eame en hiver avec un chauffage \u00e9lectrique d&rsquo;appoint.<\/p><p>L&rsquo;enrouleur prend trop de place, il existe de petits d\u00e9vidoirs ou un bricolage avec une planchette permet d&rsquo;enrouler proprement le c\u00e2ble. J&rsquo;ai utilis\u00e9 une place perdue pour y caser ma rallonge, voir ci-dessous.<\/p><h4>Type de c\u00e2ble<\/h4><p>Pas d&rsquo;obligation d&rsquo;utiliser le meilleur, le fameux c\u00e2ble PUR tr\u00e8s r\u00e9sistant pour les chantiers. Mais je le conseille vivement, car en plus d&rsquo;\u00eatre bien visible, il est souple et s&rsquo;enroule facilement.<\/p><h4>Perte en ligne<\/h4><p>Plus le fil est mince et long, plus la tension est basse et plus il chauffera si le courant est \u00e9lev\u00e9.<\/p><p>Exemple: rallonge de 20m en 3&#215;1.5mm<sup>2<\/sup> chauffage \u00e9lectrique de 2000W la perte en ligne est de 6V sur 230V cela ne signifie rien ! Avec un c\u00e2ble en 2.5mm<sup>2<\/sup> la perte serait de 3.7V soit seulement 2 Volts de diff\u00e9rence. En dessous de 3% pour l&rsquo;\u00e9clairage et de 5% pour les autres consommateurs, nous sommes dans la norme.<\/p>\t\t\t\t\t\t\t\t<\/div>\n\t\t\t\t<\/div>\n\t\t\t\t\t<\/div>\n\t\t<\/div>\n\t\t\t\t\t<\/div>\n\t\t<\/section>\n\t\t\t\t<section class=\"elementor-section elementor-top-section elementor-element elementor-element-b1ea2a6 elementor-section-boxed elementor-section-height-default elementor-section-height-default\" data-id=\"b1ea2a6\" data-element_type=\"section\" data-e-type=\"section\">\n\t\t\t\t\t\t<div class=\"elementor-container elementor-column-gap-default\">\n\t\t\t\t\t<div class=\"elementor-column elementor-col-66 elementor-top-column elementor-element elementor-element-f821827\" data-id=\"f821827\" data-element_type=\"column\" data-e-type=\"column\">\n\t\t\t<div class=\"elementor-widget-wrap elementor-element-populated\">\n\t\t\t\t\t\t<div class=\"elementor-element elementor-element-c1a93d5 elementor-widget elementor-widget-image\" data-id=\"c1a93d5\" data-element_type=\"widget\" data-e-type=\"widget\" data-widget_type=\"image.default\">\n\t\t\t\t<div class=\"elementor-widget-container\">\n\t\t\t\t\t\t\t\t\t\t\t\t\t\t\t<img decoding=\"async\" width=\"500\" height=\"667\" src=\"https:\/\/www.tempsdepause.ch\/solfar\/wp-content\/uploads\/2019\/10\/IMG_3513.jpg\" class=\"attachment-large size-large wp-image-1370\" alt=\"\" srcset=\"https:\/\/www.tempsdepause.ch\/solfar\/wp-content\/uploads\/2019\/10\/IMG_3513.jpg 500w, https:\/\/www.tempsdepause.ch\/solfar\/wp-content\/uploads\/2019\/10\/IMG_3513-375x500.jpg 375w\" sizes=\"(max-width: 500px) 100vw, 500px\" \/>\t\t\t\t\t\t\t\t\t\t\t\t\t\t\t<\/div>\n\t\t\t\t<\/div>\n\t\t\t\t\t<\/div>\n\t\t<\/div>\n\t\t\t\t<div class=\"elementor-column elementor-col-33 elementor-top-column elementor-element elementor-element-b2e3667\" data-id=\"b2e3667\" data-element_type=\"column\" data-e-type=\"column\">\n\t\t\t<div class=\"elementor-widget-wrap elementor-element-populated\">\n\t\t\t\t\t\t<div class=\"elementor-element elementor-element-08bce63 elementor-widget elementor-widget-text-editor\" data-id=\"08bce63\" data-element_type=\"widget\" data-e-type=\"widget\" data-widget_type=\"text-editor.default\">\n\t\t\t\t<div class=\"elementor-widget-container\">\n\t\t\t\t\t\t\t\t\t<h4>Utilisation des places perdues<\/h4><p>Pourquoi s&rsquo;encombrer d&rsquo;un enrouleur ? Un petit support de c\u00e2ble et une rallonge de 10 en 3&#215;1.5mm<sup>2<\/sup>\u00a0ou de 15-20m en 3x1mm<sup>2<\/sup>\u00a0fera l&rsquo;affaire.<\/p><p>Possible de mettre une rallonge de 20m sur la batterie moteur en plus d&rsquo;un litre d&rsquo;huile de r\u00e9serve, il y a de la place.<\/p><p>Avec mes panneaux solaires et la batteries au Lithium je suis autonome, m\u00eame en 220V avec l&rsquo;onduleur de 600W permettant aussi de recharger les e-v\u00e9los. Mais si jamais ce c\u00e2ble pourrait me d\u00e9panner.<\/p>\t\t\t\t\t\t\t\t<\/div>\n\t\t\t\t<\/div>\n\t\t\t\t<div class=\"elementor-element elementor-element-18de9af elementor-widget elementor-widget-image\" data-id=\"18de9af\" data-element_type=\"widget\" data-e-type=\"widget\" data-widget_type=\"image.default\">\n\t\t\t\t<div class=\"elementor-widget-container\">\n\t\t\t\t\t\t\t\t\t\t\t\t\t\t\t<img decoding=\"async\" width=\"411\" height=\"400\" src=\"https:\/\/www.tempsdepause.ch\/solfar\/wp-content\/uploads\/2022\/02\/PUR3x.png\" class=\"attachment-large size-large wp-image-22451\" alt=\"\" \/>\t\t\t\t\t\t\t\t\t\t\t\t\t\t\t<\/div>\n\t\t\t\t<\/div>\n\t\t\t\t<div class=\"elementor-element elementor-element-23c5cfb elementor-widget elementor-widget-text-editor\" data-id=\"23c5cfb\" data-element_type=\"widget\" data-e-type=\"widget\" data-widget_type=\"text-editor.default\">\n\t\t\t\t<div class=\"elementor-widget-container\">\n\t\t\t\t\t\t\t\t\t<h4>C\u00e2ble PUR<\/h4><p>Voici un c\u00e2ble PUR con\u00e7u pour les chantiers. Nous devons le d\u00e9nuder sans blesser les fils. Pour ce faire on le plie entre les doigts et on coupe d\u00e9licatement sur la bosse.<\/p><ul><li>Le fil bleu, le neutre, est raccord\u00e9 sur la borne marqu\u00e9e d&rsquo;un N.<\/li><li>Le brun, la phase, va sur la borne P<\/li><li>Le fil de terre jaune-vert va sur le symbole terre\u00a0<\/li><\/ul>\t\t\t\t\t\t\t\t<\/div>\n\t\t\t\t<\/div>\n\t\t\t\t\t<\/div>\n\t\t<\/div>\n\t\t\t\t\t<\/div>\n\t\t<\/section>\n\t\t\t\t<section class=\"elementor-section elementor-top-section elementor-element elementor-element-15268da elementor-section-boxed elementor-section-height-default elementor-section-height-default\" data-id=\"15268da\" data-element_type=\"section\" data-e-type=\"section\">\n\t\t\t\t\t\t<div class=\"elementor-container elementor-column-gap-default\">\n\t\t\t\t\t<div class=\"elementor-column elementor-col-50 elementor-top-column elementor-element elementor-element-bfc82e6\" data-id=\"bfc82e6\" data-element_type=\"column\" data-e-type=\"column\">\n\t\t\t<div class=\"elementor-widget-wrap elementor-element-populated\">\n\t\t\t\t\t\t<div class=\"elementor-element elementor-element-2c963e7 elementor-widget elementor-widget-image\" data-id=\"2c963e7\" data-element_type=\"widget\" data-e-type=\"widget\" data-widget_type=\"image.default\">\n\t\t\t\t<div class=\"elementor-widget-container\">\n\t\t\t\t\t\t\t\t\t\t\t\t\t\t\t<img loading=\"lazy\" decoding=\"async\" width=\"600\" height=\"374\" src=\"https:\/\/www.tempsdepause.ch\/solfar\/wp-content\/uploads\/2022\/02\/FicheCEE.png\" class=\"attachment-large size-large wp-image-22453\" alt=\"\" \/>\t\t\t\t\t\t\t\t\t\t\t\t\t\t\t<\/div>\n\t\t\t\t<\/div>\n\t\t\t\t\t<\/div>\n\t\t<\/div>\n\t\t\t\t<div class=\"elementor-column elementor-col-50 elementor-top-column elementor-element elementor-element-82e5f1b\" data-id=\"82e5f1b\" data-element_type=\"column\" data-e-type=\"column\">\n\t\t\t<div class=\"elementor-widget-wrap elementor-element-populated\">\n\t\t\t\t\t\t<div class=\"elementor-element elementor-element-3f0ec5c elementor-widget elementor-widget-text-editor\" data-id=\"3f0ec5c\" data-element_type=\"widget\" data-e-type=\"widget\" data-widget_type=\"text-editor.default\">\n\t\t\t\t<div class=\"elementor-widget-container\">\n\t\t\t\t\t\t\t\t\t<h4>Fiche CEE 16\/3 IP44<\/h4><p>Voici un mod\u00e8le bien con\u00e7u, permettant de maintenir bien serr\u00e9 le c\u00e2ble.<\/p><p><strong>IP44<\/strong> \u00a0Signifie prot\u00e9g\u00e9 contre les petites projections d&rsquo;eau venant de toutes directions.\u00a0<\/p>\t\t\t\t\t\t\t\t<\/div>\n\t\t\t\t<\/div>\n\t\t\t\t\t<\/div>\n\t\t<\/div>\n\t\t\t\t\t<\/div>\n\t\t<\/section>\n\t\t\t\t<section class=\"elementor-section elementor-top-section elementor-element elementor-element-66f3bbd elementor-section-boxed elementor-section-height-default elementor-section-height-default\" data-id=\"66f3bbd\" data-element_type=\"section\" data-e-type=\"section\">\n\t\t\t\t\t\t<div class=\"elementor-container elementor-column-gap-default\">\n\t\t\t\t\t<div class=\"elementor-column elementor-col-33 elementor-top-column elementor-element elementor-element-2636936\" data-id=\"2636936\" data-element_type=\"column\" data-e-type=\"column\">\n\t\t\t<div class=\"elementor-widget-wrap elementor-element-populated\">\n\t\t\t\t\t\t<div class=\"elementor-element elementor-element-57da452 elementor-widget elementor-widget-image\" data-id=\"57da452\" data-element_type=\"widget\" data-e-type=\"widget\" data-widget_type=\"image.default\">\n\t\t\t\t<div class=\"elementor-widget-container\">\n\t\t\t\t\t\t\t\t\t\t\t\t\t\t\t<img loading=\"lazy\" decoding=\"async\" width=\"424\" height=\"248\" src=\"https:\/\/www.tempsdepause.ch\/solfar\/wp-content\/uploads\/2022\/02\/Schurko-CEE16.png\" class=\"attachment-large size-large wp-image-22483\" alt=\"\" \/>\t\t\t\t\t\t\t\t\t\t\t\t\t\t\t<\/div>\n\t\t\t\t<\/div>\n\t\t\t\t<div class=\"elementor-element elementor-element-2c20ef3 elementor-widget elementor-widget-text-editor\" data-id=\"2c20ef3\" data-element_type=\"widget\" data-e-type=\"widget\" data-widget_type=\"text-editor.default\">\n\t\t\t\t<div class=\"elementor-widget-container\">\n\t\t\t\t\t\t\t\t\t<p>Voici un c\u00e2ble court, adaptateur Schuko &#8211; CEE 16\/3 tr\u00e8s pratique pour brancher dans un camping.<\/p>\t\t\t\t\t\t\t\t<\/div>\n\t\t\t\t<\/div>\n\t\t\t\t\t<\/div>\n\t\t<\/div>\n\t\t\t\t<div class=\"elementor-column elementor-col-33 elementor-top-column elementor-element elementor-element-d68ad97\" data-id=\"d68ad97\" data-element_type=\"column\" data-e-type=\"column\">\n\t\t\t<div class=\"elementor-widget-wrap elementor-element-populated\">\n\t\t\t\t\t\t<div class=\"elementor-element elementor-element-0ddce3d elementor-widget elementor-widget-image\" data-id=\"0ddce3d\" data-element_type=\"widget\" data-e-type=\"widget\" data-widget_type=\"image.default\">\n\t\t\t\t<div class=\"elementor-widget-container\">\n\t\t\t\t\t\t\t\t\t\t\t\t\t\t\t<img loading=\"lazy\" decoding=\"async\" width=\"400\" height=\"248\" src=\"https:\/\/www.tempsdepause.ch\/solfar\/wp-content\/uploads\/2022\/02\/Schuko-CH13.png\" class=\"attachment-large size-large wp-image-22482\" alt=\"\" \/>\t\t\t\t\t\t\t\t\t\t\t\t\t\t\t<\/div>\n\t\t\t\t<\/div>\n\t\t\t\t<div class=\"elementor-element elementor-element-29b4dd1 elementor-widget elementor-widget-text-editor\" data-id=\"29b4dd1\" data-element_type=\"widget\" data-e-type=\"widget\" data-widget_type=\"text-editor.default\">\n\t\t\t\t<div class=\"elementor-widget-container\">\n\t\t\t\t\t\t\t\t\t<p>Afin d&rsquo;\u00e9viter plusieurs c\u00e2bles adaptateurs CEE &#8211; CH, CEE-GB, etc. Je pr\u00e9f\u00e8re ces petits adaptateurs de prises Schuko &#8211; CH ou I ou GB&#8230;<\/p>\t\t\t\t\t\t\t\t<\/div>\n\t\t\t\t<\/div>\n\t\t\t\t\t<\/div>\n\t\t<\/div>\n\t\t\t\t<div class=\"elementor-column elementor-col-33 elementor-top-column elementor-element elementor-element-20f36eb\" data-id=\"20f36eb\" data-element_type=\"column\" data-e-type=\"column\">\n\t\t\t<div class=\"elementor-widget-wrap elementor-element-populated\">\n\t\t\t\t\t\t<div class=\"elementor-element elementor-element-b889646 elementor-widget elementor-widget-image\" data-id=\"b889646\" data-element_type=\"widget\" data-e-type=\"widget\" data-widget_type=\"image.default\">\n\t\t\t\t<div class=\"elementor-widget-container\">\n\t\t\t\t\t\t\t\t\t\t\t\t\t\t\t<img loading=\"lazy\" decoding=\"async\" width=\"295\" height=\"248\" src=\"https:\/\/www.tempsdepause.ch\/solfar\/wp-content\/uploads\/2022\/02\/rallongeTy12.png\" class=\"attachment-large size-large wp-image-22484\" alt=\"\" \/>\t\t\t\t\t\t\t\t\t\t\t\t\t\t\t<\/div>\n\t\t\t\t<\/div>\n\t\t\t\t<div class=\"elementor-element elementor-element-6e3d6d6 elementor-widget elementor-widget-text-editor\" data-id=\"6e3d6d6\" data-element_type=\"widget\" data-e-type=\"widget\" data-widget_type=\"text-editor.default\">\n\t\t\t\t<div class=\"elementor-widget-container\">\n\t\t\t\t\t\t\t\t\t<p>Attention, n&rsquo;utilisez pas de rallonge d&rsquo;int\u00e9rieur \u00e0 l&rsquo;ext\u00e9rieur ! Ou \u00e9vitez de les manipuler sous la pluie.\u00a0<\/p>\t\t\t\t\t\t\t\t<\/div>\n\t\t\t\t<\/div>\n\t\t\t\t\t<\/div>\n\t\t<\/div>\n\t\t\t\t\t<\/div>\n\t\t<\/section>\n\t\t\t\t<\/div>\n\t\t","protected":false},"excerpt":{"rendered":"<p>C\u00e2ble \u00e9lectrique, rallonge camping CEE C\u00e2ble surdimensionner ? Influenc\u00e9 par les marchands et m\u00eame par des sites de conseils et par manque de connaissance des prescriptions, beaucoup s&rsquo;encombrent de c\u00e2bles lourds, encombrants et surdimensionn\u00e9s avec du c\u00e2ble de 3x 2.5mm2 selon la norme des rallonges de chantier CEE 240V 16A Quelle est la norme ? Selon la norme\u00a0NF EN 60309-2, l&rsquo;arriv\u00e9e\u00a0\u00e9lectrique\u00a0doit \u00eatre plac\u00e9e au bord de l&#8217;emplacement ou \u00e0 20 m au plus du point de branchement du v\u00e9hicule de [&hellip;]<\/p>\n","protected":false},"author":2,"featured_media":0,"parent":0,"menu_order":0,"comment_status":"closed","ping_status":"closed","template":"","meta":{"footnotes":""},"class_list":["post-22416","page","type-page","status-publish","hentry"],"_links":{"self":[{"href":"https:\/\/www.tempsdepause.ch\/solfar\/wp-json\/wp\/v2\/pages\/22416","targetHints":{"allow":["GET"]}}],"collection":[{"href":"https:\/\/www.tempsdepause.ch\/solfar\/wp-json\/wp\/v2\/pages"}],"about":[{"href":"https:\/\/www.tempsdepause.ch\/solfar\/wp-json\/wp\/v2\/types\/page"}],"author":[{"embeddable":true,"href":"https:\/\/www.tempsdepause.ch\/solfar\/wp-json\/wp\/v2\/users\/2"}],"replies":[{"embeddable":true,"href":"https:\/\/www.tempsdepause.ch\/solfar\/wp-json\/wp\/v2\/comments?post=22416"}],"version-history":[{"count":3,"href":"https:\/\/www.tempsdepause.ch\/solfar\/wp-json\/wp\/v2\/pages\/22416\/revisions"}],"predecessor-version":[{"id":22806,"href":"https:\/\/www.tempsdepause.ch\/solfar\/wp-json\/wp\/v2\/pages\/22416\/revisions\/22806"}],"wp:attachment":[{"href":"https:\/\/www.tempsdepause.ch\/solfar\/wp-json\/wp\/v2\/media?parent=22416"}],"curies":[{"name":"wp","href":"https:\/\/api.w.org\/{rel}","templated":true}]}}