{"id":2236,"date":"2019-12-14T15:25:57","date_gmt":"2019-12-14T14:25:57","guid":{"rendered":"https:\/\/www.tempsdepause.ch\/solfar\/?page_id=2236"},"modified":"2019-12-14T17:20:05","modified_gmt":"2019-12-14T16:20:05","slug":"une-prise-usb-bien-utile","status":"publish","type":"page","link":"https:\/\/www.tempsdepause.ch\/solfar\/une-prise-usb-bien-utile\/","title":{"rendered":"Une prise USB bien utile"},"content":{"rendered":"\t\t<div data-elementor-type=\"wp-page\" data-elementor-id=\"2236\" class=\"elementor elementor-2236\">\n\t\t\t\t\t\t<section class=\"elementor-section elementor-top-section elementor-element elementor-element-39b89a4 elementor-section-boxed elementor-section-height-default elementor-section-height-default\" data-id=\"39b89a4\" data-element_type=\"section\" data-e-type=\"section\">\n\t\t\t\t\t\t<div class=\"elementor-container elementor-column-gap-default\">\n\t\t\t\t\t<div class=\"elementor-column elementor-col-100 elementor-top-column elementor-element elementor-element-bd73915\" data-id=\"bd73915\" data-element_type=\"column\" data-e-type=\"column\">\n\t\t\t<div class=\"elementor-widget-wrap elementor-element-populated\">\n\t\t\t\t\t\t<div class=\"elementor-element elementor-element-df7ab8a elementor-widget elementor-widget-heading\" data-id=\"df7ab8a\" data-element_type=\"widget\" data-e-type=\"widget\" data-widget_type=\"heading.default\">\n\t\t\t\t<div class=\"elementor-widget-container\">\n\t\t\t\t\t<h2 class=\"elementor-heading-title elementor-size-default\">Une prise USB bien pratique<\/h2>\t\t\t\t<\/div>\n\t\t\t\t<\/div>\n\t\t\t\t\t<\/div>\n\t\t<\/div>\n\t\t\t\t\t<\/div>\n\t\t<\/section>\n\t\t\t\t<section class=\"elementor-section elementor-top-section elementor-element elementor-element-fa4f608 elementor-section-boxed elementor-section-height-default elementor-section-height-default\" data-id=\"fa4f608\" data-element_type=\"section\" data-e-type=\"section\">\n\t\t\t\t\t\t<div class=\"elementor-container elementor-column-gap-default\">\n\t\t\t\t\t<div class=\"elementor-column elementor-col-100 elementor-top-column elementor-element elementor-element-6a9aaad\" data-id=\"6a9aaad\" data-element_type=\"column\" data-e-type=\"column\">\n\t\t\t<div class=\"elementor-widget-wrap elementor-element-populated\">\n\t\t\t\t\t\t<div class=\"elementor-element elementor-element-bc446ee elementor-widget elementor-widget-text-editor\" data-id=\"bc446ee\" data-element_type=\"widget\" data-e-type=\"widget\" data-widget_type=\"text-editor.default\">\n\t\t\t\t<div class=\"elementor-widget-container\">\n\t\t\t\t\t\t\t\t\t<p>Pour charger l\u2019iPhone pendant la nuit ou lire sa tablette en soir\u00e9e, une prise USB \u00e0 l\u2019arri\u00e8re manque sur nos California. J\u2019en ai install\u00e9e une proche de la petite lampe de lecture en dessus du frigo. Simple \u00e0 r\u00e9aliser, il faut percer avec une m\u00e8che cloche de 28-30 mm juste \u00e0 c\u00f4t\u00e9 de la lampe afin de pouvoir viser facilement la prise sans d\u00e9monter la moulure.\u00a0<\/p>\t\t\t\t\t\t\t\t<\/div>\n\t\t\t\t<\/div>\n\t\t\t\t\t<\/div>\n\t\t<\/div>\n\t\t\t\t\t<\/div>\n\t\t<\/section>\n\t\t\t\t<section class=\"elementor-section elementor-top-section elementor-element elementor-element-e19a1a8 elementor-section-boxed elementor-section-height-default elementor-section-height-default\" data-id=\"e19a1a8\" data-element_type=\"section\" data-e-type=\"section\">\n\t\t\t\t\t\t<div class=\"elementor-container elementor-column-gap-default\">\n\t\t\t\t\t<div class=\"elementor-column elementor-col-100 elementor-top-column elementor-element elementor-element-e5a6162\" data-id=\"e5a6162\" data-element_type=\"column\" data-e-type=\"column\">\n\t\t\t<div class=\"elementor-widget-wrap elementor-element-populated\">\n\t\t\t\t\t\t<div class=\"elementor-element elementor-element-cc9c59d elementor-widget elementor-widget-image\" data-id=\"cc9c59d\" data-element_type=\"widget\" data-e-type=\"widget\" data-widget_type=\"image.default\">\n\t\t\t\t<div class=\"elementor-widget-container\">\n\t\t\t\t\t\t\t\t\t\t\t\t\t\t\t<img fetchpriority=\"high\" decoding=\"async\" width=\"800\" height=\"450\" src=\"https:\/\/www.tempsdepause.ch\/solfar\/wp-content\/uploads\/2019\/12\/IMG_2419.jpg\" class=\"attachment-large size-large wp-image-2235\" alt=\"\" srcset=\"https:\/\/www.tempsdepause.ch\/solfar\/wp-content\/uploads\/2019\/12\/IMG_2419.jpg 800w, https:\/\/www.tempsdepause.ch\/solfar\/wp-content\/uploads\/2019\/12\/IMG_2419-768x432.jpg 768w, https:\/\/www.tempsdepause.ch\/solfar\/wp-content\/uploads\/2019\/12\/IMG_2419-600x338.jpg 600w\" sizes=\"(max-width: 800px) 100vw, 800px\" \/>\t\t\t\t\t\t\t\t\t\t\t\t\t\t\t<\/div>\n\t\t\t\t<\/div>\n\t\t\t\t\t<\/div>\n\t\t<\/div>\n\t\t\t\t\t<\/div>\n\t\t<\/section>\n\t\t\t\t<section class=\"elementor-section elementor-top-section elementor-element elementor-element-b8e9e42 elementor-section-boxed elementor-section-height-default elementor-section-height-default\" data-id=\"b8e9e42\" data-element_type=\"section\" data-e-type=\"section\">\n\t\t\t\t\t\t<div class=\"elementor-container elementor-column-gap-default\">\n\t\t\t\t\t<div class=\"elementor-column elementor-col-50 elementor-top-column elementor-element elementor-element-fd3f304\" data-id=\"fd3f304\" data-element_type=\"column\" data-e-type=\"column\">\n\t\t\t<div class=\"elementor-widget-wrap elementor-element-populated\">\n\t\t\t\t\t\t<div class=\"elementor-element elementor-element-c66dffd elementor-widget elementor-widget-image\" data-id=\"c66dffd\" data-element_type=\"widget\" data-e-type=\"widget\" data-widget_type=\"image.default\">\n\t\t\t\t<div class=\"elementor-widget-container\">\n\t\t\t\t\t\t\t\t\t\t\t\t\t\t\t<img decoding=\"async\" width=\"800\" height=\"800\" src=\"https:\/\/www.tempsdepause.ch\/solfar\/wp-content\/uploads\/2019\/12\/priseUSB.png\" class=\"attachment-large size-large wp-image-2243\" alt=\"\" srcset=\"https:\/\/www.tempsdepause.ch\/solfar\/wp-content\/uploads\/2019\/12\/priseUSB.png 800w, https:\/\/www.tempsdepause.ch\/solfar\/wp-content\/uploads\/2019\/12\/priseUSB-500x500.png 500w, https:\/\/www.tempsdepause.ch\/solfar\/wp-content\/uploads\/2019\/12\/priseUSB-150x150.png 150w, https:\/\/www.tempsdepause.ch\/solfar\/wp-content\/uploads\/2019\/12\/priseUSB-768x768.png 768w, https:\/\/www.tempsdepause.ch\/solfar\/wp-content\/uploads\/2019\/12\/priseUSB-770x770.png 770w, https:\/\/www.tempsdepause.ch\/solfar\/wp-content\/uploads\/2019\/12\/priseUSB-160x160.png 160w, https:\/\/www.tempsdepause.ch\/solfar\/wp-content\/uploads\/2019\/12\/priseUSB-600x600.png 600w, https:\/\/www.tempsdepause.ch\/solfar\/wp-content\/uploads\/2019\/12\/priseUSB-100x100.png 100w\" sizes=\"(max-width: 800px) 100vw, 800px\" \/>\t\t\t\t\t\t\t\t\t\t\t\t\t\t\t<\/div>\n\t\t\t\t<\/div>\n\t\t\t\t\t<\/div>\n\t\t<\/div>\n\t\t\t\t<div class=\"elementor-column elementor-col-50 elementor-top-column elementor-element elementor-element-17bfa0e\" data-id=\"17bfa0e\" data-element_type=\"column\" data-e-type=\"column\">\n\t\t\t<div class=\"elementor-widget-wrap elementor-element-populated\">\n\t\t\t\t\t\t<div class=\"elementor-element elementor-element-3eb3067 elementor-widget elementor-widget-text-editor\" data-id=\"3eb3067\" data-element_type=\"widget\" data-e-type=\"widget\" data-widget_type=\"text-editor.default\">\n\t\t\t\t<div class=\"elementor-widget-container\">\n\t\t\t\t\t\t\t\t\t<p>La prise USB est disponible chez Conrad, <a href=\"https:\/\/www.conrad.ch\/fr\/p\/prise-d-alimentation-usb-encastrable-procar-power-usb-einbausteckdose-ev-mit-gewindehuelse-67331501-charge-de-courant-ma-1403768.html\">ici.<\/a><\/p><p>Le raccordement se fait de pr\u00e9f\u00e9rence par soudage sur les fils d\u2019alimentation de la lampe d\u2019une d\u00e9rivation et l\u2019ajout d\u2019un serre-fils ou d\u2019une petite prise afin de changer facilement la prise USB si n\u00e9cessaire.<\/p><p>\u00a0<\/p>\t\t\t\t\t\t\t\t<\/div>\n\t\t\t\t<\/div>\n\t\t\t\t\t<\/div>\n\t\t<\/div>\n\t\t\t\t\t<\/div>\n\t\t<\/section>\n\t\t\t\t<\/div>\n\t\t","protected":false},"excerpt":{"rendered":"<p>Une prise USB bien pratique Pour charger l\u2019iPhone pendant la nuit ou lire sa tablette en soir\u00e9e, une prise USB \u00e0 l\u2019arri\u00e8re manque sur nos California. J\u2019en ai install\u00e9e une proche de la petite lampe de lecture en dessus du frigo. Simple \u00e0 r\u00e9aliser, il faut percer avec une m\u00e8che cloche de 28-30 mm juste \u00e0 c\u00f4t\u00e9 de la lampe afin de pouvoir viser facilement la prise sans d\u00e9monter la moulure.\u00a0 La prise USB est disponible chez Conrad, ici. Le [&hellip;]<\/p>\n","protected":false},"author":2,"featured_media":2235,"parent":0,"menu_order":0,"comment_status":"closed","ping_status":"closed","template":"","meta":{"footnotes":""},"class_list":["post-2236","page","type-page","status-publish","has-post-thumbnail","hentry"],"_links":{"self":[{"href":"https:\/\/www.tempsdepause.ch\/solfar\/wp-json\/wp\/v2\/pages\/2236","targetHints":{"allow":["GET"]}}],"collection":[{"href":"https:\/\/www.tempsdepause.ch\/solfar\/wp-json\/wp\/v2\/pages"}],"about":[{"href":"https:\/\/www.tempsdepause.ch\/solfar\/wp-json\/wp\/v2\/types\/page"}],"author":[{"embeddable":true,"href":"https:\/\/www.tempsdepause.ch\/solfar\/wp-json\/wp\/v2\/users\/2"}],"replies":[{"embeddable":true,"href":"https:\/\/www.tempsdepause.ch\/solfar\/wp-json\/wp\/v2\/comments?post=2236"}],"version-history":[{"count":4,"href":"https:\/\/www.tempsdepause.ch\/solfar\/wp-json\/wp\/v2\/pages\/2236\/revisions"}],"predecessor-version":[{"id":2250,"href":"https:\/\/www.tempsdepause.ch\/solfar\/wp-json\/wp\/v2\/pages\/2236\/revisions\/2250"}],"wp:featuredmedia":[{"embeddable":true,"href":"https:\/\/www.tempsdepause.ch\/solfar\/wp-json\/wp\/v2\/media\/2235"}],"wp:attachment":[{"href":"https:\/\/www.tempsdepause.ch\/solfar\/wp-json\/wp\/v2\/media?parent=2236"}],"curies":[{"name":"wp","href":"https:\/\/api.w.org\/{rel}","templated":true}]}}