{"id":22028,"date":"2021-08-03T17:59:11","date_gmt":"2021-08-03T15:59:11","guid":{"rendered":"https:\/\/www.tempsdepause.ch\/solfar\/?page_id=22028"},"modified":"2021-08-03T23:07:03","modified_gmt":"2021-08-03T21:07:03","slug":"simplifier-la-vidange-deau-grise","status":"publish","type":"page","link":"https:\/\/www.tempsdepause.ch\/solfar\/simplifier-la-vidange-deau-grise\/","title":{"rendered":"Simplifier la vidange d&rsquo;eau grise"},"content":{"rendered":"\t\t<div data-elementor-type=\"wp-page\" data-elementor-id=\"22028\" class=\"elementor elementor-22028\">\n\t\t\t\t\t\t<section class=\"elementor-section elementor-top-section elementor-element elementor-element-27c4fa3 elementor-section-boxed elementor-section-height-default elementor-section-height-default\" data-id=\"27c4fa3\" data-element_type=\"section\" data-e-type=\"section\">\n\t\t\t\t\t\t<div class=\"elementor-container elementor-column-gap-default\">\n\t\t\t\t\t<div class=\"elementor-column elementor-col-100 elementor-top-column elementor-element elementor-element-0ddb457\" data-id=\"0ddb457\" data-element_type=\"column\" data-e-type=\"column\">\n\t\t\t<div class=\"elementor-widget-wrap elementor-element-populated\">\n\t\t\t\t\t\t<div class=\"elementor-element elementor-element-c84fb67 elementor-widget elementor-widget-heading\" data-id=\"c84fb67\" data-element_type=\"widget\" data-e-type=\"widget\" data-widget_type=\"heading.default\">\n\t\t\t\t<div class=\"elementor-widget-container\">\n\t\t\t\t\t<h2 class=\"elementor-heading-title elementor-size-default\">Simplifier la vidange d'eau grise<\/h2>\t\t\t\t<\/div>\n\t\t\t\t<\/div>\n\t\t\t\t\t<\/div>\n\t\t<\/div>\n\t\t\t\t\t<\/div>\n\t\t<\/section>\n\t\t\t\t<section class=\"elementor-section elementor-top-section elementor-element elementor-element-1772c90 elementor-section-boxed elementor-section-height-default elementor-section-height-default\" data-id=\"1772c90\" data-element_type=\"section\" data-e-type=\"section\">\n\t\t\t\t\t\t<div class=\"elementor-container elementor-column-gap-default\">\n\t\t\t\t\t<div class=\"elementor-column elementor-col-100 elementor-top-column elementor-element elementor-element-3d6ab22\" data-id=\"3d6ab22\" data-element_type=\"column\" data-e-type=\"column\">\n\t\t\t<div class=\"elementor-widget-wrap\">\n\t\t\t\t\t\t\t<\/div>\n\t\t<\/div>\n\t\t\t\t\t<\/div>\n\t\t<\/section>\n\t\t\t\t<section class=\"elementor-section elementor-top-section elementor-element elementor-element-d5ac863 elementor-section-boxed elementor-section-height-default elementor-section-height-default\" data-id=\"d5ac863\" data-element_type=\"section\" data-e-type=\"section\">\n\t\t\t\t\t\t<div class=\"elementor-container elementor-column-gap-default\">\n\t\t\t\t\t<div class=\"elementor-column elementor-col-100 elementor-top-column elementor-element elementor-element-7a2f4bb\" data-id=\"7a2f4bb\" data-element_type=\"column\" data-e-type=\"column\">\n\t\t\t<div class=\"elementor-widget-wrap elementor-element-populated\">\n\t\t\t\t\t\t<div class=\"elementor-element elementor-element-e880ee7 elementor-widget elementor-widget-text-editor\" data-id=\"e880ee7\" data-element_type=\"widget\" data-e-type=\"widget\" data-widget_type=\"text-editor.default\">\n\t\t\t\t<div class=\"elementor-widget-container\">\n\t\t\t\t\t\t\t\t\t<p>Vu que c\u2019est prohib\u00e9 de d\u00e9verser l\u2019eau un peu grise sur la route et dans les champs, alors que les pesticides sont toujours les bienvenus sur nos sols,\u2026 ne cherchons pas \u00e0 comprendre. Soyons respectueux dans notre domaine, on est d\u00e9j\u00e0 tellement critiqu\u00e9, souvent avec raison. Le mieux est de montrer notre respect des autres, des lois et de la nature.<\/p><p>Alors comme j\u2019en avais mare de m\u2019agenouiller vers cette vanne dissimul\u00e9e au fond de l\u2019armoire, de d\u00e9placer des boites pour trouver la manette. Et que je culpabilise de la laisser ouverte en permance. Et bien je l\u2019ai supprim\u00e9e, la manette et la vanne attenante ! <br \/><br \/>Mais oui, mais non, je l\u2019ai remplac\u00e9e par une vanne motoris\u00e9e et un petit interrupteur qui tombe sous le doigt, le moment voulu.<\/p><p>L\u2019installation n\u2019est pas simple, il faut sortir le frigo, d\u00e9saccoupler les tuyaux, percer les rivets POP du support, etc. Donc un peu long \u00e0 d\u00e9faire et remonter le tout. Mais maintenant mon Van peut lever la patte au bon endroit sans laisser de trace sur la route.<\/p>\t\t\t\t\t\t\t\t<\/div>\n\t\t\t\t<\/div>\n\t\t\t\t\t<\/div>\n\t\t<\/div>\n\t\t\t\t\t<\/div>\n\t\t<\/section>\n\t\t\t\t<section class=\"elementor-section elementor-top-section elementor-element elementor-element-c7288e0 elementor-section-boxed elementor-section-height-default elementor-section-height-default\" data-id=\"c7288e0\" data-element_type=\"section\" data-e-type=\"section\">\n\t\t\t\t\t\t<div class=\"elementor-container elementor-column-gap-default\">\n\t\t\t\t\t<div class=\"elementor-column elementor-col-100 elementor-top-column elementor-element elementor-element-6b3f46b\" data-id=\"6b3f46b\" data-element_type=\"column\" data-e-type=\"column\">\n\t\t\t<div class=\"elementor-widget-wrap elementor-element-populated\">\n\t\t\t\t\t\t<div class=\"elementor-element elementor-element-9ad7238 elementor-widget elementor-widget-image\" data-id=\"9ad7238\" data-element_type=\"widget\" data-e-type=\"widget\" data-widget_type=\"image.default\">\n\t\t\t\t<div class=\"elementor-widget-container\">\n\t\t\t\t\t\t\t\t\t\t\t\t\t\t\t<img fetchpriority=\"high\" decoding=\"async\" width=\"800\" height=\"570\" src=\"https:\/\/www.tempsdepause.ch\/solfar\/wp-content\/uploads\/2021\/08\/IMG_4459.png\" class=\"attachment-large size-large wp-image-22027\" alt=\"\" srcset=\"https:\/\/www.tempsdepause.ch\/solfar\/wp-content\/uploads\/2021\/08\/IMG_4459.png 800w, https:\/\/www.tempsdepause.ch\/solfar\/wp-content\/uploads\/2021\/08\/IMG_4459-702x500.png 702w, https:\/\/www.tempsdepause.ch\/solfar\/wp-content\/uploads\/2021\/08\/IMG_4459-768x547.png 768w, https:\/\/www.tempsdepause.ch\/solfar\/wp-content\/uploads\/2021\/08\/IMG_4459-770x550.png 770w, https:\/\/www.tempsdepause.ch\/solfar\/wp-content\/uploads\/2021\/08\/IMG_4459-600x428.png 600w\" sizes=\"(max-width: 800px) 100vw, 800px\" \/>\t\t\t\t\t\t\t\t\t\t\t\t\t\t\t<\/div>\n\t\t\t\t<\/div>\n\t\t\t\t\t<\/div>\n\t\t<\/div>\n\t\t\t\t\t<\/div>\n\t\t<\/section>\n\t\t\t\t<section class=\"elementor-section elementor-top-section elementor-element elementor-element-0a6a48c elementor-section-boxed elementor-section-height-default elementor-section-height-default\" data-id=\"0a6a48c\" data-element_type=\"section\" data-e-type=\"section\">\n\t\t\t\t\t\t<div class=\"elementor-container elementor-column-gap-default\">\n\t\t\t\t\t<div class=\"elementor-column elementor-col-100 elementor-top-column elementor-element elementor-element-5df451f\" data-id=\"5df451f\" data-element_type=\"column\" data-e-type=\"column\">\n\t\t\t<div class=\"elementor-widget-wrap elementor-element-populated\">\n\t\t\t\t\t\t<div class=\"elementor-element elementor-element-4ebc0aa elementor-widget elementor-widget-text-editor\" data-id=\"4ebc0aa\" data-element_type=\"widget\" data-e-type=\"widget\" data-widget_type=\"text-editor.default\">\n\t\t\t\t<div class=\"elementor-widget-container\">\n\t\t\t\t\t\t\t\t\t<p>Mat\u00e9riel:<\/p><p><a href=\"http:\/\/Conrad.ch, vanne \u00e0 boisseau sph\u00e9rique bistable.\" data-wplink-url-error=\"true\">Conrad.ch, vanne \u00e0 boisseau sph\u00e9rique bistable.<\/a><\/p><p><a href=\"https:\/\/www.conrad.ch\/fr\/p\/interrupteur-a-bascule-pour-l-automobile-tru-components-tc-r13-112dl-02-1587931-12-v-dc-20-a-1-x-on-off-on-permanent-0-p-1587931.html\">Conrad.ch interrupteur ON\/Off\/ON<\/a><\/p><p>Du c\u00e2ble 3 x 0.5 ou 3 x 0.75, des cosses et les outils n\u00e9cessaires.<\/p><p>\u00a0<\/p>\t\t\t\t\t\t\t\t<\/div>\n\t\t\t\t<\/div>\n\t\t\t\t\t<\/div>\n\t\t<\/div>\n\t\t\t\t\t<\/div>\n\t\t<\/section>\n\t\t\t\t<section class=\"elementor-section elementor-top-section elementor-element elementor-element-db71415 elementor-section-boxed elementor-section-height-default elementor-section-height-default\" data-id=\"db71415\" data-element_type=\"section\" data-e-type=\"section\">\n\t\t\t\t\t\t<div class=\"elementor-container elementor-column-gap-default\">\n\t\t\t\t\t<div class=\"elementor-column elementor-col-100 elementor-top-column elementor-element elementor-element-8deece9\" data-id=\"8deece9\" data-element_type=\"column\" data-e-type=\"column\">\n\t\t\t<div class=\"elementor-widget-wrap elementor-element-populated\">\n\t\t\t\t\t\t<div class=\"elementor-element elementor-element-d426477 elementor-widget elementor-widget-heading\" data-id=\"d426477\" data-element_type=\"widget\" data-e-type=\"widget\" data-widget_type=\"heading.default\">\n\t\t\t\t<div class=\"elementor-widget-container\">\n\t\t\t\t\t<h4 class=\"elementor-heading-title elementor-size-default\">O\u00f9 trouve-t-on des aires de vidange pour camping-cars en Suisse? <\/h4>\t\t\t\t<\/div>\n\t\t\t\t<\/div>\n\t\t\t\t\t<\/div>\n\t\t<\/div>\n\t\t\t\t\t<\/div>\n\t\t<\/section>\n\t\t\t\t<section class=\"elementor-section elementor-top-section elementor-element elementor-element-2c08b17 elementor-section-boxed elementor-section-height-default elementor-section-height-default\" data-id=\"2c08b17\" data-element_type=\"section\" data-e-type=\"section\">\n\t\t\t\t\t\t<div class=\"elementor-container elementor-column-gap-default\">\n\t\t\t\t\t<div class=\"elementor-column elementor-col-50 elementor-top-column elementor-element elementor-element-0d88b5f\" data-id=\"0d88b5f\" data-element_type=\"column\" data-e-type=\"column\">\n\t\t\t<div class=\"elementor-widget-wrap elementor-element-populated\">\n\t\t\t\t\t\t<div class=\"elementor-element elementor-element-ebe1543 elementor-widget elementor-widget-text-editor\" data-id=\"ebe1543\" data-element_type=\"widget\" data-e-type=\"widget\" data-widget_type=\"text-editor.default\">\n\t\t\t\t<div class=\"elementor-widget-container\">\n\t\t\t\t\t\t\t\t\t<h5><a href=\"https:\/\/www.tcs.ch\/fr\/camping-voyages\/camping-insider\/conseils\/preparatifs\/aires-de-vidange-pour-camping-cars-en-suisse.php\" target=\"_blank\" rel=\"noopener\">Le TCS propose\u00a0une carte d\u00e9taill\u00e9e avec planificateur d\u2019itin\u00e9raire.<\/a><\/h5>\t\t\t\t\t\t\t\t<\/div>\n\t\t\t\t<\/div>\n\t\t\t\t\t<\/div>\n\t\t<\/div>\n\t\t\t\t<div class=\"elementor-column elementor-col-50 elementor-top-column elementor-element elementor-element-d61f949\" data-id=\"d61f949\" data-element_type=\"column\" data-e-type=\"column\">\n\t\t\t<div class=\"elementor-widget-wrap\">\n\t\t\t\t\t\t\t<\/div>\n\t\t<\/div>\n\t\t\t\t\t<\/div>\n\t\t<\/section>\n\t\t\t\t<section class=\"elementor-section elementor-top-section elementor-element elementor-element-9f76d78 elementor-section-boxed elementor-section-height-default elementor-section-height-default\" data-id=\"9f76d78\" data-element_type=\"section\" data-e-type=\"section\">\n\t\t\t\t\t\t<div class=\"elementor-container elementor-column-gap-default\">\n\t\t\t\t\t<div class=\"elementor-column elementor-col-100 elementor-top-column elementor-element elementor-element-a912413\" data-id=\"a912413\" data-element_type=\"column\" data-e-type=\"column\">\n\t\t\t<div class=\"elementor-widget-wrap elementor-element-populated\">\n\t\t\t\t\t\t<div class=\"elementor-element elementor-element-c87f5f4 elementor-widget elementor-widget-heading\" data-id=\"c87f5f4\" data-element_type=\"widget\" data-e-type=\"widget\" data-widget_type=\"heading.default\">\n\t\t\t\t<div class=\"elementor-widget-container\">\n\t\t\t\t\t<h4 class=\"elementor-heading-title elementor-size-default\">O\u00f9 trouve-t-on des aires de vidange pour camping-cars en Europe? <\/h4>\t\t\t\t<\/div>\n\t\t\t\t<\/div>\n\t\t\t\t\t<\/div>\n\t\t<\/div>\n\t\t\t\t\t<\/div>\n\t\t<\/section>\n\t\t\t\t<section class=\"elementor-section elementor-top-section elementor-element elementor-element-c87e59a elementor-section-boxed elementor-section-height-default elementor-section-height-default\" data-id=\"c87e59a\" data-element_type=\"section\" data-e-type=\"section\">\n\t\t\t\t\t\t<div class=\"elementor-container elementor-column-gap-default\">\n\t\t\t\t\t<div class=\"elementor-column elementor-col-100 elementor-top-column elementor-element elementor-element-d7519ba\" data-id=\"d7519ba\" data-element_type=\"column\" data-e-type=\"column\">\n\t\t\t<div class=\"elementor-widget-wrap elementor-element-populated\">\n\t\t\t\t\t\t<div class=\"elementor-element elementor-element-940202c elementor-widget elementor-widget-text-editor\" data-id=\"940202c\" data-element_type=\"widget\" data-e-type=\"widget\" data-widget_type=\"text-editor.default\">\n\t\t\t\t<div class=\"elementor-widget-container\">\n\t\t\t\t\t\t\t\t\t<ul><li><strong><a href=\"http:\/\/i-campingcar.fr\/aires\/accueil.htm\" target=\"_blank\" rel=\"noopener\">France<\/a><\/strong><\/li><li><strong><a href=\"https:\/\/www.galassiacamper.com\/camper_service_autostrada.htm\" target=\"_blank\" rel=\"noopener\">Italie<\/a><\/strong><\/li><li><strong><a href=\"https:\/\/www.feliceontour.de\/ver-und-entsorgung\/\" target=\"_blank\" rel=\"noopener\">Allemagne<\/a><\/strong><\/li><li><strong><a href=\"https:\/\/www.bordatlas.de\/entsorgungsstationenEuropa.pdf\" target=\"_blank\" rel=\"noopener\">Aires de vidange en europe<\/a><\/strong><\/li><\/ul>\t\t\t\t\t\t\t\t<\/div>\n\t\t\t\t<\/div>\n\t\t\t\t\t<\/div>\n\t\t<\/div>\n\t\t\t\t\t<\/div>\n\t\t<\/section>\n\t\t\t\t<section class=\"elementor-section elementor-top-section elementor-element elementor-element-c2fd6c8 elementor-section-boxed elementor-section-height-default elementor-section-height-default\" data-id=\"c2fd6c8\" data-element_type=\"section\" data-e-type=\"section\">\n\t\t\t\t\t\t<div class=\"elementor-container elementor-column-gap-default\">\n\t\t\t\t\t<div class=\"elementor-column elementor-col-100 elementor-top-column elementor-element elementor-element-31cfdbb\" data-id=\"31cfdbb\" data-element_type=\"column\" data-e-type=\"column\">\n\t\t\t<div class=\"elementor-widget-wrap elementor-element-populated\">\n\t\t\t\t\t\t<div class=\"elementor-element elementor-element-5bb6412 elementor-widget elementor-widget-image\" data-id=\"5bb6412\" data-element_type=\"widget\" data-e-type=\"widget\" data-widget_type=\"image.default\">\n\t\t\t\t<div class=\"elementor-widget-container\">\n\t\t\t\t\t\t\t\t\t\t\t\t\t\t\t<img decoding=\"async\" src=\"https:\/\/www.google.com\/maps\/d\/viewer?mid=15ancm5fJhysShxFbMG5GvsxyDSQXtwuP&ll=46.810190355847176%2C8.22878089999997&z=8\" title=\"\" alt=\"\" loading=\"lazy\" \/>\t\t\t\t\t\t\t\t\t\t\t\t\t\t\t<\/div>\n\t\t\t\t<\/div>\n\t\t\t\t\t<\/div>\n\t\t<\/div>\n\t\t\t\t\t<\/div>\n\t\t<\/section>\n\t\t\t\t<\/div>\n\t\t","protected":false},"excerpt":{"rendered":"<p>Simplifier la vidange d\u2019eau grise Vu que c\u2019est prohib\u00e9 de d\u00e9verser l\u2019eau un peu grise sur la route et dans les champs, alors que les pesticides sont toujours les bienvenus sur nos sols,\u2026 ne cherchons pas \u00e0 comprendre. Soyons respectueux dans notre domaine, on est d\u00e9j\u00e0 tellement critiqu\u00e9, souvent avec raison. Le mieux est de montrer notre respect des autres, des lois et de la nature. Alors comme j\u2019en avais mare de m\u2019agenouiller vers cette vanne dissimul\u00e9e au fond de [&hellip;]<\/p>\n","protected":false},"author":2,"featured_media":0,"parent":0,"menu_order":0,"comment_status":"closed","ping_status":"closed","template":"","meta":{"footnotes":""},"class_list":["post-22028","page","type-page","status-publish","hentry"],"_links":{"self":[{"href":"https:\/\/www.tempsdepause.ch\/solfar\/wp-json\/wp\/v2\/pages\/22028","targetHints":{"allow":["GET"]}}],"collection":[{"href":"https:\/\/www.tempsdepause.ch\/solfar\/wp-json\/wp\/v2\/pages"}],"about":[{"href":"https:\/\/www.tempsdepause.ch\/solfar\/wp-json\/wp\/v2\/types\/page"}],"author":[{"embeddable":true,"href":"https:\/\/www.tempsdepause.ch\/solfar\/wp-json\/wp\/v2\/users\/2"}],"replies":[{"embeddable":true,"href":"https:\/\/www.tempsdepause.ch\/solfar\/wp-json\/wp\/v2\/comments?post=22028"}],"version-history":[{"count":4,"href":"https:\/\/www.tempsdepause.ch\/solfar\/wp-json\/wp\/v2\/pages\/22028\/revisions"}],"predecessor-version":[{"id":22092,"href":"https:\/\/www.tempsdepause.ch\/solfar\/wp-json\/wp\/v2\/pages\/22028\/revisions\/22092"}],"wp:attachment":[{"href":"https:\/\/www.tempsdepause.ch\/solfar\/wp-json\/wp\/v2\/media?parent=22028"}],"curies":[{"name":"wp","href":"https:\/\/api.w.org\/{rel}","templated":true}]}}