{"id":21528,"date":"2021-07-16T10:52:12","date_gmt":"2021-07-16T08:52:12","guid":{"rendered":"https:\/\/www.tempsdepause.ch\/solfar\/?page_id=21528"},"modified":"2021-07-16T11:39:29","modified_gmt":"2021-07-16T09:39:29","slug":"norvege1986","status":"publish","type":"page","link":"https:\/\/www.tempsdepause.ch\/solfar\/norvege1986\/","title":{"rendered":"Norv\u00e8ge1986"},"content":{"rendered":"\t\t<div data-elementor-type=\"wp-page\" data-elementor-id=\"21528\" class=\"elementor elementor-21528\">\n\t\t\t\t\t\t<section class=\"elementor-section elementor-top-section elementor-element elementor-element-eb89137 elementor-section-boxed elementor-section-height-default elementor-section-height-default\" data-id=\"eb89137\" data-element_type=\"section\" data-e-type=\"section\">\n\t\t\t\t\t\t<div class=\"elementor-container elementor-column-gap-default\">\n\t\t\t\t\t<div class=\"elementor-column elementor-col-100 elementor-top-column elementor-element elementor-element-8daa92d\" data-id=\"8daa92d\" data-element_type=\"column\" data-e-type=\"column\">\n\t\t\t<div class=\"elementor-widget-wrap elementor-element-populated\">\n\t\t\t\t\t\t<div class=\"elementor-element elementor-element-4b062d9 elementor-widget elementor-widget-heading\" data-id=\"4b062d9\" data-element_type=\"widget\" data-e-type=\"widget\" data-widget_type=\"heading.default\">\n\t\t\t\t<div class=\"elementor-widget-container\">\n\t\t\t\t\t<h2 class=\"elementor-heading-title elementor-size-default\">Norv\u00e8ge en 1986<\/h2>\t\t\t\t<\/div>\n\t\t\t\t<\/div>\n\t\t\t\t\t<\/div>\n\t\t<\/div>\n\t\t\t\t\t<\/div>\n\t\t<\/section>\n\t\t\t\t<section class=\"elementor-section elementor-top-section elementor-element elementor-element-841cb53 elementor-section-boxed elementor-section-height-default elementor-section-height-default\" data-id=\"841cb53\" data-element_type=\"section\" data-e-type=\"section\">\n\t\t\t\t\t\t<div class=\"elementor-container elementor-column-gap-default\">\n\t\t\t\t\t<div class=\"elementor-column elementor-col-100 elementor-top-column elementor-element elementor-element-27317bb\" data-id=\"27317bb\" data-element_type=\"column\" data-e-type=\"column\">\n\t\t\t<div class=\"elementor-widget-wrap elementor-element-populated\">\n\t\t\t\t\t\t<div class=\"elementor-element elementor-element-5061ec6 elementor-widget elementor-widget-text-editor\" data-id=\"5061ec6\" data-element_type=\"widget\" data-e-type=\"widget\" data-widget_type=\"text-editor.default\">\n\t\t\t\t<div class=\"elementor-widget-container\">\n\t\t\t\t\t\t\t\t\t<p>La vie n\u2019est qu\u2019un rapide passage, nos enfants sont aujourd\u2019hui, plus \u00e2g\u00e9s que nous l\u2019\u00e9tions lors de ce voyage en Norv\u00e8ge en 86. Heureusement les souvenirs restent dans nos m\u00e9moires avec un meilleur ancrage gr\u00e2ce \u00e0 la photographie et la vid\u00e9o.<\/p><p>Avec ce super VW LT31 que j\u2019ai am\u00e9nag\u00e9 entre janvier et juillet 85, nous \u00e9tions heureux et autonomes pour d\u00e9couvrir l\u2019Europe. En ce temps-l\u00e0, les camping-cars \u00e9taient presque inexistants. Nous pouvions passer la nuit sans interdiction ni d\u00e9rangement. M\u00eame quelques fois les voisins nous souriaient et \u00e9changeaient quelques mots aimables.\u00a0<\/p><p>Tr\u00e8s peu de touristes en Norv\u00e8ge du Sud. Le but \u00e0 cette \u00e9poque \u00e9tait de filer au Cap Nord et d\u2019y revenir en 3 semaines. Pas nous, on avait du plaisir \u00e0 d\u00e9couvrir les paysages du sud de la Norv\u00e8ge. Et arriv\u00e9 \u00e0 \u00c5lesun c\u2019\u00e9tait d\u00e9j\u00e0 le temps de rentrer. Nous nous \u00e9tions promis de revenir l\u2019ann\u00e9e suivante\u2026<\/p>\t\t\t\t\t\t\t\t<\/div>\n\t\t\t\t<\/div>\n\t\t\t\t\t<\/div>\n\t\t<\/div>\n\t\t\t\t\t<\/div>\n\t\t<\/section>\n\t\t\t\t<section class=\"elementor-section elementor-top-section elementor-element elementor-element-bc1a0b0 elementor-section-boxed elementor-section-height-default elementor-section-height-default\" data-id=\"bc1a0b0\" data-element_type=\"section\" data-e-type=\"section\">\n\t\t\t\t\t\t<div class=\"elementor-container elementor-column-gap-default\">\n\t\t\t\t\t<div class=\"elementor-column elementor-col-100 elementor-top-column elementor-element elementor-element-7e1f78a\" data-id=\"7e1f78a\" data-element_type=\"column\" data-e-type=\"column\">\n\t\t\t<div class=\"elementor-widget-wrap elementor-element-populated\">\n\t\t\t\t\t\t<div class=\"elementor-element elementor-element-089c698 elementor-widget elementor-widget-video\" data-id=\"089c698\" data-element_type=\"widget\" data-e-type=\"widget\" data-settings=\"{&quot;video_type&quot;:&quot;hosted&quot;,&quot;autoplay&quot;:&quot;yes&quot;,&quot;controls&quot;:&quot;yes&quot;}\" data-widget_type=\"video.default\">\n\t\t\t\t<div class=\"elementor-widget-container\">\n\t\t\t\t\t\t\t<div class=\"e-hosted-video elementor-wrapper elementor-open-inline\">\n\t\t\t\t\t<video class=\"elementor-video\" src=\"https:\/\/www.tempsdepause.ch\/solfar\/wp-content\/uploads\/2021\/07\/Norway86.m4v\" autoplay=\"\" controls=\"\" controlsList=\"nodownload\" poster=\"https:\/\/www.tempsdepause.ch\/solfar\/wp-content\/uploads\/2021\/06\/Norvege-Suede86_048.png\"><\/video>\n\t\t\t\t<\/div>\n\t\t\t\t\t\t<\/div>\n\t\t\t\t<\/div>\n\t\t\t\t\t<\/div>\n\t\t<\/div>\n\t\t\t\t\t<\/div>\n\t\t<\/section>\n\t\t\t\t<\/div>\n\t\t","protected":false},"excerpt":{"rendered":"<p>Norv\u00e8ge en 1986 La vie n\u2019est qu\u2019un rapide passage, nos enfants sont aujourd\u2019hui, plus \u00e2g\u00e9s que nous l\u2019\u00e9tions lors de ce voyage en Norv\u00e8ge en 86. Heureusement les souvenirs restent dans nos m\u00e9moires avec un meilleur ancrage gr\u00e2ce \u00e0 la photographie et la vid\u00e9o. Avec ce super VW LT31 que j\u2019ai am\u00e9nag\u00e9 entre janvier et juillet 85, nous \u00e9tions heureux et autonomes pour d\u00e9couvrir l\u2019Europe. En ce temps-l\u00e0, les camping-cars \u00e9taient presque inexistants. Nous pouvions passer la nuit sans interdiction [&hellip;]<\/p>\n","protected":false},"author":2,"featured_media":0,"parent":0,"menu_order":0,"comment_status":"closed","ping_status":"closed","template":"elementor_header_footer","meta":{"footnotes":""},"class_list":["post-21528","page","type-page","status-publish","hentry"],"_links":{"self":[{"href":"https:\/\/www.tempsdepause.ch\/solfar\/wp-json\/wp\/v2\/pages\/21528","targetHints":{"allow":["GET"]}}],"collection":[{"href":"https:\/\/www.tempsdepause.ch\/solfar\/wp-json\/wp\/v2\/pages"}],"about":[{"href":"https:\/\/www.tempsdepause.ch\/solfar\/wp-json\/wp\/v2\/types\/page"}],"author":[{"embeddable":true,"href":"https:\/\/www.tempsdepause.ch\/solfar\/wp-json\/wp\/v2\/users\/2"}],"replies":[{"embeddable":true,"href":"https:\/\/www.tempsdepause.ch\/solfar\/wp-json\/wp\/v2\/comments?post=21528"}],"version-history":[{"count":3,"href":"https:\/\/www.tempsdepause.ch\/solfar\/wp-json\/wp\/v2\/pages\/21528\/revisions"}],"predecessor-version":[{"id":21553,"href":"https:\/\/www.tempsdepause.ch\/solfar\/wp-json\/wp\/v2\/pages\/21528\/revisions\/21553"}],"wp:attachment":[{"href":"https:\/\/www.tempsdepause.ch\/solfar\/wp-json\/wp\/v2\/media?parent=21528"}],"curies":[{"name":"wp","href":"https:\/\/api.w.org\/{rel}","templated":true}]}}