{"id":21006,"date":"2021-07-05T12:04:28","date_gmt":"2021-07-05T10:04:28","guid":{"rendered":"https:\/\/www.tempsdepause.ch\/solfar\/?page_id=21006"},"modified":"2021-07-18T21:15:57","modified_gmt":"2021-07-18T19:15:57","slug":"un-fjord-que-jaime","status":"publish","type":"page","link":"https:\/\/www.tempsdepause.ch\/solfar\/islande\/un-fjord-que-jaime\/","title":{"rendered":"Un fjord que j&rsquo;aime"},"content":{"rendered":"\t\t<div data-elementor-type=\"wp-page\" data-elementor-id=\"21006\" class=\"elementor elementor-21006\">\n\t\t\t\t\t\t<section class=\"elementor-section elementor-top-section elementor-element elementor-element-e5d5062 elementor-section-boxed elementor-section-height-default elementor-section-height-default\" data-id=\"e5d5062\" data-element_type=\"section\" data-e-type=\"section\">\n\t\t\t\t\t\t<div class=\"elementor-container elementor-column-gap-default\">\n\t\t\t\t\t<div class=\"elementor-column elementor-col-100 elementor-top-column elementor-element elementor-element-192e602\" data-id=\"192e602\" data-element_type=\"column\" data-e-type=\"column\">\n\t\t\t<div class=\"elementor-widget-wrap elementor-element-populated\">\n\t\t\t\t\t\t<div class=\"elementor-element elementor-element-0f95c7c elementor-widget elementor-widget-heading\" data-id=\"0f95c7c\" data-element_type=\"widget\" data-e-type=\"widget\" data-widget_type=\"heading.default\">\n\t\t\t\t<div class=\"elementor-widget-container\">\n\t\t\t\t\t<h2 class=\"elementor-heading-title elementor-size-default\">Un fjord que j'aime<\/h2>\t\t\t\t<\/div>\n\t\t\t\t<\/div>\n\t\t\t\t\t<\/div>\n\t\t<\/div>\n\t\t\t\t\t<\/div>\n\t\t<\/section>\n\t\t\t\t<section class=\"elementor-section elementor-top-section elementor-element elementor-element-3681f52 elementor-section-boxed elementor-section-height-default elementor-section-height-default\" data-id=\"3681f52\" data-element_type=\"section\" data-e-type=\"section\">\n\t\t\t\t\t\t<div class=\"elementor-container elementor-column-gap-default\">\n\t\t\t\t\t<div class=\"elementor-column elementor-col-50 elementor-top-column elementor-element elementor-element-b8792ed\" data-id=\"b8792ed\" data-element_type=\"column\" data-e-type=\"column\">\n\t\t\t<div class=\"elementor-widget-wrap elementor-element-populated\">\n\t\t\t\t\t\t<div class=\"elementor-element elementor-element-fb46884 elementor-widget elementor-widget-heading\" data-id=\"fb46884\" data-element_type=\"widget\" data-e-type=\"widget\" data-widget_type=\"heading.default\">\n\t\t\t\t<div class=\"elementor-widget-container\">\n\t\t\t\t\t<h2 class=\"elementor-heading-title elementor-size-default\">Mjolfj\u00f6r\u2202ur<\/h2>\t\t\t\t<\/div>\n\t\t\t\t<\/div>\n\t\t\t\t\t<\/div>\n\t\t<\/div>\n\t\t\t\t<div class=\"elementor-column elementor-col-50 elementor-top-column elementor-element elementor-element-22e9cd4\" data-id=\"22e9cd4\" data-element_type=\"column\" data-e-type=\"column\">\n\t\t\t<div class=\"elementor-widget-wrap elementor-element-populated\">\n\t\t\t\t\t\t<div class=\"elementor-element elementor-element-53868b3 elementor-widget elementor-widget-text-editor\" data-id=\"53868b3\" data-element_type=\"widget\" data-e-type=\"widget\" data-widget_type=\"text-editor.default\">\n\t\t\t\t<div class=\"elementor-widget-container\">\n\t\t\t\t\t\t\t\t\t<p>La premi\u00e8re fois que j\u2019ai franchi le col, le brouillard cachait la piste encore recouverte de neige. Avec des d\u00e9clivit\u00e9s glissantes \u00e0 s\u2019encorder, j\u2019inaugurais pour la premi\u00e8re fois les avantages du 4Motion et le r\u00e9gulateur de pente. Il faut \u00eatre fou d\u2019emmener un joli VW tout neuf sur ces chemins.\u00a0<\/p><p>C\u2019est tellement calme au bord du Mjolfj\u00f6r\u2202ur que l\u2019on entendrait les elfes murmurer. Lorsqu\u2019une baleine passe et qu\u2019un jeune phoque me regarde, je jetterais bien mes roues pour m\u2019enraciner l\u00e0.\u00a0<\/p><p>Evidement je suis revenu un ou deux mois plus tard.\u00a0<\/p>\t\t\t\t\t\t\t\t<\/div>\n\t\t\t\t<\/div>\n\t\t\t\t\t<\/div>\n\t\t<\/div>\n\t\t\t\t\t<\/div>\n\t\t<\/section>\n\t\t\t\t<section class=\"elementor-section elementor-top-section elementor-element elementor-element-7d553e7 elementor-section-boxed elementor-section-height-default elementor-section-height-default\" data-id=\"7d553e7\" data-element_type=\"section\" data-e-type=\"section\">\n\t\t\t\t\t\t<div class=\"elementor-container elementor-column-gap-default\">\n\t\t\t\t\t<div class=\"elementor-column elementor-col-100 elementor-top-column elementor-element elementor-element-84c1722\" data-id=\"84c1722\" data-element_type=\"column\" data-e-type=\"column\">\n\t\t\t<div class=\"elementor-widget-wrap elementor-element-populated\">\n\t\t\t\t\t\t<div class=\"elementor-element elementor-element-c272532 carousel-dots-yes carousel-arrow-shape-default elementor-widget elementor-widget-slideshow-carousel\" data-id=\"c272532\" data-element_type=\"widget\" data-e-type=\"widget\" data-widget_type=\"slideshow-carousel.default\">\n\t\t\t\t<div class=\"elementor-widget-container\">\n\t\t\t\t\t<div class=\"gridblock-owlcarousel-wrap clearfix\"><div id=\"21006-6a021379ebfe1\" class=\"owl-carousel owl-slideshow-element owl-carousel-detect owl-carousel-type-slideshow\" data-autoplaytimeout=\"5000\" data-smartspeed=\"1000\" data-id=\"21006-6a021379ebfe1\" data-autoplay=\"true\" data-lazyload=\"false\" data-type=\"slideshow\"><div class=\"gridblock-slideshow-element\"><img decoding=\"async\" src=\"https:\/\/www.tempsdepause.ch\/solfar\/wp-content\/uploads\/2019\/10\/JeanDa20170701089010.jpg\" alt=\"\" class=\"owl-slide-image\"\/><div class=\"slideshow-owl-title\">JeanDa20170701089010<\/div><\/div><div class=\"gridblock-slideshow-element\"><img decoding=\"async\" src=\"https:\/\/www.tempsdepause.ch\/solfar\/wp-content\/uploads\/2019\/10\/JeanDa20170525000714.jpg\" alt=\"\" class=\"owl-slide-image\"\/><div class=\"slideshow-owl-title\">JeanDa20170525000714<\/div><\/div><div class=\"gridblock-slideshow-element\"><img decoding=\"async\" src=\"https:\/\/www.tempsdepause.ch\/solfar\/wp-content\/uploads\/2019\/10\/JeanDa20170525000705.jpg\" alt=\"\" class=\"owl-slide-image\"\/><div class=\"slideshow-owl-title\">JeanDa20170525000705<\/div><\/div><div class=\"gridblock-slideshow-element\"><img decoding=\"async\" src=\"https:\/\/www.tempsdepause.ch\/solfar\/wp-content\/uploads\/2019\/10\/JeanDa20170701089041.jpg\" alt=\"\" class=\"owl-slide-image\"\/><div class=\"slideshow-owl-title\">JeanDa20170701089041<\/div><\/div><div class=\"gridblock-slideshow-element\"><img decoding=\"async\" src=\"https:\/\/www.tempsdepause.ch\/solfar\/wp-content\/uploads\/2019\/10\/JeanDa20170525000713.jpg\" alt=\"\" class=\"owl-slide-image\"\/><div class=\"slideshow-owl-title\">JeanDa20170525000713<\/div><\/div><div class=\"gridblock-slideshow-element\"><img decoding=\"async\" src=\"https:\/\/www.tempsdepause.ch\/solfar\/wp-content\/uploads\/2019\/10\/JeanDa20170525000684.jpg\" alt=\"\" class=\"owl-slide-image\"\/><div class=\"slideshow-owl-title\">JeanDa20170525000684<\/div><\/div><div class=\"gridblock-slideshow-element\"><img decoding=\"async\" src=\"https:\/\/www.tempsdepause.ch\/solfar\/wp-content\/uploads\/2019\/10\/JeanDa20170701089097.jpg\" alt=\"\" class=\"owl-slide-image\"\/><div class=\"slideshow-owl-title\">JeanDa20170701089097<\/div><\/div><div class=\"gridblock-slideshow-element\"><img decoding=\"async\" src=\"https:\/\/www.tempsdepause.ch\/solfar\/wp-content\/uploads\/2019\/10\/JeanDa20170701089089.jpg\" alt=\"\" class=\"owl-slide-image\"\/><div class=\"slideshow-owl-title\">JeanDa20170701089089<\/div><\/div><div class=\"gridblock-slideshow-element\"><img decoding=\"async\" src=\"https:\/\/www.tempsdepause.ch\/solfar\/wp-content\/uploads\/2019\/10\/JeanDa20170701089078.jpg\" alt=\"\" class=\"owl-slide-image\"\/><div class=\"slideshow-owl-title\">JeanDa20170701089078<\/div><\/div><div class=\"gridblock-slideshow-element\"><img decoding=\"async\" src=\"https:\/\/www.tempsdepause.ch\/solfar\/wp-content\/uploads\/2019\/10\/JeanDa20170701089061.jpg\" alt=\"\" class=\"owl-slide-image\"\/><div class=\"slideshow-owl-title\">JeanDa20170701089061<\/div><\/div><div class=\"gridblock-slideshow-element\"><img decoding=\"async\" src=\"https:\/\/www.tempsdepause.ch\/solfar\/wp-content\/uploads\/2019\/10\/JeanDa20170525000725.jpg\" alt=\"\" class=\"owl-slide-image\"\/><div class=\"slideshow-owl-title\">JeanDa20170525000725<\/div><\/div><div class=\"gridblock-slideshow-element\"><img decoding=\"async\" src=\"https:\/\/www.tempsdepause.ch\/solfar\/wp-content\/uploads\/2019\/10\/JeanDa20170525000728.jpg\" alt=\"\" class=\"owl-slide-image\"\/><div class=\"slideshow-owl-title\">JeanDa20170525000728<\/div><\/div><div class=\"gridblock-slideshow-element\"><img decoding=\"async\" src=\"https:\/\/www.tempsdepause.ch\/solfar\/wp-content\/uploads\/2019\/10\/JeanDa20170701089073.jpg\" alt=\"\" class=\"owl-slide-image\"\/><div class=\"slideshow-owl-title\">JeanDa20170701089073<\/div><\/div><\/div><\/div>\t\t\t\t<\/div>\n\t\t\t\t<\/div>\n\t\t\t\t\t<\/div>\n\t\t<\/div>\n\t\t\t\t\t<\/div>\n\t\t<\/section>\n\t\t\t\t<section class=\"elementor-section elementor-top-section elementor-element elementor-element-239693b elementor-section-boxed elementor-section-height-default elementor-section-height-default\" data-id=\"239693b\" data-element_type=\"section\" data-e-type=\"section\">\n\t\t\t\t\t\t<div class=\"elementor-container elementor-column-gap-default\">\n\t\t\t\t\t<div class=\"elementor-column elementor-col-33 elementor-top-column elementor-element elementor-element-e020115\" data-id=\"e020115\" data-element_type=\"column\" data-e-type=\"column\">\n\t\t\t<div class=\"elementor-widget-wrap elementor-element-populated\">\n\t\t\t\t\t\t<div class=\"elementor-element elementor-element-f083406 elementor-widget elementor-widget-button\" data-id=\"f083406\" data-element_type=\"widget\" data-e-type=\"widget\" data-widget_type=\"button.default\">\n\t\t\t\t<div class=\"elementor-widget-container\">\n\t\t\t\t\t\t\t\t\t<div class=\"elementor-button-wrapper\">\n\t\t\t\t\t<a class=\"elementor-button elementor-button-link elementor-size-sm\" href=\"https:\/\/www.tempsdepause.ch\/solfar\/au-fil-du-jokulsa-a-fjollum\/\">\n\t\t\t\t\t\t<span class=\"elementor-button-content-wrapper\">\n\t\t\t\t\t\t<span class=\"elementor-button-icon\">\n\t\t\t\t<i aria-hidden=\"true\" class=\"far fa-hand-point-left\"><\/i>\t\t\t<\/span>\n\t\t\t\t\t\t\t\t\t<span class=\"elementor-button-text\">Au fil du fleuve<\/span>\n\t\t\t\t\t<\/span>\n\t\t\t\t\t<\/a>\n\t\t\t\t<\/div>\n\t\t\t\t\t\t\t\t<\/div>\n\t\t\t\t<\/div>\n\t\t\t\t\t<\/div>\n\t\t<\/div>\n\t\t\t\t<div class=\"elementor-column elementor-col-33 elementor-top-column elementor-element elementor-element-dce09d7\" data-id=\"dce09d7\" data-element_type=\"column\" data-e-type=\"column\">\n\t\t\t<div class=\"elementor-widget-wrap\">\n\t\t\t\t\t\t\t<\/div>\n\t\t<\/div>\n\t\t\t\t<div class=\"elementor-column elementor-col-33 elementor-top-column elementor-element elementor-element-e7f5df0\" data-id=\"e7f5df0\" data-element_type=\"column\" data-e-type=\"column\">\n\t\t\t<div class=\"elementor-widget-wrap elementor-element-populated\">\n\t\t\t\t\t\t<div class=\"elementor-element elementor-element-8fac5ec elementor-align-right elementor-widget elementor-widget-button\" data-id=\"8fac5ec\" data-element_type=\"widget\" data-e-type=\"widget\" data-widget_type=\"button.default\">\n\t\t\t\t<div class=\"elementor-widget-container\">\n\t\t\t\t\t\t\t\t\t<div class=\"elementor-button-wrapper\">\n\t\t\t\t\t<a class=\"elementor-button elementor-button-link elementor-size-sm\" href=\"https:\/\/www.tempsdepause.ch\/solfar\/le-terrible-troll-hvitserkur\/\">\n\t\t\t\t\t\t<span class=\"elementor-button-content-wrapper\">\n\t\t\t\t\t\t\t\t\t<span class=\"elementor-button-text\">>>> Le terrible troll...<\/span>\n\t\t\t\t\t<\/span>\n\t\t\t\t\t<\/a>\n\t\t\t\t<\/div>\n\t\t\t\t\t\t\t\t<\/div>\n\t\t\t\t<\/div>\n\t\t\t\t\t<\/div>\n\t\t<\/div>\n\t\t\t\t\t<\/div>\n\t\t<\/section>\n\t\t\t\t<\/div>\n\t\t","protected":false},"excerpt":{"rendered":"<p>Un fjord que j\u2019aime Mjolfj\u00f6r\u2202ur La premi\u00e8re fois que j\u2019ai franchi le col, le brouillard cachait la piste encore recouverte de neige. Avec des d\u00e9clivit\u00e9s glissantes \u00e0 s\u2019encorder, j\u2019inaugurais pour la premi\u00e8re fois les avantages du 4Motion et le r\u00e9gulateur de pente. Il faut \u00eatre fou d\u2019emmener un joli VW tout neuf sur ces chemins.\u00a0 C\u2019est tellement calme au bord du Mjolfj\u00f6r\u2202ur que l\u2019on entendrait les elfes murmurer. Lorsqu\u2019une baleine passe et qu\u2019un jeune phoque me regarde, je jetterais bien [&hellip;]<\/p>\n","protected":false},"author":2,"featured_media":0,"parent":21318,"menu_order":4,"comment_status":"closed","ping_status":"closed","template":"","meta":{"footnotes":""},"class_list":["post-21006","page","type-page","status-publish","hentry"],"_links":{"self":[{"href":"https:\/\/www.tempsdepause.ch\/solfar\/wp-json\/wp\/v2\/pages\/21006","targetHints":{"allow":["GET"]}}],"collection":[{"href":"https:\/\/www.tempsdepause.ch\/solfar\/wp-json\/wp\/v2\/pages"}],"about":[{"href":"https:\/\/www.tempsdepause.ch\/solfar\/wp-json\/wp\/v2\/types\/page"}],"author":[{"embeddable":true,"href":"https:\/\/www.tempsdepause.ch\/solfar\/wp-json\/wp\/v2\/users\/2"}],"replies":[{"embeddable":true,"href":"https:\/\/www.tempsdepause.ch\/solfar\/wp-json\/wp\/v2\/comments?post=21006"}],"version-history":[{"count":3,"href":"https:\/\/www.tempsdepause.ch\/solfar\/wp-json\/wp\/v2\/pages\/21006\/revisions"}],"predecessor-version":[{"id":21966,"href":"https:\/\/www.tempsdepause.ch\/solfar\/wp-json\/wp\/v2\/pages\/21006\/revisions\/21966"}],"up":[{"embeddable":true,"href":"https:\/\/www.tempsdepause.ch\/solfar\/wp-json\/wp\/v2\/pages\/21318"}],"wp:attachment":[{"href":"https:\/\/www.tempsdepause.ch\/solfar\/wp-json\/wp\/v2\/media?parent=21006"}],"curies":[{"name":"wp","href":"https:\/\/api.w.org\/{rel}","templated":true}]}}