{"id":20997,"date":"2021-07-05T12:16:26","date_gmt":"2021-07-05T10:16:26","guid":{"rendered":"https:\/\/www.tempsdepause.ch\/solfar\/?page_id=20997"},"modified":"2021-07-18T21:17:11","modified_gmt":"2021-07-18T19:17:11","slug":"le-petit-clown-de-latlantique","status":"publish","type":"page","link":"https:\/\/www.tempsdepause.ch\/solfar\/islande\/le-petit-clown-de-latlantique\/","title":{"rendered":"Le petit clown de l&rsquo;Atlantique"},"content":{"rendered":"\t\t<div data-elementor-type=\"wp-page\" data-elementor-id=\"20997\" class=\"elementor elementor-20997\">\n\t\t\t\t\t\t<section class=\"elementor-section elementor-top-section elementor-element elementor-element-fc1d326 elementor-section-boxed elementor-section-height-default elementor-section-height-default\" data-id=\"fc1d326\" data-element_type=\"section\" data-e-type=\"section\">\n\t\t\t\t\t\t<div class=\"elementor-container elementor-column-gap-default\">\n\t\t\t\t\t<div class=\"elementor-column elementor-col-100 elementor-top-column elementor-element elementor-element-5ae805d\" data-id=\"5ae805d\" data-element_type=\"column\" data-e-type=\"column\">\n\t\t\t<div class=\"elementor-widget-wrap elementor-element-populated\">\n\t\t\t\t\t\t<div class=\"elementor-element elementor-element-112a363 elementor-widget elementor-widget-heading\" data-id=\"112a363\" data-element_type=\"widget\" data-e-type=\"widget\" data-widget_type=\"heading.default\">\n\t\t\t\t<div class=\"elementor-widget-container\">\n\t\t\t\t\t<h2 class=\"elementor-heading-title elementor-size-default\">Le petit clown de l'Atlantique<\/h2>\t\t\t\t<\/div>\n\t\t\t\t<\/div>\n\t\t\t\t\t<\/div>\n\t\t<\/div>\n\t\t\t\t\t<\/div>\n\t\t<\/section>\n\t\t\t\t<section class=\"elementor-section elementor-top-section elementor-element elementor-element-ff8a871 elementor-section-boxed elementor-section-height-default elementor-section-height-default\" data-id=\"ff8a871\" data-element_type=\"section\" data-e-type=\"section\">\n\t\t\t\t\t\t<div class=\"elementor-container elementor-column-gap-default\">\n\t\t\t\t\t<div class=\"elementor-column elementor-col-100 elementor-top-column elementor-element elementor-element-a198ff6\" data-id=\"a198ff6\" data-element_type=\"column\" data-e-type=\"column\">\n\t\t\t<div class=\"elementor-widget-wrap elementor-element-populated\">\n\t\t\t\t\t\t<div class=\"elementor-element elementor-element-4161846 carousel-dots-yes carousel-arrow-shape-default elementor-widget elementor-widget-slideshow-carousel\" data-id=\"4161846\" data-element_type=\"widget\" data-e-type=\"widget\" data-widget_type=\"slideshow-carousel.default\">\n\t\t\t\t<div class=\"elementor-widget-container\">\n\t\t\t\t\t<div class=\"gridblock-owlcarousel-wrap clearfix\"><div id=\"20997-6a01e813e5194\" class=\"owl-carousel owl-slideshow-element owl-carousel-detect owl-carousel-type-slideshow\" data-autoplaytimeout=\"5000\" data-smartspeed=\"1000\" data-id=\"20997-6a01e813e5194\" data-autoplay=\"false\" data-lazyload=\"false\" data-type=\"slideshow\"><div class=\"gridblock-slideshow-element\"><img decoding=\"async\" src=\"https:\/\/www.tempsdepause.ch\/solfar\/wp-content\/uploads\/2021\/07\/JeanDa20170525000808.png\" alt=\"\" class=\"owl-slide-image\"\/><div class=\"slideshow-owl-title\">JeanDa20170525000808<\/div><\/div><div class=\"gridblock-slideshow-element\"><img decoding=\"async\" src=\"https:\/\/www.tempsdepause.ch\/solfar\/wp-content\/uploads\/2021\/07\/JeanDa20170525000841.png\" alt=\"\" class=\"owl-slide-image\"\/><div class=\"slideshow-owl-title\">JeanDa20170525000841<\/div><\/div><div class=\"gridblock-slideshow-element\"><img decoding=\"async\" src=\"https:\/\/www.tempsdepause.ch\/solfar\/wp-content\/uploads\/2021\/07\/JeanDa20170525000941.png\" alt=\"\" class=\"owl-slide-image\"\/><div class=\"slideshow-owl-title\">JeanDa20170525000941<\/div><\/div><div class=\"gridblock-slideshow-element\"><img decoding=\"async\" src=\"https:\/\/www.tempsdepause.ch\/solfar\/wp-content\/uploads\/2021\/07\/JeanDa20170525000961.png\" alt=\"\" class=\"owl-slide-image\"\/><div class=\"slideshow-owl-title\">JeanDa20170525000961<\/div><\/div><div class=\"gridblock-slideshow-element\"><img decoding=\"async\" src=\"https:\/\/www.tempsdepause.ch\/solfar\/wp-content\/uploads\/2021\/07\/JeanDa20170525000871.png\" alt=\"\" class=\"owl-slide-image\"\/><div class=\"slideshow-owl-title\">JeanDa20170525000871<\/div><\/div><div class=\"gridblock-slideshow-element\"><img decoding=\"async\" src=\"https:\/\/www.tempsdepause.ch\/solfar\/wp-content\/uploads\/2021\/07\/JeanDa20170525000954.png\" alt=\"\" class=\"owl-slide-image\"\/><div class=\"slideshow-owl-title\">JeanDa20170525000954<\/div><\/div><div class=\"gridblock-slideshow-element\"><img decoding=\"async\" src=\"https:\/\/www.tempsdepause.ch\/solfar\/wp-content\/uploads\/2021\/07\/JeanDa20170525001103.png\" alt=\"\" class=\"owl-slide-image\"\/><div class=\"slideshow-owl-title\">JeanDa20170525001103<\/div><\/div><div class=\"gridblock-slideshow-element\"><img decoding=\"async\" src=\"https:\/\/www.tempsdepause.ch\/solfar\/wp-content\/uploads\/2021\/07\/JeanDa20170525001228.png\" alt=\"\" class=\"owl-slide-image\"\/><div class=\"slideshow-owl-title\">JeanDa20170525001228<\/div><\/div><div class=\"gridblock-slideshow-element\"><img decoding=\"async\" src=\"https:\/\/www.tempsdepause.ch\/solfar\/wp-content\/uploads\/2021\/07\/JeanDa20170525001306.png\" alt=\"\" class=\"owl-slide-image\"\/><div class=\"slideshow-owl-title\">JeanDa20170525001306<\/div><\/div><div class=\"gridblock-slideshow-element\"><img decoding=\"async\" src=\"https:\/\/www.tempsdepause.ch\/solfar\/wp-content\/uploads\/2021\/07\/JeanDa20170526001331.png\" alt=\"\" class=\"owl-slide-image\"\/><div class=\"slideshow-owl-title\">JeanDa20170526001331<\/div><\/div><div class=\"gridblock-slideshow-element\"><img decoding=\"async\" src=\"https:\/\/www.tempsdepause.ch\/solfar\/wp-content\/uploads\/2021\/07\/JeanDa20170528002238.png\" alt=\"\" class=\"owl-slide-image\"\/><div class=\"slideshow-owl-title\">JeanDa20170528002238<\/div><\/div><div class=\"gridblock-slideshow-element\"><img decoding=\"async\" src=\"https:\/\/www.tempsdepause.ch\/solfar\/wp-content\/uploads\/2021\/07\/JeanDa20170528002289.png\" alt=\"\" class=\"owl-slide-image\"\/><div class=\"slideshow-owl-title\">JeanDa20170528002289<\/div><\/div><div class=\"gridblock-slideshow-element\"><img decoding=\"async\" src=\"https:\/\/www.tempsdepause.ch\/solfar\/wp-content\/uploads\/2021\/07\/JeanDa20170528002303-1.png\" alt=\"\" class=\"owl-slide-image\"\/><div class=\"slideshow-owl-title\">JeanDa20170528002303<\/div><\/div><div class=\"gridblock-slideshow-element\"><img decoding=\"async\" src=\"https:\/\/www.tempsdepause.ch\/solfar\/wp-content\/uploads\/2021\/07\/JeanDa20170528002397-1.png\" alt=\"\" class=\"owl-slide-image\"\/><div class=\"slideshow-owl-title\">JeanDa20170528002397<\/div><\/div><div class=\"gridblock-slideshow-element\"><img decoding=\"async\" src=\"https:\/\/www.tempsdepause.ch\/solfar\/wp-content\/uploads\/2021\/07\/JeanDa20170528002424.png\" alt=\"\" class=\"owl-slide-image\"\/><div class=\"slideshow-owl-title\">JeanDa20170528002424<\/div><\/div><div class=\"gridblock-slideshow-element\"><img decoding=\"async\" src=\"https:\/\/www.tempsdepause.ch\/solfar\/wp-content\/uploads\/2021\/07\/JeanDa20170614007052.png\" alt=\"\" class=\"owl-slide-image\"\/><div class=\"slideshow-owl-title\">JeanDa20170614007052<\/div><\/div><div class=\"gridblock-slideshow-element\"><img decoding=\"async\" src=\"https:\/\/www.tempsdepause.ch\/solfar\/wp-content\/uploads\/2021\/07\/JeanDa20170614006886.png\" alt=\"\" class=\"owl-slide-image\"\/><div class=\"slideshow-owl-title\">JeanDa20170614006886<\/div><\/div><div class=\"gridblock-slideshow-element\"><img decoding=\"async\" src=\"https:\/\/www.tempsdepause.ch\/solfar\/wp-content\/uploads\/2021\/07\/JeanDa20170614006814.png\" alt=\"\" class=\"owl-slide-image\"\/><div class=\"slideshow-owl-title\">JeanDa20170614006814<\/div><\/div><div class=\"gridblock-slideshow-element\"><img decoding=\"async\" src=\"https:\/\/www.tempsdepause.ch\/solfar\/wp-content\/uploads\/2021\/07\/JeanDa20170614006643.png\" alt=\"\" class=\"owl-slide-image\"\/><div class=\"slideshow-owl-title\">JeanDa20170614006643<\/div><\/div><div class=\"gridblock-slideshow-element\"><img decoding=\"async\" src=\"https:\/\/www.tempsdepause.ch\/solfar\/wp-content\/uploads\/2021\/07\/JeanDa20170614006756.png\" alt=\"\" class=\"owl-slide-image\"\/><div class=\"slideshow-owl-title\">JeanDa20170614006756<\/div><\/div><div class=\"gridblock-slideshow-element\"><img decoding=\"async\" src=\"https:\/\/www.tempsdepause.ch\/solfar\/wp-content\/uploads\/2021\/07\/JeanDa20170614006380.png\" alt=\"\" class=\"owl-slide-image\"\/><div class=\"slideshow-owl-title\">JeanDa20170614006380<\/div><\/div><div class=\"gridblock-slideshow-element\"><img decoding=\"async\" src=\"https:\/\/www.tempsdepause.ch\/solfar\/wp-content\/uploads\/2021\/07\/JeanDa20170614007100.png\" alt=\"\" class=\"owl-slide-image\"\/><div class=\"slideshow-owl-title\">JeanDa20170614007100<\/div><\/div><\/div><\/div>\t\t\t\t<\/div>\n\t\t\t\t<\/div>\n\t\t\t\t\t<\/div>\n\t\t<\/div>\n\t\t\t\t\t<\/div>\n\t\t<\/section>\n\t\t\t\t<section class=\"elementor-section elementor-top-section elementor-element elementor-element-c88d8a0 elementor-section-boxed elementor-section-height-default elementor-section-height-default\" data-id=\"c88d8a0\" data-element_type=\"section\" data-e-type=\"section\">\n\t\t\t\t\t\t<div class=\"elementor-container elementor-column-gap-default\">\n\t\t\t\t\t<div class=\"elementor-column elementor-col-100 elementor-top-column elementor-element elementor-element-1034c2a\" data-id=\"1034c2a\" data-element_type=\"column\" data-e-type=\"column\">\n\t\t\t<div class=\"elementor-widget-wrap elementor-element-populated\">\n\t\t\t\t\t\t<div class=\"elementor-element elementor-element-ebb7e26 elementor-widget elementor-widget-text-editor\" data-id=\"ebb7e26\" data-element_type=\"widget\" data-e-type=\"widget\" data-widget_type=\"text-editor.default\">\n\t\t\t\t<div class=\"elementor-widget-container\">\n\t\t\t\t\t\t\t\t\t<h4>Macareux moine<\/h4><p>Le macareux moine a comme nom scientifique Fratercula arctica (petit fr\u00e8re de l\u2019Arctique). Il s\u2019agit d\u2019une esp\u00e8ce d\u2019oiseau marin p\u00e9lagique qui vit dans l\u2019Atlantique Nord et qui passe la majorit\u00e9 de l\u2019ann\u00e9e en haute mer. Il ne revient sur terre d\u00e8s avril pour se reproduire et \u00e9lever ses poussins jusqu\u2019\u00e0 ce qu\u2019ils puissent prendre leur envol. Autour du 14 ao\u00fbt, du jour au lendemain, les macareux disparaissent en mer jusqu\u2019\u00e0 l\u2019ann\u00e9e suivante.\u00a0<\/p><h4>Pingouin torda<\/h4><p>Pingouin torda est une esp\u00e8ce d\u2019oiseau de la famille des alcid\u00e9s. C\u2019est le seul repr\u00e9sentant du genre Alca. Seul pingouin subsistant depuis la disparition du Grand Pingouin en 1844<\/p><h4>Guillemot de Tro\u00efl<\/h4><p>Les Guillemots de Tro\u00efl en costume noir et blanc font partie du d\u00e9cor nordique, align\u00e9s bien droits sur les corniches des falaises bordant l\u2019oc\u00e9an. Exclusivement aquatique et p\u00e9lagique, l\u2019esp\u00e8ce n\u2019aborde les c\u00f4tes que pour s\u2019y reproduire et n\u2019est observ\u00e9e \u00e0 l\u2019int\u00e9rieur des terres qu\u2019\u00e0 l\u2019occasion de temp\u00eates.<\/p><h4>Mouette tridactyle<\/h4><p>La Mouette tridactyle est une esp\u00e8ce d\u2019oiseau de mer de la famille des larid\u00e9s. Contrairement \u00e0 la plupart des mouettes et go\u00e9lands, il s\u2019agit d\u2019une esp\u00e8ce r\u00e9ellement p\u00e9lagique qui ne s\u2019approche du littoral que pour la reproduction.<\/p><h4>Fulmar bor\u00e9al<\/h4><p>Le fulmar bor\u00e9al est un oiseau sociable et gr\u00e9gaire\u00a0qui vit en bandes nombreuses, se m\u00ealant fr\u00e9quemment \u00e0 d\u2019autres esp\u00e8ces. Ses vocalisations sont assez sommaires et ressemblent \u00e0 ces caqu\u00e8tements rauques. C\u2019est un excellent voilier qui utilise les courants a\u00e9riens pour se d\u00e9placer, mais il pratique \u00e9galement le vol battu avec \u00e9l\u00e9gance, souvent au ras des vagues. C\u2019est un migrateur\u00a0dont les populations nordiques s\u2019envolent vers le sud entre novembre et f\u00e9vrier. Lorsque l\u2019oiseau se sent menac\u00e9, il peut cracher sur l\u2019intrus la substance jaune, huileuse et naus\u00e9abonde qu\u2019il destine habituellement \u00e0 l\u2019alimentation des jeunes dans les premiers jours. Le fulmar bor\u00e9al poss\u00e8de \u00e9galement des glandes\u00a0lui permettant de dessaler l\u2019eau de mer qu\u2019il boit.<\/p>\t\t\t\t\t\t\t\t<\/div>\n\t\t\t\t<\/div>\n\t\t\t\t\t<\/div>\n\t\t<\/div>\n\t\t\t\t\t<\/div>\n\t\t<\/section>\n\t\t\t\t<section class=\"elementor-section elementor-top-section elementor-element elementor-element-455d2c7 elementor-section-boxed elementor-section-height-default elementor-section-height-default\" data-id=\"455d2c7\" data-element_type=\"section\" data-e-type=\"section\">\n\t\t\t\t\t\t<div class=\"elementor-container elementor-column-gap-default\">\n\t\t\t\t\t<div class=\"elementor-column elementor-col-33 elementor-top-column elementor-element elementor-element-034fe42\" data-id=\"034fe42\" data-element_type=\"column\" data-e-type=\"column\">\n\t\t\t<div class=\"elementor-widget-wrap elementor-element-populated\">\n\t\t\t\t\t\t<div class=\"elementor-element elementor-element-8975849 elementor-widget elementor-widget-button\" data-id=\"8975849\" data-element_type=\"widget\" data-e-type=\"widget\" data-widget_type=\"button.default\">\n\t\t\t\t<div class=\"elementor-widget-container\">\n\t\t\t\t\t\t\t\t\t<div class=\"elementor-button-wrapper\">\n\t\t\t\t\t<a class=\"elementor-button elementor-button-link elementor-size-sm\" href=\"https:\/\/www.tempsdepause.ch\/solfar\/sable-noir-glaces-etincelantes\/\">\n\t\t\t\t\t\t<span class=\"elementor-button-content-wrapper\">\n\t\t\t\t\t\t<span class=\"elementor-button-icon\">\n\t\t\t\t<i aria-hidden=\"true\" class=\"far fa-hand-point-left\"><\/i>\t\t\t<\/span>\n\t\t\t\t\t\t\t\t\t<span class=\"elementor-button-text\">Sable&Glaces<\/span>\n\t\t\t\t\t<\/span>\n\t\t\t\t\t<\/a>\n\t\t\t\t<\/div>\n\t\t\t\t\t\t\t\t<\/div>\n\t\t\t\t<\/div>\n\t\t\t\t\t<\/div>\n\t\t<\/div>\n\t\t\t\t<div class=\"elementor-column elementor-col-33 elementor-top-column elementor-element elementor-element-d685b48\" data-id=\"d685b48\" data-element_type=\"column\" data-e-type=\"column\">\n\t\t\t<div class=\"elementor-widget-wrap\">\n\t\t\t\t\t\t\t<\/div>\n\t\t<\/div>\n\t\t\t\t<div class=\"elementor-column elementor-col-33 elementor-top-column elementor-element elementor-element-9db7814\" data-id=\"9db7814\" data-element_type=\"column\" data-e-type=\"column\">\n\t\t\t<div class=\"elementor-widget-wrap elementor-element-populated\">\n\t\t\t\t\t\t<div class=\"elementor-element elementor-element-df6719e elementor-widget elementor-widget-button\" data-id=\"df6719e\" data-element_type=\"widget\" data-e-type=\"widget\" data-widget_type=\"button.default\">\n\t\t\t\t<div class=\"elementor-widget-container\">\n\t\t\t\t\t\t\t\t\t<div class=\"elementor-button-wrapper\">\n\t\t\t\t\t<a class=\"elementor-button elementor-button-link elementor-size-sm\" href=\"https:\/\/www.tempsdepause.ch\/solfar\/images-commentaires\/\">\n\t\t\t\t\t\t<span class=\"elementor-button-content-wrapper\">\n\t\t\t\t\t\t<span class=\"elementor-button-icon\">\n\t\t\t\t<i aria-hidden=\"true\" class=\"far fa-images\"><\/i>\t\t\t<\/span>\n\t\t\t\t\t\t\t\t\t<span class=\"elementor-button-text\">>>> Images & commentaires<\/span>\n\t\t\t\t\t<\/span>\n\t\t\t\t\t<\/a>\n\t\t\t\t<\/div>\n\t\t\t\t\t\t\t\t<\/div>\n\t\t\t\t<\/div>\n\t\t\t\t\t<\/div>\n\t\t<\/div>\n\t\t\t\t\t<\/div>\n\t\t<\/section>\n\t\t\t\t<\/div>\n\t\t","protected":false},"excerpt":{"rendered":"<p>Le petit clown de l\u2019Atlantique JeanDa20170525000808JeanDa20170525000841JeanDa20170525000941JeanDa20170525000961JeanDa20170525000871JeanDa20170525000954JeanDa20170525001103JeanDa20170525001228JeanDa20170525001306JeanDa20170526001331JeanDa20170528002238JeanDa20170528002289JeanDa20170528002303JeanDa20170528002397JeanDa20170528002424JeanDa20170614007052JeanDa20170614006886JeanDa20170614006814JeanDa20170614006643JeanDa20170614006756JeanDa20170614006380JeanDa20170614007100 Macareux moine Le macareux moine a comme nom scientifique Fratercula arctica (petit fr\u00e8re de l\u2019Arctique). Il s\u2019agit d\u2019une esp\u00e8ce d\u2019oiseau marin p\u00e9lagique qui vit dans l\u2019Atlantique Nord et qui passe la majorit\u00e9 de l\u2019ann\u00e9e en haute mer. Il ne revient sur terre d\u00e8s avril pour se reproduire et \u00e9lever ses poussins jusqu\u2019\u00e0 ce qu\u2019ils puissent prendre leur envol. Autour du 14 ao\u00fbt, du jour au lendemain, les macareux disparaissent en mer jusqu\u2019\u00e0 l\u2019ann\u00e9e suivante.\u00a0 [&hellip;]<\/p>\n","protected":false},"author":2,"featured_media":0,"parent":21318,"menu_order":16,"comment_status":"closed","ping_status":"closed","template":"","meta":{"footnotes":""},"class_list":["post-20997","page","type-page","status-publish","hentry"],"_links":{"self":[{"href":"https:\/\/www.tempsdepause.ch\/solfar\/wp-json\/wp\/v2\/pages\/20997","targetHints":{"allow":["GET"]}}],"collection":[{"href":"https:\/\/www.tempsdepause.ch\/solfar\/wp-json\/wp\/v2\/pages"}],"about":[{"href":"https:\/\/www.tempsdepause.ch\/solfar\/wp-json\/wp\/v2\/types\/page"}],"author":[{"embeddable":true,"href":"https:\/\/www.tempsdepause.ch\/solfar\/wp-json\/wp\/v2\/users\/2"}],"replies":[{"embeddable":true,"href":"https:\/\/www.tempsdepause.ch\/solfar\/wp-json\/wp\/v2\/comments?post=20997"}],"version-history":[{"count":3,"href":"https:\/\/www.tempsdepause.ch\/solfar\/wp-json\/wp\/v2\/pages\/20997\/revisions"}],"predecessor-version":[{"id":21349,"href":"https:\/\/www.tempsdepause.ch\/solfar\/wp-json\/wp\/v2\/pages\/20997\/revisions\/21349"}],"up":[{"embeddable":true,"href":"https:\/\/www.tempsdepause.ch\/solfar\/wp-json\/wp\/v2\/pages\/21318"}],"wp:attachment":[{"href":"https:\/\/www.tempsdepause.ch\/solfar\/wp-json\/wp\/v2\/media?parent=20997"}],"curies":[{"name":"wp","href":"https:\/\/api.w.org\/{rel}","templated":true}]}}