{"id":20685,"date":"2021-07-05T12:12:34","date_gmt":"2021-07-05T10:12:34","guid":{"rendered":"https:\/\/www.tempsdepause.ch\/solfar\/?page_id=20685"},"modified":"2021-07-18T21:25:40","modified_gmt":"2021-07-18T19:25:40","slug":"leirhnjukur","status":"publish","type":"page","link":"https:\/\/www.tempsdepause.ch\/solfar\/islande\/leirhnjukur\/","title":{"rendered":"Leirhnj\u00fakur"},"content":{"rendered":"\t\t<div data-elementor-type=\"wp-page\" data-elementor-id=\"20685\" class=\"elementor elementor-20685\">\n\t\t\t\t\t\t<section class=\"elementor-section elementor-top-section elementor-element elementor-element-d5fa532 elementor-section-boxed elementor-section-height-default elementor-section-height-default\" data-id=\"d5fa532\" data-element_type=\"section\" data-e-type=\"section\">\n\t\t\t\t\t\t<div class=\"elementor-container elementor-column-gap-default\">\n\t\t\t\t\t<div class=\"elementor-column elementor-col-100 elementor-top-column elementor-element elementor-element-e3e5080\" data-id=\"e3e5080\" data-element_type=\"column\" data-e-type=\"column\">\n\t\t\t<div class=\"elementor-widget-wrap elementor-element-populated\">\n\t\t\t\t\t\t<div class=\"elementor-element elementor-element-c10bde8 elementor-widget elementor-widget-heading\" data-id=\"c10bde8\" data-element_type=\"widget\" data-e-type=\"widget\" data-widget_type=\"heading.default\">\n\t\t\t\t<div class=\"elementor-widget-container\">\n\t\t\t\t\t<h2 class=\"elementor-heading-title elementor-size-default\">Leirhnj\u00fakur<\/h2>\t\t\t\t<\/div>\n\t\t\t\t<\/div>\n\t\t\t\t\t<\/div>\n\t\t<\/div>\n\t\t\t\t\t<\/div>\n\t\t<\/section>\n\t\t\t\t<section class=\"elementor-section elementor-top-section elementor-element elementor-element-a20e2cb elementor-section-boxed elementor-section-height-default elementor-section-height-default\" data-id=\"a20e2cb\" data-element_type=\"section\" data-e-type=\"section\">\n\t\t\t\t\t\t<div class=\"elementor-container elementor-column-gap-default\">\n\t\t\t\t\t<div class=\"elementor-column elementor-col-50 elementor-top-column elementor-element elementor-element-4f7f14a\" data-id=\"4f7f14a\" data-element_type=\"column\" data-e-type=\"column\">\n\t\t\t<div class=\"elementor-widget-wrap elementor-element-populated\">\n\t\t\t\t\t\t<div class=\"elementor-element elementor-element-7f14ff4 elementor-widget elementor-widget-image\" data-id=\"7f14ff4\" data-element_type=\"widget\" data-e-type=\"widget\" data-widget_type=\"image.default\">\n\t\t\t\t<div class=\"elementor-widget-container\">\n\t\t\t\t\t\t\t\t\t\t\t\t\t\t\t<img fetchpriority=\"high\" decoding=\"async\" width=\"800\" height=\"600\" src=\"https:\/\/www.tempsdepause.ch\/solfar\/wp-content\/uploads\/2021\/07\/IMG_1405.png\" class=\"attachment-large size-large wp-image-20684\" alt=\"\" srcset=\"https:\/\/www.tempsdepause.ch\/solfar\/wp-content\/uploads\/2021\/07\/IMG_1405.png 800w, https:\/\/www.tempsdepause.ch\/solfar\/wp-content\/uploads\/2021\/07\/IMG_1405-667x500.png 667w, https:\/\/www.tempsdepause.ch\/solfar\/wp-content\/uploads\/2021\/07\/IMG_1405-768x576.png 768w, https:\/\/www.tempsdepause.ch\/solfar\/wp-content\/uploads\/2021\/07\/IMG_1405-300x225.png 300w, https:\/\/www.tempsdepause.ch\/solfar\/wp-content\/uploads\/2021\/07\/IMG_1405-600x450.png 600w\" sizes=\"(max-width: 800px) 100vw, 800px\" \/>\t\t\t\t\t\t\t\t\t\t\t\t\t\t\t<\/div>\n\t\t\t\t<\/div>\n\t\t\t\t\t<\/div>\n\t\t<\/div>\n\t\t\t\t<div class=\"elementor-column elementor-col-50 elementor-top-column elementor-element elementor-element-4535300\" data-id=\"4535300\" data-element_type=\"column\" data-e-type=\"column\">\n\t\t\t<div class=\"elementor-widget-wrap elementor-element-populated\">\n\t\t\t\t\t\t<div class=\"elementor-element elementor-element-747d6f9 elementor-widget elementor-widget-text-editor\" data-id=\"747d6f9\" data-element_type=\"widget\" data-e-type=\"widget\" data-widget_type=\"text-editor.default\">\n\t\t\t\t<div class=\"elementor-widget-container\">\n\t\t\t\t\t\t\t\t\t<p><strong>Leirhnj\u00fakur<\/strong> est un volcan actif du syst\u00e8me volcanique de Krafla. L\u2019activit\u00e9 volcanique de Krafla\u00a0\u00a0a \u00e9t\u00e9 intense au XVIIIe si\u00e8cle avec plusieurs s\u00e9ries d\u2019\u00e9ruptions qui ont eu lieu tout d\u2019abord entre 1724 et 1729 puis beaucoup plus r\u00e9cemment entre 1975 et 1984 o\u00f9 les \u00e9ruptions furent accompagn\u00e9es de tremblements de terre.<\/p><p>Les fissures du volcan Leirhnj\u00fakur\u00a0s\u2019\u00e9tendent sur pr\u00e8s de 20 kilom\u00e8tres et la coul\u00e9e de Leirhnj\u00f9kshraun est encore fumante plusieurs dizaines d\u2019ann\u00e9es apr\u00e8s les derni\u00e8res \u00e9ruptions. Le Leirhnj\u00fakur est situ\u00e9 au centre de la caldeira de Krafla et fut l\u2019un des endroits o\u00f9 les \u00e9ruptions furent les plus longues et les plus violentes.<\/p>\t\t\t\t\t\t\t\t<\/div>\n\t\t\t\t<\/div>\n\t\t\t\t\t<\/div>\n\t\t<\/div>\n\t\t\t\t\t<\/div>\n\t\t<\/section>\n\t\t\t\t<section class=\"elementor-section elementor-top-section elementor-element elementor-element-ce4918a elementor-section-boxed elementor-section-height-default elementor-section-height-default\" data-id=\"ce4918a\" data-element_type=\"section\" data-e-type=\"section\">\n\t\t\t\t\t\t<div class=\"elementor-container elementor-column-gap-default\">\n\t\t\t\t\t<div class=\"elementor-column elementor-col-100 elementor-top-column elementor-element elementor-element-c3c1cd2\" data-id=\"c3c1cd2\" data-element_type=\"column\" data-e-type=\"column\">\n\t\t\t<div class=\"elementor-widget-wrap elementor-element-populated\">\n\t\t\t\t\t\t<div class=\"elementor-element elementor-element-1085207 carousel-dots-yes carousel-arrow-shape-default elementor-widget elementor-widget-slideshow-carousel\" data-id=\"1085207\" data-element_type=\"widget\" data-e-type=\"widget\" data-widget_type=\"slideshow-carousel.default\">\n\t\t\t\t<div class=\"elementor-widget-container\">\n\t\t\t\t\t<div class=\"gridblock-owlcarousel-wrap clearfix\"><div id=\"20685-6a0203e8ef6e6\" class=\"owl-carousel owl-slideshow-element owl-carousel-detect owl-carousel-type-slideshow\" data-autoplaytimeout=\"5000\" data-smartspeed=\"1000\" data-id=\"20685-6a0203e8ef6e6\" data-autoplay=\"true\" data-lazyload=\"false\" data-type=\"slideshow\"><div class=\"gridblock-slideshow-element\"><img decoding=\"async\" src=\"https:\/\/www.tempsdepause.ch\/solfar\/wp-content\/uploads\/2021\/07\/JeanDa20170603003650.png\" alt=\"\" class=\"owl-slide-image\"\/><div class=\"slideshow-owl-title\">JeanDa20170603003650<\/div><\/div><div class=\"gridblock-slideshow-element\"><img decoding=\"async\" src=\"https:\/\/www.tempsdepause.ch\/solfar\/wp-content\/uploads\/2021\/07\/JeanDa20170603003654.png\" alt=\"\" class=\"owl-slide-image\"\/><div class=\"slideshow-owl-title\">JeanDa20170603003654<\/div><\/div><div class=\"gridblock-slideshow-element\"><img decoding=\"async\" src=\"https:\/\/www.tempsdepause.ch\/solfar\/wp-content\/uploads\/2021\/07\/JeanDa20170603003657.png\" alt=\"\" class=\"owl-slide-image\"\/><div class=\"slideshow-owl-title\">JeanDa20170603003657<\/div><\/div><div class=\"gridblock-slideshow-element\"><img decoding=\"async\" src=\"https:\/\/www.tempsdepause.ch\/solfar\/wp-content\/uploads\/2021\/07\/IMG_1791.png\" alt=\"\" class=\"owl-slide-image\"\/><div class=\"slideshow-owl-title\">IMG_1791<\/div><\/div><div class=\"gridblock-slideshow-element\"><img decoding=\"async\" src=\"https:\/\/www.tempsdepause.ch\/solfar\/wp-content\/uploads\/2021\/07\/JeanDa20170603003670.png\" alt=\"\" class=\"owl-slide-image\"\/><div class=\"slideshow-owl-title\">JeanDa20170603003670<\/div><\/div><div class=\"gridblock-slideshow-element\"><img decoding=\"async\" src=\"https:\/\/www.tempsdepause.ch\/solfar\/wp-content\/uploads\/2021\/07\/JeanDa20170603003675.png\" alt=\"\" class=\"owl-slide-image\"\/><div class=\"slideshow-owl-title\">JeanDa20170603003675<\/div><\/div><div class=\"gridblock-slideshow-element\"><img decoding=\"async\" src=\"https:\/\/www.tempsdepause.ch\/solfar\/wp-content\/uploads\/2021\/07\/JeanDa20170603003679.png\" alt=\"\" class=\"owl-slide-image\"\/><div class=\"slideshow-owl-title\">JeanDa20170603003679<\/div><\/div><div class=\"gridblock-slideshow-element\"><img decoding=\"async\" src=\"https:\/\/www.tempsdepause.ch\/solfar\/wp-content\/uploads\/2021\/07\/JeanDa20170603003706.png\" alt=\"\" class=\"owl-slide-image\"\/><div class=\"slideshow-owl-title\">JeanDa20170603003706<\/div><\/div><div class=\"gridblock-slideshow-element\"><img decoding=\"async\" src=\"https:\/\/www.tempsdepause.ch\/solfar\/wp-content\/uploads\/2021\/07\/JeanDa20170603003704.png\" alt=\"\" class=\"owl-slide-image\"\/><div class=\"slideshow-owl-title\">JeanDa20170603003704<\/div><\/div><div class=\"gridblock-slideshow-element\"><img decoding=\"async\" src=\"https:\/\/www.tempsdepause.ch\/solfar\/wp-content\/uploads\/2021\/07\/JeanDa20170603003696.png\" alt=\"\" class=\"owl-slide-image\"\/><div class=\"slideshow-owl-title\">JeanDa20170603003696<\/div><\/div><div class=\"gridblock-slideshow-element\"><img decoding=\"async\" src=\"https:\/\/www.tempsdepause.ch\/solfar\/wp-content\/uploads\/2021\/07\/JeanDa20170603003751.png\" alt=\"\" class=\"owl-slide-image\"\/><div class=\"slideshow-owl-title\">JeanDa20170603003751<\/div><\/div><div class=\"gridblock-slideshow-element\"><img decoding=\"async\" src=\"https:\/\/www.tempsdepause.ch\/solfar\/wp-content\/uploads\/2021\/07\/JeanDa20170603003686.png\" alt=\"\" class=\"owl-slide-image\"\/><div class=\"slideshow-owl-title\">JeanDa20170603003686<\/div><\/div><div class=\"gridblock-slideshow-element\"><img decoding=\"async\" src=\"https:\/\/www.tempsdepause.ch\/solfar\/wp-content\/uploads\/2021\/07\/JeanDa20170603003689.png\" alt=\"\" class=\"owl-slide-image\"\/><div class=\"slideshow-owl-title\">JeanDa20170603003689<\/div><\/div><div class=\"gridblock-slideshow-element\"><img decoding=\"async\" src=\"https:\/\/www.tempsdepause.ch\/solfar\/wp-content\/uploads\/2021\/07\/JeanDa20170603003756.png\" alt=\"\" class=\"owl-slide-image\"\/><div class=\"slideshow-owl-title\">JeanDa20170603003756<\/div><\/div><div class=\"gridblock-slideshow-element\"><img decoding=\"async\" src=\"https:\/\/www.tempsdepause.ch\/solfar\/wp-content\/uploads\/2021\/07\/JeanDa20170603003763.png\" alt=\"\" class=\"owl-slide-image\"\/><div class=\"slideshow-owl-title\">JeanDa20170603003763<\/div><\/div><div class=\"gridblock-slideshow-element\"><img decoding=\"async\" src=\"https:\/\/www.tempsdepause.ch\/solfar\/wp-content\/uploads\/2021\/07\/JeanDa20170603003694.png\" alt=\"\" class=\"owl-slide-image\"\/><div class=\"slideshow-owl-title\">JeanDa20170603003694<\/div><\/div><div class=\"gridblock-slideshow-element\"><img decoding=\"async\" src=\"https:\/\/www.tempsdepause.ch\/solfar\/wp-content\/uploads\/2021\/07\/JeanDa20170603003700.png\" alt=\"\" class=\"owl-slide-image\"\/><div class=\"slideshow-owl-title\">JeanDa20170603003700<\/div><\/div><div class=\"gridblock-slideshow-element\"><img decoding=\"async\" src=\"https:\/\/www.tempsdepause.ch\/solfar\/wp-content\/uploads\/2021\/07\/IMG_1756.png\" alt=\"\" class=\"owl-slide-image\"\/><div class=\"slideshow-owl-title\">IMG_1756<\/div><\/div><div class=\"gridblock-slideshow-element\"><img decoding=\"async\" src=\"https:\/\/www.tempsdepause.ch\/solfar\/wp-content\/uploads\/2021\/07\/JeanDa20170603003755.png\" alt=\"\" class=\"owl-slide-image\"\/><div class=\"slideshow-owl-title\">JeanDa20170603003755<\/div><\/div><div class=\"gridblock-slideshow-element\"><img decoding=\"async\" src=\"https:\/\/www.tempsdepause.ch\/solfar\/wp-content\/uploads\/2021\/07\/JeanDa20170603003709.png\" alt=\"\" class=\"owl-slide-image\"\/><div class=\"slideshow-owl-title\">JeanDa20170603003709<\/div><\/div><div class=\"gridblock-slideshow-element\"><img decoding=\"async\" src=\"https:\/\/www.tempsdepause.ch\/solfar\/wp-content\/uploads\/2021\/07\/JeanDa20170603003717.png\" alt=\"\" class=\"owl-slide-image\"\/><div class=\"slideshow-owl-title\">JeanDa20170603003717<\/div><\/div><div class=\"gridblock-slideshow-element\"><img decoding=\"async\" src=\"https:\/\/www.tempsdepause.ch\/solfar\/wp-content\/uploads\/2021\/07\/JeanDa20170603003708.png\" alt=\"\" class=\"owl-slide-image\"\/><div class=\"slideshow-owl-title\">JeanDa20170603003708<\/div><\/div><div class=\"gridblock-slideshow-element\"><img decoding=\"async\" src=\"https:\/\/www.tempsdepause.ch\/solfar\/wp-content\/uploads\/2021\/07\/JeanDa20170603003735.png\" alt=\"\" class=\"owl-slide-image\"\/><div class=\"slideshow-owl-title\">JeanDa20170603003735<\/div><\/div><div class=\"gridblock-slideshow-element\"><img decoding=\"async\" src=\"https:\/\/www.tempsdepause.ch\/solfar\/wp-content\/uploads\/2021\/07\/JeanDa20170603003781.png\" alt=\"\" class=\"owl-slide-image\"\/><div class=\"slideshow-owl-title\">JeanDa20170603003781<\/div><\/div><\/div><\/div>\t\t\t\t<\/div>\n\t\t\t\t<\/div>\n\t\t\t\t\t<\/div>\n\t\t<\/div>\n\t\t\t\t\t<\/div>\n\t\t<\/section>\n\t\t\t\t<section class=\"elementor-section elementor-top-section elementor-element elementor-element-b0a15e6 elementor-section-boxed elementor-section-height-default elementor-section-height-default\" data-id=\"b0a15e6\" data-element_type=\"section\" data-e-type=\"section\">\n\t\t\t\t\t\t<div class=\"elementor-container elementor-column-gap-default\">\n\t\t\t\t\t<div class=\"elementor-column elementor-col-100 elementor-top-column elementor-element elementor-element-91de956\" data-id=\"91de956\" data-element_type=\"column\" data-e-type=\"column\">\n\t\t\t<div class=\"elementor-widget-wrap elementor-element-populated\">\n\t\t\t\t\t\t<div class=\"elementor-element elementor-element-88c1b57 elementor-widget elementor-widget-image\" data-id=\"88c1b57\" data-element_type=\"widget\" data-e-type=\"widget\" data-widget_type=\"image.default\">\n\t\t\t\t<div class=\"elementor-widget-container\">\n\t\t\t\t\t\t\t\t\t\t\t\t\t\t\t<img decoding=\"async\" width=\"1000\" height=\"666\" src=\"https:\/\/www.tempsdepause.ch\/solfar\/wp-content\/uploads\/2021\/07\/JeanDa20170603003790.png\" class=\"attachment-full size-full wp-image-20659\" alt=\"\" srcset=\"https:\/\/www.tempsdepause.ch\/solfar\/wp-content\/uploads\/2021\/07\/JeanDa20170603003790.png 1000w, https:\/\/www.tempsdepause.ch\/solfar\/wp-content\/uploads\/2021\/07\/JeanDa20170603003790-751x500.png 751w, https:\/\/www.tempsdepause.ch\/solfar\/wp-content\/uploads\/2021\/07\/JeanDa20170603003790-768x511.png 768w, https:\/\/www.tempsdepause.ch\/solfar\/wp-content\/uploads\/2021\/07\/JeanDa20170603003790-800x533.png 800w, https:\/\/www.tempsdepause.ch\/solfar\/wp-content\/uploads\/2021\/07\/JeanDa20170603003790-600x400.png 600w\" sizes=\"(max-width: 1000px) 100vw, 1000px\" \/>\t\t\t\t\t\t\t\t\t\t\t\t\t\t\t<\/div>\n\t\t\t\t<\/div>\n\t\t\t\t<div class=\"elementor-element elementor-element-f6f6f10 elementor-widget elementor-widget-text-editor\" data-id=\"f6f6f10\" data-element_type=\"widget\" data-e-type=\"widget\" data-widget_type=\"text-editor.default\">\n\t\t\t\t<div class=\"elementor-widget-container\">\n\t\t\t\t\t\t\t\t\t<p>Le crat\u00e8re Viti a la particularit\u00e9 d\u2019\u00eatre rempli par une eau d\u2019un bleu limpide, c\u2019est ce qu\u2019on appelle un maar. L\u2019endroit est vraiment splendide et il est possible de faire le tour du crat\u00e8re en 1 heure environ avec une vue absolument imprenable sur la r\u00e9gion de M\u00fdvatn et la caldeira de Krafla.<\/p>\t\t\t\t\t\t\t\t<\/div>\n\t\t\t\t<\/div>\n\t\t\t\t\t<\/div>\n\t\t<\/div>\n\t\t\t\t\t<\/div>\n\t\t<\/section>\n\t\t\t\t<section class=\"elementor-section elementor-top-section elementor-element elementor-element-6aaa7f6 elementor-section-boxed elementor-section-height-default elementor-section-height-default\" data-id=\"6aaa7f6\" data-element_type=\"section\" data-e-type=\"section\">\n\t\t\t\t\t\t<div class=\"elementor-container elementor-column-gap-default\">\n\t\t\t\t\t<div class=\"elementor-column elementor-col-100 elementor-top-column elementor-element elementor-element-5cf4b54\" data-id=\"5cf4b54\" data-element_type=\"column\" data-e-type=\"column\">\n\t\t\t<div class=\"elementor-widget-wrap elementor-element-populated\">\n\t\t\t\t\t\t<div class=\"elementor-element elementor-element-03d3350 elementor-widget elementor-widget-image\" data-id=\"03d3350\" data-element_type=\"widget\" data-e-type=\"widget\" data-widget_type=\"image.default\">\n\t\t\t\t<div class=\"elementor-widget-container\">\n\t\t\t\t\t\t\t\t\t\t\t\t\t\t\t<img decoding=\"async\" width=\"1000\" height=\"666\" src=\"https:\/\/www.tempsdepause.ch\/solfar\/wp-content\/uploads\/2021\/07\/JeanDa20170603003822.png\" class=\"attachment-full size-full wp-image-20658\" alt=\"\" srcset=\"https:\/\/www.tempsdepause.ch\/solfar\/wp-content\/uploads\/2021\/07\/JeanDa20170603003822.png 1000w, https:\/\/www.tempsdepause.ch\/solfar\/wp-content\/uploads\/2021\/07\/JeanDa20170603003822-751x500.png 751w, https:\/\/www.tempsdepause.ch\/solfar\/wp-content\/uploads\/2021\/07\/JeanDa20170603003822-768x511.png 768w, https:\/\/www.tempsdepause.ch\/solfar\/wp-content\/uploads\/2021\/07\/JeanDa20170603003822-800x533.png 800w, https:\/\/www.tempsdepause.ch\/solfar\/wp-content\/uploads\/2021\/07\/JeanDa20170603003822-600x400.png 600w\" sizes=\"(max-width: 1000px) 100vw, 1000px\" \/>\t\t\t\t\t\t\t\t\t\t\t\t\t\t\t<\/div>\n\t\t\t\t<\/div>\n\t\t\t\t<div class=\"elementor-element elementor-element-dd47105 elementor-widget elementor-widget-text-editor\" data-id=\"dd47105\" data-element_type=\"widget\" data-e-type=\"widget\" data-widget_type=\"text-editor.default\">\n\t\t\t\t<div class=\"elementor-widget-container\">\n\t\t\t\t\t\t\t\t\t<p>Inaugur\u00e9e en 1977, la centrale g\u00e9othermique de Krafla ne cesse depuis de fournir de l\u2019\u00e9lectricit\u00e9 \u00e0 la population islandaise, avec une production annuelle de 500 GWh. Pour ce faire, 18 puits r\u00e9cup\u00e8rent de l\u2019eau chauff\u00e9e dans les entrailles de la Terre, qui se transforme partiellement en vapeur lors de sa remont\u00e9e puis de son cheminement vers les deux turbines de 30 MW du site. Ce succ\u00e8s, tout comme celui d\u2019autres installations semblables actives sur l\u2019ile volcanique, n\u2019emp\u00eachent pas la recherche d\u2019eau toujours plus chaude, voire m\u00eame supercritique, puisqu\u2019elle v\u00e9hicule une plus grande quantit\u00e9 d\u2019\u00e9nergie exploitable.<\/p>\t\t\t\t\t\t\t\t<\/div>\n\t\t\t\t<\/div>\n\t\t\t\t\t<\/div>\n\t\t<\/div>\n\t\t\t\t\t<\/div>\n\t\t<\/section>\n\t\t\t\t<section class=\"elementor-section elementor-top-section elementor-element elementor-element-37cfd4b elementor-section-boxed elementor-section-height-default elementor-section-height-default\" data-id=\"37cfd4b\" data-element_type=\"section\" data-e-type=\"section\">\n\t\t\t\t\t\t<div class=\"elementor-container elementor-column-gap-default\">\n\t\t\t\t\t<div class=\"elementor-column elementor-col-33 elementor-top-column elementor-element elementor-element-6304905\" data-id=\"6304905\" data-element_type=\"column\" data-e-type=\"column\">\n\t\t\t<div class=\"elementor-widget-wrap elementor-element-populated\">\n\t\t\t\t\t\t<div class=\"elementor-element elementor-element-1982ca2 elementor-widget elementor-widget-button\" data-id=\"1982ca2\" data-element_type=\"widget\" data-e-type=\"widget\" data-widget_type=\"button.default\">\n\t\t\t\t<div class=\"elementor-widget-container\">\n\t\t\t\t\t\t\t\t\t<div class=\"elementor-button-wrapper\">\n\t\t\t\t\t<a class=\"elementor-button elementor-button-link elementor-size-sm\" href=\"https:\/\/www.tempsdepause.ch\/solfar\/kverkfjoll\/\">\n\t\t\t\t\t\t<span class=\"elementor-button-content-wrapper\">\n\t\t\t\t\t\t<span class=\"elementor-button-icon\">\n\t\t\t\t<i aria-hidden=\"true\" class=\"far fa-hand-point-left\"><\/i>\t\t\t<\/span>\n\t\t\t\t\t\t\t\t\t<span class=\"elementor-button-text\">Kverlj\u00f6kull<\/span>\n\t\t\t\t\t<\/span>\n\t\t\t\t\t<\/a>\n\t\t\t\t<\/div>\n\t\t\t\t\t\t\t\t<\/div>\n\t\t\t\t<\/div>\n\t\t\t\t\t<\/div>\n\t\t<\/div>\n\t\t\t\t<div class=\"elementor-column elementor-col-33 elementor-top-column elementor-element elementor-element-5147b86\" data-id=\"5147b86\" data-element_type=\"column\" data-e-type=\"column\">\n\t\t\t<div class=\"elementor-widget-wrap\">\n\t\t\t\t\t\t\t<\/div>\n\t\t<\/div>\n\t\t\t\t<div class=\"elementor-column elementor-col-33 elementor-top-column elementor-element elementor-element-b8ec895\" data-id=\"b8ec895\" data-element_type=\"column\" data-e-type=\"column\">\n\t\t\t<div class=\"elementor-widget-wrap elementor-element-populated\">\n\t\t\t\t\t\t<div class=\"elementor-element elementor-element-db6b73e elementor-align-right elementor-widget elementor-widget-button\" data-id=\"db6b73e\" data-element_type=\"widget\" data-e-type=\"widget\" data-widget_type=\"button.default\">\n\t\t\t\t<div class=\"elementor-widget-container\">\n\t\t\t\t\t\t\t\t\t<div class=\"elementor-button-wrapper\">\n\t\t\t\t\t<a class=\"elementor-button elementor-button-link elementor-size-sm\" href=\"https:\/\/www.tempsdepause.ch\/solfar\/seul-au-monde\/\">\n\t\t\t\t\t\t<span class=\"elementor-button-content-wrapper\">\n\t\t\t\t\t\t\t\t\t<span class=\"elementor-button-text\">>>> Seul au monde<\/span>\n\t\t\t\t\t<\/span>\n\t\t\t\t\t<\/a>\n\t\t\t\t<\/div>\n\t\t\t\t\t\t\t\t<\/div>\n\t\t\t\t<\/div>\n\t\t\t\t\t<\/div>\n\t\t<\/div>\n\t\t\t\t\t<\/div>\n\t\t<\/section>\n\t\t\t\t<section class=\"elementor-section elementor-top-section elementor-element elementor-element-f21e824 elementor-section-boxed elementor-section-height-default elementor-section-height-default\" data-id=\"f21e824\" data-element_type=\"section\" data-e-type=\"section\">\n\t\t\t\t\t\t<div class=\"elementor-container elementor-column-gap-default\">\n\t\t\t\t\t<div class=\"elementor-column elementor-col-100 elementor-top-column elementor-element elementor-element-024b916\" data-id=\"024b916\" data-element_type=\"column\" data-e-type=\"column\">\n\t\t\t<div class=\"elementor-widget-wrap\">\n\t\t\t\t\t\t\t<\/div>\n\t\t<\/div>\n\t\t\t\t\t<\/div>\n\t\t<\/section>\n\t\t\t\t<\/div>\n\t\t","protected":false},"excerpt":{"rendered":"<p>Leirhnj\u00fakur Leirhnj\u00fakur est un volcan actif du syst\u00e8me volcanique de Krafla. L\u2019activit\u00e9 volcanique de Krafla\u00a0\u00a0a \u00e9t\u00e9 intense au XVIIIe si\u00e8cle avec plusieurs s\u00e9ries d\u2019\u00e9ruptions qui ont eu lieu tout d\u2019abord entre 1724 et 1729 puis beaucoup plus r\u00e9cemment entre 1975 et 1984 o\u00f9 les \u00e9ruptions furent accompagn\u00e9es de tremblements de terre. Les fissures du volcan Leirhnj\u00fakur\u00a0s\u2019\u00e9tendent sur pr\u00e8s de 20 kilom\u00e8tres et la coul\u00e9e de Leirhnj\u00f9kshraun est encore fumante plusieurs dizaines d\u2019ann\u00e9es apr\u00e8s les derni\u00e8res \u00e9ruptions. Le Leirhnj\u00fakur est situ\u00e9 [&hellip;]<\/p>\n","protected":false},"author":2,"featured_media":0,"parent":21318,"menu_order":12,"comment_status":"closed","ping_status":"closed","template":"","meta":{"footnotes":""},"class_list":["post-20685","page","type-page","status-publish","hentry"],"_links":{"self":[{"href":"https:\/\/www.tempsdepause.ch\/solfar\/wp-json\/wp\/v2\/pages\/20685","targetHints":{"allow":["GET"]}}],"collection":[{"href":"https:\/\/www.tempsdepause.ch\/solfar\/wp-json\/wp\/v2\/pages"}],"about":[{"href":"https:\/\/www.tempsdepause.ch\/solfar\/wp-json\/wp\/v2\/types\/page"}],"author":[{"embeddable":true,"href":"https:\/\/www.tempsdepause.ch\/solfar\/wp-json\/wp\/v2\/users\/2"}],"replies":[{"embeddable":true,"href":"https:\/\/www.tempsdepause.ch\/solfar\/wp-json\/wp\/v2\/comments?post=20685"}],"version-history":[{"count":3,"href":"https:\/\/www.tempsdepause.ch\/solfar\/wp-json\/wp\/v2\/pages\/20685\/revisions"}],"predecessor-version":[{"id":21353,"href":"https:\/\/www.tempsdepause.ch\/solfar\/wp-json\/wp\/v2\/pages\/20685\/revisions\/21353"}],"up":[{"embeddable":true,"href":"https:\/\/www.tempsdepause.ch\/solfar\/wp-json\/wp\/v2\/pages\/21318"}],"wp:attachment":[{"href":"https:\/\/www.tempsdepause.ch\/solfar\/wp-json\/wp\/v2\/media?parent=20685"}],"curies":[{"name":"wp","href":"https:\/\/api.w.org\/{rel}","templated":true}]}}