{"id":20435,"date":"2021-07-05T12:10:19","date_gmt":"2021-07-05T10:10:19","guid":{"rendered":"https:\/\/www.tempsdepause.ch\/solfar\/?page_id=20435"},"modified":"2021-07-18T21:22:52","modified_gmt":"2021-07-18T19:22:52","slug":"askja","status":"publish","type":"page","link":"https:\/\/www.tempsdepause.ch\/solfar\/islande\/askja\/","title":{"rendered":"Askja"},"content":{"rendered":"\t\t<div data-elementor-type=\"wp-page\" data-elementor-id=\"20435\" class=\"elementor elementor-20435\">\n\t\t\t\t\t\t<section class=\"elementor-section elementor-top-section elementor-element elementor-element-0e5a3da elementor-section-boxed elementor-section-height-default elementor-section-height-default\" data-id=\"0e5a3da\" data-element_type=\"section\" data-e-type=\"section\">\n\t\t\t\t\t\t<div class=\"elementor-container elementor-column-gap-default\">\n\t\t\t\t\t<div class=\"elementor-column elementor-col-100 elementor-top-column elementor-element elementor-element-8cff430\" data-id=\"8cff430\" data-element_type=\"column\" data-e-type=\"column\">\n\t\t\t<div class=\"elementor-widget-wrap elementor-element-populated\">\n\t\t\t\t\t\t<div class=\"elementor-element elementor-element-e619641 elementor-widget elementor-widget-heading\" data-id=\"e619641\" data-element_type=\"widget\" data-e-type=\"widget\" data-widget_type=\"heading.default\">\n\t\t\t\t<div class=\"elementor-widget-container\">\n\t\t\t\t\t<h2 class=\"elementor-heading-title elementor-size-default\">Askja, la perle des hautes terres<\/h2>\t\t\t\t<\/div>\n\t\t\t\t<\/div>\n\t\t\t\t\t<\/div>\n\t\t<\/div>\n\t\t\t\t\t<\/div>\n\t\t<\/section>\n\t\t\t\t<section class=\"elementor-section elementor-top-section elementor-element elementor-element-be203e7 elementor-section-boxed elementor-section-height-default elementor-section-height-default\" data-id=\"be203e7\" data-element_type=\"section\" data-e-type=\"section\">\n\t\t\t\t\t\t<div class=\"elementor-container elementor-column-gap-default\">\n\t\t\t\t\t<div class=\"elementor-column elementor-col-100 elementor-top-column elementor-element elementor-element-cb6ad88\" data-id=\"cb6ad88\" data-element_type=\"column\" data-e-type=\"column\">\n\t\t\t<div class=\"elementor-widget-wrap elementor-element-populated\">\n\t\t\t\t\t\t<div class=\"elementor-element elementor-element-44405fa elementor-widget elementor-widget-text-editor\" data-id=\"44405fa\" data-element_type=\"widget\" data-e-type=\"widget\" data-widget_type=\"text-editor.default\">\n\t\t\t\t<div class=\"elementor-widget-container\">\n\t\t\t\t\t\t\t\t\t<p>Situ\u00e9e au c\u0153ur de l\u2019Islande, dans les hautes terres,\u00a0Askja est une caldeira volcanique immense qui domine les alentours faits d\u2019un d\u00e9sert de cendres et de lave, \u00d3d\u00e1\u00f0ahraun, parfois travers\u00e9 par une rivi\u00e8re ou bien une ancienne coul\u00e9e de lave. Pour arriver dans ce site magique, il vous faudra traverser pendant plusieurs heures des paysages d\u00e9sertiques d\u2019une rare beaut\u00e9, qui rappellent la lune, mais la r\u00e9compense est l\u00e0 avec cet immense crat\u00e8re volcanique avec, en son sein, deux lacs crat\u00e8res !<\/p>\t\t\t\t\t\t\t\t<\/div>\n\t\t\t\t<\/div>\n\t\t\t\t\t<\/div>\n\t\t<\/div>\n\t\t\t\t\t<\/div>\n\t\t<\/section>\n\t\t\t\t<section class=\"elementor-section elementor-top-section elementor-element elementor-element-0591950 elementor-section-boxed elementor-section-height-default elementor-section-height-default\" data-id=\"0591950\" data-element_type=\"section\" data-e-type=\"section\">\n\t\t\t\t\t\t<div class=\"elementor-container elementor-column-gap-default\">\n\t\t\t\t\t<div class=\"elementor-column elementor-col-100 elementor-top-column elementor-element elementor-element-42fee00\" data-id=\"42fee00\" data-element_type=\"column\" data-e-type=\"column\">\n\t\t\t<div class=\"elementor-widget-wrap elementor-element-populated\">\n\t\t\t\t\t\t<div class=\"elementor-element elementor-element-bb5acfe elementor-widget elementor-widget-video\" data-id=\"bb5acfe\" data-element_type=\"widget\" data-e-type=\"widget\" data-settings=\"{&quot;video_type&quot;:&quot;hosted&quot;,&quot;controls&quot;:&quot;yes&quot;}\" data-widget_type=\"video.default\">\n\t\t\t\t<div class=\"elementor-widget-container\">\n\t\t\t\t\t\t\t<div class=\"e-hosted-video elementor-wrapper elementor-open-inline\">\n\t\t\t\t\t<video class=\"elementor-video\" src=\"https:\/\/www.tempsdepause.ch\/solfar\/wp-content\/uploads\/2021\/07\/F910a.mp4\" controls=\"\" preload=\"metadata\" controlsList=\"nodownload\"><\/video>\n\t\t\t\t<\/div>\n\t\t\t\t\t\t<\/div>\n\t\t\t\t<\/div>\n\t\t\t\t\t<\/div>\n\t\t<\/div>\n\t\t\t\t\t<\/div>\n\t\t<\/section>\n\t\t\t\t<section class=\"elementor-section elementor-top-section elementor-element elementor-element-563ffaa elementor-section-boxed elementor-section-height-default elementor-section-height-default\" data-id=\"563ffaa\" data-element_type=\"section\" data-e-type=\"section\">\n\t\t\t\t\t\t<div class=\"elementor-container elementor-column-gap-default\">\n\t\t\t\t\t<div class=\"elementor-column elementor-col-33 elementor-top-column elementor-element elementor-element-357bc18\" data-id=\"357bc18\" data-element_type=\"column\" data-e-type=\"column\">\n\t\t\t<div class=\"elementor-widget-wrap elementor-element-populated\">\n\t\t\t\t\t\t<div class=\"elementor-element elementor-element-744be0f elementor-widget elementor-widget-image\" data-id=\"744be0f\" data-element_type=\"widget\" data-e-type=\"widget\" data-widget_type=\"image.default\">\n\t\t\t\t<div class=\"elementor-widget-container\">\n\t\t\t\t\t\t\t\t\t\t\t\t\t\t\t<img fetchpriority=\"high\" decoding=\"async\" width=\"960\" height=\"540\" src=\"https:\/\/www.tempsdepause.ch\/solfar\/wp-content\/uploads\/2021\/07\/Annelise2017071000813.png\" class=\"attachment-large size-large wp-image-20440\" alt=\"\" srcset=\"https:\/\/www.tempsdepause.ch\/solfar\/wp-content\/uploads\/2021\/07\/Annelise2017071000813.png 1000w, https:\/\/www.tempsdepause.ch\/solfar\/wp-content\/uploads\/2021\/07\/Annelise2017071000813-800x450.png 800w, https:\/\/www.tempsdepause.ch\/solfar\/wp-content\/uploads\/2021\/07\/Annelise2017071000813-768x432.png 768w, https:\/\/www.tempsdepause.ch\/solfar\/wp-content\/uploads\/2021\/07\/Annelise2017071000813-600x338.png 600w\" sizes=\"(max-width: 960px) 100vw, 960px\" \/>\t\t\t\t\t\t\t\t\t\t\t\t\t\t\t<\/div>\n\t\t\t\t<\/div>\n\t\t\t\t\t<\/div>\n\t\t<\/div>\n\t\t\t\t<div class=\"elementor-column elementor-col-33 elementor-top-column elementor-element elementor-element-25996c6\" data-id=\"25996c6\" data-element_type=\"column\" data-e-type=\"column\">\n\t\t\t<div class=\"elementor-widget-wrap elementor-element-populated\">\n\t\t\t\t\t\t<div class=\"elementor-element elementor-element-655c77d elementor-widget elementor-widget-image\" data-id=\"655c77d\" data-element_type=\"widget\" data-e-type=\"widget\" data-widget_type=\"image.default\">\n\t\t\t\t<div class=\"elementor-widget-container\">\n\t\t\t\t\t\t\t\t\t\t\t\t\t\t\t<img decoding=\"async\" width=\"960\" height=\"639\" src=\"https:\/\/www.tempsdepause.ch\/solfar\/wp-content\/uploads\/2021\/07\/JeanDa20170710089971.png\" class=\"attachment-large size-large wp-image-20441\" alt=\"\" srcset=\"https:\/\/www.tempsdepause.ch\/solfar\/wp-content\/uploads\/2021\/07\/JeanDa20170710089971.png 1000w, https:\/\/www.tempsdepause.ch\/solfar\/wp-content\/uploads\/2021\/07\/JeanDa20170710089971-751x500.png 751w, https:\/\/www.tempsdepause.ch\/solfar\/wp-content\/uploads\/2021\/07\/JeanDa20170710089971-768x511.png 768w, https:\/\/www.tempsdepause.ch\/solfar\/wp-content\/uploads\/2021\/07\/JeanDa20170710089971-800x533.png 800w, https:\/\/www.tempsdepause.ch\/solfar\/wp-content\/uploads\/2021\/07\/JeanDa20170710089971-600x400.png 600w\" sizes=\"(max-width: 960px) 100vw, 960px\" \/>\t\t\t\t\t\t\t\t\t\t\t\t\t\t\t<\/div>\n\t\t\t\t<\/div>\n\t\t\t\t\t<\/div>\n\t\t<\/div>\n\t\t\t\t<div class=\"elementor-column elementor-col-33 elementor-top-column elementor-element elementor-element-a8f10a3\" data-id=\"a8f10a3\" data-element_type=\"column\" data-e-type=\"column\">\n\t\t\t<div class=\"elementor-widget-wrap elementor-element-populated\">\n\t\t\t\t\t\t<div class=\"elementor-element elementor-element-6c80d91 elementor-widget elementor-widget-image\" data-id=\"6c80d91\" data-element_type=\"widget\" data-e-type=\"widget\" data-widget_type=\"image.default\">\n\t\t\t\t<div class=\"elementor-widget-container\">\n\t\t\t\t\t\t\t\t\t\t\t\t\t\t\t<img decoding=\"async\" width=\"960\" height=\"639\" src=\"https:\/\/www.tempsdepause.ch\/solfar\/wp-content\/uploads\/2021\/07\/JeanDa20170710089963.png\" class=\"attachment-large size-large wp-image-20442\" alt=\"\" srcset=\"https:\/\/www.tempsdepause.ch\/solfar\/wp-content\/uploads\/2021\/07\/JeanDa20170710089963.png 1000w, https:\/\/www.tempsdepause.ch\/solfar\/wp-content\/uploads\/2021\/07\/JeanDa20170710089963-751x500.png 751w, https:\/\/www.tempsdepause.ch\/solfar\/wp-content\/uploads\/2021\/07\/JeanDa20170710089963-768x511.png 768w, https:\/\/www.tempsdepause.ch\/solfar\/wp-content\/uploads\/2021\/07\/JeanDa20170710089963-800x533.png 800w, https:\/\/www.tempsdepause.ch\/solfar\/wp-content\/uploads\/2021\/07\/JeanDa20170710089963-600x400.png 600w\" sizes=\"(max-width: 960px) 100vw, 960px\" \/>\t\t\t\t\t\t\t\t\t\t\t\t\t\t\t<\/div>\n\t\t\t\t<\/div>\n\t\t\t\t\t<\/div>\n\t\t<\/div>\n\t\t\t\t\t<\/div>\n\t\t<\/section>\n\t\t\t\t<section class=\"elementor-section elementor-top-section elementor-element elementor-element-32e5239 elementor-section-boxed elementor-section-height-default elementor-section-height-default\" data-id=\"32e5239\" data-element_type=\"section\" data-e-type=\"section\">\n\t\t\t\t\t\t<div class=\"elementor-container elementor-column-gap-default\">\n\t\t\t\t\t<div class=\"elementor-column elementor-col-100 elementor-top-column elementor-element elementor-element-5e9468e\" data-id=\"5e9468e\" data-element_type=\"column\" data-e-type=\"column\">\n\t\t\t<div class=\"elementor-widget-wrap elementor-element-populated\">\n\t\t\t\t\t\t<div class=\"elementor-element elementor-element-635995c elementor-widget elementor-widget-image\" data-id=\"635995c\" data-element_type=\"widget\" data-e-type=\"widget\" data-widget_type=\"image.default\">\n\t\t\t\t<div class=\"elementor-widget-container\">\n\t\t\t\t\t\t\t\t\t\t\t\t\t\t\t<img loading=\"lazy\" decoding=\"async\" width=\"1000\" height=\"669\" src=\"https:\/\/www.tempsdepause.ch\/solfar\/wp-content\/uploads\/2021\/07\/Annelise2017071100823.png\" class=\"attachment-full size-full wp-image-20439\" alt=\"\" srcset=\"https:\/\/www.tempsdepause.ch\/solfar\/wp-content\/uploads\/2021\/07\/Annelise2017071100823.png 1000w, https:\/\/www.tempsdepause.ch\/solfar\/wp-content\/uploads\/2021\/07\/Annelise2017071100823-747x500.png 747w, https:\/\/www.tempsdepause.ch\/solfar\/wp-content\/uploads\/2021\/07\/Annelise2017071100823-768x514.png 768w, https:\/\/www.tempsdepause.ch\/solfar\/wp-content\/uploads\/2021\/07\/Annelise2017071100823-800x535.png 800w, https:\/\/www.tempsdepause.ch\/solfar\/wp-content\/uploads\/2021\/07\/Annelise2017071100823-600x401.png 600w\" sizes=\"(max-width: 1000px) 100vw, 1000px\" \/>\t\t\t\t\t\t\t\t\t\t\t\t\t\t\t<\/div>\n\t\t\t\t<\/div>\n\t\t\t\t\t<\/div>\n\t\t<\/div>\n\t\t\t\t\t<\/div>\n\t\t<\/section>\n\t\t\t\t<section class=\"elementor-section elementor-top-section elementor-element elementor-element-ee5abcb elementor-section-boxed elementor-section-height-default elementor-section-height-default\" data-id=\"ee5abcb\" data-element_type=\"section\" data-e-type=\"section\">\n\t\t\t\t\t\t<div class=\"elementor-container elementor-column-gap-default\">\n\t\t\t\t\t<div class=\"elementor-column elementor-col-100 elementor-top-column elementor-element elementor-element-31eb408\" data-id=\"31eb408\" data-element_type=\"column\" data-e-type=\"column\">\n\t\t\t<div class=\"elementor-widget-wrap elementor-element-populated\">\n\t\t\t\t\t\t<div class=\"elementor-element elementor-element-e63c670 elementor-widget elementor-widget-text-editor\" data-id=\"e63c670\" data-element_type=\"widget\" data-e-type=\"widget\" data-widget_type=\"text-editor.default\">\n\t\t\t\t<div class=\"elementor-widget-container\">\n\t\t\t\t\t\t\t\t\t<div class=\"td_block_wrap td_block_title tdi_23 td-pb-border-top td_block_template_1 td-fix-index\" data-td-block-uid=\"tdi_23\">\u00a0<\/div><div class=\"td_block_wrap td_block_text_with_title tdi_24 tagdiv-type td-pb-border-top td_block_template_1\" data-td-block-uid=\"tdi_24\"><div class=\"td-block-title-wrap\">L\u2019Askja (la traduction fran\u00e7aise veut dire bo\u00eete ou caldeira) fait partie du syst\u00e8me volcanique islandais situ\u00e9 sur le graben m\u00e9dian compos\u00e9 de volcans boucliers, d\u2019anciens volcans, de crat\u00e8res et de fissures volcaniques sur un axe nord-sud sur plus d\u2019une centaine de kilom\u00e8tres. Il s\u2019agit en fait d\u2019un ensemble de caldeiras embo\u00eet\u00e9es (45 km\u00b2 au total) les unes dans les autres. La plus grande fait 8 kilom\u00e8tres de diam\u00e8tre et 45 km\u00b2 de superficie ; on y trouve une caldeira de 4,5 km de diam\u00e8tre, qui contient l\u2019\u00d6skjuvatn, profond de 220 m\u00e8tres (11 km\u00b2).<\/div><div class=\"td_mod_wrap td-fix-index\"><p>Entourant la principale caldeira, on trouve les Dyngjufj\u00f6ll qui sont des montagnes qui culminent \u00e0 1516 m\u00e8tres au \u00deorvaldsfjall. Ce dernier est de forme carr\u00e9e avec 24 kilom\u00e8tres de c\u00f4t\u00e9 pour une superficie d\u2019environ 600 km\u00b2.<\/p><p>Il s\u2019agit d\u2019un volcan actif: la derni\u00e8re \u00e9ruption remonte \u00e0 la fin de l\u2019ann\u00e9e 1961, et la plus puissante des temps historiques date de 1875 et est responsable de la formation de la caldeira de l\u2019\u00d6skjuvatn. Cette derni\u00e8re a eu un fort impact en Islande en provoquant des d\u00e9g\u00e2ts sur les cultures et le b\u00e9tail \u00e0 cause des cendres. Un nouveau crat\u00e8re, le Viti expulsa 2,5 km\u00b3 de t\u00e9phras et ponces, et les fissures \u00e9ruptives li\u00e9es \u00e0 l\u2019\u00e9ruption de l\u2019Askja produisirent 29 km\u00b2 de lave. Entre 1921 et 1933, une s\u00e9rie de petites \u00e9ruptions a eu lieu.<\/p><p>Cependant, le massif volcanique est beaucoup plus ancien avec la formation des Dyngjufj\u00f6ll il y a 200 000 ans au cours de plusieurs \u00e9ruptions basaltiques et rhyolitiques sous-glaciaires, ce qui en fait un stratovolcan. L\u2019Askja se forme il y a 10 000 ans via une puissante \u00e9ruption rhyolitique qui va faire effondrer une partie des Dyngjufjoll.<\/p><p>Le petit crat\u00e8re Viti (\u00ab\u00a0enfer\u00a0\u00bb en islandais) date donc de l\u2019\u00e9ruption explosive de 1875 et il se situe juste \u00e0 c\u00f4t\u00e9 du lac d\u2019\u00d6skjuvatn. Il s\u2019agit d\u2019une maar volcanique, c\u2019est-\u00e0-dire d\u2019un crat\u00e8re rempli d\u2019eau. Ce dernier est connu pour ses couleurs laiteuses et son activit\u00e9 g\u00e9othermale, l\u2019eau \u00e9tant \u00e0 25\u00b0C toute l\u2019ann\u00e9e.<\/p><\/div><\/div>\t\t\t\t\t\t\t\t<\/div>\n\t\t\t\t<\/div>\n\t\t\t\t\t<\/div>\n\t\t<\/div>\n\t\t\t\t\t<\/div>\n\t\t<\/section>\n\t\t\t\t<section class=\"elementor-section elementor-top-section elementor-element elementor-element-704ceb3 elementor-section-boxed elementor-section-height-default elementor-section-height-default\" data-id=\"704ceb3\" data-element_type=\"section\" data-e-type=\"section\">\n\t\t\t\t\t\t<div class=\"elementor-container elementor-column-gap-default\">\n\t\t\t\t\t<div class=\"elementor-column elementor-col-100 elementor-top-column elementor-element elementor-element-0c333bb\" data-id=\"0c333bb\" data-element_type=\"column\" data-e-type=\"column\">\n\t\t\t<div class=\"elementor-widget-wrap elementor-element-populated\">\n\t\t\t\t\t\t<div class=\"elementor-element elementor-element-00f6e40 carousel-dots-yes carousel-arrow-shape-default elementor-widget elementor-widget-slideshow-carousel\" data-id=\"00f6e40\" data-element_type=\"widget\" data-e-type=\"widget\" data-widget_type=\"slideshow-carousel.default\">\n\t\t\t\t<div class=\"elementor-widget-container\">\n\t\t\t\t\t<div class=\"gridblock-owlcarousel-wrap clearfix\"><div id=\"20435-6a02145002a44\" class=\"owl-carousel owl-slideshow-element owl-carousel-detect owl-carousel-type-slideshow\" data-autoplaytimeout=\"5000\" data-smartspeed=\"1000\" data-id=\"20435-6a02145002a44\" data-autoplay=\"false\" data-lazyload=\"false\" data-type=\"slideshow\"><div class=\"gridblock-slideshow-element\"><img decoding=\"async\" src=\"https:\/\/www.tempsdepause.ch\/solfar\/wp-content\/uploads\/2021\/07\/JeanDa20170710089784.png\" alt=\"\" class=\"owl-slide-image\"\/><div class=\"slideshow-owl-title\">JeanDa20170710089784<\/div><\/div><div class=\"gridblock-slideshow-element\"><img decoding=\"async\" src=\"https:\/\/www.tempsdepause.ch\/solfar\/wp-content\/uploads\/2021\/07\/JeanDa20170710089786.png\" alt=\"\" class=\"owl-slide-image\"\/><div class=\"slideshow-owl-title\">JeanDa20170710089786<\/div><\/div><div class=\"gridblock-slideshow-element\"><img decoding=\"async\" src=\"https:\/\/www.tempsdepause.ch\/solfar\/wp-content\/uploads\/2021\/07\/JeanDa20170710089947.png\" alt=\"\" class=\"owl-slide-image\"\/><div class=\"slideshow-owl-title\">JeanDa20170710089947<\/div><\/div><div class=\"gridblock-slideshow-element\"><img decoding=\"async\" src=\"https:\/\/www.tempsdepause.ch\/solfar\/wp-content\/uploads\/2021\/07\/JeanDa20170710089949.png\" alt=\"\" class=\"owl-slide-image\"\/><div class=\"slideshow-owl-title\">JeanDa20170710089949<\/div><\/div><div class=\"gridblock-slideshow-element\"><img decoding=\"async\" src=\"https:\/\/www.tempsdepause.ch\/solfar\/wp-content\/uploads\/2021\/07\/JeanDa20170710089787.png\" alt=\"\" class=\"owl-slide-image\"\/><div class=\"slideshow-owl-title\">JeanDa20170710089787<\/div><\/div><div class=\"gridblock-slideshow-element\"><img decoding=\"async\" src=\"https:\/\/www.tempsdepause.ch\/solfar\/wp-content\/uploads\/2021\/07\/JeanDa20170710089796.png\" alt=\"\" class=\"owl-slide-image\"\/><div class=\"slideshow-owl-title\">JeanDa20170710089796<\/div><\/div><div class=\"gridblock-slideshow-element\"><img decoding=\"async\" src=\"https:\/\/www.tempsdepause.ch\/solfar\/wp-content\/uploads\/2021\/07\/JeanDa20170710089811.png\" alt=\"\" class=\"owl-slide-image\"\/><div class=\"slideshow-owl-title\">JeanDa20170710089811<\/div><\/div><div class=\"gridblock-slideshow-element\"><img decoding=\"async\" src=\"https:\/\/www.tempsdepause.ch\/solfar\/wp-content\/uploads\/2021\/07\/JeanDa20170710089814.png\" alt=\"\" class=\"owl-slide-image\"\/><div class=\"slideshow-owl-title\">JeanDa20170710089814<\/div><\/div><div class=\"gridblock-slideshow-element\"><img decoding=\"async\" src=\"https:\/\/www.tempsdepause.ch\/solfar\/wp-content\/uploads\/2021\/07\/JeanDa20170710089819.png\" alt=\"\" class=\"owl-slide-image\"\/><div class=\"slideshow-owl-title\">JeanDa20170710089819<\/div><\/div><div class=\"gridblock-slideshow-element\"><img decoding=\"async\" src=\"https:\/\/www.tempsdepause.ch\/solfar\/wp-content\/uploads\/2021\/07\/JeanDa20170710089913.png\" alt=\"\" class=\"owl-slide-image\"\/><div class=\"slideshow-owl-title\">JeanDa20170710089913<\/div><\/div><div class=\"gridblock-slideshow-element\"><img decoding=\"async\" src=\"https:\/\/www.tempsdepause.ch\/solfar\/wp-content\/uploads\/2021\/07\/JeanDa20170710089881.png\" alt=\"\" class=\"owl-slide-image\"\/><div class=\"slideshow-owl-title\">JeanDa20170710089881<\/div><\/div><div class=\"gridblock-slideshow-element\"><img decoding=\"async\" src=\"https:\/\/www.tempsdepause.ch\/solfar\/wp-content\/uploads\/2021\/07\/JeanDa20170710089887.png\" alt=\"\" class=\"owl-slide-image\"\/><div class=\"slideshow-owl-title\">JeanDa20170710089887<\/div><\/div><div class=\"gridblock-slideshow-element\"><img decoding=\"async\" src=\"https:\/\/www.tempsdepause.ch\/solfar\/wp-content\/uploads\/2021\/07\/JeanDa20170710089907.png\" alt=\"\" class=\"owl-slide-image\"\/><div class=\"slideshow-owl-title\">JeanDa20170710089907<\/div><\/div><div class=\"gridblock-slideshow-element\"><img decoding=\"async\" src=\"https:\/\/www.tempsdepause.ch\/solfar\/wp-content\/uploads\/2021\/07\/JeanDa20170710089888.png\" alt=\"\" class=\"owl-slide-image\"\/><div class=\"slideshow-owl-title\">JeanDa20170710089888<\/div><\/div><div class=\"gridblock-slideshow-element\"><img decoding=\"async\" src=\"https:\/\/www.tempsdepause.ch\/solfar\/wp-content\/uploads\/2021\/07\/JeanDa20170710089893.png\" alt=\"\" class=\"owl-slide-image\"\/><div class=\"slideshow-owl-title\">JeanDa20170710089893<\/div><\/div><div class=\"gridblock-slideshow-element\"><img decoding=\"async\" src=\"https:\/\/www.tempsdepause.ch\/solfar\/wp-content\/uploads\/2021\/07\/JeanDa20170710089896.png\" alt=\"\" class=\"owl-slide-image\"\/><div class=\"slideshow-owl-title\">JeanDa20170710089896<\/div><\/div><div class=\"gridblock-slideshow-element\"><img decoding=\"async\" src=\"https:\/\/www.tempsdepause.ch\/solfar\/wp-content\/uploads\/2021\/07\/JeanDa20170710089904.png\" alt=\"\" class=\"owl-slide-image\"\/><div class=\"slideshow-owl-title\">JeanDa20170710089904<\/div><\/div><div class=\"gridblock-slideshow-element\"><img decoding=\"async\" src=\"https:\/\/www.tempsdepause.ch\/solfar\/wp-content\/uploads\/2021\/07\/JeanDa20170710089905.png\" alt=\"\" class=\"owl-slide-image\"\/><div class=\"slideshow-owl-title\">JeanDa20170710089905<\/div><\/div><div class=\"gridblock-slideshow-element\"><img decoding=\"async\" src=\"https:\/\/www.tempsdepause.ch\/solfar\/wp-content\/uploads\/2021\/07\/JeanDa20170710089903.png\" alt=\"\" class=\"owl-slide-image\"\/><div class=\"slideshow-owl-title\">JeanDa20170710089903<\/div><\/div><\/div><\/div>\t\t\t\t<\/div>\n\t\t\t\t<\/div>\n\t\t\t\t\t<\/div>\n\t\t<\/div>\n\t\t\t\t\t<\/div>\n\t\t<\/section>\n\t\t\t\t<section class=\"elementor-section elementor-top-section elementor-element elementor-element-6089980 elementor-section-boxed elementor-section-height-default elementor-section-height-default\" data-id=\"6089980\" data-element_type=\"section\" data-e-type=\"section\">\n\t\t\t\t\t\t<div class=\"elementor-container elementor-column-gap-default\">\n\t\t\t\t\t<div class=\"elementor-column elementor-col-33 elementor-top-column elementor-element elementor-element-39a9048\" data-id=\"39a9048\" data-element_type=\"column\" data-e-type=\"column\">\n\t\t\t<div class=\"elementor-widget-wrap elementor-element-populated\">\n\t\t\t\t\t\t<div class=\"elementor-element elementor-element-5f4d6ab elementor-widget elementor-widget-button\" data-id=\"5f4d6ab\" data-element_type=\"widget\" data-e-type=\"widget\" data-widget_type=\"button.default\">\n\t\t\t\t<div class=\"elementor-widget-container\">\n\t\t\t\t\t\t\t\t\t<div class=\"elementor-button-wrapper\">\n\t\t\t\t\t<a class=\"elementor-button elementor-button-link elementor-size-sm\" href=\"https:\/\/www.tempsdepause.ch\/solfar\/hverir-namafjall\/\">\n\t\t\t\t\t\t<span class=\"elementor-button-content-wrapper\">\n\t\t\t\t\t\t<span class=\"elementor-button-icon\">\n\t\t\t\t<i aria-hidden=\"true\" class=\"far fa-hand-point-left\"><\/i>\t\t\t<\/span>\n\t\t\t\t\t\t\t\t\t<span class=\"elementor-button-text\">Hverir<\/span>\n\t\t\t\t\t<\/span>\n\t\t\t\t\t<\/a>\n\t\t\t\t<\/div>\n\t\t\t\t\t\t\t\t<\/div>\n\t\t\t\t<\/div>\n\t\t\t\t\t<\/div>\n\t\t<\/div>\n\t\t\t\t<div class=\"elementor-column elementor-col-33 elementor-top-column elementor-element elementor-element-e4a9134\" data-id=\"e4a9134\" data-element_type=\"column\" data-e-type=\"column\">\n\t\t\t<div class=\"elementor-widget-wrap\">\n\t\t\t\t\t\t\t<\/div>\n\t\t<\/div>\n\t\t\t\t<div class=\"elementor-column elementor-col-33 elementor-top-column elementor-element elementor-element-e693c94\" data-id=\"e693c94\" data-element_type=\"column\" data-e-type=\"column\">\n\t\t\t<div class=\"elementor-widget-wrap elementor-element-populated\">\n\t\t\t\t\t\t<div class=\"elementor-element elementor-element-3b6bf32 elementor-align-right elementor-widget elementor-widget-button\" data-id=\"3b6bf32\" data-element_type=\"widget\" data-e-type=\"widget\" data-widget_type=\"button.default\">\n\t\t\t\t<div class=\"elementor-widget-container\">\n\t\t\t\t\t\t\t\t\t<div class=\"elementor-button-wrapper\">\n\t\t\t\t\t<a class=\"elementor-button elementor-button-link elementor-size-sm\" href=\"https:\/\/www.tempsdepause.ch\/solfar\/kverkfjoll\/\">\n\t\t\t\t\t\t<span class=\"elementor-button-content-wrapper\">\n\t\t\t\t\t\t\t\t\t<span class=\"elementor-button-text\">>>> Kverkj\u00f6kull<\/span>\n\t\t\t\t\t<\/span>\n\t\t\t\t\t<\/a>\n\t\t\t\t<\/div>\n\t\t\t\t\t\t\t\t<\/div>\n\t\t\t\t<\/div>\n\t\t\t\t\t<\/div>\n\t\t<\/div>\n\t\t\t\t\t<\/div>\n\t\t<\/section>\n\t\t\t\t<\/div>\n\t\t","protected":false},"excerpt":{"rendered":"<p>Askja, la perle des hautes terres Situ\u00e9e au c\u0153ur de l\u2019Islande, dans les hautes terres,\u00a0Askja est une caldeira volcanique immense qui domine les alentours faits d\u2019un d\u00e9sert de cendres et de lave, \u00d3d\u00e1\u00f0ahraun, parfois travers\u00e9 par une rivi\u00e8re ou bien une ancienne coul\u00e9e de lave. Pour arriver dans ce site magique, il vous faudra traverser pendant plusieurs heures des paysages d\u00e9sertiques d\u2019une rare beaut\u00e9, qui rappellent la lune, mais la r\u00e9compense est l\u00e0 avec cet immense crat\u00e8re volcanique avec, en [&hellip;]<\/p>\n","protected":false},"author":2,"featured_media":0,"parent":21318,"menu_order":10,"comment_status":"closed","ping_status":"closed","template":"","meta":{"footnotes":""},"class_list":["post-20435","page","type-page","status-publish","hentry"],"_links":{"self":[{"href":"https:\/\/www.tempsdepause.ch\/solfar\/wp-json\/wp\/v2\/pages\/20435","targetHints":{"allow":["GET"]}}],"collection":[{"href":"https:\/\/www.tempsdepause.ch\/solfar\/wp-json\/wp\/v2\/pages"}],"about":[{"href":"https:\/\/www.tempsdepause.ch\/solfar\/wp-json\/wp\/v2\/types\/page"}],"author":[{"embeddable":true,"href":"https:\/\/www.tempsdepause.ch\/solfar\/wp-json\/wp\/v2\/users\/2"}],"replies":[{"embeddable":true,"href":"https:\/\/www.tempsdepause.ch\/solfar\/wp-json\/wp\/v2\/comments?post=20435"}],"version-history":[{"count":3,"href":"https:\/\/www.tempsdepause.ch\/solfar\/wp-json\/wp\/v2\/pages\/20435\/revisions"}],"predecessor-version":[{"id":21971,"href":"https:\/\/www.tempsdepause.ch\/solfar\/wp-json\/wp\/v2\/pages\/20435\/revisions\/21971"}],"up":[{"embeddable":true,"href":"https:\/\/www.tempsdepause.ch\/solfar\/wp-json\/wp\/v2\/pages\/21318"}],"wp:attachment":[{"href":"https:\/\/www.tempsdepause.ch\/solfar\/wp-json\/wp\/v2\/media?parent=20435"}],"curies":[{"name":"wp","href":"https:\/\/api.w.org\/{rel}","templated":true}]}}