{"id":20002,"date":"2021-06-22T12:22:32","date_gmt":"2021-06-22T10:22:32","guid":{"rendered":"https:\/\/www.tempsdepause.ch\/solfar\/?page_id=20002"},"modified":"2024-12-10T20:30:46","modified_gmt":"2024-12-10T19:30:46","slug":"conditions","status":"publish","type":"page","link":"https:\/\/www.tempsdepause.ch\/solfar\/conditions\/","title":{"rendered":"Conditions"},"content":{"rendered":"\t\t<div data-elementor-type=\"wp-page\" data-elementor-id=\"20002\" class=\"elementor elementor-20002\">\n\t\t\t\t\t\t<section class=\"elementor-section elementor-top-section elementor-element elementor-element-e4ccc21 elementor-section-boxed elementor-section-height-default elementor-section-height-default\" data-id=\"e4ccc21\" data-element_type=\"section\" data-e-type=\"section\">\n\t\t\t\t\t\t<div class=\"elementor-container elementor-column-gap-default\">\n\t\t\t\t\t<div class=\"elementor-column elementor-col-100 elementor-top-column elementor-element elementor-element-362c6d6\" data-id=\"362c6d6\" data-element_type=\"column\" data-e-type=\"column\">\n\t\t\t<div class=\"elementor-widget-wrap elementor-element-populated\">\n\t\t\t\t\t\t<div class=\"elementor-element elementor-element-c459d1f elementor-widget elementor-widget-heading\" data-id=\"c459d1f\" data-element_type=\"widget\" data-e-type=\"widget\" data-widget_type=\"heading.default\">\n\t\t\t\t<div class=\"elementor-widget-container\">\n\t\t\t\t\t<h2 class=\"elementor-heading-title elementor-size-default\">Conditions de commandes<\/h2>\t\t\t\t<\/div>\n\t\t\t\t<\/div>\n\t\t\t\t\t<\/div>\n\t\t<\/div>\n\t\t\t\t\t<\/div>\n\t\t<\/section>\n\t\t\t\t<section class=\"elementor-section elementor-top-section elementor-element elementor-element-a1ecea8 elementor-section-boxed elementor-section-height-default elementor-section-height-default\" data-id=\"a1ecea8\" data-element_type=\"section\" data-e-type=\"section\">\n\t\t\t\t\t\t<div class=\"elementor-container elementor-column-gap-default\">\n\t\t\t\t\t<div class=\"elementor-column elementor-col-100 elementor-top-column elementor-element elementor-element-d7630b9\" data-id=\"d7630b9\" data-element_type=\"column\" data-e-type=\"column\">\n\t\t\t<div class=\"elementor-widget-wrap elementor-element-populated\">\n\t\t\t\t\t\t<div class=\"elementor-element elementor-element-6ec1c43 elementor-widget elementor-widget-text-editor\" data-id=\"6ec1c43\" data-element_type=\"widget\" data-e-type=\"widget\" data-widget_type=\"text-editor.default\">\n\t\t\t\t<div class=\"elementor-widget-container\">\n\t\t\t\t\t\t\t\t\t<div class=\"ApplePlainTextBody\">Merci de lire ces informations avant de commander. Vos commandes sont valid\u00e9es d\u00e8s que le payement est effectu\u00e9. Ceci est pratique pour les petites commandes qui sont exp\u00e9di\u00e9es g\u00e9n\u00e9ralement de suite. Je vous informerais si l\u2019envoi est retard\u00e9 de quelques jours en raison de pi\u00e8ces \u00e0 pr\u00e9parer.<\/div><div class=\"ApplePlainTextBody\">Pour toutes les commandes avec rendez-vous pour le montage et n\u00e9cessitant une pr\u00e9paration et la commande chez mes fournisseurs, veuillez prendre contact avec moi par courriel \u00e0\u00a0<a href=\"mailto:jeanda@borgeaud.net\">jeanda@borgeaud.net<\/a>\u00a0pour obtenir une offre et convenir de l\u2019installation.<\/div><div class=\"ApplePlainTextBody\">Si possible ne commandez pas au dernier moment et v\u00e9rifiez que je ne suis pas absent plusieurs semaines.<span style=\"font-size: 15px; letter-spacing: 0px;\">\u00a0<\/span><\/div><div>\u00a0<\/div><h4>Payement&#8230;<\/h4><div class=\"ApplePlainTextBody\">Vous pouvez payer l\u2019offre d\u2019installation \u00e0 la commande soit la totalit\u00e9 du montant, soit le 30 \u00e0 50% et le solde lors du montage. j\u2019accepte le payement cash lors de la livraison \u00e0 mon domicile et de l\u2019installation.<\/div><div class=\"ApplePlainTextBody\">\u00a0<\/div><h4 class=\"ApplePlainTextBody\">Les installations doivent \u00eatre pay\u00e9es au plus tard avant de reprendre votre Van !<\/h4><p>Pensez \u00e0 virer le solde d\u00fb assez t\u00f4t. Le virement doit \u00eatre sur mon compte, pour reprendre votre v\u00e9hicule.\u00a0<\/p><ul><li class=\"ApplePlainTextBody\">PayPal seulement pour les envois hors de la Suisse<\/li><li>Payement cash en \u20ac et CHF lors de l&rsquo;installation<\/li><li class=\"ApplePlainTextBody\">Virement par IBAN: CH34 8080 8008 4962 9622 8 \u00a0<\/li><\/ul><div><p style=\"margin-bottom: 0px; font-style: normal; font-variant-caps: normal; font-stretch: normal; font-size: 13px; line-height: normal; font-family: 'Helvetica Neue'; font-size-adjust: none; font-kerning: auto; font-variant-alternates: normal; font-variant-ligatures: normal; font-variant-numeric: normal; font-variant-east-asian: normal; font-variant-position: normal; font-feature-settings: normal; font-optical-sizing: auto; font-variation-settings: normal;\">Annelise et Jean Daniel Borgeaud dit Avocat<\/p><p style=\"margin-bottom: 0px; font-style: normal; font-variant-caps: normal; font-stretch: normal; font-size: 13px; line-height: normal; font-family: 'Helvetica Neue'; font-size-adjust: none; font-kerning: auto; font-variant-alternates: normal; font-variant-ligatures: normal; font-variant-numeric: normal; font-variant-east-asian: normal; font-variant-position: normal; font-feature-settings: normal; font-optical-sizing: auto; font-variation-settings: normal;\">Rue de la Maison-Rouge 19<\/p><p style=\"margin-bottom: 0px; font-style: normal; font-variant-caps: normal; font-stretch: normal; font-size: 13px; line-height: normal; font-family: 'Helvetica Neue'; font-size-adjust: none; font-kerning: auto; font-variant-alternates: normal; font-variant-ligatures: normal; font-variant-numeric: normal; font-variant-east-asian: normal; font-variant-position: normal; font-feature-settings: normal; font-optical-sizing: auto; font-variation-settings: normal;\">1400 Yverdon-les-Bains<\/p><p style=\"margin-bottom: 0px; font-style: normal; font-variant-caps: normal; font-stretch: normal; font-size: 13px; line-height: normal; font-family: 'Helvetica Neue'; font-size-adjust: none; font-kerning: auto; font-variant-alternates: normal; font-variant-ligatures: normal; font-variant-numeric: normal; font-variant-east-asian: normal; font-variant-position: normal; font-feature-settings: normal; font-optical-sizing: auto; font-variation-settings: normal;\">CH34 8080 8008 4962 9622 8<\/p><p style=\"margin-bottom: 0px; font-style: normal; font-variant-caps: normal; font-stretch: normal; font-size: 13px; line-height: normal; font-family: 'Helvetica Neue'; font-size-adjust: none; font-kerning: auto; font-variant-alternates: normal; font-variant-ligatures: normal; font-variant-numeric: normal; font-variant-east-asian: normal; font-variant-position: normal; font-feature-settings: normal; font-optical-sizing: auto; font-variation-settings: normal;\">IID (n\u00b0 BC): 80808<\/p><p style=\"margin-bottom: 0px; font-style: normal; font-variant-caps: normal; font-stretch: normal; font-size: 13px; line-height: normal; font-family: 'Helvetica Neue'; font-size-adjust: none; font-kerning: auto; font-variant-alternates: normal; font-variant-ligatures: normal; font-variant-numeric: normal; font-variant-east-asian: normal; font-variant-position: normal; font-feature-settings: normal; font-optical-sizing: auto; font-variation-settings: normal;\">SWIFT-BIC: RAIFCH22<\/p><\/div><div>\u00a0<\/div><ul><li>TWINT en envoyant au n\u00b0 +4179 827 55 61 le montant de la commande.<\/li><li class=\"ApplePlainTextBody\">TWINT en scannant le code QR avec votre application puis en indiquant le montant et le motif du payement. Frais: + 1.3%<\/li><\/ul>\t\t\t\t\t\t\t\t<\/div>\n\t\t\t\t<\/div>\n\t\t\t\t\t<\/div>\n\t\t<\/div>\n\t\t\t\t\t<\/div>\n\t\t<\/section>\n\t\t\t\t<section class=\"elementor-section elementor-top-section elementor-element elementor-element-21f245e elementor-section-boxed elementor-section-height-default elementor-section-height-default\" data-id=\"21f245e\" data-element_type=\"section\" data-e-type=\"section\">\n\t\t\t\t\t\t<div class=\"elementor-container elementor-column-gap-default\">\n\t\t\t\t\t<div class=\"elementor-column elementor-col-50 elementor-top-column elementor-element elementor-element-baf3c18\" data-id=\"baf3c18\" data-element_type=\"column\" data-e-type=\"column\">\n\t\t\t<div class=\"elementor-widget-wrap elementor-element-populated\">\n\t\t\t\t\t\t<div class=\"elementor-element elementor-element-5f1114b elementor-widget elementor-widget-image\" data-id=\"5f1114b\" data-element_type=\"widget\" data-e-type=\"widget\" data-widget_type=\"image.default\">\n\t\t\t\t<div class=\"elementor-widget-container\">\n\t\t\t\t\t\t\t\t\t\t\t\t\t\t\t<img fetchpriority=\"high\" decoding=\"async\" width=\"656\" height=\"984\" src=\"https:\/\/www.tempsdepause.ch\/solfar\/wp-content\/uploads\/2021\/06\/Twint.png\" class=\"attachment-large size-large wp-image-20004\" alt=\"\" srcset=\"https:\/\/www.tempsdepause.ch\/solfar\/wp-content\/uploads\/2021\/06\/Twint.png 656w, https:\/\/www.tempsdepause.ch\/solfar\/wp-content\/uploads\/2021\/06\/Twint-333x500.png 333w, https:\/\/www.tempsdepause.ch\/solfar\/wp-content\/uploads\/2021\/06\/Twint-600x900.png 600w\" sizes=\"(max-width: 656px) 100vw, 656px\" \/>\t\t\t\t\t\t\t\t\t\t\t\t\t\t\t<\/div>\n\t\t\t\t<\/div>\n\t\t\t\t\t<\/div>\n\t\t<\/div>\n\t\t\t\t<div class=\"elementor-column elementor-col-50 elementor-top-column elementor-element elementor-element-03538e3\" data-id=\"03538e3\" data-element_type=\"column\" data-e-type=\"column\">\n\t\t\t<div class=\"elementor-widget-wrap\">\n\t\t\t\t\t\t\t<\/div>\n\t\t<\/div>\n\t\t\t\t\t<\/div>\n\t\t<\/section>\n\t\t\t\t<section class=\"elementor-section elementor-top-section elementor-element elementor-element-add51c7 elementor-section-boxed elementor-section-height-default elementor-section-height-default\" data-id=\"add51c7\" data-element_type=\"section\" data-e-type=\"section\">\n\t\t\t\t\t\t<div class=\"elementor-container elementor-column-gap-default\">\n\t\t\t\t\t<div class=\"elementor-column elementor-col-100 elementor-top-column elementor-element elementor-element-0a63bd5\" data-id=\"0a63bd5\" data-element_type=\"column\" data-e-type=\"column\">\n\t\t\t<div class=\"elementor-widget-wrap elementor-element-populated\">\n\t\t\t\t\t\t<div class=\"elementor-element elementor-element-2c0476f elementor-widget elementor-widget-text-editor\" data-id=\"2c0476f\" data-element_type=\"widget\" data-e-type=\"widget\" data-widget_type=\"text-editor.default\">\n\t\t\t\t<div class=\"elementor-widget-container\">\n\t\t\t\t\t\t\t\t\t<p>En vous remerciant de votre int\u00e9r\u00eat pour mes installations et produits.<\/p><p>Au plasir de vous rencontrer\u00a0<\/p><p>JeanDa<\/p>\t\t\t\t\t\t\t\t<\/div>\n\t\t\t\t<\/div>\n\t\t\t\t\t<\/div>\n\t\t<\/div>\n\t\t\t\t\t<\/div>\n\t\t<\/section>\n\t\t\t\t<\/div>\n\t\t","protected":false},"excerpt":{"rendered":"<p>Conditions de commandes Merci de lire ces informations avant de commander. Vos commandes sont valid\u00e9es d\u00e8s que le payement est effectu\u00e9. Ceci est pratique pour les petites commandes qui sont exp\u00e9di\u00e9es g\u00e9n\u00e9ralement de suite. Je vous informerais si l\u2019envoi est retard\u00e9 de quelques jours en raison de pi\u00e8ces \u00e0 pr\u00e9parer.Pour toutes les commandes avec rendez-vous pour le montage et n\u00e9cessitant une pr\u00e9paration et la commande chez mes fournisseurs, veuillez prendre contact avec moi par courriel \u00e0\u00a0jeanda@borgeaud.net\u00a0pour obtenir une offre et [&hellip;]<\/p>\n","protected":false},"author":2,"featured_media":0,"parent":0,"menu_order":0,"comment_status":"closed","ping_status":"closed","template":"","meta":{"footnotes":""},"class_list":["post-20002","page","type-page","status-publish","hentry"],"_links":{"self":[{"href":"https:\/\/www.tempsdepause.ch\/solfar\/wp-json\/wp\/v2\/pages\/20002","targetHints":{"allow":["GET"]}}],"collection":[{"href":"https:\/\/www.tempsdepause.ch\/solfar\/wp-json\/wp\/v2\/pages"}],"about":[{"href":"https:\/\/www.tempsdepause.ch\/solfar\/wp-json\/wp\/v2\/types\/page"}],"author":[{"embeddable":true,"href":"https:\/\/www.tempsdepause.ch\/solfar\/wp-json\/wp\/v2\/users\/2"}],"replies":[{"embeddable":true,"href":"https:\/\/www.tempsdepause.ch\/solfar\/wp-json\/wp\/v2\/comments?post=20002"}],"version-history":[{"count":3,"href":"https:\/\/www.tempsdepause.ch\/solfar\/wp-json\/wp\/v2\/pages\/20002\/revisions"}],"predecessor-version":[{"id":24248,"href":"https:\/\/www.tempsdepause.ch\/solfar\/wp-json\/wp\/v2\/pages\/20002\/revisions\/24248"}],"wp:attachment":[{"href":"https:\/\/www.tempsdepause.ch\/solfar\/wp-json\/wp\/v2\/media?parent=20002"}],"curies":[{"name":"wp","href":"https:\/\/api.w.org\/{rel}","templated":true}]}}