{"id":16909,"date":"2020-12-26T17:16:42","date_gmt":"2020-12-26T16:16:42","guid":{"rendered":"https:\/\/www.tempsdepause.ch\/solfar\/?page_id=16909"},"modified":"2020-12-26T17:48:52","modified_gmt":"2020-12-26T16:48:52","slug":"outils-vag-com","status":"publish","type":"page","link":"https:\/\/www.tempsdepause.ch\/solfar\/outils-vag-com\/","title":{"rendered":"Outils VAG Com"},"content":{"rendered":"\t\t<div data-elementor-type=\"wp-page\" data-elementor-id=\"16909\" class=\"elementor elementor-16909\">\n\t\t\t\t\t\t<section class=\"elementor-section elementor-top-section elementor-element elementor-element-d16cb0a elementor-section-boxed elementor-section-height-default elementor-section-height-default\" data-id=\"d16cb0a\" data-element_type=\"section\" data-e-type=\"section\">\n\t\t\t\t\t\t<div class=\"elementor-container elementor-column-gap-default\">\n\t\t\t\t\t<div class=\"elementor-column elementor-col-100 elementor-top-column elementor-element elementor-element-87d5cc1\" data-id=\"87d5cc1\" data-element_type=\"column\" data-e-type=\"column\">\n\t\t\t<div class=\"elementor-widget-wrap elementor-element-populated\">\n\t\t\t\t\t\t<div class=\"elementor-element elementor-element-17f51bd elementor-widget elementor-widget-heading\" data-id=\"17f51bd\" data-element_type=\"widget\" data-e-type=\"widget\" data-widget_type=\"heading.default\">\n\t\t\t\t<div class=\"elementor-widget-container\">\n\t\t\t\t\t<h2 class=\"elementor-heading-title elementor-size-default\">Outil VAC Com de diagnostique <\/h2>\t\t\t\t<\/div>\n\t\t\t\t<\/div>\n\t\t\t\t<div class=\"elementor-element elementor-element-65a1de5 elementor-widget elementor-widget-image\" data-id=\"65a1de5\" data-element_type=\"widget\" data-e-type=\"widget\" data-widget_type=\"image.default\">\n\t\t\t\t<div class=\"elementor-widget-container\">\n\t\t\t\t\t\t\t\t\t\t\t\t\t\t\t<img fetchpriority=\"high\" decoding=\"async\" width=\"840\" height=\"532\" src=\"https:\/\/www.tempsdepause.ch\/solfar\/wp-content\/uploads\/2020\/12\/ODBII-tab_phone-1.png\" class=\"attachment-large size-large wp-image-16580\" alt=\"\" srcset=\"https:\/\/www.tempsdepause.ch\/solfar\/wp-content\/uploads\/2020\/12\/ODBII-tab_phone-1.png 840w, https:\/\/www.tempsdepause.ch\/solfar\/wp-content\/uploads\/2020\/12\/ODBII-tab_phone-1-789x500.png 789w, https:\/\/www.tempsdepause.ch\/solfar\/wp-content\/uploads\/2020\/12\/ODBII-tab_phone-1-768x486.png 768w, https:\/\/www.tempsdepause.ch\/solfar\/wp-content\/uploads\/2020\/12\/ODBII-tab_phone-1-800x507.png 800w, https:\/\/www.tempsdepause.ch\/solfar\/wp-content\/uploads\/2020\/12\/ODBII-tab_phone-1-600x380.png 600w\" sizes=\"(max-width: 840px) 100vw, 840px\" \/>\t\t\t\t\t\t\t\t\t\t\t\t\t\t\t<\/div>\n\t\t\t\t<\/div>\n\t\t\t\t\t<\/div>\n\t\t<\/div>\n\t\t\t\t\t<\/div>\n\t\t<\/section>\n\t\t\t\t<section class=\"elementor-section elementor-top-section elementor-element elementor-element-e9a7743 elementor-section-boxed elementor-section-height-default elementor-section-height-default\" data-id=\"e9a7743\" data-element_type=\"section\" data-e-type=\"section\">\n\t\t\t\t\t\t<div class=\"elementor-container elementor-column-gap-default\">\n\t\t\t\t\t<div class=\"elementor-column elementor-col-100 elementor-top-column elementor-element elementor-element-33c041a\" data-id=\"33c041a\" data-element_type=\"column\" data-e-type=\"column\">\n\t\t\t<div class=\"elementor-widget-wrap elementor-element-populated\">\n\t\t\t\t\t\t<div class=\"elementor-element elementor-element-9ed198a elementor-widget elementor-widget-heading\" data-id=\"9ed198a\" data-element_type=\"widget\" data-e-type=\"widget\" data-widget_type=\"heading.default\">\n\t\t\t\t<div class=\"elementor-widget-container\">\n\t\t\t\t\t<h2 class=\"elementor-heading-title elementor-size-default\">ODB eleven<\/h2>\t\t\t\t<\/div>\n\t\t\t\t<\/div>\n\t\t\t\t<div class=\"elementor-element elementor-element-b24d6c1 elementor-widget elementor-widget-text-editor\" data-id=\"b24d6c1\" data-element_type=\"widget\" data-e-type=\"widget\" data-widget_type=\"text-editor.default\">\n\t\t\t\t<div class=\"elementor-widget-container\">\n\t\t\t\t\t\t\t\t\t<h5><b>UNE SOLUTION AVANC\u00c9E POUR INTERAGIR AVEC VOTRE V\u00c9HICULE<\/b><\/h5>\t\t\t\t\t\t\t\t<\/div>\n\t\t\t\t<\/div>\n\t\t\t\t\t<\/div>\n\t\t<\/div>\n\t\t\t\t\t<\/div>\n\t\t<\/section>\n\t\t\t\t<section class=\"elementor-section elementor-top-section elementor-element elementor-element-10689f5 elementor-section-boxed elementor-section-height-default elementor-section-height-default\" data-id=\"10689f5\" data-element_type=\"section\" data-e-type=\"section\">\n\t\t\t\t\t\t<div class=\"elementor-container elementor-column-gap-default\">\n\t\t\t\t\t<div class=\"elementor-column elementor-col-50 elementor-top-column elementor-element elementor-element-3036b94\" data-id=\"3036b94\" data-element_type=\"column\" data-e-type=\"column\">\n\t\t\t<div class=\"elementor-widget-wrap elementor-element-populated\">\n\t\t\t\t\t\t<div class=\"elementor-element elementor-element-5fa5f1d elementor-widget elementor-widget-text-editor\" data-id=\"5fa5f1d\" data-element_type=\"widget\" data-e-type=\"widget\" data-widget_type=\"text-editor.default\">\n\t\t\t\t<div class=\"elementor-widget-container\">\n\t\t\t\t\t\t\t\t\t<h4>Commander l\u2019appareil\u00a0<\/h4><p><b>Commencez une conversation avec votre voiture.<\/b><\/p><p>Outil de diagnostic intelligent pour comprendre et am\u00e9liorer votre v\u00e9hicule. Il peut acc\u00e9der enti\u00e8rement \u00e0 votre voiture, surveiller tous les syst\u00e8mes, \u00e9liminer les pannes et activer diverses fonctions de confort.<\/p><p>L\u2019application OBDeleven est un logiciel de diagnostic automobile bas\u00e9 sur le cloud pour les syst\u00e8mes d\u2019exploitation iOS et Android.<\/p><p>Il suffit de le brancher sur le port OBDII, de t\u00e9l\u00e9charger l\u2019application et d\u2019entamer la conversation avec votre voiture via votre smartphone.<\/p>\t\t\t\t\t\t\t\t<\/div>\n\t\t\t\t<\/div>\n\t\t\t\t\t<\/div>\n\t\t<\/div>\n\t\t\t\t<div class=\"elementor-column elementor-col-50 elementor-top-column elementor-element elementor-element-893fbc1\" data-id=\"893fbc1\" data-element_type=\"column\" data-e-type=\"column\">\n\t\t\t<div class=\"elementor-widget-wrap elementor-element-populated\">\n\t\t\t\t\t\t<div class=\"elementor-element elementor-element-eee3b46 elementor-widget elementor-widget-image\" data-id=\"eee3b46\" data-element_type=\"widget\" data-e-type=\"widget\" data-widget_type=\"image.default\">\n\t\t\t\t<div class=\"elementor-widget-container\">\n\t\t\t\t\t\t\t\t\t\t\t\t\t\t\t\t<a href=\"https:\/\/obdeleven.com\/fr\/products-page\" target=\"_blank\">\n\t\t\t\t\t\t\t<img decoding=\"async\" width=\"404\" height=\"303\" src=\"https:\/\/www.tempsdepause.ch\/solfar\/wp-content\/uploads\/2020\/12\/starter-pack.png\" class=\"attachment-large size-large wp-image-16678\" alt=\"\" srcset=\"https:\/\/www.tempsdepause.ch\/solfar\/wp-content\/uploads\/2020\/12\/starter-pack.png 404w, https:\/\/www.tempsdepause.ch\/solfar\/wp-content\/uploads\/2020\/12\/starter-pack-300x225.png 300w\" sizes=\"(max-width: 404px) 100vw, 404px\" \/>\t\t\t\t\t\t\t\t<\/a>\n\t\t\t\t\t\t\t\t\t\t\t\t\t\t\t<\/div>\n\t\t\t\t<\/div>\n\t\t\t\t<div class=\"elementor-element elementor-element-0567dd3 elementor-widget elementor-widget-text-editor\" data-id=\"0567dd3\" data-element_type=\"widget\" data-e-type=\"widget\" data-widget_type=\"text-editor.default\">\n\t\t\t\t<div class=\"elementor-widget-container\">\n\t\t\t\t\t\t\t\t\t<p>Cliquer sur l\u2019image pour visiter le site et commander l\u2019appareil.<\/p>\t\t\t\t\t\t\t\t<\/div>\n\t\t\t\t<\/div>\n\t\t\t\t\t<\/div>\n\t\t<\/div>\n\t\t\t\t\t<\/div>\n\t\t<\/section>\n\t\t\t\t<section class=\"elementor-section elementor-top-section elementor-element elementor-element-44dbf7d elementor-section-boxed elementor-section-height-default elementor-section-height-default\" data-id=\"44dbf7d\" data-element_type=\"section\" data-e-type=\"section\">\n\t\t\t\t\t\t<div class=\"elementor-container elementor-column-gap-default\">\n\t\t\t\t\t<div class=\"elementor-column elementor-col-100 elementor-top-column elementor-element elementor-element-8661a66\" data-id=\"8661a66\" data-element_type=\"column\" data-e-type=\"column\">\n\t\t\t<div class=\"elementor-widget-wrap elementor-element-populated\">\n\t\t\t\t\t\t<div class=\"elementor-element elementor-element-1f49740 elementor-widget elementor-widget-text-editor\" data-id=\"1f49740\" data-element_type=\"widget\" data-e-type=\"widget\" data-widget_type=\"text-editor.default\">\n\t\t\t\t<div class=\"elementor-widget-container\">\n\t\t\t\t\t\t\t\t\t<h4>Fonctions Standard<\/h4>\t\t\t\t\t\t\t\t<\/div>\n\t\t\t\t<\/div>\n\t\t\t\t\t<\/div>\n\t\t<\/div>\n\t\t\t\t\t<\/div>\n\t\t<\/section>\n\t\t\t\t<section class=\"elementor-section elementor-top-section elementor-element elementor-element-2283c6d elementor-section-boxed elementor-section-height-default elementor-section-height-default\" data-id=\"2283c6d\" data-element_type=\"section\" data-e-type=\"section\">\n\t\t\t\t\t\t<div class=\"elementor-container elementor-column-gap-default\">\n\t\t\t\t\t<div class=\"elementor-column elementor-col-50 elementor-top-column elementor-element elementor-element-ffbf648\" data-id=\"ffbf648\" data-element_type=\"column\" data-e-type=\"column\">\n\t\t\t<div class=\"elementor-widget-wrap elementor-element-populated\">\n\t\t\t\t\t\t<div class=\"elementor-element elementor-element-e071863 elementor-widget elementor-widget-text-editor\" data-id=\"e071863\" data-element_type=\"widget\" data-e-type=\"widget\" data-widget_type=\"text-editor.default\">\n\t\t\t\t<div class=\"elementor-widget-container\">\n\t\t\t\t\t\t\t\t\t<ul><li class=\"green\"><strong>APPLICATIONS EN UN CLIC<\/strong><\/li><li class=\"green\"><strong>Identification automatique du v\u00e9hicule \u00e0 partir du NIV<\/strong><\/li><li class=\"green\"><strong>Lire et effacer les codes d\u2019erreur de diagnostic de toutes les unit\u00e9s de contr\u00f4le<\/strong><\/li><li class=\"green\"><strong>Lire les informations sur l\u2019unit\u00e9 de contr\u00f4le<\/strong><\/li><li class=\"green\"><strong>Partage des logs de donn\u00e9es de diagnostic par courrier \u00e9lectronique<\/strong><\/li><li class=\"green\"><strong>Observer l\u2019\u00e9tat de la batterie<\/strong><\/li><li class=\"green\"><strong>Historique des voitures connect\u00e9es au log<\/strong><\/li><li class=\"green\"><strong>Recherche des codes moteurs, d\u2019\u00e9quipements erreurs<\/strong><\/li><li class=\"green\"><strong>Informations avanc\u00e9es sur l\u2019unit\u00e9 de contr\u00f4le<\/strong><\/li><\/ul>\t\t\t\t\t\t\t\t<\/div>\n\t\t\t\t<\/div>\n\t\t\t\t\t<\/div>\n\t\t<\/div>\n\t\t\t\t<div class=\"elementor-column elementor-col-50 elementor-top-column elementor-element elementor-element-4c0b13c\" data-id=\"4c0b13c\" data-element_type=\"column\" data-e-type=\"column\">\n\t\t\t<div class=\"elementor-widget-wrap elementor-element-populated\">\n\t\t\t\t\t\t<div class=\"elementor-element elementor-element-715d918 elementor-widget elementor-widget-text-editor\" data-id=\"715d918\" data-element_type=\"widget\" data-e-type=\"widget\" data-widget_type=\"text-editor.default\">\n\t\t\t\t<div class=\"elementor-widget-container\">\n\t\t\t\t\t\t\t\t\t<ul><li class=\"green\"><strong>Donn\u00e9es en direct\u00a0\u00a0<\/strong><\/li><li class=\"gray\"><strong>Graphiques <\/strong>(en d\u00e9veloppement sur iOS)\u00a0<\/li><li class=\"gray\"><strong>Jauges\u00a0<\/strong>(en d\u00e9veloppement sur iOS)\u00a0<\/li><li class=\"green\"><strong>Information des sous-unit\u00e9s de contr\u00f4le\u00a0<\/strong><\/li><li class=\"green\"><b>R\u00e9initialisation de l\u2019unit\u00e9 de contr\u00f4le (UDS)<\/b><\/li><li class=\"green\"><strong>Acc\u00e8s de s\u00e9curit\u00e9\u00a0\u00a0<\/strong><\/li><li class=\"gray\"><b>Recherche de connexion <\/b>(en d\u00e9veloppement sur iOS)<b>\u00a0<\/b><\/li><li class=\"green\"><strong>Changement de service de diagnostic\u00a0<\/strong><\/li><li class=\"green\"><strong>Syst\u00e8me de sauvegarde et historique de programmation pour voiture<\/strong><\/li><\/ul>\t\t\t\t\t\t\t\t<\/div>\n\t\t\t\t<\/div>\n\t\t\t\t\t<\/div>\n\t\t<\/div>\n\t\t\t\t\t<\/div>\n\t\t<\/section>\n\t\t\t\t<section class=\"elementor-section elementor-top-section elementor-element elementor-element-aa88709 elementor-section-boxed elementor-section-height-default elementor-section-height-default\" data-id=\"aa88709\" data-element_type=\"section\" data-e-type=\"section\">\n\t\t\t\t\t\t<div class=\"elementor-container elementor-column-gap-default\">\n\t\t\t\t\t<div class=\"elementor-column elementor-col-100 elementor-top-column elementor-element elementor-element-2e69e0a\" data-id=\"2e69e0a\" data-element_type=\"column\" data-e-type=\"column\">\n\t\t\t<div class=\"elementor-widget-wrap elementor-element-populated\">\n\t\t\t\t\t\t<div class=\"elementor-element elementor-element-a02a24e elementor-widget elementor-widget-text-editor\" data-id=\"a02a24e\" data-element_type=\"widget\" data-e-type=\"widget\" data-widget_type=\"text-editor.default\">\n\t\t\t\t<div class=\"elementor-widget-container\">\n\t\t\t\t\t\t\t\t\t<h4>Fonctions Pro<\/h4>\t\t\t\t\t\t\t\t<\/div>\n\t\t\t\t<\/div>\n\t\t\t\t\t<\/div>\n\t\t<\/div>\n\t\t\t\t\t<\/div>\n\t\t<\/section>\n\t\t\t\t<section class=\"elementor-section elementor-top-section elementor-element elementor-element-b9f197c elementor-section-boxed elementor-section-height-default elementor-section-height-default\" data-id=\"b9f197c\" data-element_type=\"section\" data-e-type=\"section\">\n\t\t\t\t\t\t<div class=\"elementor-container elementor-column-gap-default\">\n\t\t\t\t\t<div class=\"elementor-column elementor-col-50 elementor-top-column elementor-element elementor-element-14adede\" data-id=\"14adede\" data-element_type=\"column\" data-e-type=\"column\">\n\t\t\t<div class=\"elementor-widget-wrap elementor-element-populated\">\n\t\t\t\t\t\t<div class=\"elementor-element elementor-element-4369bb2 elementor-widget elementor-widget-text-editor\" data-id=\"4369bb2\" data-element_type=\"widget\" data-e-type=\"widget\" data-widget_type=\"text-editor.default\">\n\t\t\t\t<div class=\"elementor-widget-container\">\n\t\t\t\t\t\t\t\t\t<ul><li class=\"blue\"><strong>Codage \/ Codage long\u00a0<\/strong><\/li><li class=\"gray\"><strong>Codage II\u00a0 <\/strong>(en d\u00e9veloppement sur iOS)\u00a0<\/li><li class=\"blue\"><strong>Liste d\u2019installation de passerelle\u00a0<\/strong><\/li><li class=\"blue\"><strong>Codage des sous-unit\u00e9s de contr\u00f4le\u00a0<\/strong><\/li><\/ul>\t\t\t\t\t\t\t\t<\/div>\n\t\t\t\t<\/div>\n\t\t\t\t\t<\/div>\n\t\t<\/div>\n\t\t\t\t<div class=\"elementor-column elementor-col-50 elementor-top-column elementor-element elementor-element-f78c0f8\" data-id=\"f78c0f8\" data-element_type=\"column\" data-e-type=\"column\">\n\t\t\t<div class=\"elementor-widget-wrap elementor-element-populated\">\n\t\t\t\t\t\t<div class=\"elementor-element elementor-element-041f684 elementor-widget elementor-widget-text-editor\" data-id=\"041f684\" data-element_type=\"widget\" data-e-type=\"widget\" data-widget_type=\"text-editor.default\">\n\t\t\t\t<div class=\"elementor-widget-container\">\n\t\t\t\t\t\t\t\t\t<ul><li class=\"blue\"><strong>Adaptation \/ Adaptation longue\u00a0<\/strong><\/li><li class=\"gray\"><strong>Code d\u2019erreur Freeze frame <\/strong>(en d\u00e9veloppement sur iOS)\u00a0<\/li><li class=\"blue\"><strong>R\u00e9glages de base<\/strong><\/li><li class=\"blue\"><strong>Test de sortie\u00a0<\/strong><\/li><\/ul>\t\t\t\t\t\t\t\t<\/div>\n\t\t\t\t<\/div>\n\t\t\t\t\t<\/div>\n\t\t<\/div>\n\t\t\t\t\t<\/div>\n\t\t<\/section>\n\t\t\t\t<section class=\"elementor-section elementor-top-section elementor-element elementor-element-df55f64 elementor-section-boxed elementor-section-height-default elementor-section-height-default\" data-id=\"df55f64\" data-element_type=\"section\" data-e-type=\"section\">\n\t\t\t\t\t\t<div class=\"elementor-container elementor-column-gap-default\">\n\t\t\t\t\t<div class=\"elementor-column elementor-col-100 elementor-top-column elementor-element elementor-element-27d8afc\" data-id=\"27d8afc\" data-element_type=\"column\" data-e-type=\"column\">\n\t\t\t<div class=\"elementor-widget-wrap elementor-element-populated\">\n\t\t\t\t\t\t<div class=\"elementor-element elementor-element-aae8718 elementor-widget elementor-widget-text-editor\" data-id=\"aae8718\" data-element_type=\"widget\" data-e-type=\"widget\" data-widget_type=\"text-editor.default\">\n\t\t\t\t<div class=\"elementor-widget-container\">\n\t\t\t\t\t\t\t\t\t<h4>Application<\/h4>\t\t\t\t\t\t\t\t<\/div>\n\t\t\t\t<\/div>\n\t\t\t\t\t<\/div>\n\t\t<\/div>\n\t\t\t\t\t<\/div>\n\t\t<\/section>\n\t\t\t\t<section class=\"elementor-section elementor-top-section elementor-element elementor-element-dad2d52 elementor-section-boxed elementor-section-height-default elementor-section-height-default\" data-id=\"dad2d52\" data-element_type=\"section\" data-e-type=\"section\">\n\t\t\t\t\t\t<div class=\"elementor-container elementor-column-gap-default\">\n\t\t\t\t\t<div class=\"elementor-column elementor-col-33 elementor-top-column elementor-element elementor-element-b28273c\" data-id=\"b28273c\" data-element_type=\"column\" data-e-type=\"column\">\n\t\t\t<div class=\"elementor-widget-wrap elementor-element-populated\">\n\t\t\t\t\t\t<div class=\"elementor-element elementor-element-577f9eb elementor-widget elementor-widget-image\" data-id=\"577f9eb\" data-element_type=\"widget\" data-e-type=\"widget\" data-widget_type=\"image.default\">\n\t\t\t\t<div class=\"elementor-widget-container\">\n\t\t\t\t\t\t\t\t\t\t\t\t\t\t\t<img decoding=\"async\" width=\"277\" height=\"600\" src=\"https:\/\/www.tempsdepause.ch\/solfar\/wp-content\/uploads\/2020\/12\/IMG_3903.png\" class=\"attachment-large size-large wp-image-16579\" alt=\"\" srcset=\"https:\/\/www.tempsdepause.ch\/solfar\/wp-content\/uploads\/2020\/12\/IMG_3903.png 277w, https:\/\/www.tempsdepause.ch\/solfar\/wp-content\/uploads\/2020\/12\/IMG_3903-231x500.png 231w\" sizes=\"(max-width: 277px) 100vw, 277px\" \/>\t\t\t\t\t\t\t\t\t\t\t\t\t\t\t<\/div>\n\t\t\t\t<\/div>\n\t\t\t\t<div class=\"elementor-element elementor-element-2f271f5 elementor-widget elementor-widget-text-editor\" data-id=\"2f271f5\" data-element_type=\"widget\" data-e-type=\"widget\" data-widget_type=\"text-editor.default\">\n\t\t\t\t<div class=\"elementor-widget-container\">\n\t\t\t\t\t\t\t\t\t<ul><li>Connecter l\u2019interface ODB eleven sur la prise ODBII<\/li><li>Choisissez votre v\u00e9hicule<\/li><\/ul>\t\t\t\t\t\t\t\t<\/div>\n\t\t\t\t<\/div>\n\t\t\t\t\t<\/div>\n\t\t<\/div>\n\t\t\t\t<div class=\"elementor-column elementor-col-33 elementor-top-column elementor-element elementor-element-6fa8f61\" data-id=\"6fa8f61\" data-element_type=\"column\" data-e-type=\"column\">\n\t\t\t<div class=\"elementor-widget-wrap elementor-element-populated\">\n\t\t\t\t\t\t<div class=\"elementor-element elementor-element-6d9bccd elementor-widget elementor-widget-image\" data-id=\"6d9bccd\" data-element_type=\"widget\" data-e-type=\"widget\" data-widget_type=\"image.default\">\n\t\t\t\t<div class=\"elementor-widget-container\">\n\t\t\t\t\t\t\t\t\t\t\t\t\t\t\t<img loading=\"lazy\" decoding=\"async\" width=\"277\" height=\"600\" src=\"https:\/\/www.tempsdepause.ch\/solfar\/wp-content\/uploads\/2020\/12\/IMG_3904.png\" class=\"attachment-large size-large wp-image-16556\" alt=\"\" srcset=\"https:\/\/www.tempsdepause.ch\/solfar\/wp-content\/uploads\/2020\/12\/IMG_3904.png 277w, https:\/\/www.tempsdepause.ch\/solfar\/wp-content\/uploads\/2020\/12\/IMG_3904-231x500.png 231w\" sizes=\"(max-width: 277px) 100vw, 277px\" \/>\t\t\t\t\t\t\t\t\t\t\t\t\t\t\t<\/div>\n\t\t\t\t<\/div>\n\t\t\t\t<div class=\"elementor-element elementor-element-b2b0198 elementor-widget elementor-widget-text-editor\" data-id=\"b2b0198\" data-element_type=\"widget\" data-e-type=\"widget\" data-widget_type=\"text-editor.default\">\n\t\t\t\t<div class=\"elementor-widget-container\">\n\t\t\t\t\t\t\t\t\t<ul><li>Cliquer sur le bouton pour connecter le smartphone \u00e8 l\u2019interface ODBII<\/li><li>Scanner<\/li><li>Cliquer sur le bouton bleu\u2026<\/li><\/ul>\t\t\t\t\t\t\t\t<\/div>\n\t\t\t\t<\/div>\n\t\t\t\t\t<\/div>\n\t\t<\/div>\n\t\t\t\t<div class=\"elementor-column elementor-col-33 elementor-top-column elementor-element elementor-element-b720cc4\" data-id=\"b720cc4\" data-element_type=\"column\" data-e-type=\"column\">\n\t\t\t<div class=\"elementor-widget-wrap elementor-element-populated\">\n\t\t\t\t\t\t<div class=\"elementor-element elementor-element-34fb8df elementor-widget elementor-widget-image\" data-id=\"34fb8df\" data-element_type=\"widget\" data-e-type=\"widget\" data-widget_type=\"image.default\">\n\t\t\t\t<div class=\"elementor-widget-container\">\n\t\t\t\t\t\t\t\t\t\t\t\t\t\t\t<img loading=\"lazy\" decoding=\"async\" width=\"277\" height=\"600\" src=\"https:\/\/www.tempsdepause.ch\/solfar\/wp-content\/uploads\/2020\/12\/IMG_3913.png\" class=\"attachment-large size-large wp-image-16564\" alt=\"\" srcset=\"https:\/\/www.tempsdepause.ch\/solfar\/wp-content\/uploads\/2020\/12\/IMG_3913.png 277w, https:\/\/www.tempsdepause.ch\/solfar\/wp-content\/uploads\/2020\/12\/IMG_3913-231x500.png 231w\" sizes=\"(max-width: 277px) 100vw, 277px\" \/>\t\t\t\t\t\t\t\t\t\t\t\t\t\t\t<\/div>\n\t\t\t\t<\/div>\n\t\t\t\t<div class=\"elementor-element elementor-element-452be23 elementor-widget elementor-widget-text-editor\" data-id=\"452be23\" data-element_type=\"widget\" data-e-type=\"widget\" data-widget_type=\"text-editor.default\">\n\t\t\t\t<div class=\"elementor-widget-container\">\n\t\t\t\t\t\t\t\t\t<ul><li>Visualiser les Unit\u00e9s de contr\u00f4les et les \u00e9ventuelles d\u00e9fauts<\/li><li>\u00a0<\/li><\/ul>\t\t\t\t\t\t\t\t<\/div>\n\t\t\t\t<\/div>\n\t\t\t\t\t<\/div>\n\t\t<\/div>\n\t\t\t\t\t<\/div>\n\t\t<\/section>\n\t\t\t\t<section class=\"elementor-section elementor-top-section elementor-element elementor-element-b371bbd elementor-section-boxed elementor-section-height-default elementor-section-height-default\" data-id=\"b371bbd\" data-element_type=\"section\" data-e-type=\"section\">\n\t\t\t\t\t\t<div class=\"elementor-container elementor-column-gap-default\">\n\t\t\t\t\t<div class=\"elementor-column elementor-col-100 elementor-top-column elementor-element elementor-element-7984c79\" data-id=\"7984c79\" data-element_type=\"column\" data-e-type=\"column\">\n\t\t\t<div class=\"elementor-widget-wrap elementor-element-populated\">\n\t\t\t\t\t\t<div class=\"elementor-element elementor-element-6670734 elementor-widget elementor-widget-text-editor\" data-id=\"6670734\" data-element_type=\"widget\" data-e-type=\"widget\" data-widget_type=\"text-editor.default\">\n\t\t\t\t<div class=\"elementor-widget-container\">\n\t\t\t\t\t\t\t\t\t<h4>Forum ODB eleven<\/h4><p><a href=\"https:\/\/forum.obdeleven.com\">https:\/\/forum.obdeleven.com<\/a><\/p>\t\t\t\t\t\t\t\t<\/div>\n\t\t\t\t<\/div>\n\t\t\t\t\t<\/div>\n\t\t<\/div>\n\t\t\t\t\t<\/div>\n\t\t<\/section>\n\t\t\t\t<\/div>\n\t\t","protected":false},"excerpt":{"rendered":"<p>Outil VAC Com de diagnostique ODB eleven UNE SOLUTION AVANC\u00c9E POUR INTERAGIR AVEC VOTRE V\u00c9HICULE Commander l\u2019appareil\u00a0 Commencez une conversation avec votre voiture. Outil de diagnostic intelligent pour comprendre et am\u00e9liorer votre v\u00e9hicule. Il peut acc\u00e9der enti\u00e8rement \u00e0 votre voiture, surveiller tous les syst\u00e8mes, \u00e9liminer les pannes et activer diverses fonctions de confort. L\u2019application OBDeleven est un logiciel de diagnostic automobile bas\u00e9 sur le cloud pour les syst\u00e8mes d\u2019exploitation iOS et Android. Il suffit de le brancher sur le port [&hellip;]<\/p>\n","protected":false},"author":2,"featured_media":0,"parent":0,"menu_order":0,"comment_status":"closed","ping_status":"closed","template":"","meta":{"footnotes":""},"class_list":["post-16909","page","type-page","status-publish","hentry"],"_links":{"self":[{"href":"https:\/\/www.tempsdepause.ch\/solfar\/wp-json\/wp\/v2\/pages\/16909","targetHints":{"allow":["GET"]}}],"collection":[{"href":"https:\/\/www.tempsdepause.ch\/solfar\/wp-json\/wp\/v2\/pages"}],"about":[{"href":"https:\/\/www.tempsdepause.ch\/solfar\/wp-json\/wp\/v2\/types\/page"}],"author":[{"embeddable":true,"href":"https:\/\/www.tempsdepause.ch\/solfar\/wp-json\/wp\/v2\/users\/2"}],"replies":[{"embeddable":true,"href":"https:\/\/www.tempsdepause.ch\/solfar\/wp-json\/wp\/v2\/comments?post=16909"}],"version-history":[{"count":3,"href":"https:\/\/www.tempsdepause.ch\/solfar\/wp-json\/wp\/v2\/pages\/16909\/revisions"}],"predecessor-version":[{"id":16917,"href":"https:\/\/www.tempsdepause.ch\/solfar\/wp-json\/wp\/v2\/pages\/16909\/revisions\/16917"}],"wp:attachment":[{"href":"https:\/\/www.tempsdepause.ch\/solfar\/wp-json\/wp\/v2\/media?parent=16909"}],"curies":[{"name":"wp","href":"https:\/\/api.w.org\/{rel}","templated":true}]}}