{"id":16582,"date":"2020-12-20T22:19:49","date_gmt":"2020-12-20T21:19:49","guid":{"rendered":"https:\/\/www.tempsdepause.ch\/solfar\/?page_id=16582"},"modified":"2024-12-08T11:55:05","modified_gmt":"2024-12-08T10:55:05","slug":"il-controle-la-batterie-de-demarrage","status":"publish","type":"page","link":"https:\/\/www.tempsdepause.ch\/solfar\/il-controle-la-batterie-de-demarrage\/","title":{"rendered":"Il contr\u00f4le la batterie de d\u00e9marrage&#8230;"},"content":{"rendered":"\n<p><\/p>\n\n\n\n<p><\/p>\n\n\n\n<h2 class=\"wp-block-heading\">Il contr\u00f4le la batterie de d\u00e9marrage\u2026<\/h2>\n\n\n\n<p>Savez-vous que depuis 2009 les T5.2 puis en 2015 les T6 ont un petit appareil visser sur la borne n\u00e9gative de la batterie de d\u00e9marrage ? Et depuis le T6.1 sur toutes les batteries des California ?<\/p>\n\n\n\n<p class=\"has-text-align-center\"><strong><em>Son petit nom: Battery monitor control module J367<\/em><\/strong>\u00a0<\/p>\n\n\n\n<p>Oui, son r\u00f4le est important avec les batteries modernes. Il compte tous les amp\u00e8res qui sortent ou qui rentrent de la batterie. Dans l\u2019unit\u00e9 de contr\u00f4le apparent\u00e9e, ces informations sont enregistr\u00e9es dans une base de donn\u00e9es qui tient l\u2019historique de la batterie. <\/p>\n\n\n\n<p><strong>Ainsi l\u2019alternateur est inform\u00e9:<\/strong> Comment recharger la batterie en fonction de la temp\u00e9rature, de la tension, du niveau de charge, du nombre de cycles et de son \u00e2ge.\u00a0<\/p>\n\n\n\n<figure class=\"wp-block-image size-large\"><img fetchpriority=\"high\" decoding=\"async\" width=\"400\" height=\"263\" src=\"https:\/\/www.tempsdepause.ch\/solfar\/wp-content\/uploads\/2020\/12\/IMG_3918.png\" alt=\"\" class=\"wp-image-16563\"\/><figcaption class=\"wp-element-caption\">Voici un module battery monitor control J367 sur le p\u00f4le n\u00e9gatif de la batterie. <\/figcaption><\/figure>\n\n\n\n<p>Pour comprendre son utilit\u00e9, commen\u00e7ons par le d\u00e9but. Il existe\u00a0 deux types de batterie utilis\u00e9s sur les voitures VAG.<\/p>\n\n\n\n<p>Les Enhanced Flooded (EFB) sont essentiellement des batteries standard fabriqu\u00e9es selon des normes beaucoup plus \u00e9lev\u00e9es. Ils ont deux fois plus d\u2019autonomie que les batteries \u00e0 liquide standard et sont mont\u00e9s sur les v\u00e9hicules avec Stop\/Start.<\/p>\n\n\n\n<p>Les batteries Absorbant Glass Mat (AGM) ont trois fois plus d\u2019endurance que les batteries standard et sont mont\u00e9es sur des voitures de sp\u00e9cification sup\u00e9rieure avec des charges \u00e9lectriques plus \u00e9lev\u00e9es. Dans ces batteries, le liquide est absorb\u00e9 par un cadre de tapis de verre.<\/p>\n\n\n\n<p>Ces batteries modernes n\u00e9cessitaient des cycles de charge diff\u00e9rents des batteries standard.<\/p>\n\n\n\n<p>C\u2019est la raison pour laquelle le syst\u00e8me de gestion de la batterie de la voiture doit savoir quel type de batterie vous avez. Si vous changez une batterie pour une batterie avec une sp\u00e9cification identique d\u2019un autre fabricant, il se peut que vous ne voyiez pas de codes d\u2019erreur et qu\u2019elle se charge correctement. Si vous passez \u00e0 une autre batterie sans recodage, elle peut ne pas se charger correctement, m\u00eame si vous ne voyez pas de codes d\u2019erreur, ce qui peut affecter l\u2019autonomie de la batterie.<\/p>\n\n\n\n<p>J\u2019en ai fait l\u2019exp\u00e9rience. Ma batterie d\u2019origine de 68Ah \u00e2g\u00e9e de 4 ans donnait des signes de faiblesse. Je l\u2019ai chang\u00e9e pr\u00e9ventivement par une Varta F21 de 80Ah. C\u2019est parfait, ainsi pas de soucis l\u2019hiver prochain par grand froid. Oui, mais \u00e9tonnamment elle ne se recharge pas bien, la tension affich\u00e9e apr\u00e8s un jour de repos est identique \u00e0 sa pr\u00e9c\u00e9dente, beaucoup trop basse. Voil\u00e0 la raison de mes recherches que je partage ici avec vous.\u00a0<\/p>\n\n\n\n<p>C\u2019est un peu complexe dans les v\u00e9hicules modernes o\u00f9 la technologie EFB\/AGM est utilis\u00e9e et en particulier dans les voitures qui utilisent un module de contr\u00f4le de batterie (j367) qui est connect\u00e9 au contr\u00f4leur de r\u00e9gulation de batterie en tant que p\u00e9riph\u00e9rique. Les voitures qui ont ce module J367 sont clairement identifiables parce que l\u2019appareil est \u00e9vident : il se trouve sur la pince \u00e0 batterie n\u00e9gative. Tous les VW avec Start Stop ont un J367 d\u2019install\u00e9.<\/p>\n\n\n\n<p><strong>Attention ! Ne jamais mettre une pince du c\u00e2ble n\u00e9gatif de chargeur ou de c\u00e2ble de secours, sur la borne moins avec un module de contr\u00f4le du moniteur de batterie<\/strong>.\u00a0<\/p>\n\n\n\n<p>Ainsi dans nos California, l\u2019historique complet de la batterie est enregistr\u00e9 (chaque amp\u00e8re entrant et sortant de la batterie est mesur\u00e9) et la base de donn\u00e9es est utilis\u00e9e pour d\u00e9terminer le profil de charge de la batterie. Au fur et \u00e0 mesure que la batterie vieillit, le profil de charge est modifi\u00e9 pour optimiser la capacit\u00e9 (qui diminue avec le cycle de vie de la batterie).\u00a0<\/p>\n\n\n\n<p><strong>Lorsque la batterie est chang\u00e9e l\u2019unit\u00e9 de contr\u00f4le doit en \u00eatre inform\u00e9e.<\/strong><\/p>\n\n\n\n<p>Ce qui se passe lorsque le n\u00b0 de s\u00e9rie de la batterie est modifi\u00e9, le tableau d\u2019historique de l\u2019ancienne batterie est r\u00e9initialis\u00e9 afin que le r\u00e9gime de charge reconnaisse la nouvelle batterie. Si le num\u00e9ro de s\u00e9rie n\u2019est pas modifi\u00e9 \u2013 l\u2019ancienne table d\u2019historique est maintenue et la nouvelle batterie ne sera jamais charg\u00e9e \u00e0 pleine capacit\u00e9.<\/p>\n\n\n\n<p>L\u2019unit\u00e9 de contr\u00f4le doit connaitre la capacit\u00e9 de la batterie, son fabricant, le num\u00e9ro de s\u00e9rie et le type de batterie.<\/p>\n\n\n\n<h2 class=\"wp-block-heading\">Comment coder la nouvelle batterie ?<\/h2>\n\n\n\n<p>Notre agence VW est l\u2019adresse prioritaire, d\u00e9j\u00e0, elle poss\u00e8de l\u2019outil de mesure pour tester la batterie. Peut-\u00eatre que la batterie sera chang\u00e9e sous garantie. Et le technicien va re-coder le BEM de la nouvelle batterie \u00e0 l\u2019aide de VAC-Com.<\/p>\n\n\n\n<p>Ou avec un merveilleux petit outil de diagnostique: ODBeleven. Aujourd\u2019hui son interface bluetooth de derni\u00e8re g\u00e9n\u00e9ration fonctionne \u00e0 merveille avec nos smartphone Android et IOS. Pour fonctionner il doit communiquer par internet avec la base de donn\u00e9s.<\/p>\n\n\n\n<p><a href=\"https:\/\/www.tempsdepause.ch\/solfar\/comment-coder-la-nouvelle-batterie\/\" data-type=\"page\" data-id=\"16587\">Lire la suite\u2026<\/a><\/p>\n","protected":false},"excerpt":{"rendered":"<p>Il contr\u00f4le la batterie de d\u00e9marrage\u2026 Savez-vous que depuis 2009 les T5.2 puis en 2015 les T6 ont un petit appareil visser sur la borne n\u00e9gative de la batterie de d\u00e9marrage ? Et depuis le T6.1 sur toutes les batteries des California ? Son petit nom: Battery monitor control module J367\u00a0 Oui, son r\u00f4le est important avec les batteries modernes. Il compte tous les amp\u00e8res qui sortent ou qui rentrent de la batterie. Dans l\u2019unit\u00e9 de contr\u00f4le apparent\u00e9e, ces informations [&hellip;]<\/p>\n","protected":false},"author":2,"featured_media":0,"parent":0,"menu_order":0,"comment_status":"closed","ping_status":"closed","template":"","meta":{"footnotes":""},"class_list":["post-16582","page","type-page","status-publish","hentry"],"_links":{"self":[{"href":"https:\/\/www.tempsdepause.ch\/solfar\/wp-json\/wp\/v2\/pages\/16582","targetHints":{"allow":["GET"]}}],"collection":[{"href":"https:\/\/www.tempsdepause.ch\/solfar\/wp-json\/wp\/v2\/pages"}],"about":[{"href":"https:\/\/www.tempsdepause.ch\/solfar\/wp-json\/wp\/v2\/types\/page"}],"author":[{"embeddable":true,"href":"https:\/\/www.tempsdepause.ch\/solfar\/wp-json\/wp\/v2\/users\/2"}],"replies":[{"embeddable":true,"href":"https:\/\/www.tempsdepause.ch\/solfar\/wp-json\/wp\/v2\/comments?post=16582"}],"version-history":[{"count":2,"href":"https:\/\/www.tempsdepause.ch\/solfar\/wp-json\/wp\/v2\/pages\/16582\/revisions"}],"predecessor-version":[{"id":24211,"href":"https:\/\/www.tempsdepause.ch\/solfar\/wp-json\/wp\/v2\/pages\/16582\/revisions\/24211"}],"wp:attachment":[{"href":"https:\/\/www.tempsdepause.ch\/solfar\/wp-json\/wp\/v2\/media?parent=16582"}],"curies":[{"name":"wp","href":"https:\/\/api.w.org\/{rel}","templated":true}]}}