{"id":1310,"date":"2019-10-09T12:00:37","date_gmt":"2019-10-09T10:00:37","guid":{"rendered":"https:\/\/www.tempsdepause.ch\/solfar\/?page_id=1310"},"modified":"2024-11-20T20:03:04","modified_gmt":"2024-11-20T19:03:04","slug":"recommandations","status":"publish","type":"page","link":"https:\/\/www.tempsdepause.ch\/solfar\/boutique\/recommandations\/","title":{"rendered":"Recommandations"},"content":{"rendered":"\t\t<div data-elementor-type=\"wp-page\" data-elementor-id=\"1310\" class=\"elementor elementor-1310\">\n\t\t\t\t\t\t<section class=\"elementor-section elementor-top-section elementor-element elementor-element-f38f1ef elementor-section-boxed elementor-section-height-default elementor-section-height-default\" data-id=\"f38f1ef\" data-element_type=\"section\" data-e-type=\"section\">\n\t\t\t\t\t\t<div class=\"elementor-container elementor-column-gap-default\">\n\t\t\t\t\t<div class=\"elementor-column elementor-col-100 elementor-top-column elementor-element elementor-element-24f7bca\" data-id=\"24f7bca\" data-element_type=\"column\" data-e-type=\"column\">\n\t\t\t<div class=\"elementor-widget-wrap elementor-element-populated\">\n\t\t\t\t\t\t<div class=\"elementor-element elementor-element-3ea555c elementor-widget elementor-widget-heading\" data-id=\"3ea555c\" data-element_type=\"widget\" data-e-type=\"widget\" data-widget_type=\"heading.default\">\n\t\t\t\t<div class=\"elementor-widget-container\">\n\t\t\t\t\t<h2 class=\"elementor-heading-title elementor-size-default\">Recommandations aux acheteurs<\/h2>\t\t\t\t<\/div>\n\t\t\t\t<\/div>\n\t\t\t\t\t<\/div>\n\t\t<\/div>\n\t\t\t\t\t<\/div>\n\t\t<\/section>\n\t\t\t\t<section class=\"elementor-section elementor-top-section elementor-element elementor-element-2e9ca29 elementor-section-boxed elementor-section-height-default elementor-section-height-default\" data-id=\"2e9ca29\" data-element_type=\"section\" data-e-type=\"section\">\n\t\t\t\t\t\t<div class=\"elementor-container elementor-column-gap-default\">\n\t\t\t\t\t<div class=\"elementor-column elementor-col-100 elementor-top-column elementor-element elementor-element-a62c915\" data-id=\"a62c915\" data-element_type=\"column\" data-e-type=\"column\">\n\t\t\t<div class=\"elementor-widget-wrap elementor-element-populated\">\n\t\t\t\t\t\t<div class=\"elementor-element elementor-element-06ad28b elementor-widget elementor-widget-text-editor\" data-id=\"06ad28b\" data-element_type=\"widget\" data-e-type=\"widget\" data-widget_type=\"text-editor.default\">\n\t\t\t\t<div class=\"elementor-widget-container\">\n\t\t\t\t\t\t\t\t\t<p>C&rsquo;est une boutique artisanale et de services entre possesseurs de VW California. Les articles de Solara, Victron et Votronic sont command\u00e9s pour te faciliter la t\u00e2che lors d&rsquo;une demande d&rsquo;installation par mes soins. Je ne prends pas ou peu de marge et n&rsquo;assume aucune responsabilit\u00e9 financi\u00e8re en cas d&rsquo;erreur et de retard sur les commandes et livraisons. Seul les CG des vendeurs de mat\u00e9riels sont valables. Garantie du constructeur sur les articles.<\/p><p>Votronic r\u00e9paration et garantie: <a href=\"https:\/\/votronic.de\/index.php\/de\/service\/reparatur-service\">Services<\/a><\/p><p>Solara: <a href=\"https:\/\/www.solara.de\/deutsch\/kontakt\/privatkundeninformationen\/\">Services et garantie<\/a><\/p><p>Toujours prendre contact avec moi avant de commander pour connaitre la disponibilit\u00e9 de l&rsquo;article et mes disponibilit\u00e9s pour l&rsquo;installation.<\/p><p>Les prix indiqu\u00e9s sont sujets \u00e0 modifications.<\/p><p>Mes offres sont des forfaits comprenant le mat\u00e9riel, le travail et le savoir faire.<\/p><h5 style=\"text-align: center;\"><span style=\"color: #ffcc00;\">Je n&rsquo;installe aucune pi\u00e8ce fournie par vos soins.\u00a0<\/span><\/h5><p>Apr\u00e8s contact sur la disponibilit\u00e9 et pour me simplifier la gestion des commandes, passer commande sur le site. En choisissant payement \u00e0 l&rsquo;installation.<\/p><p>Les prix sont en Francs suisses , le payement cash en Euro est accept\u00e9 en tenant compte du cours.<\/p><p>Un acompte de 30% est souvent demand\u00e9 par virement<\/p><p>IBAN: CH34 8080 8008 4962 9622 8\u00a0<\/p><p>Je n&rsquo;envoie pas de panneaux, ni de batteries par la poste en dehors de Suisse.<\/p><p>Plusieurs agence VW me commande mes kits. Vous pouvez me demander leurs adresses si le d\u00e9placement \u00e0 Yverdon-les-Bains est un peu long pour vous ou si vous tenez \u00e0 une garantie VW<\/p><p>En te remerciant pour ta compr\u00e9hension et surtout n&rsquo;h\u00e9site pas \u00e0 me contacter. Contrairement \u00e0 un site commercial, je r\u00e9ponds volontiers aux questions.\u00a0<\/p><p>Je te recommande le forum \u00ab\u00a0Collectif T5 California\u00a0\u00bb:\u00a0<a style=\"font-size: 16px; letter-spacing: 0px;\" href=\"http:\/\/www.t5calif.info\/forum\/search.php?search_id=active_topics\" target=\"_blank\" rel=\"noopener\">T5Calif.info<\/a><\/p><p>Plus particuli\u00e8rement mon fil sur ce forum: <a href=\"http:\/\/www.t5calif.info\/forum\/viewtopic.php?f=17&amp;t=6520&amp;sid=664140c55816dcb242f727b9eed6fddc\">Voil\u00e0 Solfar, mon voyageur du soleil<\/a><\/p>\t\t\t\t\t\t\t\t<\/div>\n\t\t\t\t<\/div>\n\t\t\t\t\t<\/div>\n\t\t<\/div>\n\t\t\t\t\t<\/div>\n\t\t<\/section>\n\t\t\t\t<section class=\"elementor-section elementor-top-section elementor-element elementor-element-f5b29df elementor-section-boxed elementor-section-height-default elementor-section-height-default\" data-id=\"f5b29df\" data-element_type=\"section\" data-e-type=\"section\">\n\t\t\t\t\t\t<div class=\"elementor-container elementor-column-gap-default\">\n\t\t\t\t\t<div class=\"elementor-column elementor-col-100 elementor-top-column elementor-element elementor-element-ca51c40\" data-id=\"ca51c40\" data-element_type=\"column\" data-e-type=\"column\">\n\t\t\t<div class=\"elementor-widget-wrap elementor-element-populated\">\n\t\t\t\t\t\t<div class=\"elementor-element elementor-element-0afaa45 elementor-widget elementor-widget-image\" data-id=\"0afaa45\" data-element_type=\"widget\" data-e-type=\"widget\" data-widget_type=\"image.default\">\n\t\t\t\t<div class=\"elementor-widget-container\">\n\t\t\t\t\t\t\t\t\t\t\t\t\t\t\t<img fetchpriority=\"high\" decoding=\"async\" width=\"960\" height=\"540\" src=\"https:\/\/www.tempsdepause.ch\/solfar\/wp-content\/uploads\/2024\/11\/IMG_4461.png\" class=\"attachment-large size-large wp-image-24080\" alt=\"\" srcset=\"https:\/\/www.tempsdepause.ch\/solfar\/wp-content\/uploads\/2024\/11\/IMG_4461.png 1400w, https:\/\/www.tempsdepause.ch\/solfar\/wp-content\/uploads\/2024\/11\/IMG_4461-888x500.png 888w, https:\/\/www.tempsdepause.ch\/solfar\/wp-content\/uploads\/2024\/11\/IMG_4461-768x432.png 768w, https:\/\/www.tempsdepause.ch\/solfar\/wp-content\/uploads\/2024\/11\/IMG_4461-800x450.png 800w, https:\/\/www.tempsdepause.ch\/solfar\/wp-content\/uploads\/2024\/11\/IMG_4461-600x338.png 600w\" sizes=\"(max-width: 960px) 100vw, 960px\" \/>\t\t\t\t\t\t\t\t\t\t\t\t\t\t\t<\/div>\n\t\t\t\t<\/div>\n\t\t\t\t\t<\/div>\n\t\t<\/div>\n\t\t\t\t\t<\/div>\n\t\t<\/section>\n\t\t\t\t<\/div>\n\t\t","protected":false},"excerpt":{"rendered":"<p>Recommandations aux acheteurs C&rsquo;est une boutique artisanale et de services entre possesseurs de VW California. Les articles de Solara, Victron et Votronic sont command\u00e9s pour te faciliter la t\u00e2che lors d&rsquo;une demande d&rsquo;installation par mes soins. Je ne prends pas ou peu de marge et n&rsquo;assume aucune responsabilit\u00e9 financi\u00e8re en cas d&rsquo;erreur et de retard sur les commandes et livraisons. Seul les CG des vendeurs de mat\u00e9riels sont valables. Garantie du constructeur sur les articles. Votronic r\u00e9paration et garantie: Services [&hellip;]<\/p>\n","protected":false},"author":2,"featured_media":0,"parent":1086,"menu_order":0,"comment_status":"closed","ping_status":"closed","template":"","meta":{"footnotes":""},"class_list":["post-1310","page","type-page","status-publish","hentry"],"_links":{"self":[{"href":"https:\/\/www.tempsdepause.ch\/solfar\/wp-json\/wp\/v2\/pages\/1310","targetHints":{"allow":["GET"]}}],"collection":[{"href":"https:\/\/www.tempsdepause.ch\/solfar\/wp-json\/wp\/v2\/pages"}],"about":[{"href":"https:\/\/www.tempsdepause.ch\/solfar\/wp-json\/wp\/v2\/types\/page"}],"author":[{"embeddable":true,"href":"https:\/\/www.tempsdepause.ch\/solfar\/wp-json\/wp\/v2\/users\/2"}],"replies":[{"embeddable":true,"href":"https:\/\/www.tempsdepause.ch\/solfar\/wp-json\/wp\/v2\/comments?post=1310"}],"version-history":[{"count":3,"href":"https:\/\/www.tempsdepause.ch\/solfar\/wp-json\/wp\/v2\/pages\/1310\/revisions"}],"predecessor-version":[{"id":24083,"href":"https:\/\/www.tempsdepause.ch\/solfar\/wp-json\/wp\/v2\/pages\/1310\/revisions\/24083"}],"up":[{"embeddable":true,"href":"https:\/\/www.tempsdepause.ch\/solfar\/wp-json\/wp\/v2\/pages\/1086"}],"wp:attachment":[{"href":"https:\/\/www.tempsdepause.ch\/solfar\/wp-json\/wp\/v2\/media?parent=1310"}],"curies":[{"name":"wp","href":"https:\/\/api.w.org\/{rel}","templated":true}]}}