{"id":92,"date":"2013-06-17T16:20:26","date_gmt":"2013-06-17T14:19:40","guid":{"rendered":"http:\/\/www.tempsdepause.ch\/services\/?page_id=92"},"modified":"2013-09-25T18:46:05","modified_gmt":"2013-09-25T16:46:05","slug":"important","status":"publish","type":"page","link":"https:\/\/www.tempsdepause.ch\/services\/a-propos\/important\/","title":{"rendered":"Important"},"content":{"rendered":"<h1 style=\"text-align: center;\">~ Important Copyright Notice ~<\/h1>\n<p style=\"text-align: justify;\">Le contenu de toutes les pages du site TempsdePause.ch est prot\u00e9g\u00e9 l\u00e9galement par les droits d\u2019auteur. \u00a0Le copyright sur les photographies de ce site appartient au photographe Jean-daniel Borgeaud. Toutes les images sont prot\u00e9g\u00e9es par les lois de copyright et ne doivent pas \u00eatre t\u00e9l\u00e9charg\u00e9es, reproduites et\/ou employ\u00e9es de quelques fa\u00e7ons, sans la permission \u00e9crite de l&rsquo;auteur.\u00a0La photocopie du tout ou d\u2019une partie des documents sous forme \u00e9crite ou \u00e9lectronique n\u2019est autoris\u00e9e qu\u2019avec la mention expresse de TempsDePause.ch. Il est interdit de reproduire, transmettre, modifier, r\u00e9unir ou utiliser le site Internet TempsDePose.ch \u00e0 des fins commerciales ou de diffusion sauf autorisation pr\u00e9alable \u00e9crite.<\/p>\n<p style=\"text-align: justify;\">Copyright on photographs appearing on this site belongs to the photographer Jean-Daniel Borgeaud. All images are protected by copyright laws and are not to be downloaded, reproduced, and\/or used in any way, without the written permission of the author of the picture(s). Please contact us for any inquiries about our work.<\/p>\n<p style=\"text-align: justify;\">\n<div class=\"two_fifth\"><\/div><div class=\"one_fifth\"><a href=\"http:\/\/www.tempsdepause.ch\/images\/droit_auteur.pdf\"><img decoding=\"async\" src=\"https:\/\/www.tempsdepause.ch\/services\/wp-content\/uploads\/2013\/06\/pdf-icon-md-150x150.png\" alt=\"Droit d'auteur\" width=\"50\" height=\"50\" class=\"alignright size-thumbnail wp-image-1796\" \/>Doits d&rsquo;auteur<\/a><br \/><\/div>\n<div class=\"one_fifth last\"><a href=\"http:\/\/www.tempsdepause.ch\/images\/Condition-generales.pdf\"><img decoding=\"async\" src=\"https:\/\/www.tempsdepause.ch\/services\/wp-content\/uploads\/2013\/06\/pdf-icon-md-150x150.png\" alt=\"conditions g\u00e9n\u00e9rales\" width=\"50\" height=\"50\" class=\"alignright size-thumbnail wp-image-1796\" \/>Condition-generales<\/a><br \/><\/div><div class=\"clearboth\"><\/div>\n","protected":false},"excerpt":{"rendered":"<p>~ Important Copyright Notice ~ Le contenu de toutes les pages du site TempsdePause.ch est prot\u00e9g\u00e9 l\u00e9galement par les droits d\u2019auteur. \u00a0Le copyright sur les photographies de ce site appartient au photographe Jean-daniel Borgeaud. Toutes les images sont prot\u00e9g\u00e9es par les lois de copyright et ne doivent pas \u00eatre t\u00e9l\u00e9charg\u00e9es, reproduites et\/ou employ\u00e9es de quelques &#8230;<\/p>\n","protected":false},"author":1,"featured_media":0,"parent":23,"menu_order":43,"comment_status":"closed","ping_status":"open","template":"template_fullwidth.php","meta":{"footnotes":""},"class_list":["post-92","page","type-page","status-publish","hentry"],"aioseo_notices":[],"_links":{"self":[{"href":"https:\/\/www.tempsdepause.ch\/services\/wp-json\/wp\/v2\/pages\/92","targetHints":{"allow":["GET"]}}],"collection":[{"href":"https:\/\/www.tempsdepause.ch\/services\/wp-json\/wp\/v2\/pages"}],"about":[{"href":"https:\/\/www.tempsdepause.ch\/services\/wp-json\/wp\/v2\/types\/page"}],"author":[{"embeddable":true,"href":"https:\/\/www.tempsdepause.ch\/services\/wp-json\/wp\/v2\/users\/1"}],"replies":[{"embeddable":true,"href":"https:\/\/www.tempsdepause.ch\/services\/wp-json\/wp\/v2\/comments?post=92"}],"version-history":[{"count":0,"href":"https:\/\/www.tempsdepause.ch\/services\/wp-json\/wp\/v2\/pages\/92\/revisions"}],"up":[{"embeddable":true,"href":"https:\/\/www.tempsdepause.ch\/services\/wp-json\/wp\/v2\/pages\/23"}],"wp:attachment":[{"href":"https:\/\/www.tempsdepause.ch\/services\/wp-json\/wp\/v2\/media?parent=92"}],"curies":[{"name":"wp","href":"https:\/\/api.w.org\/{rel}","templated":true}]}}