{"id":6244,"date":"2015-04-16T20:25:35","date_gmt":"2015-04-16T18:25:35","guid":{"rendered":"http:\/\/www.tempsdepause.ch\/services\/?page_id=6244"},"modified":"2015-04-18T23:03:09","modified_gmt":"2015-04-18T21:03:09","slug":"atelier","status":"publish","type":"page","link":"https:\/\/www.tempsdepause.ch\/services\/information\/atelier\/","title":{"rendered":"Atelier"},"content":{"rendered":"<div id=\"blog_15\"><article id=\"post-15022\" class=\"hentry entry entry_left\"><div class=\"image_styled entry_image\" style=\"width:200px\"><div class=\"image_frame effect-icon\" ><div class=\"image_shadow_wrap\"><a class=\"image_icon_doc\" href=\"https:\/\/www.tempsdepause.ch\/services\/merci-de-prendre-contact-avant-de-commander\/\" title=\"\"><img decoding=\"async\"  class=\"post_featured_image\" width=\"198\" height=\"198\" data-thumbnail=\"5484\" src=\"https:\/\/www.tempsdepause.ch\/services\/wp-content\/uploads\/strikingr\/images\/5484_JeanDa-par-MichelG001b-198x198.jpg\" srcset=\"https:\/\/www.tempsdepause.ch\/services\/wp-content\/uploads\/strikingr\/images\/5484_JeanDa-par-MichelG001b-198x198@2x.jpg 2x\" data-theme-retina-image=\"true\"  alt=\"Merci de prendre contact avant de commander\" \/><\/a><\/div><\/div><\/div><div class=\"entry_info\"><h2 class=\"entry_title entry-title\"><a href=\"https:\/\/www.tempsdepause.ch\/services\/merci-de-prendre-contact-avant-de-commander\/\" rel=\"bookmark\" title=\"Lien permanent pour Merci de prendre contact avant de commander\">Merci de prendre contact avant de commander<\/a><\/h2><\/div><div class=\"entry_content entry-content\"><div><p>L&rsquo;avantage de travailler avec un petit artisan photographe et le contact direct, l&rsquo;\u00e9change sur ce que vous aimeriez, le choix des produits appropri\u00e9s et ce que je pourrais r\u00e9aliser pour vous. C&rsquo;est pr\u00e9f\u00e9rable pour vous comme pour moi que vous me contactez et ainsi je ferais une offre personnalis\u00e9e. A bient\u00f4t JeanDa<\/p>\n<\/div><div class=\"read_more_wrap\"><a class=\"read_more_link theme_button small\" href=\"https:\/\/www.tempsdepause.ch\/services\/merci-de-prendre-contact-avant-de-commander\/\" rel=\"nofollow\"><span>Lire la suite \u00bb<\/span><\/a><\/div><\/div><\/article><article id=\"post-6257\" class=\"hentry entry entry_left\"><div class=\"image_styled entry_image\" style=\"width:200px\"><div class=\"image_frame effect-icon\" ><div class=\"image_shadow_wrap\"><a class=\"image_icon_doc\" href=\"https:\/\/www.tempsdepause.ch\/services\/atelier-ferme-quelques-jours\/\" title=\"\"><img decoding=\"async\"  class=\"post_featured_image\" width=\"198\" height=\"198\" data-thumbnail=\"6260\" src=\"https:\/\/www.tempsdepause.ch\/services\/wp-content\/uploads\/strikingr\/images\/6260_glouton-198x198.png\" srcset=\"https:\/\/www.tempsdepause.ch\/services\/wp-content\/uploads\/strikingr\/images\/6260_glouton-198x198@2x.png 2x\" data-theme-retina-image=\"true\"  alt=\"Atelier ferm\u00e9 pendant l&rsquo;\u00e9t\u00e9 2022\" \/><\/a><\/div><\/div><\/div><div class=\"entry_info\"><h2 class=\"entry_title entry-title\"><a href=\"https:\/\/www.tempsdepause.ch\/services\/atelier-ferme-quelques-jours\/\" rel=\"bookmark\" title=\"Lien permanent pour Atelier ferm\u00e9 pendant l&rsquo;\u00e9t\u00e9 2022\">Atelier ferm\u00e9 pendant l&rsquo;\u00e9t\u00e9 2022<\/a><\/h2><\/div><div class=\"entry_content entry-content\"><div><p>&nbsp; Je m&rsquo;absente de \u00a0juillet \u00e0 septembre &nbsp;<\/p>\n<\/div><div class=\"read_more_wrap\"><a class=\"read_more_link theme_button small\" href=\"https:\/\/www.tempsdepause.ch\/services\/atelier-ferme-quelques-jours\/\" rel=\"nofollow\"><span>Lire la suite \u00bb<\/span><\/a><\/div><\/div><\/article><\/div>\n","protected":false},"excerpt":{"rendered":"<p>\u00a0<\/p>\n","protected":false},"author":1,"featured_media":0,"parent":6224,"menu_order":0,"comment_status":"closed","ping_status":"open","template":"template_rightsidebar.php","meta":{"footnotes":""},"class_list":["post-6244","page","type-page","status-publish","hentry"],"aioseo_notices":[],"_links":{"self":[{"href":"https:\/\/www.tempsdepause.ch\/services\/wp-json\/wp\/v2\/pages\/6244","targetHints":{"allow":["GET"]}}],"collection":[{"href":"https:\/\/www.tempsdepause.ch\/services\/wp-json\/wp\/v2\/pages"}],"about":[{"href":"https:\/\/www.tempsdepause.ch\/services\/wp-json\/wp\/v2\/types\/page"}],"author":[{"embeddable":true,"href":"https:\/\/www.tempsdepause.ch\/services\/wp-json\/wp\/v2\/users\/1"}],"replies":[{"embeddable":true,"href":"https:\/\/www.tempsdepause.ch\/services\/wp-json\/wp\/v2\/comments?post=6244"}],"version-history":[{"count":0,"href":"https:\/\/www.tempsdepause.ch\/services\/wp-json\/wp\/v2\/pages\/6244\/revisions"}],"up":[{"embeddable":true,"href":"https:\/\/www.tempsdepause.ch\/services\/wp-json\/wp\/v2\/pages\/6224"}],"wp:attachment":[{"href":"https:\/\/www.tempsdepause.ch\/services\/wp-json\/wp\/v2\/media?parent=6244"}],"curies":[{"name":"wp","href":"https:\/\/api.w.org\/{rel}","templated":true}]}}