{"id":5835,"date":"2015-02-03T18:11:09","date_gmt":"2015-02-03T17:11:09","guid":{"rendered":"http:\/\/www.tempsdepause.ch\/services\/?page_id=5835"},"modified":"2015-02-04T12:23:08","modified_gmt":"2015-02-04T11:23:08","slug":"exposition","status":"publish","type":"page","link":"https:\/\/www.tempsdepause.ch\/services\/services\/atelier-tirage-beau-art-encadrement\/exposition\/","title":{"rendered":"Exposition"},"content":{"rendered":"<h2>Exposer ses images<\/h2>\n<p style=\"text-align: justify;\">Tu as de si belles images, tu devrais exposer ! Cette petite phrase re\u00e7ue un jour en compliment et qui fait son chemin, et qui se transforme en interrogation, puis en souhait, fini par voir le jour t\u00f4t au tard. Les questions alors se bousculent dans le d\u00e9sordre. En arrivant sur mon site, vous d\u00e9couvrez un interlocuteur qui pourra r\u00e9pondre \u00e0 la plupart de vos interrogations.<\/p>\n<p style=\"text-align: justify;\">En commandant la r\u00e9alisation de vos tirages chez moi, vous b\u00e9n\u00e9ficiez de plusieurs avantages, le premier et un prix int\u00e9ressant. Je suis le moins cher en Suisse romande et le seul qui fait un rabais de 10 ou 20% sur la r\u00e9alisation d\u2019une exposition! Mes offres d\u2019encadrement en caisse am\u00e9ricaines sont \u00e9galement tr\u00e8s en dessous des prix pratiqu\u00e9s.<\/p>\n<p style=\"text-align: justify;\">Un artisan se doit d\u2019\u00eatre \u00e0 l\u2019\u00e9coute de ses clients. Chaque image est v\u00e9rifi\u00e9e et si n\u00e9cessaire trait\u00e9e, les petites taches sont enlev\u00e9es. J\u2019offre gracieusement une caisse de transport et de protection pour votre expo. Sur demande je fournis \u00e9galement des gants, des crochets et fils de suspension. Tout pour une belle exposition !<\/p>\n<p style=\"text-align: justify;\">Vos le savez d\u00e9j\u00e0, je pense, vous ne vendrez pas ou peu de tirage si votre exposition se d\u00e9roule dans un festival. Pour cette raison les exposants proposent des cartes postales, des petits tirages et des livres. Je r\u00e9alise tout ce que vous avez besoin, carte de visite, flyer, affiche, carte postale, carte de voeux, brochure d\u2019expo, calendrier, b\u00e2ches, roll-up, etc.<\/p>\n<p style=\"text-align: justify;\">Les visiteurs aiment regarder un diaporama sur une TV, je sais, ils sont addicts \u00e0 la t\u00e9l\u00e9, m\u00eame si de beaux tirages papier \u00e9gaient les murs. L\u00e0 aussi vous pouvez compter sur mes services pour la r\u00e9alisation du montage.<\/p>\n<p><img decoding=\"async\" class=\"aligncenter size-full frameImg wp-image-5838\" src=\"https:\/\/www.tempsdepause.ch\/services\/wp-content\/uploads\/2015\/02\/JeanDa2006111604746.jpg\" alt=\"For\u00eat\" width=\"800\" height=\"533\" srcset=\"https:\/\/www.tempsdepause.ch\/services\/wp-content\/uploads\/2015\/02\/JeanDa2006111604746.jpg 800w, https:\/\/www.tempsdepause.ch\/services\/wp-content\/uploads\/2015\/02\/JeanDa2006111604746-600x400.jpg 600w, https:\/\/www.tempsdepause.ch\/services\/wp-content\/uploads\/2015\/02\/JeanDa2006111604746-91x61.jpg 91w\" sizes=\"(max-width: 800px) 100vw, 800px\" \/><\/p>\n","protected":false},"excerpt":{"rendered":"<p>Exposer ses images Tu as de si belles images, tu devrais exposer ! Cette petite phrase re\u00e7ue un jour en compliment et qui fait son chemin, et qui se transforme en interrogation, puis en souhait, fini par voir le jour t\u00f4t au tard. Les questions alors se bousculent dans le d\u00e9sordre. En arrivant sur mon &#8230;<\/p>\n","protected":false},"author":1,"featured_media":0,"parent":5753,"menu_order":0,"comment_status":"closed","ping_status":"open","template":"template_rightsidebar.php","meta":{"footnotes":""},"class_list":["post-5835","page","type-page","status-publish","hentry"],"aioseo_notices":[],"_links":{"self":[{"href":"https:\/\/www.tempsdepause.ch\/services\/wp-json\/wp\/v2\/pages\/5835","targetHints":{"allow":["GET"]}}],"collection":[{"href":"https:\/\/www.tempsdepause.ch\/services\/wp-json\/wp\/v2\/pages"}],"about":[{"href":"https:\/\/www.tempsdepause.ch\/services\/wp-json\/wp\/v2\/types\/page"}],"author":[{"embeddable":true,"href":"https:\/\/www.tempsdepause.ch\/services\/wp-json\/wp\/v2\/users\/1"}],"replies":[{"embeddable":true,"href":"https:\/\/www.tempsdepause.ch\/services\/wp-json\/wp\/v2\/comments?post=5835"}],"version-history":[{"count":0,"href":"https:\/\/www.tempsdepause.ch\/services\/wp-json\/wp\/v2\/pages\/5835\/revisions"}],"up":[{"embeddable":true,"href":"https:\/\/www.tempsdepause.ch\/services\/wp-json\/wp\/v2\/pages\/5753"}],"wp:attachment":[{"href":"https:\/\/www.tempsdepause.ch\/services\/wp-json\/wp\/v2\/media?parent=5835"}],"curies":[{"name":"wp","href":"https:\/\/api.w.org\/{rel}","templated":true}]}}