{"id":5833,"date":"2015-02-03T18:09:24","date_gmt":"2015-02-03T17:09:24","guid":{"rendered":"http:\/\/www.tempsdepause.ch\/services\/?page_id=5833"},"modified":"2015-02-05T11:11:43","modified_gmt":"2015-02-05T10:11:43","slug":"suspension","status":"publish","type":"page","link":"https:\/\/www.tempsdepause.ch\/services\/services\/atelier-tirage-beau-art-encadrement\/suspension\/","title":{"rendered":"Suspension"},"content":{"rendered":"<p style=\"text-align: justify;\">Les galeries et mus\u00e9es sont \u00e9quip\u00e9s et la plupart des festivals fournissent aussi le mat\u00e9riel de suspension. Souvent, ce sont des tiges en aciers et de gros crochets pour tableaux avec cadre lourd. Quelques fois, on dispose de chainette et de crochet en S suffisamment solide pour amarrer n\u2019importe quoi, sauf une jolie image.<\/p>\n<p style=\"text-align: justify;\">Le mieux est de disposer de son propre mat\u00e9riel ! J\u2019ai en stock du fil Perlon et de petits crochets \u00e0 pince qui vont si bien.<\/p>\n<p style=\"text-align: justify;\">En France on expose surtout sur des grilles tr\u00e8s laides, on se croirait au supermarch\u00e9. Exiger un tissu ou, au moins, la possibilit\u00e9 d\u2019en placer un. En Suisse, le festival de la Salamandre \u00e0 Morges offre de beaux stands d\u2019exposition compos\u00e9 de panneaux m\u00e9lamin\u00e9s blancs.<\/p>\n<p style=\"text-align: justify;\">La suspension sur vos murs ou dans le salon de vos clients se fait le plus souvent \u00e0 l\u2019aide d\u2019un petit clou ou d\u2019une vis. Pour \u00e9viter que vos agrandissements pendouillent et s\u2019inclinent de c\u00f4t\u00e9, je colle au dos des petits taquets en plastique. Ceux-ci prot\u00e8gent par la m\u00eame occasion le mur. Je propose aussi un contre-cadre en alu et des fixations plus stables, qui maintiennent l\u2019oeuvre pr\u00e9sent\u00e9e sans cadre \u00e0 1 cm du mur.<\/p>\n<p><img decoding=\"async\" class=\"align center frameImg size-full wp-image-5840\" src=\"https:\/\/www.tempsdepause.ch\/services\/wp-content\/uploads\/2015\/02\/JeanDa2006102604529.jpg\" alt=\"Vignobles chatoyants\" width=\"800\" height=\"531\" srcset=\"https:\/\/www.tempsdepause.ch\/services\/wp-content\/uploads\/2015\/02\/JeanDa2006102604529.jpg 800w, https:\/\/www.tempsdepause.ch\/services\/wp-content\/uploads\/2015\/02\/JeanDa2006102604529-600x398.jpg 600w, https:\/\/www.tempsdepause.ch\/services\/wp-content\/uploads\/2015\/02\/JeanDa2006102604529-91x60.jpg 91w\" sizes=\"(max-width: 800px) 100vw, 800px\" \/><\/p>\n","protected":false},"excerpt":{"rendered":"<p>Les galeries et mus\u00e9es sont \u00e9quip\u00e9s et la plupart des festivals fournissent aussi le mat\u00e9riel de suspension. Souvent, ce sont des tiges en aciers et de gros crochets pour tableaux avec cadre lourd. Quelques fois, on dispose de chainette et de crochet en S suffisamment solide pour amarrer n\u2019importe quoi, sauf une jolie image. Le &#8230;<\/p>\n","protected":false},"author":1,"featured_media":0,"parent":5753,"menu_order":0,"comment_status":"closed","ping_status":"open","template":"template_rightsidebar.php","meta":{"footnotes":""},"class_list":["post-5833","page","type-page","status-publish","hentry"],"aioseo_notices":[],"_links":{"self":[{"href":"https:\/\/www.tempsdepause.ch\/services\/wp-json\/wp\/v2\/pages\/5833","targetHints":{"allow":["GET"]}}],"collection":[{"href":"https:\/\/www.tempsdepause.ch\/services\/wp-json\/wp\/v2\/pages"}],"about":[{"href":"https:\/\/www.tempsdepause.ch\/services\/wp-json\/wp\/v2\/types\/page"}],"author":[{"embeddable":true,"href":"https:\/\/www.tempsdepause.ch\/services\/wp-json\/wp\/v2\/users\/1"}],"replies":[{"embeddable":true,"href":"https:\/\/www.tempsdepause.ch\/services\/wp-json\/wp\/v2\/comments?post=5833"}],"version-history":[{"count":0,"href":"https:\/\/www.tempsdepause.ch\/services\/wp-json\/wp\/v2\/pages\/5833\/revisions"}],"up":[{"embeddable":true,"href":"https:\/\/www.tempsdepause.ch\/services\/wp-json\/wp\/v2\/pages\/5753"}],"wp:attachment":[{"href":"https:\/\/www.tempsdepause.ch\/services\/wp-json\/wp\/v2\/media?parent=5833"}],"curies":[{"name":"wp","href":"https:\/\/api.w.org\/{rel}","templated":true}]}}