{"id":5418,"date":"2014-12-29T19:33:52","date_gmt":"2014-12-29T18:33:52","guid":{"rendered":"http:\/\/www.tempsdepause.ch\/services\/?page_id=5418"},"modified":"2015-02-03T17:56:07","modified_gmt":"2015-02-03T16:56:07","slug":"canevas-fine-art","status":"publish","type":"page","link":"https:\/\/www.tempsdepause.ch\/services\/services\/atelier-tirage-art-et-developpement-numerique\/canevas-fine-art\/","title":{"rendered":"Canevas Fine Art"},"content":{"rendered":"<p><img decoding=\"async\" src=\"https:\/\/www.tempsdepause.ch\/services\/wp-content\/uploads\/2014\/12\/JeanDa2006092304314.jpg\" alt=\"Lavaux\" width=\"800\" height=\"531\" class=\"align center frameImg size-full wp-image-5828\" srcset=\"https:\/\/www.tempsdepause.ch\/services\/wp-content\/uploads\/2014\/12\/JeanDa2006092304314.jpg 800w, https:\/\/www.tempsdepause.ch\/services\/wp-content\/uploads\/2014\/12\/JeanDa2006092304314-600x398.jpg 600w, https:\/\/www.tempsdepause.ch\/services\/wp-content\/uploads\/2014\/12\/JeanDa2006092304314-91x60.jpg 91w\" sizes=\"(max-width: 800px) 100vw, 800px\" \/><\/p>\n<h3>Tirage Fine Art sur canevas Hahnem\u00fchle<\/h3>\n<p>Hahnem\u00fchle Canvas FineArt offre un choix de toile pur coton et poly-coton dans une s\u00e9lection de diff\u00e9rents grammages. La possibilit\u00e9 de choisir entre plusieurs teintes de blanc et diff\u00e9rentes finesses de trame au sein de la\u00a0gamme permet une personnalisation du support adapt\u00e9e \u00e0 chaque \u0153uvre d&rsquo;art.<\/p>\n<p>J&rsquo;ai s\u00e9lectionn\u00e9 un canevas avec une structure de trame tr\u00e8s fine, Daguerre Canvas qui convient tout particuli\u00e8rement \u00e0 l\u2019impression des photographies d\u2019art. Son degr\u00e9 tr\u00e8s \u00e9lev\u00e9 de blancheur permet d\u2019obtenir des couleurs vives et franches et des images noir &amp; blanc tr\u00e8s contrast\u00e9es.<\/p>\n<p>Mon autre coup de coeur est le Canvas Artist qui poss\u00e8de une structure de toile, perceptible \u00e0 l\u2019\u0153il et au toucher, et recouverte d\u2019une enduction jet d\u2019encre mate. Il est le garant d\u2019une d\u00e9finition et de nuances exceptionnelles associ\u00e9es \u00e0 un effet 3D.<\/p>\n<p>Les tirages sur canevas sont ensuite mont\u00e9s sur ch\u00e2ssis bois et, si vous le d\u00e9sirez, install\u00e9s dans des caisses am\u00e9ricaines pour une mise en valeur optimale de vos oeuvres.<\/p>\n<p>J&rsquo;imprime \u00e9galement au format portrait 60 x 90 cm sur canevas et je pince en haut et en bas un profil alu permettant de suspendre l&rsquo;oeuvre comme un poster. Une solution efficace pour attirer le regard \u00e0 moindre co\u00fbt.<\/p>\n","protected":false},"excerpt":{"rendered":"<p>Tirage Fine Art sur canevas Hahnem\u00fchle Hahnem\u00fchle Canvas FineArt offre un choix de toile pur coton et poly-coton dans une s\u00e9lection de diff\u00e9rents grammages. La possibilit\u00e9 de choisir entre plusieurs teintes de blanc et diff\u00e9rentes finesses de trame au sein de la\u00a0gamme permet une personnalisation du support adapt\u00e9e \u00e0 chaque \u0153uvre d&rsquo;art. J&rsquo;ai s\u00e9lectionn\u00e9 un &#8230;<\/p>\n","protected":false},"author":1,"featured_media":0,"parent":3891,"menu_order":0,"comment_status":"open","ping_status":"open","template":"template_rightsidebar.php","meta":{"footnotes":""},"class_list":["post-5418","page","type-page","status-publish","hentry"],"aioseo_notices":[],"_links":{"self":[{"href":"https:\/\/www.tempsdepause.ch\/services\/wp-json\/wp\/v2\/pages\/5418","targetHints":{"allow":["GET"]}}],"collection":[{"href":"https:\/\/www.tempsdepause.ch\/services\/wp-json\/wp\/v2\/pages"}],"about":[{"href":"https:\/\/www.tempsdepause.ch\/services\/wp-json\/wp\/v2\/types\/page"}],"author":[{"embeddable":true,"href":"https:\/\/www.tempsdepause.ch\/services\/wp-json\/wp\/v2\/users\/1"}],"replies":[{"embeddable":true,"href":"https:\/\/www.tempsdepause.ch\/services\/wp-json\/wp\/v2\/comments?post=5418"}],"version-history":[{"count":0,"href":"https:\/\/www.tempsdepause.ch\/services\/wp-json\/wp\/v2\/pages\/5418\/revisions"}],"up":[{"embeddable":true,"href":"https:\/\/www.tempsdepause.ch\/services\/wp-json\/wp\/v2\/pages\/3891"}],"wp:attachment":[{"href":"https:\/\/www.tempsdepause.ch\/services\/wp-json\/wp\/v2\/media?parent=5418"}],"curies":[{"name":"wp","href":"https:\/\/api.w.org\/{rel}","templated":true}]}}