{"id":4385,"date":"2014-03-29T17:03:19","date_gmt":"2014-03-29T16:03:19","guid":{"rendered":"http:\/\/www.tempsdepause.ch\/services\/?page_id=4385"},"modified":"2015-03-24T14:35:48","modified_gmt":"2015-03-24T13:35:48","slug":"laminage-a-froid","status":"publish","type":"page","link":"https:\/\/www.tempsdepause.ch\/services\/services\/atelier-tirage-art-et-developpement-numerique\/laminage-a-froid\/","title":{"rendered":"Laminage \u00e0 froid"},"content":{"rendered":"<h2>Film de polyester satin\u00e9 transparent<\/h2>\n<p><img decoding=\"async\" class=\"alignright size-full wp-image-6113\" src=\"https:\/\/www.tempsdepause.ch\/services\/wp-content\/uploads\/2014\/03\/csm_HFAPhoto-Sample-PhotoGlossy290_03_8226997db9.png\" alt=\"csm_HFAPhoto-Sample-PhotoGlossy290_03_8226997db9\" width=\"236\" height=\"462\" srcset=\"https:\/\/www.tempsdepause.ch\/services\/wp-content\/uploads\/2014\/03\/csm_HFAPhoto-Sample-PhotoGlossy290_03_8226997db9.png 236w, https:\/\/www.tempsdepause.ch\/services\/wp-content\/uploads\/2014\/03\/csm_HFAPhoto-Sample-PhotoGlossy290_03_8226997db9-46x91.png 46w\" sizes=\"(max-width: 236px) 100vw, 236px\" \/><\/p>\n<p style=\"text-align: justify;\">Le laminage \u00e0 froid est l&rsquo;application d&rsquo;un film de protection coll\u00e9 sur un document, sur une photographie. Ce film \u00e0 une protection anti-UV et imperm\u00e9abilise la surface du tirage.<br \/> Il est id\u00e9al pour des tirages tr\u00e8s expos\u00e9s, plac\u00e9s dans des lieux propices \u00e0 des \u00e9manations de toutes sortes.<br \/> L&rsquo;image est imprim\u00e9e sur du papier photo brillant de Hahnem\u00fchle. Puis, un\u00a0film polyester satin mat de 7 microns est appliqu\u00e9 par pression \u00e0 froid. Ce film est pratiquement ind\u00e9tectable \u00e0 l&rsquo;oeil. La finition satin\u00e9e r\u00e9duit les reflets, mais ne r\u00e9duit pas le contraste.\u00a0<\/p>\n<h3>Tarif tirage sur Hahnem\u00fchle Photo Glossy et laminage satin\u00e9<\/h3>\n<p class=\"center\"><a href=\"https:\/\/www.tempsdepause.ch\/services\/produit\/tirage-hahnemuhle-photo-luster-laminage-satin\/\" class=\"theme_button medium white no_woo_button\"><span><i class=\"icon-shopping-cart\"><\/i>Commander tirage &amp; laminage<\/span><\/a><\/p>\n<div class=\"table_style\">\n<table>\n<thead>\n<tr>\n<th scope=\"col\"><strong>Formats<\/strong><\/th>\n<th scope=\"col\">Prix du tirage<\/th>\n<th scope=\"col\">+ Laminage<\/th>\n<th scope=\"\u00ab\">Supl. contre-collage sur Dibond<\/th>\n<\/tr>\n<\/thead>\n<tfoot>\n<tr>\n<td colspan=\"5\"><em>Formats personnalis\u00e9s sur demande, prix en CHF<\/em><\/td>\n<\/tr>\n<\/tfoot>\n<tbody>\n<tr>\n<td>24 x 36 cm<\/td>\n<td>20.- Frs<\/td>\n<td>6.- Frs<\/td>\n<td>13.- Frs<\/td>\n<\/tr>\n<tr>\n<td>30 x 30 cm<\/td>\n<td>22.- Frs<\/td>\n<td>7.- Frs<\/td>\n<td>14.- Frs<\/td>\n<\/tr>\n<tr>\n<td>30 x 45 cm<\/td>\n<td>26.- Frs<\/td>\n<td>8.- Frs<\/td>\n<td>19.- Frs<\/td>\n<\/tr>\n<tr>\n<td>40 x 40 cm<\/td>\n<td>28.- Frs<\/td>\n<td>12.- Frs<\/td>\n<td>29.- Frs<\/td>\n<\/tr>\n<tr>\n<td>40 x 60 cm<\/td>\n<td>32.- Frs<\/td>\n<td>18.- Frs<\/td>\n<td>36.- Frs<\/td>\n<\/tr>\n<tr>\n<td>40 x 120 cm<\/td>\n<td>62.- Frs<\/td>\n<td>28.- Frs<\/td>\n<td>76.- Frs<\/td>\n<\/tr>\n<tr>\n<td>50 x 50 cm<\/td>\n<td>34.- Frs<\/td>\n<td>18.- Frs<\/td>\n<td>42.- Frs<\/td>\n<\/tr>\n<tr>\n<td>50 x 75 cm<\/td>\n<td>46.- Frs<\/td>\n<td>24.- Frs<\/td>\n<td>54.- Frs<\/td>\n<\/tr>\n<tr>\n<td>50 x 100 cm<\/td>\n<td>58.- Frs<\/td>\n<td>30.- Frs<\/td>\n<td>68.- Frs<\/td>\n<\/tr>\n<tr>\n<td>60 x 60 cm<\/td>\n<td>44.- Frs<\/td>\n<td>26.- Frs<\/td>\n<td>54.- Frs<\/td>\n<\/tr>\n<tr>\n<td>60 x 90 cm<\/td>\n<td>60.- Frs<\/td>\n<td>28.- Frs<\/td>\n<td>70.- Frs<\/td>\n<\/tr>\n<tr>\n<td>60 x 120 cm<\/td>\n<td>82.- Frs<\/td>\n<td>36.- Frs<\/td>\n<td>108.- Frs<\/td>\n<\/tr>\n<tr>\n<td>60 x 180 cm<\/td>\n<td>98.- Frs<\/td>\n<td>44.- Frs<\/td>\n<td>130.- Frs<\/td>\n<\/tr>\n<\/tbody>\n<\/table>\n<\/div>\n<p><img decoding=\"async\" class=\"aligncenter frameImg size-full wp-image-6076\" src=\"https:\/\/www.tempsdepause.ch\/services\/wp-content\/uploads\/2014\/03\/JeanDa200807190001.png\" alt=\"JeanDa200807190001\" width=\"400\" height=\"602\" srcset=\"https:\/\/www.tempsdepause.ch\/services\/wp-content\/uploads\/2014\/03\/JeanDa200807190001.png 400w, https:\/\/www.tempsdepause.ch\/services\/wp-content\/uploads\/2014\/03\/JeanDa200807190001-399x600.png 399w, https:\/\/www.tempsdepause.ch\/services\/wp-content\/uploads\/2014\/03\/JeanDa200807190001-60x91.png 60w\" sizes=\"(max-width: 400px) 100vw, 400px\" \/><\/p>\n","protected":false},"excerpt":{"rendered":"<p>Film de polyester satin\u00e9 transparent Le laminage \u00e0 froid est l&rsquo;application d&rsquo;un film de protection coll\u00e9 sur un document, sur une photographie. Ce film \u00e0 une protection anti-UV et imperm\u00e9abilise la surface du tirage. Il est id\u00e9al pour des tirages tr\u00e8s expos\u00e9s, plac\u00e9s dans des lieux propices \u00e0 des \u00e9manations de toutes sortes. L&rsquo;image est &#8230;<\/p>\n","protected":false},"author":1,"featured_media":0,"parent":3891,"menu_order":0,"comment_status":"open","ping_status":"open","template":"template_rightsidebar.php","meta":{"footnotes":""},"class_list":["post-4385","page","type-page","status-publish","hentry"],"aioseo_notices":[],"_links":{"self":[{"href":"https:\/\/www.tempsdepause.ch\/services\/wp-json\/wp\/v2\/pages\/4385","targetHints":{"allow":["GET"]}}],"collection":[{"href":"https:\/\/www.tempsdepause.ch\/services\/wp-json\/wp\/v2\/pages"}],"about":[{"href":"https:\/\/www.tempsdepause.ch\/services\/wp-json\/wp\/v2\/types\/page"}],"author":[{"embeddable":true,"href":"https:\/\/www.tempsdepause.ch\/services\/wp-json\/wp\/v2\/users\/1"}],"replies":[{"embeddable":true,"href":"https:\/\/www.tempsdepause.ch\/services\/wp-json\/wp\/v2\/comments?post=4385"}],"version-history":[{"count":0,"href":"https:\/\/www.tempsdepause.ch\/services\/wp-json\/wp\/v2\/pages\/4385\/revisions"}],"up":[{"embeddable":true,"href":"https:\/\/www.tempsdepause.ch\/services\/wp-json\/wp\/v2\/pages\/3891"}],"wp:attachment":[{"href":"https:\/\/www.tempsdepause.ch\/services\/wp-json\/wp\/v2\/media?parent=4385"}],"curies":[{"name":"wp","href":"https:\/\/api.w.org\/{rel}","templated":true}]}}