{"id":4043,"date":"2013-11-16T15:40:55","date_gmt":"2013-11-16T14:40:55","guid":{"rendered":"http:\/\/www.tempsdepause.ch\/services\/?page_id=4043"},"modified":"2022-01-11T15:37:52","modified_gmt":"2022-01-11T14:37:52","slug":"support-contrecollage","status":"publish","type":"page","link":"https:\/\/www.tempsdepause.ch\/services\/services\/atelier-tirage-art-et-developpement-numerique\/support-contrecollage\/","title":{"rendered":"Support &#038; contrecollage"},"content":{"rendered":"<h2>Contrecollage sur support alu composite<\/h2>\n<p style=\"text-align: justify;\">Le contrecollage est l&rsquo;une des meilleures m\u00e9thodes qui soient pour pr\u00e9senter correctement une photo tout en laissant s&rsquo;exprimer le papier choisi.<br \/>\nJ\u2019utilise un support rigide et de faible \u00e9paisseur de la marque Dibond sur lequel j\u2019applique un adh\u00e9sif double-face \u00e0 l\u2019aide d\u2019un laminoir. Puis, au deuxi\u00e8me passage le tirage est soigneusement appliqu\u00e9.<\/p>\n<h3>Dibond et Dilite<\/h3>\n<p style=\"text-align: justify;\">Le support de type Dibond est un panneau composite avec t\u00f4le de parement aluminium de 0.3 mm et un noyau poly\u00e9thyl\u00e8ne.<br \/>\nCelui de type Dilite utilise des t\u00f4les de 0.2 mm, il est donc un peu moins cher, mais aussi, moins r\u00e9sistant au voilage apr\u00e8s contrecollage que le Dibond.<\/p>\n<p style=\"text-align: justify;\">Pour les grands formats, il est pr\u00e9f\u00e9rable d&rsquo;ajouter un ch\u00e2ssis alu, coll\u00e9 au dos, permettant \u00e0 la fois de rigidifier l&rsquo;ensemble, de l&rsquo;accrocher de mani\u00e8re fiable et de l&rsquo;\u00e9carter du mur sur lequel il sera fix\u00e9 tout en laissant le panneau parall\u00e8le \u00e0 celui-ci.<\/p>\n<p style=\"text-align: justify;\">Quelle que soit la solution retenue, je propose une solution de fixation correspondant au format de votre contrecollage (par attaches adh\u00e9sives s&rsquo;il n&rsquo;y a ni cadre ni ch\u00e2ssis).<\/p>\n<h3>Formats<\/h3>\n<p style=\"text-align: justify;\">Comme pour les tirages, les supports Dibond sont propos\u00e9s en format classique (30&#215;45, 40&#215;60, 60&#215;90, etc.) mais aussi avec un format sur mesure. Bien entendu, le d\u00e9lai sur un format sur mesure est plus long qu&rsquo;avec un format standard qui, en g\u00e9n\u00e9ral, est en stock.<br \/>\nLes feuilles Dibond de 1500 x 3050 x 3 mm sont d\u00e9coup\u00e9es avec pr\u00e9cision de fa\u00e7on optimis\u00e9e. Je ne peux accepter que des commandes de formats permettant une d\u00e9coupe facilit\u00e9e.<\/p>\n","protected":false},"excerpt":{"rendered":"<p>Contrecollage sur support alu composite Le contrecollage est l&rsquo;une des meilleures m\u00e9thodes qui soient pour pr\u00e9senter correctement une photo tout en laissant s&rsquo;exprimer le papier choisi. J\u2019utilise un support rigide et de faible \u00e9paisseur de la marque Dibond sur lequel j\u2019applique un adh\u00e9sif double-face \u00e0 l\u2019aide d\u2019un laminoir. Puis, au deuxi\u00e8me passage le tirage est &#8230;<\/p>\n","protected":false},"author":1,"featured_media":0,"parent":3891,"menu_order":0,"comment_status":"open","ping_status":"open","template":"template_rightsidebar.php","meta":{"footnotes":""},"class_list":["post-4043","page","type-page","status-publish","hentry"],"aioseo_notices":[],"_links":{"self":[{"href":"https:\/\/www.tempsdepause.ch\/services\/wp-json\/wp\/v2\/pages\/4043","targetHints":{"allow":["GET"]}}],"collection":[{"href":"https:\/\/www.tempsdepause.ch\/services\/wp-json\/wp\/v2\/pages"}],"about":[{"href":"https:\/\/www.tempsdepause.ch\/services\/wp-json\/wp\/v2\/types\/page"}],"author":[{"embeddable":true,"href":"https:\/\/www.tempsdepause.ch\/services\/wp-json\/wp\/v2\/users\/1"}],"replies":[{"embeddable":true,"href":"https:\/\/www.tempsdepause.ch\/services\/wp-json\/wp\/v2\/comments?post=4043"}],"version-history":[{"count":2,"href":"https:\/\/www.tempsdepause.ch\/services\/wp-json\/wp\/v2\/pages\/4043\/revisions"}],"predecessor-version":[{"id":15025,"href":"https:\/\/www.tempsdepause.ch\/services\/wp-json\/wp\/v2\/pages\/4043\/revisions\/15025"}],"up":[{"embeddable":true,"href":"https:\/\/www.tempsdepause.ch\/services\/wp-json\/wp\/v2\/pages\/3891"}],"wp:attachment":[{"href":"https:\/\/www.tempsdepause.ch\/services\/wp-json\/wp\/v2\/media?parent=4043"}],"curies":[{"name":"wp","href":"https:\/\/api.w.org\/{rel}","templated":true}]}}