{"id":4014,"date":"2013-11-15T12:15:38","date_gmt":"2013-11-15T11:15:38","guid":{"rendered":"http:\/\/www.tempsdepause.ch\/services\/?page_id=4014"},"modified":"2013-11-20T10:52:36","modified_gmt":"2013-11-20T09:52:36","slug":"transfer","status":"publish","type":"page","link":"https:\/\/www.tempsdepause.ch\/services\/services\/atelier-tirage-art-et-developpement-numerique\/transfer\/","title":{"rendered":"Transfer"},"content":{"rendered":"<h1>Transf\u00e9rez vos images.<\/h1>\n<h4>Deux possibilit\u00e9s s\u2019offrent \u00e0 vous pour m\u2019envoyer vos photographies \u00e0 tirer.<\/h4>\n<ul class=\"list3 list_color_green\">\n<li>La premi\u00e8re pour une image \u00e0 la fois ou un petit dossier compress\u00e9 avec quelques images et vos instructions simplement par e-mail.<\/li>\n<li>La deuxi\u00e8me est \u00e9galement tr\u00e8s simple pour des fichiers jusqu\u2019\u00e0 2 Gb. Vous pouvez ainsi m\u2019envoyer un dossier contenant vos images sans probl\u00e8me, m\u00eame au format Tiff.<\/li>\n<\/ul>\n<div class=\"theme_note aligncenter\"><h4 class=\"theme_note_title\">Attention<\/h4><div class=\"theme_note_content\">Pour \u00e9viter des erreurs, pensez \u00e0 renommer vos images avec vos initiales au d\u00e9but du nom.<div class=\"theme_note_space\"><\/div><\/div><\/div>\n<p>Ajoutez vos instructions d\u00e9taill\u00e9es en indiquant le format, le papier\u2026 et le\/les nom(s) de(s) image(s) correspondants. Fichier \u00e0 votre nom au format txt, doc ou pdf. Ou utilisez <a href=\"http:\/\/www.tempsdepause.ch\/images\/formulaire_accompagment_de_commande_de_tirage.doc\">le formulaire que vous pouvez t\u00e9l\u00e9charger d\u2019un clic.<\/a> <\/p>\n<div class=\"divider_line\"><\/div>\n<iframe src=\"https:\/\/tempsdepause.wetransfer.com\" height=\"500\" width=\"960\" scrolling=\"no\"><\/iframe><br \/>\n<div class=\"divider_line\"><\/div>\n<p style=\"text-align: justify;\">Merci de votre confiance, j\u2019accorderais toute mon attention afin de vous livrer de beaux tirages. Sur demande ou si je dois travailler votre image, je vous envoie un bon \u00e0 tirer.<\/p>\n<p>Merci de prendre connaissance des conditions de vente.<\/p>\n<div class=\"divider_line\"><\/div>\n<h3> T\u00e9l\u00e9-assistance<\/h3>\n<p>Si vous avez beaucoup de difficult\u00e9 avec l\u2019informatique. Je peux vous assister \u00e0 distance.<\/p>\n<div class=\"one_third\"><div style=\"position:relative; width:234px; height:60px;\">\n  <a href=\"http:\/\/www.teamviewer.com\/link\/?url=505374&#038;id=1047270998\" style=\"text-decoration:none;\"><br \/>\n    <img decoding=\"async\" src=\"http:\/\/www.teamviewer.com\/link\/?url=985962&#038;id=1047270998\" alt=\"TeamViewer pour T\u00e9l\u00e9-assistance Windows\" title=\"TeamViewer pour T\u00e9l\u00e9-assistance Windows\" border=\"0\" width=\"234\" height=\"60\" \/><br \/>\n    <span style=\"position:absolute; top:23.5px; left:60px; display:block; cursor:pointer; color:#424242; font-family:Arial; font-size:12px; line-height:1.2em; font-weight:bold; text-align:center; width:169px;\"><br \/>\n      TeamViewer pour votre <br \/>T\u00e9l\u00e9-assistance Windows !<br \/>\n    <\/span><br \/>\n  <\/a>\n<\/div>\n<p><\/div><div class=\"two_third last\"><\/p>\n<div style=\"position:relative; width:234px; height:60px;\">\n  <a href=\"http:\/\/download.teamviewer.com\/download\/TeamViewerQS.dmg\" style=\"text-decoration:none;\"><br \/>\n    <img decoding=\"async\" src=\"http:\/\/www.teamviewer.com\/link\/?url=985962&#038;id=1047270998\" alt=\"TeamViewer pour T\u00e9l\u00e9-assistance Mac\" title=\"TeamViewer pour T\u00e9l\u00e9-assistance Mac\" border=\"0\" width=\"234\" height=\"60\" \/><br \/>\n    <span style=\"position:absolute; top:23.5px; left:60px; display:block; cursor:pointer; color:#424242; font-family:Arial; font-size:12px; line-height:1.2em; font-weight:bold; text-align:center; width:169px;\"><br \/>\n      TeamViewer pour votre <br \/>T\u00e9l\u00e9-assistance Mac !<br \/>\n    <\/span><br \/>\n  <\/a>\n<\/div>\n<p><\/div><div class=\"clearboth\"><\/div>\n","protected":false},"excerpt":{"rendered":"<p>Transf\u00e9rez vos images. Deux possibilit\u00e9s s\u2019offrent \u00e0 vous pour m\u2019envoyer vos photographies \u00e0 tirer. Ajoutez vos instructions d\u00e9taill\u00e9es en indiquant le format, le papier\u2026 et le\/les nom(s) de(s) image(s) correspondants. Fichier \u00e0 votre nom au format txt, doc ou pdf. Ou utilisez le formulaire que vous pouvez t\u00e9l\u00e9charger d\u2019un clic. Merci de votre confiance, j\u2019accorderais &#8230;<\/p>\n","protected":false},"author":1,"featured_media":0,"parent":3891,"menu_order":0,"comment_status":"open","ping_status":"open","template":"","meta":{"footnotes":""},"class_list":["post-4014","page","type-page","status-publish","hentry"],"aioseo_notices":[],"_links":{"self":[{"href":"https:\/\/www.tempsdepause.ch\/services\/wp-json\/wp\/v2\/pages\/4014","targetHints":{"allow":["GET"]}}],"collection":[{"href":"https:\/\/www.tempsdepause.ch\/services\/wp-json\/wp\/v2\/pages"}],"about":[{"href":"https:\/\/www.tempsdepause.ch\/services\/wp-json\/wp\/v2\/types\/page"}],"author":[{"embeddable":true,"href":"https:\/\/www.tempsdepause.ch\/services\/wp-json\/wp\/v2\/users\/1"}],"replies":[{"embeddable":true,"href":"https:\/\/www.tempsdepause.ch\/services\/wp-json\/wp\/v2\/comments?post=4014"}],"version-history":[{"count":0,"href":"https:\/\/www.tempsdepause.ch\/services\/wp-json\/wp\/v2\/pages\/4014\/revisions"}],"up":[{"embeddable":true,"href":"https:\/\/www.tempsdepause.ch\/services\/wp-json\/wp\/v2\/pages\/3891"}],"wp:attachment":[{"href":"https:\/\/www.tempsdepause.ch\/services\/wp-json\/wp\/v2\/media?parent=4014"}],"curies":[{"name":"wp","href":"https:\/\/api.w.org\/{rel}","templated":true}]}}