{"id":4000,"date":"2013-11-15T09:42:33","date_gmt":"2013-11-15T08:42:33","guid":{"rendered":"http:\/\/www.tempsdepause.ch\/services\/?page_id=4000"},"modified":"2015-03-01T18:31:05","modified_gmt":"2015-03-01T17:31:05","slug":"papiers-ilford","status":"publish","type":"page","link":"https:\/\/www.tempsdepause.ch\/services\/services\/atelier-tirage-art-et-developpement-numerique\/papiers-ilford\/","title":{"rendered":"Papiers Ilford Tecco"},"content":{"rendered":"<p><img decoding=\"async\" class=\"alignright size-full wp-image-4441\" src=\"https:\/\/www.tempsdepause.ch\/services\/wp-content\/uploads\/2013\/11\/Ilford-Tecco.png\" alt=\"Ilford-Tecco\" width=\"222\" height=\"144\" \/><\/p>\n<h2>Ilford<\/h2>\n<p style=\"text-align: justify;\">Depuis sa cr\u00e9ation en 1879, ILFORD est un nom li\u00e9 \u00e0 la photographie. Bien que la soci\u00e9t\u00e9 ait \u00e9volu\u00e9 au cours des ans, le dynamisme conduisant \u00e0 proposer \u00e0 ses clients des produits de tr\u00e8s haute qualit\u00e9 est toujours aussi fort qu&rsquo;il \u00e9tait il y a plus de 130 ans.<\/p>\n<p style=\"text-align: justify;\">L&rsquo;exp\u00e9rience est un atout majeur, ILFORD a exploit\u00e9 tout son savoir-faire pour parfaire ses comp\u00e9tences historiques dans les domaines complexes du d\u00e9veloppement des colorants, de la fabrication de supports innovants et dans la technologie tr\u00e8s complexe de l&rsquo;\u00e9tendage multicouche.<\/p>\n<p style=\"text-align: justify;\">En cons\u00e9quence, ILFORD \u00e9tait l&rsquo;une des rares soci\u00e9t\u00e9s au monde qui disposait de ressources internes en recherche et d\u00e9veloppement sur les colorants, les encres et les supports couch\u00e9s, lui permettant ainsi d&rsquo;offrir \u00e0 ses clients une solution d&rsquo;exception pour la production d&rsquo;images photographiques remarquables.<\/p>\n<p style=\"text-align: justify;\">H\u00e9las, des probl\u00e8mes avec les investisseurs ont pouss\u00e9 ILFORD Suisse \u00e0 la faillite en d\u00e9cembre 2013. Le site de Marly est d\u00e9mantel\u00e9. Mais tout n\u2019est pas fini, en avril 2013 ILFORD Group AG la soci\u00e9t\u00e9 m\u00e8re de l\u2019entreprise ILFORD Imaging Switzerland GmbH a acquis la soci\u00e9t\u00e9 allemande TECCO GmbH.<\/p>\n<p style=\"text-align: justify;\">L\u2019entreprise TECCO GmbH s\u2019est r\u00e9v\u00e9l\u00e9e \u00eatre le partenaire strat\u00e9gique id\u00e9al d&rsquo;Ilford pour r\u00e9pondre aux exigences croissantes de flexibilit\u00e9 et d\u2019augmenter le niveau de service. Sa r\u00e9putation d\u2019offrir un large assortiment de produits, son usine de finition performante et son approche unique au service des clients compl\u00e8tent les comp\u00e9tences d\u2019ILFORD Imaging.<\/p>\n<h3>Ilford continue \u00e0 produire ses papiers phares sous d&rsquo;autres marques !<\/h3>\n<p style=\"text-align: justify;\">Gr\u00e2ce \u00e0 cette alliance, les papiers ILFORD continuent \u00e0 \u00eatre produits chez TECCO pour le bonheur des photographes qui les appr\u00e9cient. La disparition de Ilford avait laiss\u00e9 un grand vide sur le march\u00e9. Beaucoup de photographes s&rsquo;inqui\u00e9taient \u00e0 tort. Les autres marques comme Canson et Hahnem\u00fchle\u00a0se sont empress\u00e9s d&rsquo;approcher Tecco. Ainsi chez Hahnem\u00fchle le nouveau Photo Silk Baryta 310 est n\u00e9 dans une bonne famille. A l&rsquo;atelier, je ne l&rsquo;ai pas ajout\u00e9 au catalogue. Je pr\u00e9f\u00e8re me servir chez Tecco pour vous faire profiter d&rsquo;un meilleur prix.<\/p>\n<div class=\"divider_line\"><\/div>\n<h3>Anciennement Ilford Galerie Prestige Gold Fiber Silk<\/h3>\n<h3>Tecco Photo Baryt Fibre Silk BFS310<\/h3>\n<p style=\"text-align: justify;\">Le papier Tecco Photo Baryt Fibre Silk BFS310I pr\u00e9c\u00e9demment vendu par Ilford sous le nom Ilford Galerie Gold Fiber Silk 310g comporte une couche baryt\u00e9e (sulfate de baryum), sous la couche r\u00e9ceptrice d&rsquo;encre. Sa structure est identique \u00e0 celle des papiers photographiques.<\/p>\n<p style=\"text-align: justify;\">Ce support offre une d\u00e9finition accrue, une gamme de tons \u00e9tendue et d&rsquo;excellentes propri\u00e9t\u00e9s d&rsquo;archivage, caract\u00e9ristiques importantes pour tout photographe professionnel exigeant pratiquant l&rsquo;impression num\u00e9rique. Les papiers baryt\u00e9s \u00e0 support fibres ont un aspect et un toucher uniques, ils constituent une r\u00e9f\u00e9rence aupr\u00e8s des photographes d&rsquo;art du monde entier, depuis plus d&rsquo;un si\u00e8cle.<\/p>\n<p style=\"text-align: justify;\">Bien que ce support soit compatible \u00e0 la fois avec les encres pigmentaires et celles \u00e0 base de colorants, les meilleurs r\u00e9sultats seront obtenus avec les encres pigmentaires.<\/p>\n<ul class=\"list4 list_color_gray\">\n<li>Base fibres photo traditionnelle<\/li>\n<li>Aspect et toucher des papiers photo baryt\u00e9s traditionnels<\/li>\n<li>Images couleurs et noir et blanc de haute qualit\u00e9<\/li>\n<li>Espace couleurs \u00e9tendu pour des images \u00e9clatantes<\/li>\n<li>Excellente d\u00e9finition<\/li>\n<\/ul>\n<h2>Tarif tirage sur Tecco Photo Baryt Fibre Silk BFS310<\/h2>\n<div class=\"two_third\"><div class=\"table_style\">\n<table>\n<thead>\n<tr>\n<th scope=\"col\"><strong>Formats<\/strong><\/th>\n<th scope=\"col\">Prix du tirage<\/th>\n<th scope=\"col\">D\u00e8s 10 tirages<\/th>\n<th scope=\"\u00ab\">Supl. contre-collage sur Dibond<\/th>\n<\/tr>\n<\/thead>\n<tfoot>\n<tr>\n<td colspan=\"5\"><em>Formats personnalis\u00e9s sur demande, prix en CHF<\/em><\/td>\n<\/tr>\n<\/tfoot>\n<tbody>\n<tr>\n<td>24 x 36 cm<\/td>\n<td>22.- Frs<\/td>\n<td>20.- Frs<\/td>\n<td>13.- Frs<\/td>\n<\/tr>\n<tr>\n<td>30 x 45 cm<\/td>\n<td>26.- Frs<\/td>\n<td>23.- Frs<\/td>\n<td>19.- Frs<\/td>\n<\/tr>\n<tr>\n<td>40 x 60 cm<\/td>\n<td>32.- Frs<\/td>\n<td>29.- Frs<\/td>\n<td>36.- Frs<\/td>\n<\/tr>\n<tr>\n<td>50 x 75 cm<\/td>\n<td>46.- Frs<\/td>\n<td>41.- Frs<\/td>\n<td>54.- Frs<\/td>\n<\/tr>\n<tr>\n<td>60 x 90 cm<\/td>\n<td>59.- Frs<\/td>\n<td>53.- Frs<\/td>\n<td>70.- Frs<\/td>\n<\/tr>\n<tr>\n<td>40 x 40 cm<\/td>\n<td>31.- Frs<\/td>\n<td>28.- Frs<\/td>\n<td>29.- Frs<\/td>\n<\/tr>\n<tr>\n<td>60 x 60 cm<\/td>\n<td>44.- Frs<\/td>\n<td>40.- Frs<\/td>\n<td>54.- Frs<\/td>\n<\/tr>\n<tr>\n<td>40 x 120 cm<\/td>\n<td>68.- Frs<\/td>\n<td>60.- Frs<\/td>\n<td>76.- Frs<\/td>\n<\/tr>\n<tr>\n<td>60 x 120 cm<\/td>\n<td>84.- Frs<\/td>\n<td>76.- Frs<\/td>\n<td>108.- Frs<\/td>\n<\/tr>\n<tr>\n<td>60 x 180 cm<\/td>\n<td>98.- Frs<\/td>\n<td>88.- Frs<\/td>\n<td>130.- Frs<\/td>\n<\/tr>\n<\/tbody>\n<\/table>\n<\/div>\n<a title=\"n_GPGFS13_EPSpro7900_9900_PSPP250n.icc\" href=\"http:\/\/www.tempsdepause.ch\/uploads\/Profiles_icc\/n_GPGFS13_EPSpro7900_9900_PSPP250n.zip\"><img decoding=\"async\" class=\"alignnone size-full wp-image-3931\" src=\"https:\/\/www.tempsdepause.ch\/services\/wp-content\/uploads\/2013\/11\/bticc.png\" alt=\"Download profil ICC\" width=\"17\" height=\"20\" \/> Profil ICC <\/a><\/p><\/div><div class=\"one_third last\"><img decoding=\"async\" class=\"alignright size-full wp-image-4442\" src=\"https:\/\/www.tempsdepause.ch\/services\/wp-content\/uploads\/2013\/11\/tecco-inkjet-paper-posterboard-semiglossy-white-pbw580-a4-15-sheets-full-7043035-1-31769-841.jpg\" alt=\"tecco-inkjet-paper-posterboard-semiglossy-white-pbw580-a4-15-sheets-full-7043035-1-31769-841\" width=\"320\" height=\"200\" srcset=\"https:\/\/www.tempsdepause.ch\/services\/wp-content\/uploads\/2013\/11\/tecco-inkjet-paper-posterboard-semiglossy-white-pbw580-a4-15-sheets-full-7043035-1-31769-841.jpg 640w, https:\/\/www.tempsdepause.ch\/services\/wp-content\/uploads\/2013\/11\/tecco-inkjet-paper-posterboard-semiglossy-white-pbw580-a4-15-sheets-full-7043035-1-31769-841-600x375.jpg 600w\" sizes=\"(max-width: 320px) 100vw, 320px\" \/><\/div><div class=\"clearboth\"><\/div>\n<div class=\"divider_line\"><\/div>\n<div class=\"divider_line\"><\/div>\n<h3><\/h3>\n<h3>Tecco Photo PM230 matt<\/h3>\n<p style=\"text-align: justify;\">\u00a0Tecco Photo PM230 matt est un papier de haute qualit\u00e9 \u00e0 aspect lisse et mat. Ce papier est \u00e9galement disponible en double face; Tecco Photo PD190 DUO matt<\/p>\n<p style=\"text-align: justify;\">Dot\u00e9e d&rsquo;une excellente capacit\u00e9 de charge d&rsquo;encre pour \u00e9viter le gondolement, la surface mate convient id\u00e9alement pour les applications cr\u00e9atives telles que photographies artistiques, portfolios et albums, brochures de luxe, invitations, calendriers et pr\u00e9sentations.<\/p>\n<p style=\"text-align: justify;\">Gr\u00e2ce \u00e0 ses facult\u00e9s de s\u00e9chage rapide et son aptitude \u00e0 restituer des images photographiques flatteuses et des textes pr\u00e9cis avec des couleurs fid\u00e8les et \u00e9clatantes, ce papier mat constitue un choix id\u00e9al pour tous les cr\u00e9ateurs d&rsquo;images utilisant une imprimante jet d&rsquo;encre \u00e0 colorants ou \u00e0 pigments performante.<\/p>\n<h2>Tarif tirage sur Tecco Photo PM230 matt<\/h2>\n<div class=\"two_third\"><div class=\"table_style\">\n<table>\n<thead>\n<tr>\n<th scope=\"col\"><strong>Formats<\/strong><\/th>\n<th scope=\"col\">Prix du tirage<\/th>\n<th scope=\"col\">D\u00e8s 10 tirages<\/th>\n<th scope=\"\u00ab\">Supl. contre-collage sur Dibond<\/th>\n<\/tr>\n<\/thead>\n<tfoot>\n<tr>\n<td colspan=\"5\"><em>Formats personnalis\u00e9s sur demande, prix en CHF<\/em><\/td>\n<\/tr>\n<\/tfoot>\n<tbody>\n<tr>\n<td>24 x 36 cm<\/td>\n<td>18.- Frs<\/td>\n<td>16.- Frs<\/td>\n<td>13.- Frs<\/td>\n<\/tr>\n<tr>\n<td>30 x 45 cm<\/td>\n<td>24.- Frs<\/td>\n<td>21.- Frs<\/td>\n<td>19.- Frs<\/td>\n<\/tr>\n<tr>\n<td>40 x 60 cm<\/td>\n<td>30.- Frs<\/td>\n<td>27.- Frs<\/td>\n<td>36.- Frs<\/td>\n<\/tr>\n<tr>\n<td>50 x 75 cm<\/td>\n<td>42.- Frs<\/td>\n<td>38.- Frs<\/td>\n<td>54.- Frs<\/td>\n<\/tr>\n<tr>\n<td>60 x 90 cm<\/td>\n<td>54.- Frs<\/td>\n<td>49.- Frs<\/td>\n<td>70.- Frs<\/td>\n<\/tr>\n<tr>\n<td>40 x 40 cm<\/td>\n<td>30.- Frs<\/td>\n<td>26.- Frs<\/td>\n<td>29.- Frs<\/td>\n<\/tr>\n<tr>\n<td>60 x 60 cm<\/td>\n<td>40.- Frs<\/td>\n<td>36.- Frs<\/td>\n<td>54.- Frs<\/td>\n<\/tr>\n<tr>\n<td>40 x 120 cm<\/td>\n<td>62.- Frs<\/td>\n<td>54.- Frs<\/td>\n<td>76.- Frs<\/td>\n<\/tr>\n<tr>\n<td>60 x 120 cm<\/td>\n<td>80.- Frs<\/td>\n<td>72.- Frs<\/td>\n<td>108.- Frs<\/td>\n<\/tr>\n<tr>\n<td>60 x 180 cm<\/td>\n<td>90.- Frs<\/td>\n<td>80.- Frs<\/td>\n<td>130.- Frs<\/td>\n<\/tr>\n<\/tbody>\n<\/table>\n<\/div>\n<p><a title=\"IGPHWMP_EPSpro7900_9900_SMPn.icc\" href=\"http:\/\/www.tempsdepause.ch\/uploads\/Profiles_icc\/IGPHWMP_EPSpro7900_9900_SMPn.zip\"><img decoding=\"async\" class=\"alignnone size-full wp-image-3931\" src=\"https:\/\/www.tempsdepause.ch\/services\/wp-content\/uploads\/2013\/11\/bticc.png\" alt=\"Download profil ICC\" width=\"17\" height=\"20\" \/> Profil ICC <\/a><\/p><\/div><div class=\"one_third last\"><img decoding=\"async\" class=\"alignright size-full wp-image-4442\" src=\"https:\/\/www.tempsdepause.ch\/services\/wp-content\/uploads\/2013\/11\/tecco-inkjet-paper-posterboard-semiglossy-white-pbw580-a4-15-sheets-full-7043035-1-31769-841.jpg\" alt=\"tecco-inkjet-paper-posterboard-semiglossy-white-pbw580-a4-15-sheets-full-7043035-1-31769-841\" width=\"320\" height=\"200\" srcset=\"https:\/\/www.tempsdepause.ch\/services\/wp-content\/uploads\/2013\/11\/tecco-inkjet-paper-posterboard-semiglossy-white-pbw580-a4-15-sheets-full-7043035-1-31769-841.jpg 640w, https:\/\/www.tempsdepause.ch\/services\/wp-content\/uploads\/2013\/11\/tecco-inkjet-paper-posterboard-semiglossy-white-pbw580-a4-15-sheets-full-7043035-1-31769-841-600x375.jpg 600w\" sizes=\"(max-width: 320px) 100vw, 320px\" \/><\/div><div class=\"clearboth\"><\/div>\n<div class=\"divider_line\"><\/div>\n","protected":false},"excerpt":{"rendered":"<p>Ilford Depuis sa cr\u00e9ation en 1879, ILFORD est un nom li\u00e9 \u00e0 la photographie. Bien que la soci\u00e9t\u00e9 ait \u00e9volu\u00e9 au cours des ans, le dynamisme conduisant \u00e0 proposer \u00e0 ses clients des produits de tr\u00e8s haute qualit\u00e9 est toujours aussi fort qu&rsquo;il \u00e9tait il y a plus de 130 ans. L&rsquo;exp\u00e9rience est un atout &#8230;<\/p>\n","protected":false},"author":1,"featured_media":0,"parent":3891,"menu_order":0,"comment_status":"open","ping_status":"open","template":"","meta":{"footnotes":""},"class_list":["post-4000","page","type-page","status-publish","hentry"],"aioseo_notices":[],"_links":{"self":[{"href":"https:\/\/www.tempsdepause.ch\/services\/wp-json\/wp\/v2\/pages\/4000","targetHints":{"allow":["GET"]}}],"collection":[{"href":"https:\/\/www.tempsdepause.ch\/services\/wp-json\/wp\/v2\/pages"}],"about":[{"href":"https:\/\/www.tempsdepause.ch\/services\/wp-json\/wp\/v2\/types\/page"}],"author":[{"embeddable":true,"href":"https:\/\/www.tempsdepause.ch\/services\/wp-json\/wp\/v2\/users\/1"}],"replies":[{"embeddable":true,"href":"https:\/\/www.tempsdepause.ch\/services\/wp-json\/wp\/v2\/comments?post=4000"}],"version-history":[{"count":0,"href":"https:\/\/www.tempsdepause.ch\/services\/wp-json\/wp\/v2\/pages\/4000\/revisions"}],"up":[{"embeddable":true,"href":"https:\/\/www.tempsdepause.ch\/services\/wp-json\/wp\/v2\/pages\/3891"}],"wp:attachment":[{"href":"https:\/\/www.tempsdepause.ch\/services\/wp-json\/wp\/v2\/media?parent=4000"}],"curies":[{"name":"wp","href":"https:\/\/api.w.org\/{rel}","templated":true}]}}